{"id":133,"date":"2025-08-11T12:33:21","date_gmt":"2025-08-11T12:33:21","guid":{"rendered":"https:\/\/erkadomagyarorszag.com\/?page_id=133"},"modified":"2026-05-06T15:03:06","modified_gmt":"2026-05-06T13:03:06","slug":"termekkatalogusok","status":"publish","type":"page","link":"https:\/\/erkadomagyarorszag.com\/en\/termekkatalogusok\/","title":{"rendered":"Product catalogs"},"content":{"rendered":"<div data-elementor-type=\"wp-page\" data-elementor-id=\"133\" class=\"elementor elementor-133\" data-elementor-post-type=\"page\">\n\t\t\t\t<div class=\"elementor-element elementor-element-41152ba e-flex e-con-boxed e-con e-parent\" data-id=\"41152ba\" data-element_type=\"container\" data-settings=\"{&quot;background_background&quot;:&quot;classic&quot;}\">\n\t\t\t\t\t<div class=\"e-con-inner\">\n\t\t<div class=\"elementor-element elementor-element-4ed7632 e-con-full e-flex e-con e-child\" data-id=\"4ed7632\" data-element_type=\"container\">\n\t\t\t\t<div class=\"elementor-element elementor-element-f4cf8df elementor-widget__width-initial elementor-widget-tablet__width-inherit elementor-widget elementor-widget-heading\" data-id=\"f4cf8df\" data-element_type=\"widget\" data-widget_type=\"heading.default\">\n\t\t\t\t\t<h1 class=\"elementor-heading-title elementor-size-default\">Product catalogs<\/h1>\t\t\t\t<\/div>\n\t\t\t\t<\/div>\n\t\t\t\t\t<\/div>\n\t\t\t\t<\/div>\n\t\t<div class=\"elementor-element elementor-element-e3637bb e-flex e-con-boxed e-con e-parent\" data-id=\"e3637bb\" data-element_type=\"container\" id=\"termekkatalogusok\">\n\t\t\t\t\t<div class=\"e-con-inner\">\n\t\t\t\t<div class=\"elementor-element elementor-element-e79e9ef elementor-widget__width-initial elementor-position-top elementor-widget elementor-widget-image-box\" data-id=\"e79e9ef\" data-element_type=\"widget\" data-widget_type=\"image-box.default\">\n\t\t\t\t\t<div class=\"elementor-image-box-wrapper\"><figure class=\"elementor-image-box-img\"><a href=\"https:\/\/erkadomagyarorszag.com\/wp-content\/uploads\/Erkado-2026-HU-belteri.pdf\" target=\"_blank\" tabindex=\"-1\"><img fetchpriority=\"high\" decoding=\"async\" width=\"448\" height=\"631\" src=\"https:\/\/erkadomagyarorszag.com\/wp-content\/uploads\/erkado-2026-belteri.png\" class=\"elementor-animation-grow attachment-full size-full wp-image-39577\" alt=\"\" srcset=\"https:\/\/erkadomagyarorszag.com\/wp-content\/uploads\/erkado-2026-belteri.png 448w, https:\/\/erkadomagyarorszag.com\/wp-content\/uploads\/erkado-2026-belteri-213x300.png 213w, https:\/\/erkadomagyarorszag.com\/wp-content\/uploads\/erkado-2026-belteri-9x12.png 9w, https:\/\/erkadomagyarorszag.com\/wp-content\/uploads\/erkado-2026-belteri-300x423.png 300w\" sizes=\"(max-width: 448px) 100vw, 448px\" \/><\/a><\/figure><div class=\"elementor-image-box-content\"><h3 class=\"elementor-image-box-title\"><a href=\"https:\/\/erkadomagyarorszag.com\/wp-content\/uploads\/Erkado-2026-HU-belteri.pdf\" target=\"_blank\">ERKADO interior door catalog 2026<\/a><\/h3><\/div><\/div>\t\t\t\t<\/div>\n\t\t\t\t<div class=\"elementor-element elementor-element-25166b5 elementor-widget__width-initial elementor-position-top elementor-widget elementor-widget-image-box\" data-id=\"25166b5\" data-element_type=\"widget\" data-widget_type=\"image-box.default\">\n\t\t\t\t\t<div class=\"elementor-image-box-wrapper\"><figure class=\"elementor-image-box-img\"><a href=\"https:\/\/erkadomagyarorszag.com\/wp-content\/uploads\/Acel-katalogus-2026.01.01.pdf\" target=\"_blank\" tabindex=\"-1\"><img decoding=\"async\" width=\"327\" height=\"475\" src=\"https:\/\/erkadomagyarorszag.com\/wp-content\/uploads\/erkado-acel-26.01.01.png\" class=\"elementor-animation-grow attachment-full size-full wp-image-39660\" alt=\"\" srcset=\"https:\/\/erkadomagyarorszag.com\/wp-content\/uploads\/erkado-acel-26.01.01.png 327w, https:\/\/erkadomagyarorszag.com\/wp-content\/uploads\/erkado-acel-26.01.01-207x300.png 207w, https:\/\/erkadomagyarorszag.com\/wp-content\/uploads\/erkado-acel-26.01.01-8x12.png 8w, https:\/\/erkadomagyarorszag.com\/wp-content\/uploads\/erkado-acel-26.01.01-300x436.png 300w\" sizes=\"(max-width: 327px) 100vw, 327px\" \/><\/a><\/figure><div class=\"elementor-image-box-content\"><h3 class=\"elementor-image-box-title\"><a href=\"https:\/\/erkadomagyarorszag.com\/wp-content\/uploads\/Acel-katalogus-2026.01.01.pdf\" target=\"_blank\">ERKADO steel door catalog 2025\/26<\/a><\/h3><\/div><\/div>\t\t\t\t<\/div>\n\t\t\t\t<div class=\"elementor-element elementor-element-410b85c elementor-widget__width-initial elementor-position-top elementor-widget elementor-widget-image-box\" data-id=\"410b85c\" data-element_type=\"widget\" data-widget_type=\"image-box.default\">\n\t\t\t\t\t<div class=\"elementor-image-box-wrapper\"><figure class=\"elementor-image-box-img\"><a href=\"https:\/\/erkadomagyarorszag.com\/wp-content\/uploads\/erkado-faajto-katalogus-2025.pdf\" target=\"_blank\" tabindex=\"-1\"><img decoding=\"async\" width=\"305\" height=\"437\" src=\"https:\/\/erkadomagyarorszag.com\/wp-content\/uploads\/erkado-faajto-katalogus-2025.jpg\" class=\"elementor-animation-grow attachment-full size-full wp-image-21738\" alt=\"\" srcset=\"https:\/\/erkadomagyarorszag.com\/wp-content\/uploads\/erkado-faajto-katalogus-2025.jpg 305w, https:\/\/erkadomagyarorszag.com\/wp-content\/uploads\/erkado-faajto-katalogus-2025-209x300.jpg 209w, https:\/\/erkadomagyarorszag.com\/wp-content\/uploads\/erkado-faajto-katalogus-2025-300x430.jpg 300w\" sizes=\"(max-width: 305px) 100vw, 305px\" \/><\/a><\/figure><div class=\"elementor-image-box-content\"><h3 class=\"elementor-image-box-title\"><a href=\"https:\/\/erkadomagyarorszag.com\/wp-content\/uploads\/erkado-faajto-katalogus-2025.pdf\" target=\"_blank\">ERKADO wooden door catalog 2025<\/a><\/h3><\/div><\/div>\t\t\t\t<\/div>\n\t\t\t\t<div class=\"elementor-element elementor-element-8a1105a elementor-widget__width-initial elementor-position-top elementor-widget elementor-widget-image-box\" data-id=\"8a1105a\" data-element_type=\"widget\" data-widget_type=\"image-box.default\">\n\t\t\t\t\t<div class=\"elementor-image-box-wrapper\"><figure class=\"elementor-image-box-img\"><a href=\"https:\/\/erkadomagyarorszag.com\/wp-content\/uploads\/2026.-evi-CMYK-Erkado-TOP5-kivonat2.pdf\" target=\"_blank\" tabindex=\"-1\"><img loading=\"lazy\" decoding=\"async\" width=\"297\" height=\"202\" src=\"https:\/\/erkadomagyarorszag.com\/wp-content\/uploads\/erkado-2026-top5_.png\" class=\"elementor-animation-grow attachment-full size-full wp-image-39572\" alt=\"\" srcset=\"https:\/\/erkadomagyarorszag.com\/wp-content\/uploads\/erkado-2026-top5_.png 297w, https:\/\/erkadomagyarorszag.com\/wp-content\/uploads\/erkado-2026-top5_-18x12.png 18w\" sizes=\"(max-width: 297px) 100vw, 297px\" \/><\/a><\/figure><div class=\"elementor-image-box-content\"><h3 class=\"elementor-image-box-title\"><a href=\"https:\/\/erkadomagyarorszag.com\/wp-content\/uploads\/2026.-evi-CMYK-Erkado-TOP5-kivonat2.pdf\" target=\"_blank\">ERKADO TOP5 door catalog 2026<\/a><\/h3><\/div><\/div>\t\t\t\t<\/div>\n\t\t\t\t<div class=\"elementor-element elementor-element-e3da48f elementor-widget__width-initial elementor-position-top elementor-widget elementor-widget-image-box\" data-id=\"e3da48f\" data-element_type=\"widget\" data-widget_type=\"image-box.default\">\n\t\t\t\t\t<div class=\"elementor-image-box-wrapper\"><figure class=\"elementor-image-box-img\"><a href=\"https:\/\/erkadomagyarorszag.com\/wp-content\/uploads\/inspiraciok-2025-26.pdf\" target=\"_blank\" tabindex=\"-1\"><img loading=\"lazy\" decoding=\"async\" width=\"938\" height=\"647\" src=\"https:\/\/erkadomagyarorszag.com\/wp-content\/uploads\/inspiraciok-2025-26.png\" class=\"elementor-animation-grow attachment-full size-full wp-image-39515\" alt=\"\" srcset=\"https:\/\/erkadomagyarorszag.com\/wp-content\/uploads\/inspiraciok-2025-26.png 938w, https:\/\/erkadomagyarorszag.com\/wp-content\/uploads\/inspiraciok-2025-26-300x207.png 300w, https:\/\/erkadomagyarorszag.com\/wp-content\/uploads\/inspiraciok-2025-26-768x530.png 768w, https:\/\/erkadomagyarorszag.com\/wp-content\/uploads\/inspiraciok-2025-26-18x12.png 18w, https:\/\/erkadomagyarorszag.com\/wp-content\/uploads\/inspiraciok-2025-26-600x414.png 600w\" sizes=\"(max-width: 938px) 100vw, 938px\" \/><\/a><\/figure><div class=\"elementor-image-box-content\"><h3 class=\"elementor-image-box-title\"><a href=\"https:\/\/erkadomagyarorszag.com\/wp-content\/uploads\/inspiraciok-2025-26.pdf\" target=\"_blank\">ERKADO Inspiration catalog 2025\/26<\/a><\/h3><\/div><\/div>\t\t\t\t<\/div>\n\t\t\t\t\t<\/div>\n\t\t\t\t<\/div>\n\t\t\t\t<\/div>","protected":false},"excerpt":{"rendered":"<p>Term\u00e9kkatal\u00f3gusok ERKADO belt\u00e9ri ajt\u00f3 katal\u00f3gus 2026 ERKADO ac\u00e9lajt\u00f3 katal\u00f3gus 2025\/26 ERKADO faajt\u00f3 katal\u00f3gus 2025 ERKADO TOP5 ajt\u00f3 katal\u00f3gus 2026 ERKADO Inspir\u00e1ci\u00f3s katal\u00f3gus 2025\/26<\/p>","protected":false},"author":1,"featured_media":0,"parent":0,"menu_order":5,"comment_status":"closed","ping_status":"closed","template":"elementor_header_footer","meta":{"footnotes":""},"class_list":["post-133","page","type-page","status-publish"],"yoast_head":"<!-- This site is optimized with the Yoast SEO Premium plugin v26.2 (Yoast SEO v26.6) - https:\/\/yoast.com\/wordpress\/plugins\/seo\/ -->\n<title>Term\u00e9kkatal\u00f3gusok - Erkado Magyarorsz\u00e1g<\/title>\n<meta name=\"robots\" content=\"index, follow, max-snippet:-1, max-image-preview:large, max-video-preview:-1\" \/>\n<link rel=\"canonical\" href=\"https:\/\/erkadomagyarorszag.com\/en\/termekkatalogusok\/\" \/>\n<meta property=\"og:locale\" content=\"en_GB\" \/>\n<meta property=\"og:type\" content=\"article\" \/>\n<meta property=\"og:title\" content=\"Term\u00e9kkatal\u00f3gusok\" \/>\n<meta property=\"og:description\" content=\"Term\u00e9kkatal\u00f3gusok ERKADO belt\u00e9ri ajt\u00f3 katal\u00f3gus 2026 ERKADO ac\u00e9lajt\u00f3 katal\u00f3gus 2025\/26 ERKADO faajt\u00f3 katal\u00f3gus 2025 ERKADO TOP5 ajt\u00f3 katal\u00f3gus 2026 ERKADO Inspir\u00e1ci\u00f3s katal\u00f3gus 2025\/26\" \/>\n<meta property=\"og:url\" content=\"https:\/\/erkadomagyarorszag.com\/en\/termekkatalogusok\/\" \/>\n<meta property=\"og:site_name\" content=\"Erkado Magyarorsz\u00e1g\" \/>\n<meta property=\"article:modified_time\" content=\"2026-05-06T13:03:06+00:00\" \/>\n<meta property=\"og:image\" content=\"https:\/\/erkadomagyarorszag.com\/wp-content\/uploads\/erkado-2026-belteri.png\" \/>\n\t<meta property=\"og:image:width\" content=\"448\" \/>\n\t<meta property=\"og:image:height\" content=\"631\" \/>\n\t<meta property=\"og:image:type\" content=\"image\/png\" \/>\n<meta name=\"twitter:card\" content=\"summary_large_image\" \/>\n<meta name=\"twitter:label1\" content=\"Estimated reading time\" \/>\n\t<meta name=\"twitter:data1\" content=\"2 minutes\" \/>\n<script type=\"application\/ld+json\" class=\"yoast-schema-graph\">{\"@context\":\"https:\/\/schema.org\",\"@graph\":[{\"@type\":\"WebPage\",\"@id\":\"https:\/\/erkadomagyarorszag.com\/termekkatalogusok\/\",\"url\":\"https:\/\/erkadomagyarorszag.com\/termekkatalogusok\/\",\"name\":\"Term\u00e9kkatal\u00f3gusok - Erkado Magyarorsz\u00e1g\",\"isPartOf\":{\"@id\":\"https:\/\/erkadomagyarorszag.com\/#website\"},\"primaryImageOfPage\":{\"@id\":\"https:\/\/erkadomagyarorszag.com\/termekkatalogusok\/#primaryimage\"},\"image\":{\"@id\":\"https:\/\/erkadomagyarorszag.com\/termekkatalogusok\/#primaryimage\"},\"thumbnailUrl\":\"https:\/\/erkadomagyarorszag.com\/wp-content\/uploads\/erkado-2026-belteri.png\",\"datePublished\":\"2025-08-11T12:33:21+00:00\",\"dateModified\":\"2026-05-06T13:03:06+00:00\",\"breadcrumb\":{\"@id\":\"https:\/\/erkadomagyarorszag.com\/termekkatalogusok\/#breadcrumb\"},\"inLanguage\":\"en-GB\",\"potentialAction\":[{\"@type\":\"ReadAction\",\"target\":[\"https:\/\/erkadomagyarorszag.com\/termekkatalogusok\/\"]}]},{\"@type\":\"ImageObject\",\"inLanguage\":\"en-GB\",\"@id\":\"https:\/\/erkadomagyarorszag.com\/termekkatalogusok\/#primaryimage\",\"url\":\"https:\/\/erkadomagyarorszag.com\/wp-content\/uploads\/erkado-2026-belteri.png\",\"contentUrl\":\"https:\/\/erkadomagyarorszag.com\/wp-content\/uploads\/erkado-2026-belteri.png\"},{\"@type\":\"BreadcrumbList\",\"@id\":\"https:\/\/erkadomagyarorszag.com\/termekkatalogusok\/#breadcrumb\",\"itemListElement\":[{\"@type\":\"ListItem\",\"position\":1,\"name\":\"Kezd\u0151lap\",\"item\":\"https:\/\/erkadomagyarorszag.com\/\"},{\"@type\":\"ListItem\",\"position\":2,\"name\":\"Term\u00e9kkatal\u00f3gusok\"}]},{\"@type\":\"WebSite\",\"@id\":\"https:\/\/erkadomagyarorszag.com\/#website\",\"url\":\"https:\/\/erkadomagyarorszag.com\/\",\"name\":\"Erkado Magyarorsz\u00e1g\",\"description\":\"Erkado Magyarorsz\u00e1g\",\"publisher\":{\"@id\":\"https:\/\/erkadomagyarorszag.com\/#organization\"},\"potentialAction\":[{\"@type\":\"SearchAction\",\"target\":{\"@type\":\"EntryPoint\",\"urlTemplate\":\"https:\/\/erkadomagyarorszag.com\/?s={search_term_string}\"},\"query-input\":{\"@type\":\"PropertyValueSpecification\",\"valueRequired\":true,\"valueName\":\"search_term_string\"}}],\"inLanguage\":\"en-GB\"},{\"@type\":\"Organization\",\"@id\":\"https:\/\/erkadomagyarorszag.com\/#organization\",\"name\":\"Erkado Magyarorsz\u00e1g\",\"url\":\"https:\/\/erkadomagyarorszag.com\/\",\"logo\":{\"@type\":\"ImageObject\",\"inLanguage\":\"en-GB\",\"@id\":\"https:\/\/erkadomagyarorszag.com\/#\/schema\/logo\/image\/\",\"url\":\"https:\/\/erkadomagyarorszag.com\/wp-content\/uploads\/Group-24.jpg\",\"contentUrl\":\"https:\/\/erkadomagyarorszag.com\/wp-content\/uploads\/Group-24.jpg\",\"width\":221,\"height\":221,\"caption\":\"Erkado Magyarorsz\u00e1g\"},\"image\":{\"@id\":\"https:\/\/erkadomagyarorszag.com\/#\/schema\/logo\/image\/\"}}]}<\/script>\n<!-- \/ Yoast SEO Premium plugin. -->","yoast_head_json":{"title":"Term\u00e9kkatal\u00f3gusok - Erkado Magyarorsz\u00e1g","robots":{"index":"index","follow":"follow","max-snippet":"max-snippet:-1","max-image-preview":"max-image-preview:large","max-video-preview":"max-video-preview:-1"},"canonical":"https:\/\/erkadomagyarorszag.com\/en\/termekkatalogusok\/","og_locale":"en_GB","og_type":"article","og_title":"Term\u00e9kkatal\u00f3gusok","og_description":"Term\u00e9kkatal\u00f3gusok ERKADO belt\u00e9ri ajt\u00f3 katal\u00f3gus 2026 ERKADO ac\u00e9lajt\u00f3 katal\u00f3gus 2025\/26 ERKADO faajt\u00f3 katal\u00f3gus 2025 ERKADO TOP5 ajt\u00f3 katal\u00f3gus 2026 ERKADO Inspir\u00e1ci\u00f3s katal\u00f3gus 2025\/26","og_url":"https:\/\/erkadomagyarorszag.com\/en\/termekkatalogusok\/","og_site_name":"Erkado Magyarorsz\u00e1g","article_modified_time":"2026-05-06T13:03:06+00:00","og_image":[{"width":448,"height":631,"url":"https:\/\/erkadomagyarorszag.com\/wp-content\/uploads\/erkado-2026-belteri.png","type":"image\/png"}],"twitter_card":"summary_large_image","twitter_misc":{"Estimated reading time":"2 minutes"},"schema":{"@context":"https:\/\/schema.org","@graph":[{"@type":"WebPage","@id":"https:\/\/erkadomagyarorszag.com\/termekkatalogusok\/","url":"https:\/\/erkadomagyarorszag.com\/termekkatalogusok\/","name":"Term\u00e9kkatal\u00f3gusok - Erkado Magyarorsz\u00e1g","isPartOf":{"@id":"https:\/\/erkadomagyarorszag.com\/#website"},"primaryImageOfPage":{"@id":"https:\/\/erkadomagyarorszag.com\/termekkatalogusok\/#primaryimage"},"image":{"@id":"https:\/\/erkadomagyarorszag.com\/termekkatalogusok\/#primaryimage"},"thumbnailUrl":"https:\/\/erkadomagyarorszag.com\/wp-content\/uploads\/erkado-2026-belteri.png","datePublished":"2025-08-11T12:33:21+00:00","dateModified":"2026-05-06T13:03:06+00:00","breadcrumb":{"@id":"https:\/\/erkadomagyarorszag.com\/termekkatalogusok\/#breadcrumb"},"inLanguage":"en-GB","potentialAction":[{"@type":"ReadAction","target":["https:\/\/erkadomagyarorszag.com\/termekkatalogusok\/"]}]},{"@type":"ImageObject","inLanguage":"en-GB","@id":"https:\/\/erkadomagyarorszag.com\/termekkatalogusok\/#primaryimage","url":"https:\/\/erkadomagyarorszag.com\/wp-content\/uploads\/erkado-2026-belteri.png","contentUrl":"https:\/\/erkadomagyarorszag.com\/wp-content\/uploads\/erkado-2026-belteri.png"},{"@type":"BreadcrumbList","@id":"https:\/\/erkadomagyarorszag.com\/termekkatalogusok\/#breadcrumb","itemListElement":[{"@type":"ListItem","position":1,"name":"Kezd\u0151lap","item":"https:\/\/erkadomagyarorszag.com\/"},{"@type":"ListItem","position":2,"name":"Term\u00e9kkatal\u00f3gusok"}]},{"@type":"WebSite","@id":"https:\/\/erkadomagyarorszag.com\/#website","url":"https:\/\/erkadomagyarorszag.com\/","name":"Home - Erkado Hungary","description":"Home - Erkado Hungary","publisher":{"@id":"https:\/\/erkadomagyarorszag.com\/#organization"},"potentialAction":[{"@type":"SearchAction","target":{"@type":"EntryPoint","urlTemplate":"https:\/\/erkadomagyarorszag.com\/?s={search_term_string}"},"query-input":{"@type":"PropertyValueSpecification","valueRequired":true,"valueName":"search_term_string"}}],"inLanguage":"en-GB"},{"@type":"Organization","@id":"https:\/\/erkadomagyarorszag.com\/#organization","name":"Home - Erkado Hungary","url":"https:\/\/erkadomagyarorszag.com\/","logo":{"@type":"ImageObject","inLanguage":"en-GB","@id":"https:\/\/erkadomagyarorszag.com\/#\/schema\/logo\/image\/","url":"https:\/\/erkadomagyarorszag.com\/wp-content\/uploads\/Group-24.jpg","contentUrl":"https:\/\/erkadomagyarorszag.com\/wp-content\/uploads\/Group-24.jpg","width":221,"height":221,"caption":"Erkado Magyarorsz\u00e1g"},"image":{"@id":"https:\/\/erkadomagyarorszag.com\/#\/schema\/logo\/image\/"}}]}},"_links":{"self":[{"href":"https:\/\/erkadomagyarorszag.com\/en\/wp-json\/wp\/v2\/pages\/133","targetHints":{"allow":["GET"]}}],"collection":[{"href":"https:\/\/erkadomagyarorszag.com\/en\/wp-json\/wp\/v2\/pages"}],"about":[{"href":"https:\/\/erkadomagyarorszag.com\/en\/wp-json\/wp\/v2\/types\/page"}],"author":[{"embeddable":true,"href":"https:\/\/erkadomagyarorszag.com\/en\/wp-json\/wp\/v2\/users\/1"}],"replies":[{"embeddable":true,"href":"https:\/\/erkadomagyarorszag.com\/en\/wp-json\/wp\/v2\/comments?post=133"}],"version-history":[{"count":41,"href":"https:\/\/erkadomagyarorszag.com\/en\/wp-json\/wp\/v2\/pages\/133\/revisions"}],"predecessor-version":[{"id":39663,"href":"https:\/\/erkadomagyarorszag.com\/en\/wp-json\/wp\/v2\/pages\/133\/revisions\/39663"}],"wp:attachment":[{"href":"https:\/\/erkadomagyarorszag.com\/en\/wp-json\/wp\/v2\/media?parent=133"}],"curies":[{"name":"wp","href":"https:\/\/api.w.org\/{rel}","templated":true}]}}