{"id":137,"date":"2025-08-11T12:34:28","date_gmt":"2025-08-11T12:34:28","guid":{"rendered":"https:\/\/erkadomagyarorszag.com\/?page_id=137"},"modified":"2025-09-03T12:07:14","modified_gmt":"2025-09-03T12:07:14","slug":"impresszum","status":"publish","type":"page","link":"https:\/\/erkadomagyarorszag.com\/en\/impresszum\/","title":{"rendered":"Imprint"},"content":{"rendered":"<div data-elementor-type=\"wp-page\" data-elementor-id=\"137\" class=\"elementor elementor-137\" data-elementor-post-type=\"page\">\n\t\t\t\t<div class=\"elementor-element elementor-element-a616b9d e-flex e-con-boxed e-con e-parent\" data-id=\"a616b9d\" data-element_type=\"container\" data-settings=\"{&quot;background_background&quot;:&quot;classic&quot;}\">\n\t\t\t\t\t<div class=\"e-con-inner\">\n\t\t<div class=\"elementor-element elementor-element-a4a887f e-con-full e-flex e-con e-child\" data-id=\"a4a887f\" data-element_type=\"container\" data-settings=\"{&quot;background_background&quot;:&quot;classic&quot;}\">\n\t\t\t\t<div class=\"elementor-element elementor-element-0996361 elementor-widget__width-inherit elementor-widget elementor-widget-heading\" data-id=\"0996361\" data-element_type=\"widget\" data-widget_type=\"heading.default\">\n\t\t\t\t\t<h2 class=\"elementor-heading-title elementor-size-default\">Imprint<\/h2>\t\t\t\t<\/div>\n\t\t\t\t<div class=\"elementor-element elementor-element-e61ed49 elementor-widget__width-initial elementor-widget-mobile__width-inherit elementor-widget elementor-widget-text-editor\" data-id=\"e61ed49\" data-element_type=\"widget\" data-widget_type=\"text-editor.default\">\n\t\t\t\t\t\t\t\t\t<h4><strong>A weboldal \u00fczemeltet\u0151je:<\/strong><\/h4><p>C\u00e9gn\u00e9v: Mikratherm-Pro Kft.<\/p><p>Ad\u00f3sz\u00e1m: 22906818-2-05<\/p><p>C\u00e9gjegyz\u00e9ksz\u00e1m: 05-09-020217<\/p><p>C\u00edm: 3561 Fels\u0151zsolca, Ipari \u00fat 3.<\/p><p>Telefon: +36 20 203 3333<\/p><p>Email: mikrathermpro@gmail.com<\/p><p>Webhely: erkadomagyarorszag.com<\/p>\t\t\t\t\t\t\t\t<\/div>\n\t\t\t\t<div class=\"elementor-element elementor-element-98da616 elementor-widget__width-initial elementor-widget-mobile__width-inherit elementor-widget elementor-widget-text-editor\" data-id=\"98da616\" data-element_type=\"widget\" data-widget_type=\"text-editor.default\">\n\t\t\t\t\t\t\t\t\t<h4><strong>T\u00e1rhely szolg\u00e1ltat\u00f3:<\/strong><\/h4><p><strong>Company name<\/strong>: Rackforest Kft.<\/p><p><strong>C\u00edm<\/strong>: 1132 Budapest, Victor Hugo utca 11. 5. em. B05001.<\/p><p><strong>Telefon<\/strong>: +36703624785<\/p><p><strong>Email<\/strong>: info@rackforest.com<\/p>\t\t\t\t\t\t\t\t<\/div>\n\t\t\t\t<\/div>\n\t\t\t\t\t<\/div>\n\t\t\t\t<\/div>\n\t\t\t\t<\/div>","protected":false},"excerpt":{"rendered":"<p>Impresszum A weboldal \u00fczemeltet\u0151je: C\u00e9gn\u00e9v: Mikratherm-Pro Kft. Ad\u00f3sz\u00e1m: 22906818-2-05 C\u00e9gjegyz\u00e9ksz\u00e1m: 05-09-020217 C\u00edm: 3561 Fels\u0151zsolca, Ipari \u00fat 3. Telefon: +36 20 203 3333 Email: mikrathermpro@gmail.com Webhely: erkadomagyarorszag.com T\u00e1rhely szolg\u00e1ltat\u00f3: C\u00e9gn\u00e9v: Rackforest Kft. C\u00edm: 1132 Budapest, Victor Hugo utca 11. 5. em. B05001. Telefon: +36703624785 Email: info@rackforest.com<\/p>","protected":false},"author":1,"featured_media":0,"parent":0,"menu_order":89,"comment_status":"closed","ping_status":"closed","template":"elementor_header_footer","meta":{"footnotes":""},"class_list":["post-137","page","type-page","status-publish"],"yoast_head":"<!-- This site is optimized with the Yoast SEO Premium plugin v26.2 (Yoast SEO v26.6) - https:\/\/yoast.com\/wordpress\/plugins\/seo\/ -->\n<title>Impresszum - Erkado Magyarorsz\u00e1g<\/title>\n<meta name=\"robots\" content=\"index, follow, max-snippet:-1, max-image-preview:large, max-video-preview:-1\" \/>\n<link rel=\"canonical\" href=\"https:\/\/erkadomagyarorszag.com\/en\/impresszum\/\" \/>\n<meta property=\"og:locale\" content=\"en_GB\" \/>\n<meta property=\"og:type\" content=\"article\" \/>\n<meta property=\"og:title\" content=\"Impresszum\" \/>\n<meta property=\"og:description\" content=\"Impresszum A weboldal \u00fczemeltet\u0151je: C\u00e9gn\u00e9v: Mikratherm-Pro Kft. Ad\u00f3sz\u00e1m: 22906818-2-05 C\u00e9gjegyz\u00e9ksz\u00e1m: 05-09-020217 C\u00edm: 3561 Fels\u0151zsolca, Ipari \u00fat 3. Telefon: +36 20 203 3333 Email: mikrathermpro@gmail.com Webhely: erkadomagyarorszag.com T\u00e1rhely szolg\u00e1ltat\u00f3: C\u00e9gn\u00e9v: Rackforest Kft. C\u00edm: 1132 Budapest, Victor Hugo utca 11. 5. em. B05001. Telefon: +36703624785 Email: info@rackforest.com\" \/>\n<meta property=\"og:url\" content=\"https:\/\/erkadomagyarorszag.com\/en\/impresszum\/\" \/>\n<meta property=\"og:site_name\" content=\"Erkado Magyarorsz\u00e1g\" \/>\n<meta property=\"article:modified_time\" content=\"2025-09-03T12:07:14+00:00\" \/>\n<meta property=\"og:image\" content=\"https:\/\/erkadomagyarorszag.com\/wp-content\/uploads\/2025\/07\/mikra-erkado-bg.jpg\" \/>\n\t<meta property=\"og:image:width\" content=\"1200\" \/>\n\t<meta property=\"og:image:height\" content=\"675\" \/>\n\t<meta property=\"og:image:type\" content=\"image\/jpeg\" \/>\n<meta name=\"twitter:card\" content=\"summary_large_image\" \/>\n<meta name=\"twitter:label1\" content=\"Estimated reading time\" \/>\n\t<meta name=\"twitter:data1\" content=\"3 minutes\" \/>\n<script type=\"application\/ld+json\" class=\"yoast-schema-graph\">{\"@context\":\"https:\/\/schema.org\",\"@graph\":[{\"@type\":\"WebPage\",\"@id\":\"https:\/\/erkadomagyarorszag.com\/impresszum\/\",\"url\":\"https:\/\/erkadomagyarorszag.com\/impresszum\/\",\"name\":\"Impresszum - Erkado Magyarorsz\u00e1g\",\"isPartOf\":{\"@id\":\"https:\/\/erkadomagyarorszag.com\/#website\"},\"datePublished\":\"2025-08-11T12:34:28+00:00\",\"dateModified\":\"2025-09-03T12:07:14+00:00\",\"breadcrumb\":{\"@id\":\"https:\/\/erkadomagyarorszag.com\/impresszum\/#breadcrumb\"},\"inLanguage\":\"en-GB\",\"potentialAction\":[{\"@type\":\"ReadAction\",\"target\":[\"https:\/\/erkadomagyarorszag.com\/impresszum\/\"]}]},{\"@type\":\"BreadcrumbList\",\"@id\":\"https:\/\/erkadomagyarorszag.com\/impresszum\/#breadcrumb\",\"itemListElement\":[{\"@type\":\"ListItem\",\"position\":1,\"name\":\"Kezd\u0151lap\",\"item\":\"https:\/\/erkadomagyarorszag.com\/\"},{\"@type\":\"ListItem\",\"position\":2,\"name\":\"Impresszum\"}]},{\"@type\":\"WebSite\",\"@id\":\"https:\/\/erkadomagyarorszag.com\/#website\",\"url\":\"https:\/\/erkadomagyarorszag.com\/\",\"name\":\"Erkado Magyarorsz\u00e1g\",\"description\":\"Erkado Magyarorsz\u00e1g\",\"publisher\":{\"@id\":\"https:\/\/erkadomagyarorszag.com\/#organization\"},\"potentialAction\":[{\"@type\":\"SearchAction\",\"target\":{\"@type\":\"EntryPoint\",\"urlTemplate\":\"https:\/\/erkadomagyarorszag.com\/?s={search_term_string}\"},\"query-input\":{\"@type\":\"PropertyValueSpecification\",\"valueRequired\":true,\"valueName\":\"search_term_string\"}}],\"inLanguage\":\"en-GB\"},{\"@type\":\"Organization\",\"@id\":\"https:\/\/erkadomagyarorszag.com\/#organization\",\"name\":\"Erkado Magyarorsz\u00e1g\",\"url\":\"https:\/\/erkadomagyarorszag.com\/\",\"logo\":{\"@type\":\"ImageObject\",\"inLanguage\":\"en-GB\",\"@id\":\"https:\/\/erkadomagyarorszag.com\/#\/schema\/logo\/image\/\",\"url\":\"https:\/\/erkadomagyarorszag.com\/wp-content\/uploads\/Group-24.jpg\",\"contentUrl\":\"https:\/\/erkadomagyarorszag.com\/wp-content\/uploads\/Group-24.jpg\",\"width\":221,\"height\":221,\"caption\":\"Erkado Magyarorsz\u00e1g\"},\"image\":{\"@id\":\"https:\/\/erkadomagyarorszag.com\/#\/schema\/logo\/image\/\"}}]}<\/script>\n<!-- \/ Yoast SEO Premium plugin. -->","yoast_head_json":{"title":"Impresszum - Erkado Magyarorsz\u00e1g","robots":{"index":"index","follow":"follow","max-snippet":"max-snippet:-1","max-image-preview":"max-image-preview:large","max-video-preview":"max-video-preview:-1"},"canonical":"https:\/\/erkadomagyarorszag.com\/en\/impresszum\/","og_locale":"en_GB","og_type":"article","og_title":"Impresszum","og_description":"Impresszum A weboldal \u00fczemeltet\u0151je: C\u00e9gn\u00e9v: Mikratherm-Pro Kft. Ad\u00f3sz\u00e1m: 22906818-2-05 C\u00e9gjegyz\u00e9ksz\u00e1m: 05-09-020217 C\u00edm: 3561 Fels\u0151zsolca, Ipari \u00fat 3. Telefon: +36 20 203 3333 Email: mikrathermpro@gmail.com Webhely: erkadomagyarorszag.com T\u00e1rhely szolg\u00e1ltat\u00f3: C\u00e9gn\u00e9v: Rackforest Kft. C\u00edm: 1132 Budapest, Victor Hugo utca 11. 5. em. B05001. Telefon: +36703624785 Email: info@rackforest.com","og_url":"https:\/\/erkadomagyarorszag.com\/en\/impresszum\/","og_site_name":"Erkado Magyarorsz\u00e1g","article_modified_time":"2025-09-03T12:07:14+00:00","og_image":[{"width":1200,"height":675,"url":"https:\/\/erkadomagyarorszag.com\/wp-content\/uploads\/2025\/07\/mikra-erkado-bg.jpg","type":"image\/jpeg"}],"twitter_card":"summary_large_image","twitter_misc":{"Estimated reading time":"3 minutes"},"schema":{"@context":"https:\/\/schema.org","@graph":[{"@type":"WebPage","@id":"https:\/\/erkadomagyarorszag.com\/impresszum\/","url":"https:\/\/erkadomagyarorszag.com\/impresszum\/","name":"Impresszum - Erkado Magyarorsz\u00e1g","isPartOf":{"@id":"https:\/\/erkadomagyarorszag.com\/#website"},"datePublished":"2025-08-11T12:34:28+00:00","dateModified":"2025-09-03T12:07:14+00:00","breadcrumb":{"@id":"https:\/\/erkadomagyarorszag.com\/impresszum\/#breadcrumb"},"inLanguage":"en-GB","potentialAction":[{"@type":"ReadAction","target":["https:\/\/erkadomagyarorszag.com\/impresszum\/"]}]},{"@type":"BreadcrumbList","@id":"https:\/\/erkadomagyarorszag.com\/impresszum\/#breadcrumb","itemListElement":[{"@type":"ListItem","position":1,"name":"Kezd\u0151lap","item":"https:\/\/erkadomagyarorszag.com\/"},{"@type":"ListItem","position":2,"name":"Impresszum"}]},{"@type":"WebSite","@id":"https:\/\/erkadomagyarorszag.com\/#website","url":"https:\/\/erkadomagyarorszag.com\/","name":"Home - Erkado Hungary","description":"Home - Erkado Hungary","publisher":{"@id":"https:\/\/erkadomagyarorszag.com\/#organization"},"potentialAction":[{"@type":"SearchAction","target":{"@type":"EntryPoint","urlTemplate":"https:\/\/erkadomagyarorszag.com\/?s={search_term_string}"},"query-input":{"@type":"PropertyValueSpecification","valueRequired":true,"valueName":"search_term_string"}}],"inLanguage":"en-GB"},{"@type":"Organization","@id":"https:\/\/erkadomagyarorszag.com\/#organization","name":"Home - Erkado Hungary","url":"https:\/\/erkadomagyarorszag.com\/","logo":{"@type":"ImageObject","inLanguage":"en-GB","@id":"https:\/\/erkadomagyarorszag.com\/#\/schema\/logo\/image\/","url":"https:\/\/erkadomagyarorszag.com\/wp-content\/uploads\/Group-24.jpg","contentUrl":"https:\/\/erkadomagyarorszag.com\/wp-content\/uploads\/Group-24.jpg","width":221,"height":221,"caption":"Erkado Magyarorsz\u00e1g"},"image":{"@id":"https:\/\/erkadomagyarorszag.com\/#\/schema\/logo\/image\/"}}]}},"_links":{"self":[{"href":"https:\/\/erkadomagyarorszag.com\/en\/wp-json\/wp\/v2\/pages\/137","targetHints":{"allow":["GET"]}}],"collection":[{"href":"https:\/\/erkadomagyarorszag.com\/en\/wp-json\/wp\/v2\/pages"}],"about":[{"href":"https:\/\/erkadomagyarorszag.com\/en\/wp-json\/wp\/v2\/types\/page"}],"author":[{"embeddable":true,"href":"https:\/\/erkadomagyarorszag.com\/en\/wp-json\/wp\/v2\/users\/1"}],"replies":[{"embeddable":true,"href":"https:\/\/erkadomagyarorszag.com\/en\/wp-json\/wp\/v2\/comments?post=137"}],"version-history":[{"count":16,"href":"https:\/\/erkadomagyarorszag.com\/en\/wp-json\/wp\/v2\/pages\/137\/revisions"}],"predecessor-version":[{"id":33331,"href":"https:\/\/erkadomagyarorszag.com\/en\/wp-json\/wp\/v2\/pages\/137\/revisions\/33331"}],"wp:attachment":[{"href":"https:\/\/erkadomagyarorszag.com\/en\/wp-json\/wp\/v2\/media?parent=137"}],"curies":[{"name":"wp","href":"https:\/\/api.w.org\/{rel}","templated":true}]}}