{"id":14299,"date":"2025-08-28T12:43:35","date_gmt":"2025-08-28T12:43:35","guid":{"rendered":"https:\/\/erkadomagyarorszag.com\/termek\/altamura-6\/"},"modified":"2026-01-20T10:14:21","modified_gmt":"2026-01-20T08:14:21","slug":"altamura-6","status":"publish","type":"product","link":"https:\/\/erkadomagyarorszag.com\/en\/product\/altamura-6\/","title":{"rendered":"ALTAMURA 6"},"content":{"rendered":"<p class=\"translation-block\"><span><strong>STRUCTURE<\/strong><br>\n\u2022 rebated, inverted or non-rebated door leaf<br>\n\u2022 inner MDF frame covered with two HDF sheets<br>\n\u2022 optional, at extra cost, inner wooden frame (sides and top, bottom MDF), covered with two HDF sheets<br>\n\n\u2022 stabilizing filling is \u201choneycomb grid\u201d or at extra cost full<br>\nsheet<br>\n\u2022 optional, at extra cost door frame widening panels, as well as crown molding and<br>\npilasters p. 151-153.<br>\n\u2022 the door leaf can be shortened independently, details on p. 149.<\/span><\/p>\n<p class=\"translation-block\"><strong>DESIGN<\/strong><br>\n\u2022 HDF board covered with foil<br>\n\u2022 Door leaf edge made with STANDARD technology<br>\n\u2022 CPL 0.2 and 0.7 laminates are available only for the STANDARD edge, which is only<br>\nglued with an ABS edge matching the leaf color, or for an additional charge<br>\nstandard black side panel<br>\n\u2022 edge (standard or rebateless) matching the door leaf plane or optionally<br>\nglued with a smooth black edge (NATURAL CROSS-GRILLED OAK PREMIUM<br>\nin the case of foil, a cross-grained black edge)<br>\n\u2022 double-sided inserts listed on pages 96-103 are available for an additional charge<br>\n(marquetry) for ALTAMURA 1<\/p>\n<p class=\"translation-block\"><strong>HARDWARE<\/strong><br>\n\u2022 three roll-up pin hinges in the rebated door leaf<br>\n\u2022 three concealed hinges in the non-rebated door leaf and two silver-coloured (optionally available<br>\nfor an additional charge<br>\nblack or gold) hinges in the reversed door leaf; the hinges are delivered and priced together with the door frame<br>\n\u2022 deadbolt lock in the rebated door leaf, magnetic lock in the non-rebated door leaf (optionally<br>\ndeadbolt lock): with key lock, lock insert, secondary lock or bathroom lock mechanism<br>\nin silver; optionally available with black or gold magnetic lock for an additional charge<br>\n\u2022 magnetic lock in the reversed door leaf: with key lock, lock insert, secondary lock or<br>\nwith bathroom lock mechanism in silver; optionally available with black or<br>\ngold magnetic lock for an additional charge<\/p>\n<p class=\"translation-block\"><strong>GLAZING<\/strong><br>\n\u2022 fully tempered decormat frosted glass as standard, clear or at an additional cost on both sides<br>\nsmooth VSG 221 safety frosted glass<br>\n\u2022 the glazing can be reversed to REWERS type (standard glazing: AWERS)<\/p>\n<p class=\"translation-block\"><strong>EXTRAS AT A CHARGE<\/strong><br>\nreversed door leaf (not available for CPL 0.2 and 0.7)<br>\nfull panel filling<br>\npanel reinforcement under the self-closing<br>\nlever door closer (silver, black, white, brown)<br>\nadditional lower crossbar<br>\n(can be shortened by yourself up to max. 8 cm)<br>\nrecuperation gap standard or mini, ventilation undercut standard or mini (p. 149)<br>\nor ventilation grille<br>\nround or square metal vents (4 pcs) surface: brushed nickel, patina,<br>\nwhite or black<br>\nplastic vents<br>\nrebated and non-rebated door leaf in size \u201e110\u201d<br>\nrebated and non-rebated door leaf in size \u201e110\u201d door leaf<br>\nglued VSG 221 frosted glass<br>\nautomatic threshold 2)<br>\nmetal hinge cover in the rebated door leaf (brushed nickel, patina, polished<br>\nchrome, polished brass, white and black);<br>\nstainless steel round window available in the ALTAMURA 1 model: polished \u201cchrome\u201d or<br>\nbrushed<br>\nsatin and black matt; decormat frosted glass, clear glass, round window inner dia.: 235 mm, outer dia.: 350 mm)<br>\nstainless steel panel (fixing on both sides, only for STANDARD rebated door leaf), 300 mm high.<br>\n\u2013 bottom Altamura 1, 3, 4, 6, 8<br>\n\u2013 middle Altamura 1, 4<br>\n\u2013 bottom ventilation Altamura 1, 3, 4, 6, 8<br>\ndoor leaf edge design black<br>\nreplacement for black magnetic lock for non-rebated and reversed door leaves<br>\nreplacement of lock for black lock for rebated door leaf 8).<br>\nreplacement of hinges for black hinges for rebated door leaf 8).<br>\nreplacement for black or gold hinges and strike plate for non-rebated door leaf<br>\nmagnetic limiter (stop) 2)<br>\n(available in six colors p. 149)<br>\ninternal wooden frame (side and top, bottom MDF)<br>\nin the ALTAMURA 1 model LUX inlay; available versions p. 96-103<br>\nPL2112 standard +15% to the price of the sash before surcharge<\/p>","protected":false},"excerpt":{"rendered":"<p>SZERKEZET \u2022 falcos, ford\u00edtott vagy falc n\u00e9lk\u00fcli ajt\u00f3sz\u00e1rny \u2022 bels\u0151 MDF keret k\u00e9t HDF lemezzel bor\u00edtva \u2022 opcion\u00e1lis, fel\u00e1r ellen\u00e9ben, bels\u0151 fa keret (oldalak \u00e9s fels\u0151, als\u00f3 MDF), k\u00e9t HDF lappal bor\u00edtva \u2022 a stabiliz\u00e1l\u00f3 kit\u00f6lt\u00e9s \u201em\u00e9hsejtr\u00e1cs\u201d vagy fel\u00e1r ellen\u00e9ben teljes lemez \u2022 opcion\u00e1lisan fel\u00e1r ellen\u00e9ben ajt\u00f3tok-sz\u00e9les\u00edt\u0151 panelek, valamint korona d\u00edszl\u00e9c \u00e9s pilaszterek 151-153. o. &#8230; <a title=\"ALTAMURA 6\" class=\"read-more\" href=\"https:\/\/erkadomagyarorszag.com\/en\/product\/altamura-6\/\" aria-label=\"Read more about ALTAMURA 6\">Read more<\/a><\/p>","protected":false},"featured_media":37786,"comment_status":"closed","ping_status":"closed","template":"","meta":[],"product_brand":[80],"product_cat":[17,445,40],"product_tag":[141],"class_list":{"0":"post-14299","1":"product","2":"type-product","3":"status-publish","4":"has-post-thumbnail","6":"product_brand-altamura","7":"product_cat-belteri-ajtok","8":"product_cat-top-5-termek","9":"product_cat-lemezelt-ajtok","10":"product_tag-belteri-ajtoerkadoaltamura-6","12":"first","13":"instock","14":"purchasable","15":"product-type-variable","16":"has-default-attributes"},"yoast_head":"<!-- This site is optimized with the Yoast SEO Premium plugin v26.2 (Yoast SEO v26.6) - https:\/\/yoast.com\/wordpress\/plugins\/seo\/ -->\n<title>ALTAMURA 6 - Erkado Magyarorsz\u00e1g<\/title>\n<meta name=\"robots\" content=\"index, follow, max-snippet:-1, max-image-preview:large, max-video-preview:-1\" \/>\n<link rel=\"canonical\" href=\"https:\/\/erkadomagyarorszag.com\/en\/product\/altamura-6\/\" \/>\n<meta property=\"og:locale\" content=\"en_GB\" \/>\n<meta property=\"og:type\" content=\"article\" \/>\n<meta property=\"og:title\" content=\"ALTAMURA 6\" \/>\n<meta property=\"og:description\" content=\"SZERKEZET \u2022 falcos, ford\u00edtott vagy falc n\u00e9lk\u00fcli ajt\u00f3sz\u00e1rny \u2022 bels\u0151 MDF keret k\u00e9t HDF lemezzel bor\u00edtva \u2022 opcion\u00e1lis, fel\u00e1r ellen\u00e9ben, bels\u0151 fa keret (oldalak \u00e9s fels\u0151, als\u00f3 MDF), k\u00e9t HDF lappal bor\u00edtva \u2022 a stabiliz\u00e1l\u00f3 kit\u00f6lt\u00e9s \u201em\u00e9hsejtr\u00e1cs\u201d vagy fel\u00e1r ellen\u00e9ben teljes lemez \u2022 opcion\u00e1lisan fel\u00e1r ellen\u00e9ben ajt\u00f3tok-sz\u00e9les\u00edt\u0151 panelek, valamint korona d\u00edszl\u00e9c \u00e9s pilaszterek 151-153. o. ... Read more\" \/>\n<meta property=\"og:url\" content=\"https:\/\/erkadomagyarorszag.com\/en\/product\/altamura-6\/\" \/>\n<meta property=\"og:site_name\" content=\"Erkado Magyarorsz\u00e1g\" \/>\n<meta property=\"article:modified_time\" content=\"2026-01-20T08:14:21+00:00\" \/>\n<meta property=\"og:image\" content=\"https:\/\/erkadomagyarorszag.com\/wp-content\/uploads\/altamura-6-tolgy-natur-kereszterezetes-premium.webp\" \/>\n\t<meta property=\"og:image:width\" content=\"219\" \/>\n\t<meta property=\"og:image:height\" content=\"470\" \/>\n\t<meta property=\"og:image:type\" content=\"image\/webp\" \/>\n<meta name=\"twitter:card\" content=\"summary_large_image\" \/>\n<meta name=\"twitter:label1\" content=\"Availability\" \/>\n\t<meta name=\"twitter:data1\" content=\"In stock\" \/>\n<script type=\"application\/ld+json\" class=\"yoast-schema-graph\">{\"@context\":\"https:\/\/schema.org\",\"@graph\":[{\"@type\":\"WebPage\",\"@id\":\"https:\/\/erkadomagyarorszag.com\/en\/product\/altamura-6\/\",\"url\":\"https:\/\/erkadomagyarorszag.com\/en\/product\/altamura-6\/\",\"name\":\"ALTAMURA 6 - Erkado Magyarorsz\u00e1g\",\"isPartOf\":{\"@id\":\"https:\/\/erkadomagyarorszag.com\/#website\"},\"primaryImageOfPage\":{\"@id\":\"https:\/\/erkadomagyarorszag.com\/en\/product\/altamura-6\/#primaryimage\"},\"image\":{\"@id\":\"https:\/\/erkadomagyarorszag.com\/en\/product\/altamura-6\/#primaryimage\"},\"thumbnailUrl\":\"https:\/\/erkadomagyarorszag.com\/wp-content\/uploads\/altamura-6-tolgy-natur-kereszterezetes-premium.webp\",\"datePublished\":\"2025-08-28T12:43:35+00:00\",\"dateModified\":\"2026-01-20T08:14:21+00:00\",\"breadcrumb\":{\"@id\":\"https:\/\/erkadomagyarorszag.com\/en\/product\/altamura-6\/#breadcrumb\"},\"inLanguage\":\"en-GB\",\"potentialAction\":[{\"@type\":\"ReadAction\",\"target\":[\"https:\/\/erkadomagyarorszag.com\/en\/product\/altamura-6\/\"]}]},{\"@type\":\"ImageObject\",\"inLanguage\":\"en-GB\",\"@id\":\"https:\/\/erkadomagyarorszag.com\/en\/product\/altamura-6\/#primaryimage\",\"url\":\"https:\/\/erkadomagyarorszag.com\/wp-content\/uploads\/altamura-6-tolgy-natur-kereszterezetes-premium.webp\",\"contentUrl\":\"https:\/\/erkadomagyarorszag.com\/wp-content\/uploads\/altamura-6-tolgy-natur-kereszterezetes-premium.webp\",\"width\":219,\"height\":470},{\"@type\":\"BreadcrumbList\",\"@id\":\"https:\/\/erkadomagyarorszag.com\/en\/product\/altamura-6\/#breadcrumb\",\"itemListElement\":[{\"@type\":\"ListItem\",\"position\":1,\"name\":\"Kezd\u0151lap\",\"item\":\"https:\/\/erkadomagyarorszag.com\/\"},{\"@type\":\"ListItem\",\"position\":2,\"name\":\"Shop\",\"item\":\"https:\/\/erkadomagyarorszag.com\/uzlet\/\"},{\"@type\":\"ListItem\",\"position\":3,\"name\":\"ALTAMURA 6\"}]},{\"@type\":\"WebSite\",\"@id\":\"https:\/\/erkadomagyarorszag.com\/#website\",\"url\":\"https:\/\/erkadomagyarorszag.com\/\",\"name\":\"Erkado Magyarorsz\u00e1g\",\"description\":\"Erkado Magyarorsz\u00e1g\",\"publisher\":{\"@id\":\"https:\/\/erkadomagyarorszag.com\/#organization\"},\"potentialAction\":[{\"@type\":\"SearchAction\",\"target\":{\"@type\":\"EntryPoint\",\"urlTemplate\":\"https:\/\/erkadomagyarorszag.com\/?s={search_term_string}\"},\"query-input\":{\"@type\":\"PropertyValueSpecification\",\"valueRequired\":true,\"valueName\":\"search_term_string\"}}],\"inLanguage\":\"en-GB\"},{\"@type\":\"Organization\",\"@id\":\"https:\/\/erkadomagyarorszag.com\/#organization\",\"name\":\"Erkado Magyarorsz\u00e1g\",\"url\":\"https:\/\/erkadomagyarorszag.com\/\",\"logo\":{\"@type\":\"ImageObject\",\"inLanguage\":\"en-GB\",\"@id\":\"https:\/\/erkadomagyarorszag.com\/#\/schema\/logo\/image\/\",\"url\":\"https:\/\/erkadomagyarorszag.com\/wp-content\/uploads\/Group-24.jpg\",\"contentUrl\":\"https:\/\/erkadomagyarorszag.com\/wp-content\/uploads\/Group-24.jpg\",\"width\":221,\"height\":221,\"caption\":\"Erkado Magyarorsz\u00e1g\"},\"image\":{\"@id\":\"https:\/\/erkadomagyarorszag.com\/#\/schema\/logo\/image\/\"}}]}<\/script>\n<meta property=\"og:availability\" content=\"instock\" \/>\n<meta property=\"product:availability\" content=\"instock\" \/>\n<meta property=\"product:retailer_item_id\" content=\"ALT-6\" \/>\n<meta property=\"product:condition\" content=\"new\" \/>\n<!-- \/ Yoast SEO Premium plugin. -->","yoast_head_json":{"title":"ALTAMURA 6 - Erkado Magyarorsz\u00e1g","robots":{"index":"index","follow":"follow","max-snippet":"max-snippet:-1","max-image-preview":"max-image-preview:large","max-video-preview":"max-video-preview:-1"},"canonical":"https:\/\/erkadomagyarorszag.com\/en\/product\/altamura-6\/","og_locale":"en_GB","og_type":"article","og_title":"ALTAMURA 6","og_description":"SZERKEZET \u2022 falcos, ford\u00edtott vagy falc n\u00e9lk\u00fcli ajt\u00f3sz\u00e1rny \u2022 bels\u0151 MDF keret k\u00e9t HDF lemezzel bor\u00edtva \u2022 opcion\u00e1lis, fel\u00e1r ellen\u00e9ben, bels\u0151 fa keret (oldalak \u00e9s fels\u0151, als\u00f3 MDF), k\u00e9t HDF lappal bor\u00edtva \u2022 a stabiliz\u00e1l\u00f3 kit\u00f6lt\u00e9s \u201em\u00e9hsejtr\u00e1cs\u201d vagy fel\u00e1r ellen\u00e9ben teljes lemez \u2022 opcion\u00e1lisan fel\u00e1r ellen\u00e9ben ajt\u00f3tok-sz\u00e9les\u00edt\u0151 panelek, valamint korona d\u00edszl\u00e9c \u00e9s pilaszterek 151-153. o. ... Read more","og_url":"https:\/\/erkadomagyarorszag.com\/en\/product\/altamura-6\/","og_site_name":"Erkado Magyarorsz\u00e1g","article_modified_time":"2026-01-20T08:14:21+00:00","og_image":[{"width":219,"height":470,"url":"https:\/\/erkadomagyarorszag.com\/wp-content\/uploads\/altamura-6-tolgy-natur-kereszterezetes-premium.webp","type":"image\/webp"}],"twitter_card":"summary_large_image","twitter_misc":{"Availability":"In stock"},"schema":{"@context":"https:\/\/schema.org","@graph":[{"@type":"WebPage","@id":"https:\/\/erkadomagyarorszag.com\/en\/product\/altamura-6\/","url":"https:\/\/erkadomagyarorszag.com\/en\/product\/altamura-6\/","name":"ALTAMURA 6 - Erkado Magyarorsz\u00e1g","isPartOf":{"@id":"https:\/\/erkadomagyarorszag.com\/#website"},"primaryImageOfPage":{"@id":"https:\/\/erkadomagyarorszag.com\/en\/product\/altamura-6\/#primaryimage"},"image":{"@id":"https:\/\/erkadomagyarorszag.com\/en\/product\/altamura-6\/#primaryimage"},"thumbnailUrl":"https:\/\/erkadomagyarorszag.com\/wp-content\/uploads\/altamura-6-tolgy-natur-kereszterezetes-premium.webp","datePublished":"2025-08-28T12:43:35+00:00","dateModified":"2026-01-20T08:14:21+00:00","breadcrumb":{"@id":"https:\/\/erkadomagyarorszag.com\/en\/product\/altamura-6\/#breadcrumb"},"inLanguage":"en-GB","potentialAction":[{"@type":"ReadAction","target":["https:\/\/erkadomagyarorszag.com\/en\/product\/altamura-6\/"]}]},{"@type":"ImageObject","inLanguage":"en-GB","@id":"https:\/\/erkadomagyarorszag.com\/en\/product\/altamura-6\/#primaryimage","url":"https:\/\/erkadomagyarorszag.com\/wp-content\/uploads\/altamura-6-tolgy-natur-kereszterezetes-premium.webp","contentUrl":"https:\/\/erkadomagyarorszag.com\/wp-content\/uploads\/altamura-6-tolgy-natur-kereszterezetes-premium.webp","width":219,"height":470},{"@type":"BreadcrumbList","@id":"https:\/\/erkadomagyarorszag.com\/en\/product\/altamura-6\/#breadcrumb","itemListElement":[{"@type":"ListItem","position":1,"name":"Kezd\u0151lap","item":"https:\/\/erkadomagyarorszag.com\/"},{"@type":"ListItem","position":2,"name":"Shop","item":"https:\/\/erkadomagyarorszag.com\/uzlet\/"},{"@type":"ListItem","position":3,"name":"ALTAMURA 6"}]},{"@type":"WebSite","@id":"https:\/\/erkadomagyarorszag.com\/#website","url":"https:\/\/erkadomagyarorszag.com\/","name":"Home - Erkado Hungary","description":"Home - Erkado Hungary","publisher":{"@id":"https:\/\/erkadomagyarorszag.com\/#organization"},"potentialAction":[{"@type":"SearchAction","target":{"@type":"EntryPoint","urlTemplate":"https:\/\/erkadomagyarorszag.com\/?s={search_term_string}"},"query-input":{"@type":"PropertyValueSpecification","valueRequired":true,"valueName":"search_term_string"}}],"inLanguage":"en-GB"},{"@type":"Organization","@id":"https:\/\/erkadomagyarorszag.com\/#organization","name":"Home - Erkado Hungary","url":"https:\/\/erkadomagyarorszag.com\/","logo":{"@type":"ImageObject","inLanguage":"en-GB","@id":"https:\/\/erkadomagyarorszag.com\/#\/schema\/logo\/image\/","url":"https:\/\/erkadomagyarorszag.com\/wp-content\/uploads\/Group-24.jpg","contentUrl":"https:\/\/erkadomagyarorszag.com\/wp-content\/uploads\/Group-24.jpg","width":221,"height":221,"caption":"Erkado Magyarorsz\u00e1g"},"image":{"@id":"https:\/\/erkadomagyarorszag.com\/#\/schema\/logo\/image\/"}}]},"og_availability":"instock","product_availability":"instock","product_retailer_item_id":"ALT-6","product_condition":"new"},"_links":{"self":[{"href":"https:\/\/erkadomagyarorszag.com\/en\/wp-json\/wp\/v2\/product\/14299","targetHints":{"allow":["GET"]}}],"collection":[{"href":"https:\/\/erkadomagyarorszag.com\/en\/wp-json\/wp\/v2\/product"}],"about":[{"href":"https:\/\/erkadomagyarorszag.com\/en\/wp-json\/wp\/v2\/types\/product"}],"replies":[{"embeddable":true,"href":"https:\/\/erkadomagyarorszag.com\/en\/wp-json\/wp\/v2\/comments?post=14299"}],"version-history":[{"count":3,"href":"https:\/\/erkadomagyarorszag.com\/en\/wp-json\/wp\/v2\/product\/14299\/revisions"}],"predecessor-version":[{"id":39077,"href":"https:\/\/erkadomagyarorszag.com\/en\/wp-json\/wp\/v2\/product\/14299\/revisions\/39077"}],"wp:featuredmedia":[{"embeddable":true,"href":"https:\/\/erkadomagyarorszag.com\/en\/wp-json\/wp\/v2\/media\/37786"}],"wp:attachment":[{"href":"https:\/\/erkadomagyarorszag.com\/en\/wp-json\/wp\/v2\/media?parent=14299"}],"wp:term":[{"taxonomy":"product_brand","embeddable":true,"href":"https:\/\/erkadomagyarorszag.com\/en\/wp-json\/wp\/v2\/product_brand?post=14299"},{"taxonomy":"product_cat","embeddable":true,"href":"https:\/\/erkadomagyarorszag.com\/en\/wp-json\/wp\/v2\/product_cat?post=14299"},{"taxonomy":"product_tag","embeddable":true,"href":"https:\/\/erkadomagyarorszag.com\/en\/wp-json\/wp\/v2\/product_tag?post=14299"}],"curies":[{"name":"wp","href":"https:\/\/api.w.org\/{rel}","templated":true}]}}