{"id":14646,"date":"2025-08-28T12:44:25","date_gmt":"2025-08-28T12:44:25","guid":{"rendered":"https:\/\/erkadomagyarorszag.com\/termek\/nemezja-7\/"},"modified":"2025-09-25T14:01:25","modified_gmt":"2025-09-25T12:01:25","slug":"nemezja-7","status":"publish","type":"product","link":"https:\/\/erkadomagyarorszag.com\/en\/product\/nemezja-7\/","title":{"rendered":"NEMEZJA 7"},"content":{"rendered":"<p class=\"translation-block\"><span><strong>STRUCTURE<\/strong><br>\n\u2022 rebated, non-rebated door leaf or, at an additional cost, a door leaf made with the reversed STILE technology<br>\n\n\u2022 vertical and horizontal MDF frame elements, covered with veneer and painted with UV-resistant varnish<br>\n\u2022 optionally, at an additional cost, vertical glued laminated timber frames covered with HDF and MDF boards<br>\n\u2022 16 mm thick faceted and smooth HDF boards (FEEL 15), with UV-resistant varnish<br>\n\u2022 optionally, at an additional cost, door frame widening panels, as well as crown molding and<br>\npilasters, p. 151-153.<br>\n\u2022 the door leaf can be shortened independently, details on p. 149.<\/span><\/p>\n<p class=\"translation-block\"><strong>DESIGN<\/strong><br>\n\u2022 water-based varnished, UV-protected, high-wear resistant<br>\nwings and frame<\/p>\n<p class=\"translation-block\"><strong>HARDWARE<\/strong><br>\n\u2022 three, 2-pin silver hinges in the rebated door leaf with horizontal adjustment<br>\n\u2022 three, silver-colored (optionally black at an additional cost) concealed hinges in the non-rebated door leaf; the hinges are delivered and priced with the door frame<br>\n\u2022 deadbolt lock in the rebated door leaf, key lock in the non-rebated door leaf,<br>\nlock insert, keyless or bathroom lock mechanism magnetic lock in silver<br>\n; optional black or gold magnetic lock at an additional cost<\/p>\n<p class=\"translation-block\"><strong>GLAZING<\/strong><br>\n\u2022 tempered, milky white or transparent glass as standard, and laminated safety glass at an additional cost<br>\n221 safety glass, milky white or black, smooth or decorative on both sides<br>\ntempered glass 4 mm relief and point for the NEW FELT 4, 7, 11, 15 models<br>\n(relief and point glass is smooth on one side)<br>\n\u2022 the glazing can be reversed to REWERS type (standard glazing: AWERS)<\/p>\n<p class=\"translation-block\"><strong>EXTRAS AT A CHARGE<\/strong><br>\nfactory drilling for door handles with (so-called split) wings, in case of ordering in sets<br>\n<br>\nstandard or mini recuperation gap, standard or mini ventilation undercut (p. 149)<br>\nwood-imitation plastic vents (4 pcs.)<br>\nround and square metal vents (4 pcs.); surface: brushed nickel, patina,<br>\nwhite and black<br>\nventilation grille (only for the following door leaf widths: 80, 90, 100)<br>\nrebated and non-rebated door leaf in size \"100\"<br>\nVSG 221 laminated safety glass, plain glass or decorative glass on both sides<br>\nmetal hinge cover in the rebated door leaf (colour: brushed nickel, patina,<br>\npolished chrome, polished brass, white and black);<br>\nautomatic threshold 2)<br>\nreplacement for black or gold magnetic lock for non-rebated door leaves<br>\nreplacement of the lock for black lock for rebated door leaf 10).<br>\nreplacement of the hinges for black hinges for rebated door leaf 10).<br>\nreplacement for black or gold hinges and strike plate for non-rebated for door leaf<br>\nmagnetic limiter (stop) 2)<br>\n(available in six colors p. 149)<br>\nvertical frame elements made of glued wood 4)<br>\nPL2112 standard 8) +15% to the price of the leaf before surcharge<\/p>","protected":false},"excerpt":{"rendered":"<p>SZERKEZET \u2022 falcos, falc n\u00e9lk\u00fcli ajt\u00f3sz\u00e1rny vagy fel\u00e1r ellen\u00e9ben ford\u00edtott STILE technol\u00f3gi\u00e1val k\u00e9sz\u00fclt ajt\u00f3sz\u00e1rny \u2022 f\u00fcgg\u0151leges \u00e9s v\u00edzszintes MDF keretelemek, furn\u00e9rral bor\u00edtva \u00e9s UV-\u00e1ll\u00f3 lakkal festve \u2022 opcion\u00e1lisan, fel\u00e1r ellen\u00e9ben, HDF- \u00e9s MDF-lapokkal burkolt f\u00fcgg\u0151leges ragasztott r\u00e9tegeltfa-keretek \u2022 16 mm vastag fazett\u00e1zott \u00e9s sima HDF-lapok (NEMEZJA 15), UV ellen\u00e1ll\u00f3 lakkoz\u00e1ssal \u2022 opcion\u00e1lisan fel\u00e1r ellen\u00e9ben ajt\u00f3tok-sz\u00e9les\u00edt\u0151 &#8230; <a title=\"NEMEZJA 7\" class=\"read-more\" href=\"https:\/\/erkadomagyarorszag.com\/en\/product\/nemezja-7\/\" aria-label=\"Read more about NEMEZJA 7\">Read more<\/a><\/p>","protected":false},"featured_media":7498,"comment_status":"closed","ping_status":"closed","template":"","meta":[],"product_brand":[84],"product_cat":[17,445,82],"product_tag":[154],"class_list":{"0":"post-14646","1":"product","2":"type-product","3":"status-publish","4":"has-post-thumbnail","6":"product_brand-nemezja","7":"product_cat-belteri-ajtok","8":"product_cat-top-5-termek","9":"product_cat-stile-keretes-ajtok","10":"product_tag-belteri-ajtoerkadonemezja-7","12":"first","13":"instock","14":"purchasable","15":"product-type-variable","16":"has-default-attributes"},"yoast_head":"<!-- This site is optimized with the Yoast SEO Premium plugin v26.2 (Yoast SEO v26.6) - https:\/\/yoast.com\/wordpress\/plugins\/seo\/ -->\n<title>NEMEZJA 7 - Erkado Magyarorsz\u00e1g<\/title>\n<meta name=\"robots\" content=\"index, follow, max-snippet:-1, max-image-preview:large, max-video-preview:-1\" \/>\n<link rel=\"canonical\" href=\"https:\/\/erkadomagyarorszag.com\/en\/product\/nemezja-7\/\" \/>\n<meta property=\"og:locale\" content=\"en_GB\" \/>\n<meta property=\"og:type\" content=\"article\" \/>\n<meta property=\"og:title\" content=\"NEMEZJA 7\" \/>\n<meta property=\"og:description\" content=\"SZERKEZET \u2022 falcos, falc n\u00e9lk\u00fcli ajt\u00f3sz\u00e1rny vagy fel\u00e1r ellen\u00e9ben ford\u00edtott STILE technol\u00f3gi\u00e1val k\u00e9sz\u00fclt ajt\u00f3sz\u00e1rny \u2022 f\u00fcgg\u0151leges \u00e9s v\u00edzszintes MDF keretelemek, furn\u00e9rral bor\u00edtva \u00e9s UV-\u00e1ll\u00f3 lakkal festve \u2022 opcion\u00e1lisan, fel\u00e1r ellen\u00e9ben, HDF- \u00e9s MDF-lapokkal burkolt f\u00fcgg\u0151leges ragasztott r\u00e9tegeltfa-keretek \u2022 16 mm vastag fazett\u00e1zott \u00e9s sima HDF-lapok (NEMEZJA 15), UV ellen\u00e1ll\u00f3 lakkoz\u00e1ssal \u2022 opcion\u00e1lisan fel\u00e1r ellen\u00e9ben ajt\u00f3tok-sz\u00e9les\u00edt\u0151 ... Read more\" \/>\n<meta property=\"og:url\" content=\"https:\/\/erkadomagyarorszag.com\/en\/product\/nemezja-7\/\" \/>\n<meta property=\"og:site_name\" content=\"Erkado Magyarorsz\u00e1g\" \/>\n<meta property=\"article:modified_time\" content=\"2025-09-25T12:01:25+00:00\" \/>\n<meta property=\"og:image\" content=\"https:\/\/erkadomagyarorszag.com\/wp-content\/uploads\/nemezja-7-feher-premium.webp\" \/>\n\t<meta property=\"og:image:width\" content=\"213\" \/>\n\t<meta property=\"og:image:height\" content=\"470\" \/>\n\t<meta property=\"og:image:type\" content=\"image\/webp\" \/>\n<meta name=\"twitter:card\" content=\"summary_large_image\" \/>\n<meta name=\"twitter:label1\" content=\"Availability\" \/>\n\t<meta name=\"twitter:data1\" content=\"In stock\" \/>\n<script type=\"application\/ld+json\" class=\"yoast-schema-graph\">{\"@context\":\"https:\/\/schema.org\",\"@graph\":[{\"@type\":\"WebPage\",\"@id\":\"https:\/\/erkadomagyarorszag.com\/termek\/nemezja-7\/\",\"url\":\"https:\/\/erkadomagyarorszag.com\/termek\/nemezja-7\/\",\"name\":\"NEMEZJA 7 - Erkado Magyarorsz\u00e1g\",\"isPartOf\":{\"@id\":\"https:\/\/erkadomagyarorszag.com\/#website\"},\"primaryImageOfPage\":{\"@id\":\"https:\/\/erkadomagyarorszag.com\/termek\/nemezja-7\/#primaryimage\"},\"image\":{\"@id\":\"https:\/\/erkadomagyarorszag.com\/termek\/nemezja-7\/#primaryimage\"},\"thumbnailUrl\":\"https:\/\/erkadomagyarorszag.com\/wp-content\/uploads\/nemezja-7-feher-premium.webp\",\"datePublished\":\"2025-08-28T12:44:25+00:00\",\"dateModified\":\"2025-09-25T12:01:25+00:00\",\"breadcrumb\":{\"@id\":\"https:\/\/erkadomagyarorszag.com\/termek\/nemezja-7\/#breadcrumb\"},\"inLanguage\":\"en-GB\",\"potentialAction\":[{\"@type\":\"ReadAction\",\"target\":[\"https:\/\/erkadomagyarorszag.com\/termek\/nemezja-7\/\"]}]},{\"@type\":\"ImageObject\",\"inLanguage\":\"en-GB\",\"@id\":\"https:\/\/erkadomagyarorszag.com\/termek\/nemezja-7\/#primaryimage\",\"url\":\"https:\/\/erkadomagyarorszag.com\/wp-content\/uploads\/nemezja-7-feher-premium.webp\",\"contentUrl\":\"https:\/\/erkadomagyarorszag.com\/wp-content\/uploads\/nemezja-7-feher-premium.webp\",\"width\":213,\"height\":470,\"caption\":\"nemezja-7-feher-premium\"},{\"@type\":\"BreadcrumbList\",\"@id\":\"https:\/\/erkadomagyarorszag.com\/termek\/nemezja-7\/#breadcrumb\",\"itemListElement\":[{\"@type\":\"ListItem\",\"position\":1,\"name\":\"Kezd\u0151lap\",\"item\":\"https:\/\/erkadomagyarorszag.com\/\"},{\"@type\":\"ListItem\",\"position\":2,\"name\":\"Shop\",\"item\":\"https:\/\/erkadomagyarorszag.com\/uzlet\/\"},{\"@type\":\"ListItem\",\"position\":3,\"name\":\"NEMEZJA 7\"}]},{\"@type\":\"WebSite\",\"@id\":\"https:\/\/erkadomagyarorszag.com\/#website\",\"url\":\"https:\/\/erkadomagyarorszag.com\/\",\"name\":\"Erkado Magyarorsz\u00e1g\",\"description\":\"Erkado Magyarorsz\u00e1g\",\"publisher\":{\"@id\":\"https:\/\/erkadomagyarorszag.com\/#organization\"},\"potentialAction\":[{\"@type\":\"SearchAction\",\"target\":{\"@type\":\"EntryPoint\",\"urlTemplate\":\"https:\/\/erkadomagyarorszag.com\/?s={search_term_string}\"},\"query-input\":{\"@type\":\"PropertyValueSpecification\",\"valueRequired\":true,\"valueName\":\"search_term_string\"}}],\"inLanguage\":\"en-GB\"},{\"@type\":\"Organization\",\"@id\":\"https:\/\/erkadomagyarorszag.com\/#organization\",\"name\":\"Erkado Magyarorsz\u00e1g\",\"url\":\"https:\/\/erkadomagyarorszag.com\/\",\"logo\":{\"@type\":\"ImageObject\",\"inLanguage\":\"en-GB\",\"@id\":\"https:\/\/erkadomagyarorszag.com\/#\/schema\/logo\/image\/\",\"url\":\"https:\/\/erkadomagyarorszag.com\/wp-content\/uploads\/Group-24.jpg\",\"contentUrl\":\"https:\/\/erkadomagyarorszag.com\/wp-content\/uploads\/Group-24.jpg\",\"width\":221,\"height\":221,\"caption\":\"Erkado Magyarorsz\u00e1g\"},\"image\":{\"@id\":\"https:\/\/erkadomagyarorszag.com\/#\/schema\/logo\/image\/\"}}]}<\/script>\n<meta property=\"og:availability\" content=\"instock\" \/>\n<meta property=\"product:availability\" content=\"instock\" \/>\n<meta property=\"product:retailer_item_id\" content=\"NEM-6\" \/>\n<meta property=\"product:condition\" content=\"new\" \/>\n<!-- \/ Yoast SEO Premium plugin. -->","yoast_head_json":{"title":"NEMEZJA 7 - Erkado Magyarorsz\u00e1g","robots":{"index":"index","follow":"follow","max-snippet":"max-snippet:-1","max-image-preview":"max-image-preview:large","max-video-preview":"max-video-preview:-1"},"canonical":"https:\/\/erkadomagyarorszag.com\/en\/product\/nemezja-7\/","og_locale":"en_GB","og_type":"article","og_title":"NEMEZJA 7","og_description":"SZERKEZET \u2022 falcos, falc n\u00e9lk\u00fcli ajt\u00f3sz\u00e1rny vagy fel\u00e1r ellen\u00e9ben ford\u00edtott STILE technol\u00f3gi\u00e1val k\u00e9sz\u00fclt ajt\u00f3sz\u00e1rny \u2022 f\u00fcgg\u0151leges \u00e9s v\u00edzszintes MDF keretelemek, furn\u00e9rral bor\u00edtva \u00e9s UV-\u00e1ll\u00f3 lakkal festve \u2022 opcion\u00e1lisan, fel\u00e1r ellen\u00e9ben, HDF- \u00e9s MDF-lapokkal burkolt f\u00fcgg\u0151leges ragasztott r\u00e9tegeltfa-keretek \u2022 16 mm vastag fazett\u00e1zott \u00e9s sima HDF-lapok (NEMEZJA 15), UV ellen\u00e1ll\u00f3 lakkoz\u00e1ssal \u2022 opcion\u00e1lisan fel\u00e1r ellen\u00e9ben ajt\u00f3tok-sz\u00e9les\u00edt\u0151 ... Read more","og_url":"https:\/\/erkadomagyarorszag.com\/en\/product\/nemezja-7\/","og_site_name":"Erkado Magyarorsz\u00e1g","article_modified_time":"2025-09-25T12:01:25+00:00","og_image":[{"width":213,"height":470,"url":"https:\/\/erkadomagyarorszag.com\/wp-content\/uploads\/nemezja-7-feher-premium.webp","type":"image\/webp"}],"twitter_card":"summary_large_image","twitter_misc":{"Availability":"In stock"},"schema":{"@context":"https:\/\/schema.org","@graph":[{"@type":"WebPage","@id":"https:\/\/erkadomagyarorszag.com\/termek\/nemezja-7\/","url":"https:\/\/erkadomagyarorszag.com\/termek\/nemezja-7\/","name":"NEMEZJA 7 - Erkado Magyarorsz\u00e1g","isPartOf":{"@id":"https:\/\/erkadomagyarorszag.com\/#website"},"primaryImageOfPage":{"@id":"https:\/\/erkadomagyarorszag.com\/termek\/nemezja-7\/#primaryimage"},"image":{"@id":"https:\/\/erkadomagyarorszag.com\/termek\/nemezja-7\/#primaryimage"},"thumbnailUrl":"https:\/\/erkadomagyarorszag.com\/wp-content\/uploads\/nemezja-7-feher-premium.webp","datePublished":"2025-08-28T12:44:25+00:00","dateModified":"2025-09-25T12:01:25+00:00","breadcrumb":{"@id":"https:\/\/erkadomagyarorszag.com\/termek\/nemezja-7\/#breadcrumb"},"inLanguage":"en-GB","potentialAction":[{"@type":"ReadAction","target":["https:\/\/erkadomagyarorszag.com\/termek\/nemezja-7\/"]}]},{"@type":"ImageObject","inLanguage":"en-GB","@id":"https:\/\/erkadomagyarorszag.com\/termek\/nemezja-7\/#primaryimage","url":"https:\/\/erkadomagyarorszag.com\/wp-content\/uploads\/nemezja-7-feher-premium.webp","contentUrl":"https:\/\/erkadomagyarorszag.com\/wp-content\/uploads\/nemezja-7-feher-premium.webp","width":213,"height":470,"caption":"nemezja-7-feher-premium"},{"@type":"BreadcrumbList","@id":"https:\/\/erkadomagyarorszag.com\/termek\/nemezja-7\/#breadcrumb","itemListElement":[{"@type":"ListItem","position":1,"name":"Kezd\u0151lap","item":"https:\/\/erkadomagyarorszag.com\/"},{"@type":"ListItem","position":2,"name":"Shop","item":"https:\/\/erkadomagyarorszag.com\/uzlet\/"},{"@type":"ListItem","position":3,"name":"NEMEZJA 7"}]},{"@type":"WebSite","@id":"https:\/\/erkadomagyarorszag.com\/#website","url":"https:\/\/erkadomagyarorszag.com\/","name":"Home - Erkado Hungary","description":"Home - Erkado Hungary","publisher":{"@id":"https:\/\/erkadomagyarorszag.com\/#organization"},"potentialAction":[{"@type":"SearchAction","target":{"@type":"EntryPoint","urlTemplate":"https:\/\/erkadomagyarorszag.com\/?s={search_term_string}"},"query-input":{"@type":"PropertyValueSpecification","valueRequired":true,"valueName":"search_term_string"}}],"inLanguage":"en-GB"},{"@type":"Organization","@id":"https:\/\/erkadomagyarorszag.com\/#organization","name":"Home - Erkado Hungary","url":"https:\/\/erkadomagyarorszag.com\/","logo":{"@type":"ImageObject","inLanguage":"en-GB","@id":"https:\/\/erkadomagyarorszag.com\/#\/schema\/logo\/image\/","url":"https:\/\/erkadomagyarorszag.com\/wp-content\/uploads\/Group-24.jpg","contentUrl":"https:\/\/erkadomagyarorszag.com\/wp-content\/uploads\/Group-24.jpg","width":221,"height":221,"caption":"Erkado Magyarorsz\u00e1g"},"image":{"@id":"https:\/\/erkadomagyarorszag.com\/#\/schema\/logo\/image\/"}}]},"og_availability":"instock","product_availability":"instock","product_retailer_item_id":"NEM-6","product_condition":"new"},"_links":{"self":[{"href":"https:\/\/erkadomagyarorszag.com\/en\/wp-json\/wp\/v2\/product\/14646","targetHints":{"allow":["GET"]}}],"collection":[{"href":"https:\/\/erkadomagyarorszag.com\/en\/wp-json\/wp\/v2\/product"}],"about":[{"href":"https:\/\/erkadomagyarorszag.com\/en\/wp-json\/wp\/v2\/types\/product"}],"replies":[{"embeddable":true,"href":"https:\/\/erkadomagyarorszag.com\/en\/wp-json\/wp\/v2\/comments?post=14646"}],"version-history":[{"count":3,"href":"https:\/\/erkadomagyarorszag.com\/en\/wp-json\/wp\/v2\/product\/14646\/revisions"}],"predecessor-version":[{"id":38418,"href":"https:\/\/erkadomagyarorszag.com\/en\/wp-json\/wp\/v2\/product\/14646\/revisions\/38418"}],"wp:featuredmedia":[{"embeddable":true,"href":"https:\/\/erkadomagyarorszag.com\/en\/wp-json\/wp\/v2\/media\/7498"}],"wp:attachment":[{"href":"https:\/\/erkadomagyarorszag.com\/en\/wp-json\/wp\/v2\/media?parent=14646"}],"wp:term":[{"taxonomy":"product_brand","embeddable":true,"href":"https:\/\/erkadomagyarorszag.com\/en\/wp-json\/wp\/v2\/product_brand?post=14646"},{"taxonomy":"product_cat","embeddable":true,"href":"https:\/\/erkadomagyarorszag.com\/en\/wp-json\/wp\/v2\/product_cat?post=14646"},{"taxonomy":"product_tag","embeddable":true,"href":"https:\/\/erkadomagyarorszag.com\/en\/wp-json\/wp\/v2\/product_tag?post=14646"}],"curies":[{"name":"wp","href":"https:\/\/api.w.org\/{rel}","templated":true}]}}