{"id":14994,"date":"2025-08-28T12:45:03","date_gmt":"2025-08-28T12:45:03","guid":{"rendered":"https:\/\/erkadomagyarorszag.com\/termek\/frezja-2\/"},"modified":"2025-09-17T10:29:52","modified_gmt":"2025-09-17T08:29:52","slug":"frezja-2","status":"publish","type":"product","link":"https:\/\/erkadomagyarorszag.com\/en\/product\/frezja-2\/","title":{"rendered":"FREZJA 2"},"content":{"rendered":"<p class=\"translation-block\"><span><strong>STRUCTURE<\/strong><br>\n\u2022 Rebated or non-rebated door leaf manufactured using STILE frame technology<br>\n\u2022 vertical and horizontal MDF slats with GREKO, PREMIUM, ST CP L or ST CPL veneer,<br>\nAntiFinger coating<br>\n\u2022 vertical frame elements made of laminated wood, covered with HDF and MDF boards 6)<br>\n\u2022 16 mm thick HDF panels (in FREZJA 2 and 6 types also with 4 mm insert) with GREKO, CPL or<br>\nPREMIUM foil, FREZJA 7 type is available only with mirror<br>\n\u2022 in the FREZJA 9 model the panel is made of 3 mm thick HDF sheet glued to the glass on both sides. The edge of the panel is always made in black.<br>\n\u2022 optional door frame widening panels, as well as crown molding and<br>\npilasters 151-153 are available for an additional charge. p.<br>\n\u2022 the door leaf can be shortened independently, details on page 149.<\/span><\/p>\n<p class=\"translation-block\"><strong>HARDWARE<\/strong><br>\n\u2022 three, 2-pin silver hinges in the rebated door leaf with horizontal adjustment<br>\n\u2022 three, silver-colored (optionally black at an additional cost) concealed hinges in the non-rebated door leaf; the hinges are delivered and priced with the door frame<br>\n\u2022 latch lock in the rebated door leaf, key lock, lock insert, keyless or bathroom lock mechanism locking magnetic lock<br>\n(optionally latch lock) in silver; optional black or gold<br>\nmagnetic lock at an additional cost<\/p>\n<p class=\"translation-block\"><strong>GLAZING<\/strong><br>\n\u2022 as standard, tempered 4 mm transparent or one-sided mirror (Frezja 7 only), or<br>\nfor an additional charge, glued VSG 221 milky white or black safety glass, both sides<br>\nsmooth (for FREZJA 1, 3, 5) or 4 mm tempered decorative glass, relief and point NEW<br>\n(for FREZJA 1, 3, 5). Relief and point glass is smooth on one side.<br>\n\u2022 the glazing can be reversed to REWERS type (standard glazing: AWERS)<br>\n\u2022 constant glass width; FREZJA 1 \u2013 140 mm, FREZJA 5 \u2013 80 mm, FREZJA 9 \u2013 50 mm<\/p>\n<p class=\"translation-block\"><strong>EXTRAS AT A CHARGE<\/strong><br>\nfactory drilling for door handles with (so-called split) leaf, in case of ordering in a set<br>\n\nrecuperation gap standard or mini, ventilation undercut standard or mini (p. 149)<br>\nwood-imitation plastic vents (4 pcs.) 2)<br>\nround or square metal vents2) (4 pcs.); surface: brushed nickel,<br>\npatina, white or black<br>\nventilation grille 2) (only for the following door leaf widths: 80, 90, 100)<br>\nrebated and non-rebated door leaf in size \"100\"<br>\nVSG 221 laminated safety glass, plain glass or decorative glass on both sides<br>\nmetal hinge cover in the rebated door leaf (colour: brushed nickel, patina,<br>\npolished chrome, polished brass, white and black);<br>\nautomatic threshold 4) (FREZJA 8 not available)<br>\nreplacement for black or gold magnetic lock for non-rebated door leaves<br>\nreplacement of the lock for black lock for rebated door leaf 11).<br>\nreplacement of the hinges for black hinges for rebated door leaf 11).<br>\nreplacement for black or gold magnetic lock for rebated door leaf for hinges and strike plate for non-rebated door leaf<br>\nmagnetic limiter (stop) 4)<br>\n(available in six colours p. 149)<br>\nvertical frame elements made of glued wood 6)<br>\nPL2112 standard 9) +15% to the price of the leaf before surcharge<\/p>","protected":false},"excerpt":{"rendered":"<p>SZERKEZET \u2022 STILE kerettechnol\u00f3gi\u00e1val gy\u00e1rtott falcos vagy falc n\u00e9lk\u00fcli ajt\u00f3sz\u00e1rny \u2022 f\u00fcgg\u0151leges \u00e9s v\u00edzszintes MDF l\u00e9cek GREKO, PREMIUM, ST CP L vagy ST CPL furn\u00e9rral, AntiFinger bevonattal \u2022 lamin\u00e1lt f\u00e1b\u00f3l k\u00e9sz\u00fclt f\u00fcgg\u0151leges keretelemek, HDF \u00e9s MDF lapokkal bor\u00edtva 6) \u2022 16 mm vastag HDF panelek (a FREZJA 2 \u00e9s 6 t\u00edpusn\u00e1l 4 mm-es bet\u00e9t is) &#8230; <a title=\"FREZJA 2\" class=\"read-more\" href=\"https:\/\/erkadomagyarorszag.com\/en\/product\/frezja-2\/\" aria-label=\"Read more about FREZJA 2\">Read more<\/a><\/p>","protected":false},"featured_media":8401,"comment_status":"closed","ping_status":"closed","template":"","meta":[],"product_brand":[88],"product_cat":[17,445,82],"product_tag":[171],"class_list":{"0":"post-14994","1":"product","2":"type-product","3":"status-publish","4":"has-post-thumbnail","6":"product_brand-frezja","7":"product_cat-belteri-ajtok","8":"product_cat-top-5-termek","9":"product_cat-stile-keretes-ajtok","10":"product_tag-belteri-ajtoerkadofrezja-2","12":"first","13":"instock","14":"purchasable","15":"product-type-variable","16":"has-default-attributes"},"yoast_head":"<!-- This site is optimized with the Yoast SEO Premium plugin v26.2 (Yoast SEO v26.6) - https:\/\/yoast.com\/wordpress\/plugins\/seo\/ -->\n<title>FREZJA 2 - Erkado Magyarorsz\u00e1g<\/title>\n<meta name=\"robots\" content=\"index, follow, max-snippet:-1, max-image-preview:large, max-video-preview:-1\" \/>\n<link rel=\"canonical\" href=\"https:\/\/erkadomagyarorszag.com\/en\/product\/frezja-2\/\" \/>\n<meta property=\"og:locale\" content=\"en_GB\" \/>\n<meta property=\"og:type\" content=\"article\" \/>\n<meta property=\"og:title\" content=\"FREZJA 2\" \/>\n<meta property=\"og:description\" content=\"SZERKEZET \u2022 STILE kerettechnol\u00f3gi\u00e1val gy\u00e1rtott falcos vagy falc n\u00e9lk\u00fcli ajt\u00f3sz\u00e1rny \u2022 f\u00fcgg\u0151leges \u00e9s v\u00edzszintes MDF l\u00e9cek GREKO, PREMIUM, ST CP L vagy ST CPL furn\u00e9rral, AntiFinger bevonattal \u2022 lamin\u00e1lt f\u00e1b\u00f3l k\u00e9sz\u00fclt f\u00fcgg\u0151leges keretelemek, HDF \u00e9s MDF lapokkal bor\u00edtva 6) \u2022 16 mm vastag HDF panelek (a FREZJA 2 \u00e9s 6 t\u00edpusn\u00e1l 4 mm-es bet\u00e9t is) ... Read more\" \/>\n<meta property=\"og:url\" content=\"https:\/\/erkadomagyarorszag.com\/en\/product\/frezja-2\/\" \/>\n<meta property=\"og:site_name\" content=\"Erkado Magyarorsz\u00e1g\" \/>\n<meta property=\"article:modified_time\" content=\"2025-09-17T08:29:52+00:00\" \/>\n<meta property=\"og:image\" content=\"https:\/\/erkadomagyarorszag.com\/wp-content\/uploads\/frezja-2-tolgy-premium.webp\" \/>\n\t<meta property=\"og:image:width\" content=\"463\" \/>\n\t<meta property=\"og:image:height\" content=\"1024\" \/>\n\t<meta property=\"og:image:type\" content=\"image\/webp\" \/>\n<meta name=\"twitter:card\" content=\"summary_large_image\" \/>\n<meta name=\"twitter:label1\" content=\"Availability\" \/>\n\t<meta name=\"twitter:data1\" content=\"In stock\" \/>\n<script type=\"application\/ld+json\" class=\"yoast-schema-graph\">{\"@context\":\"https:\/\/schema.org\",\"@graph\":[{\"@type\":\"WebPage\",\"@id\":\"https:\/\/erkadomagyarorszag.com\/termek\/frezja-2\/\",\"url\":\"https:\/\/erkadomagyarorszag.com\/termek\/frezja-2\/\",\"name\":\"FREZJA 2 - Erkado Magyarorsz\u00e1g\",\"isPartOf\":{\"@id\":\"https:\/\/erkadomagyarorszag.com\/#website\"},\"primaryImageOfPage\":{\"@id\":\"https:\/\/erkadomagyarorszag.com\/termek\/frezja-2\/#primaryimage\"},\"image\":{\"@id\":\"https:\/\/erkadomagyarorszag.com\/termek\/frezja-2\/#primaryimage\"},\"thumbnailUrl\":\"https:\/\/erkadomagyarorszag.com\/wp-content\/uploads\/frezja-2-tolgy-premium.webp\",\"datePublished\":\"2025-08-28T12:45:03+00:00\",\"dateModified\":\"2025-09-17T08:29:52+00:00\",\"breadcrumb\":{\"@id\":\"https:\/\/erkadomagyarorszag.com\/termek\/frezja-2\/#breadcrumb\"},\"inLanguage\":\"en-GB\",\"potentialAction\":[{\"@type\":\"ReadAction\",\"target\":[\"https:\/\/erkadomagyarorszag.com\/termek\/frezja-2\/\"]}]},{\"@type\":\"ImageObject\",\"inLanguage\":\"en-GB\",\"@id\":\"https:\/\/erkadomagyarorszag.com\/termek\/frezja-2\/#primaryimage\",\"url\":\"https:\/\/erkadomagyarorszag.com\/wp-content\/uploads\/frezja-2-tolgy-premium.webp\",\"contentUrl\":\"https:\/\/erkadomagyarorszag.com\/wp-content\/uploads\/frezja-2-tolgy-premium.webp\",\"width\":463,\"height\":1024,\"caption\":\"frezja-2-tolgy-premium\"},{\"@type\":\"BreadcrumbList\",\"@id\":\"https:\/\/erkadomagyarorszag.com\/termek\/frezja-2\/#breadcrumb\",\"itemListElement\":[{\"@type\":\"ListItem\",\"position\":1,\"name\":\"Kezd\u0151lap\",\"item\":\"https:\/\/erkadomagyarorszag.com\/\"},{\"@type\":\"ListItem\",\"position\":2,\"name\":\"Shop\",\"item\":\"https:\/\/erkadomagyarorszag.com\/uzlet\/\"},{\"@type\":\"ListItem\",\"position\":3,\"name\":\"FREZJA 2\"}]},{\"@type\":\"WebSite\",\"@id\":\"https:\/\/erkadomagyarorszag.com\/#website\",\"url\":\"https:\/\/erkadomagyarorszag.com\/\",\"name\":\"Erkado Magyarorsz\u00e1g\",\"description\":\"Erkado Magyarorsz\u00e1g\",\"publisher\":{\"@id\":\"https:\/\/erkadomagyarorszag.com\/#organization\"},\"potentialAction\":[{\"@type\":\"SearchAction\",\"target\":{\"@type\":\"EntryPoint\",\"urlTemplate\":\"https:\/\/erkadomagyarorszag.com\/?s={search_term_string}\"},\"query-input\":{\"@type\":\"PropertyValueSpecification\",\"valueRequired\":true,\"valueName\":\"search_term_string\"}}],\"inLanguage\":\"en-GB\"},{\"@type\":\"Organization\",\"@id\":\"https:\/\/erkadomagyarorszag.com\/#organization\",\"name\":\"Erkado Magyarorsz\u00e1g\",\"url\":\"https:\/\/erkadomagyarorszag.com\/\",\"logo\":{\"@type\":\"ImageObject\",\"inLanguage\":\"en-GB\",\"@id\":\"https:\/\/erkadomagyarorszag.com\/#\/schema\/logo\/image\/\",\"url\":\"https:\/\/erkadomagyarorszag.com\/wp-content\/uploads\/Group-24.jpg\",\"contentUrl\":\"https:\/\/erkadomagyarorszag.com\/wp-content\/uploads\/Group-24.jpg\",\"width\":221,\"height\":221,\"caption\":\"Erkado Magyarorsz\u00e1g\"},\"image\":{\"@id\":\"https:\/\/erkadomagyarorszag.com\/#\/schema\/logo\/image\/\"}}]}<\/script>\n<meta property=\"og:availability\" content=\"instock\" \/>\n<meta property=\"product:availability\" content=\"instock\" \/>\n<meta property=\"product:retailer_item_id\" content=\"FRE-2\" \/>\n<meta property=\"product:condition\" content=\"new\" \/>\n<!-- \/ Yoast SEO Premium plugin. -->","yoast_head_json":{"title":"FREZJA 2 - Erkado Magyarorsz\u00e1g","robots":{"index":"index","follow":"follow","max-snippet":"max-snippet:-1","max-image-preview":"max-image-preview:large","max-video-preview":"max-video-preview:-1"},"canonical":"https:\/\/erkadomagyarorszag.com\/en\/product\/frezja-2\/","og_locale":"en_GB","og_type":"article","og_title":"FREZJA 2","og_description":"SZERKEZET \u2022 STILE kerettechnol\u00f3gi\u00e1val gy\u00e1rtott falcos vagy falc n\u00e9lk\u00fcli ajt\u00f3sz\u00e1rny \u2022 f\u00fcgg\u0151leges \u00e9s v\u00edzszintes MDF l\u00e9cek GREKO, PREMIUM, ST CP L vagy ST CPL furn\u00e9rral, AntiFinger bevonattal \u2022 lamin\u00e1lt f\u00e1b\u00f3l k\u00e9sz\u00fclt f\u00fcgg\u0151leges keretelemek, HDF \u00e9s MDF lapokkal bor\u00edtva 6) \u2022 16 mm vastag HDF panelek (a FREZJA 2 \u00e9s 6 t\u00edpusn\u00e1l 4 mm-es bet\u00e9t is) ... Read more","og_url":"https:\/\/erkadomagyarorszag.com\/en\/product\/frezja-2\/","og_site_name":"Erkado Magyarorsz\u00e1g","article_modified_time":"2025-09-17T08:29:52+00:00","og_image":[{"width":463,"height":1024,"url":"https:\/\/erkadomagyarorszag.com\/wp-content\/uploads\/frezja-2-tolgy-premium.webp","type":"image\/webp"}],"twitter_card":"summary_large_image","twitter_misc":{"Availability":"In stock"},"schema":{"@context":"https:\/\/schema.org","@graph":[{"@type":"WebPage","@id":"https:\/\/erkadomagyarorszag.com\/termek\/frezja-2\/","url":"https:\/\/erkadomagyarorszag.com\/termek\/frezja-2\/","name":"FREZJA 2 - Erkado Magyarorsz\u00e1g","isPartOf":{"@id":"https:\/\/erkadomagyarorszag.com\/#website"},"primaryImageOfPage":{"@id":"https:\/\/erkadomagyarorszag.com\/termek\/frezja-2\/#primaryimage"},"image":{"@id":"https:\/\/erkadomagyarorszag.com\/termek\/frezja-2\/#primaryimage"},"thumbnailUrl":"https:\/\/erkadomagyarorszag.com\/wp-content\/uploads\/frezja-2-tolgy-premium.webp","datePublished":"2025-08-28T12:45:03+00:00","dateModified":"2025-09-17T08:29:52+00:00","breadcrumb":{"@id":"https:\/\/erkadomagyarorszag.com\/termek\/frezja-2\/#breadcrumb"},"inLanguage":"en-GB","potentialAction":[{"@type":"ReadAction","target":["https:\/\/erkadomagyarorszag.com\/termek\/frezja-2\/"]}]},{"@type":"ImageObject","inLanguage":"en-GB","@id":"https:\/\/erkadomagyarorszag.com\/termek\/frezja-2\/#primaryimage","url":"https:\/\/erkadomagyarorszag.com\/wp-content\/uploads\/frezja-2-tolgy-premium.webp","contentUrl":"https:\/\/erkadomagyarorszag.com\/wp-content\/uploads\/frezja-2-tolgy-premium.webp","width":463,"height":1024,"caption":"frezja-2-tolgy-premium"},{"@type":"BreadcrumbList","@id":"https:\/\/erkadomagyarorszag.com\/termek\/frezja-2\/#breadcrumb","itemListElement":[{"@type":"ListItem","position":1,"name":"Kezd\u0151lap","item":"https:\/\/erkadomagyarorszag.com\/"},{"@type":"ListItem","position":2,"name":"Shop","item":"https:\/\/erkadomagyarorszag.com\/uzlet\/"},{"@type":"ListItem","position":3,"name":"FREZJA 2"}]},{"@type":"WebSite","@id":"https:\/\/erkadomagyarorszag.com\/#website","url":"https:\/\/erkadomagyarorszag.com\/","name":"Home - Erkado Hungary","description":"Home - Erkado Hungary","publisher":{"@id":"https:\/\/erkadomagyarorszag.com\/#organization"},"potentialAction":[{"@type":"SearchAction","target":{"@type":"EntryPoint","urlTemplate":"https:\/\/erkadomagyarorszag.com\/?s={search_term_string}"},"query-input":{"@type":"PropertyValueSpecification","valueRequired":true,"valueName":"search_term_string"}}],"inLanguage":"en-GB"},{"@type":"Organization","@id":"https:\/\/erkadomagyarorszag.com\/#organization","name":"Home - Erkado Hungary","url":"https:\/\/erkadomagyarorszag.com\/","logo":{"@type":"ImageObject","inLanguage":"en-GB","@id":"https:\/\/erkadomagyarorszag.com\/#\/schema\/logo\/image\/","url":"https:\/\/erkadomagyarorszag.com\/wp-content\/uploads\/Group-24.jpg","contentUrl":"https:\/\/erkadomagyarorszag.com\/wp-content\/uploads\/Group-24.jpg","width":221,"height":221,"caption":"Erkado Magyarorsz\u00e1g"},"image":{"@id":"https:\/\/erkadomagyarorszag.com\/#\/schema\/logo\/image\/"}}]},"og_availability":"instock","product_availability":"instock","product_retailer_item_id":"FRE-2","product_condition":"new"},"_links":{"self":[{"href":"https:\/\/erkadomagyarorszag.com\/en\/wp-json\/wp\/v2\/product\/14994","targetHints":{"allow":["GET"]}}],"collection":[{"href":"https:\/\/erkadomagyarorszag.com\/en\/wp-json\/wp\/v2\/product"}],"about":[{"href":"https:\/\/erkadomagyarorszag.com\/en\/wp-json\/wp\/v2\/types\/product"}],"replies":[{"embeddable":true,"href":"https:\/\/erkadomagyarorszag.com\/en\/wp-json\/wp\/v2\/comments?post=14994"}],"version-history":[{"count":3,"href":"https:\/\/erkadomagyarorszag.com\/en\/wp-json\/wp\/v2\/product\/14994\/revisions"}],"predecessor-version":[{"id":38469,"href":"https:\/\/erkadomagyarorszag.com\/en\/wp-json\/wp\/v2\/product\/14994\/revisions\/38469"}],"wp:featuredmedia":[{"embeddable":true,"href":"https:\/\/erkadomagyarorszag.com\/en\/wp-json\/wp\/v2\/media\/8401"}],"wp:attachment":[{"href":"https:\/\/erkadomagyarorszag.com\/en\/wp-json\/wp\/v2\/media?parent=14994"}],"wp:term":[{"taxonomy":"product_brand","embeddable":true,"href":"https:\/\/erkadomagyarorszag.com\/en\/wp-json\/wp\/v2\/product_brand?post=14994"},{"taxonomy":"product_cat","embeddable":true,"href":"https:\/\/erkadomagyarorszag.com\/en\/wp-json\/wp\/v2\/product_cat?post=14994"},{"taxonomy":"product_tag","embeddable":true,"href":"https:\/\/erkadomagyarorszag.com\/en\/wp-json\/wp\/v2\/product_tag?post=14994"}],"curies":[{"name":"wp","href":"https:\/\/api.w.org\/{rel}","templated":true}]}}