{"id":15446,"date":"2025-08-28T12:45:55","date_gmt":"2025-08-28T12:45:55","guid":{"rendered":"https:\/\/erkadomagyarorszag.com\/termek\/baldur-9\/"},"modified":"2026-01-05T13:22:36","modified_gmt":"2026-01-05T11:22:36","slug":"baldur-9","status":"publish","type":"product","link":"https:\/\/erkadomagyarorszag.com\/en\/product\/baldur-9\/","title":{"rendered":"BALDUR 9"},"content":{"rendered":"<p class=\"translation-block\"><span><strong>STRUCTURE<\/strong><br>\n\u2022 rebated, inverted or non-rebated door leaf<br>\n\u2022 inner MDF frame covered with two HDF sheets<br>\n\u2022 optional, at extra cost, inner wooden frame (sides and top, bottom MDF), covered with two HDF sheets<br>\n\n\u2022 stabilizing filling is \u201choneycomb grid\u201d or at extra cost full<br>\nsheet<br>\n\u2022 optional, at extra cost door frame widening panels, as well as crown molding and<br>\npilasters p. 151-153.<\/span><\/p>\n<p class=\"translation-block\"><strong>DESIGN<\/strong><br>\n\u2022 HDF board covered with PREMIUM or CPL foil<br>\n\u2022 the edges of the door leaf are made with standard rebated or non-rebated technology<br>\nIn the case of CPL 0.2 laminate, glued with ABS edge, only in the color of the door leaf or<br>\nstandard black side panel for an additional charge<br>\n\u2022 reversed door leaf only with STANDARD edge and PREMIUM and ST CPL decor<br>\n\u2022 the edge of the door leaf is in the color of the surface or optionally in plain black (in the<br>\nCROSS-GRILLED NATURAL OAK PREMIUM VERSION the edge of the door leaf is black<br>\ncross-grained) In the case of black color, the edges are glued along the edge (two vertical and upper),<br>\nas well as at the glass.<br>\n\u2022 The rebated and non-rebated BALDUR 1 door leaf is only made with WHITE ST CPL decor<br>\noptionally with soft technology (the longitudinal joining edge of the films is not visible), which requires the use of a full sheet at an additional cost. The soft technology is not included in the PL2112 standard. \u2022 the lower part of the BALDUR 1 sliding door systems has a visible 17 mm aluminum or black profile<\/p>\n<p class=\"translation-block\"><strong>HARDWARE<\/strong><br>\n\u2022 three roll-up pin hinges in the rebated door leaf<br>\n\u2022 three concealed hinges in the non-rebated door leaf and two silver-coloured (optionally<br>\nfor an additional charge<br>\nblack) hinges (third for an additional charge) in the reversed door leaf;<br>\nthe hinge is delivered and priced with the door frame<br>\n\u2022 deadbolt lock in the rebated door leaf, magnetic lock in the non-rebated door leaf (optionally<br>\ndeadbolt lock): with key lock, lock insert, secondary lock or bathroom lock mechanism<br>\nin silver; optionally black or gold magnetic lock for an additional charge<br>\n\u2022 magnetic lock in the reversed door leaf: with key lock, lock insert, secondary lock or<br>\nwith bathroom lock mechanism in silver; optionally available for an additional charge, black or<br>\ngold magnetic lock<\/p>\n<p class=\"translation-block\"><strong>GLAZING<\/strong><br>\n\u2022 BALDUR 1, 3 tempered milky white 8 mm glass or glued and tempered at an additional cost<br>\nVSG\/ESG 441 safety glass, smooth on both sides in milky white or black<br>\nglass<br>\n\u2022 BALDUR 9 NEW glass, 4 mm thick, black, flush with the door leaf surface on both sides<br>\n\n\u2022 visual width of the glass: BALDUR 1 and 9 50 mm, BALDUR 3 210 mm EXTRA OPTIONS AT AN EXTRA CHARGE<br>\nreversed door leaf (not available with SOFT edge for CPL 0.2 and BALDUR 1)<br>\nfull panel filling<br>\nrecuperation gap standard or mini, ventilation undercut standard or mini (p. 149)<br>\n\u201c100\u201d size rebated and non-rebated door leaf<br>\nVSG\/ESG 441 frosted glass or black glass<br>\nmetal hinge cover in the rebated door leaf (brushed nickel, patina, polished<br>\nchrome, polished brass, white and black);<br>\ndoor leaf edge design black<br>\nreplacement for black magnetic lock for non-rebated and reversed door leaves<br>\nreplacement of the lock for black lock for rebated door leaf 9).<br>\nreplacement of the hinges for black hinges for rebated door leaf 9).<br>\nreplacement for black or gold hinges and closing plate for non-rebated door leaf<br>\nmagnetic limiter (stop)<br>\n(available in six colors p. 149)<br>\ninternal wooden frame (side and top, bottom MDF)<br>\nPL2112 standard +15% to the price of the leaf before surcharge<\/p>","protected":false},"excerpt":{"rendered":"<p>SZERKEZET \u2022 falcos, ford\u00edtott vagy falc n\u00e9lk\u00fcli ajt\u00f3sz\u00e1rny \u2022 bels\u0151 MDF keret k\u00e9t HDF lemezzel bor\u00edtva \u2022 opcion\u00e1lis, fel\u00e1r ellen\u00e9ben, bels\u0151 fa keret (oldalak \u00e9s fels\u0151, als\u00f3 MDF), k\u00e9t HDF lappal bor\u00edtva \u2022 a stabiliz\u00e1l\u00f3 kit\u00f6lt\u00e9s \u201em\u00e9hsejtr\u00e1cs\u201d vagy fel\u00e1r ellen\u00e9ben teljes lemez \u2022 opcion\u00e1lisan fel\u00e1r ellen\u00e9ben ajt\u00f3tok-sz\u00e9les\u00edt\u0151 panelek, valamint korona d\u00edszl\u00e9c \u00e9s pilaszterek 151-153. o. &#8230; <a title=\"BALDUR 9\" class=\"read-more\" href=\"https:\/\/erkadomagyarorszag.com\/en\/product\/baldur-9\/\" aria-label=\"Read more about BALDUR 9\">Read more<\/a><\/p>","protected":false},"featured_media":8631,"comment_status":"closed","ping_status":"closed","template":"","meta":[],"product_brand":[91],"product_cat":[17,40,444],"product_tag":[190],"class_list":{"0":"post-15446","1":"product","2":"type-product","3":"status-publish","4":"has-post-thumbnail","6":"product_brand-baldur","7":"product_cat-belteri-ajtok","8":"product_cat-lemezelt-ajtok","9":"product_cat-lakkozott-ajtok","10":"product_tag-belteri-ajtoerkadobaldur-9","12":"first","13":"instock","14":"purchasable","15":"product-type-variable"},"yoast_head":"<!-- This site is optimized with the Yoast SEO Premium plugin v26.2 (Yoast SEO v26.6) - https:\/\/yoast.com\/wordpress\/plugins\/seo\/ -->\n<title>BALDUR 9 - Erkado Magyarorsz\u00e1g<\/title>\n<meta name=\"robots\" content=\"index, follow, max-snippet:-1, max-image-preview:large, max-video-preview:-1\" \/>\n<link rel=\"canonical\" href=\"https:\/\/erkadomagyarorszag.com\/en\/product\/baldur-9\/\" \/>\n<meta property=\"og:locale\" content=\"en_GB\" \/>\n<meta property=\"og:type\" content=\"article\" \/>\n<meta property=\"og:title\" content=\"BALDUR 9\" \/>\n<meta property=\"og:description\" content=\"SZERKEZET \u2022 falcos, ford\u00edtott vagy falc n\u00e9lk\u00fcli ajt\u00f3sz\u00e1rny \u2022 bels\u0151 MDF keret k\u00e9t HDF lemezzel bor\u00edtva \u2022 opcion\u00e1lis, fel\u00e1r ellen\u00e9ben, bels\u0151 fa keret (oldalak \u00e9s fels\u0151, als\u00f3 MDF), k\u00e9t HDF lappal bor\u00edtva \u2022 a stabiliz\u00e1l\u00f3 kit\u00f6lt\u00e9s \u201em\u00e9hsejtr\u00e1cs\u201d vagy fel\u00e1r ellen\u00e9ben teljes lemez \u2022 opcion\u00e1lisan fel\u00e1r ellen\u00e9ben ajt\u00f3tok-sz\u00e9les\u00edt\u0151 panelek, valamint korona d\u00edszl\u00e9c \u00e9s pilaszterek 151-153. o. ... Read more\" \/>\n<meta property=\"og:url\" content=\"https:\/\/erkadomagyarorszag.com\/en\/product\/baldur-9\/\" \/>\n<meta property=\"og:site_name\" content=\"Erkado Magyarorsz\u00e1g\" \/>\n<meta property=\"article:modified_time\" content=\"2026-01-05T11:22:36+00:00\" \/>\n<meta property=\"og:image\" content=\"https:\/\/erkadomagyarorszag.com\/wp-content\/uploads\/baldur-1-tolgy-retro-cpl-02-es-07.webp\" \/>\n\t<meta property=\"og:image:width\" content=\"478\" \/>\n\t<meta property=\"og:image:height\" content=\"1024\" \/>\n\t<meta property=\"og:image:type\" content=\"image\/webp\" \/>\n<meta name=\"twitter:card\" content=\"summary_large_image\" \/>\n<meta name=\"twitter:label1\" content=\"Availability\" \/>\n\t<meta name=\"twitter:data1\" content=\"In stock\" \/>\n<script type=\"application\/ld+json\" class=\"yoast-schema-graph\">{\"@context\":\"https:\/\/schema.org\",\"@graph\":[{\"@type\":\"WebPage\",\"@id\":\"https:\/\/erkadomagyarorszag.com\/termek\/baldur-9\/\",\"url\":\"https:\/\/erkadomagyarorszag.com\/termek\/baldur-9\/\",\"name\":\"BALDUR 9 - Erkado Magyarorsz\u00e1g\",\"isPartOf\":{\"@id\":\"https:\/\/erkadomagyarorszag.com\/#website\"},\"primaryImageOfPage\":{\"@id\":\"https:\/\/erkadomagyarorszag.com\/termek\/baldur-9\/#primaryimage\"},\"image\":{\"@id\":\"https:\/\/erkadomagyarorszag.com\/termek\/baldur-9\/#primaryimage\"},\"thumbnailUrl\":\"https:\/\/erkadomagyarorszag.com\/wp-content\/uploads\/baldur-1-tolgy-retro-cpl-02-es-07.webp\",\"datePublished\":\"2025-08-28T12:45:55+00:00\",\"dateModified\":\"2026-01-05T11:22:36+00:00\",\"breadcrumb\":{\"@id\":\"https:\/\/erkadomagyarorszag.com\/termek\/baldur-9\/#breadcrumb\"},\"inLanguage\":\"en-GB\",\"potentialAction\":[{\"@type\":\"ReadAction\",\"target\":[\"https:\/\/erkadomagyarorszag.com\/termek\/baldur-9\/\"]}]},{\"@type\":\"ImageObject\",\"inLanguage\":\"en-GB\",\"@id\":\"https:\/\/erkadomagyarorszag.com\/termek\/baldur-9\/#primaryimage\",\"url\":\"https:\/\/erkadomagyarorszag.com\/wp-content\/uploads\/baldur-1-tolgy-retro-cpl-02-es-07.webp\",\"contentUrl\":\"https:\/\/erkadomagyarorszag.com\/wp-content\/uploads\/baldur-1-tolgy-retro-cpl-02-es-07.webp\",\"width\":478,\"height\":1024,\"caption\":\"baldur-1-tolgy-retro-cpl-0,2-es-0,7\"},{\"@type\":\"BreadcrumbList\",\"@id\":\"https:\/\/erkadomagyarorszag.com\/termek\/baldur-9\/#breadcrumb\",\"itemListElement\":[{\"@type\":\"ListItem\",\"position\":1,\"name\":\"Kezd\u0151lap\",\"item\":\"https:\/\/erkadomagyarorszag.com\/\"},{\"@type\":\"ListItem\",\"position\":2,\"name\":\"Shop\",\"item\":\"https:\/\/erkadomagyarorszag.com\/uzlet\/\"},{\"@type\":\"ListItem\",\"position\":3,\"name\":\"BALDUR 9\"}]},{\"@type\":\"WebSite\",\"@id\":\"https:\/\/erkadomagyarorszag.com\/#website\",\"url\":\"https:\/\/erkadomagyarorszag.com\/\",\"name\":\"Erkado Magyarorsz\u00e1g\",\"description\":\"Erkado Magyarorsz\u00e1g\",\"publisher\":{\"@id\":\"https:\/\/erkadomagyarorszag.com\/#organization\"},\"potentialAction\":[{\"@type\":\"SearchAction\",\"target\":{\"@type\":\"EntryPoint\",\"urlTemplate\":\"https:\/\/erkadomagyarorszag.com\/?s={search_term_string}\"},\"query-input\":{\"@type\":\"PropertyValueSpecification\",\"valueRequired\":true,\"valueName\":\"search_term_string\"}}],\"inLanguage\":\"en-GB\"},{\"@type\":\"Organization\",\"@id\":\"https:\/\/erkadomagyarorszag.com\/#organization\",\"name\":\"Erkado Magyarorsz\u00e1g\",\"url\":\"https:\/\/erkadomagyarorszag.com\/\",\"logo\":{\"@type\":\"ImageObject\",\"inLanguage\":\"en-GB\",\"@id\":\"https:\/\/erkadomagyarorszag.com\/#\/schema\/logo\/image\/\",\"url\":\"https:\/\/erkadomagyarorszag.com\/wp-content\/uploads\/Group-24.jpg\",\"contentUrl\":\"https:\/\/erkadomagyarorszag.com\/wp-content\/uploads\/Group-24.jpg\",\"width\":221,\"height\":221,\"caption\":\"Erkado Magyarorsz\u00e1g\"},\"image\":{\"@id\":\"https:\/\/erkadomagyarorszag.com\/#\/schema\/logo\/image\/\"}}]}<\/script>\n<meta property=\"og:availability\" content=\"instock\" \/>\n<meta property=\"product:availability\" content=\"instock\" \/>\n<meta property=\"product:retailer_item_id\" content=\"BAL-9\" \/>\n<meta property=\"product:condition\" content=\"new\" \/>\n<!-- \/ Yoast SEO Premium plugin. -->","yoast_head_json":{"title":"BALDUR 9 - Erkado Magyarorsz\u00e1g","robots":{"index":"index","follow":"follow","max-snippet":"max-snippet:-1","max-image-preview":"max-image-preview:large","max-video-preview":"max-video-preview:-1"},"canonical":"https:\/\/erkadomagyarorszag.com\/en\/product\/baldur-9\/","og_locale":"en_GB","og_type":"article","og_title":"BALDUR 9","og_description":"SZERKEZET \u2022 falcos, ford\u00edtott vagy falc n\u00e9lk\u00fcli ajt\u00f3sz\u00e1rny \u2022 bels\u0151 MDF keret k\u00e9t HDF lemezzel bor\u00edtva \u2022 opcion\u00e1lis, fel\u00e1r ellen\u00e9ben, bels\u0151 fa keret (oldalak \u00e9s fels\u0151, als\u00f3 MDF), k\u00e9t HDF lappal bor\u00edtva \u2022 a stabiliz\u00e1l\u00f3 kit\u00f6lt\u00e9s \u201em\u00e9hsejtr\u00e1cs\u201d vagy fel\u00e1r ellen\u00e9ben teljes lemez \u2022 opcion\u00e1lisan fel\u00e1r ellen\u00e9ben ajt\u00f3tok-sz\u00e9les\u00edt\u0151 panelek, valamint korona d\u00edszl\u00e9c \u00e9s pilaszterek 151-153. o. ... Read more","og_url":"https:\/\/erkadomagyarorszag.com\/en\/product\/baldur-9\/","og_site_name":"Erkado Magyarorsz\u00e1g","article_modified_time":"2026-01-05T11:22:36+00:00","og_image":[{"width":478,"height":1024,"url":"https:\/\/erkadomagyarorszag.com\/wp-content\/uploads\/baldur-1-tolgy-retro-cpl-02-es-07.webp","type":"image\/webp"}],"twitter_card":"summary_large_image","twitter_misc":{"Availability":"In stock"},"schema":{"@context":"https:\/\/schema.org","@graph":[{"@type":"WebPage","@id":"https:\/\/erkadomagyarorszag.com\/termek\/baldur-9\/","url":"https:\/\/erkadomagyarorszag.com\/termek\/baldur-9\/","name":"BALDUR 9 - Erkado Magyarorsz\u00e1g","isPartOf":{"@id":"https:\/\/erkadomagyarorszag.com\/#website"},"primaryImageOfPage":{"@id":"https:\/\/erkadomagyarorszag.com\/termek\/baldur-9\/#primaryimage"},"image":{"@id":"https:\/\/erkadomagyarorszag.com\/termek\/baldur-9\/#primaryimage"},"thumbnailUrl":"https:\/\/erkadomagyarorszag.com\/wp-content\/uploads\/baldur-1-tolgy-retro-cpl-02-es-07.webp","datePublished":"2025-08-28T12:45:55+00:00","dateModified":"2026-01-05T11:22:36+00:00","breadcrumb":{"@id":"https:\/\/erkadomagyarorszag.com\/termek\/baldur-9\/#breadcrumb"},"inLanguage":"en-GB","potentialAction":[{"@type":"ReadAction","target":["https:\/\/erkadomagyarorszag.com\/termek\/baldur-9\/"]}]},{"@type":"ImageObject","inLanguage":"en-GB","@id":"https:\/\/erkadomagyarorszag.com\/termek\/baldur-9\/#primaryimage","url":"https:\/\/erkadomagyarorszag.com\/wp-content\/uploads\/baldur-1-tolgy-retro-cpl-02-es-07.webp","contentUrl":"https:\/\/erkadomagyarorszag.com\/wp-content\/uploads\/baldur-1-tolgy-retro-cpl-02-es-07.webp","width":478,"height":1024,"caption":"baldur-1-tolgy-retro-cpl-0,2-es-0,7"},{"@type":"BreadcrumbList","@id":"https:\/\/erkadomagyarorszag.com\/termek\/baldur-9\/#breadcrumb","itemListElement":[{"@type":"ListItem","position":1,"name":"Kezd\u0151lap","item":"https:\/\/erkadomagyarorszag.com\/"},{"@type":"ListItem","position":2,"name":"Shop","item":"https:\/\/erkadomagyarorszag.com\/uzlet\/"},{"@type":"ListItem","position":3,"name":"BALDUR 9"}]},{"@type":"WebSite","@id":"https:\/\/erkadomagyarorszag.com\/#website","url":"https:\/\/erkadomagyarorszag.com\/","name":"Home - Erkado Hungary","description":"Home - Erkado Hungary","publisher":{"@id":"https:\/\/erkadomagyarorszag.com\/#organization"},"potentialAction":[{"@type":"SearchAction","target":{"@type":"EntryPoint","urlTemplate":"https:\/\/erkadomagyarorszag.com\/?s={search_term_string}"},"query-input":{"@type":"PropertyValueSpecification","valueRequired":true,"valueName":"search_term_string"}}],"inLanguage":"en-GB"},{"@type":"Organization","@id":"https:\/\/erkadomagyarorszag.com\/#organization","name":"Home - Erkado Hungary","url":"https:\/\/erkadomagyarorszag.com\/","logo":{"@type":"ImageObject","inLanguage":"en-GB","@id":"https:\/\/erkadomagyarorszag.com\/#\/schema\/logo\/image\/","url":"https:\/\/erkadomagyarorszag.com\/wp-content\/uploads\/Group-24.jpg","contentUrl":"https:\/\/erkadomagyarorszag.com\/wp-content\/uploads\/Group-24.jpg","width":221,"height":221,"caption":"Erkado Magyarorsz\u00e1g"},"image":{"@id":"https:\/\/erkadomagyarorszag.com\/#\/schema\/logo\/image\/"}}]},"og_availability":"instock","product_availability":"instock","product_retailer_item_id":"BAL-9","product_condition":"new"},"_links":{"self":[{"href":"https:\/\/erkadomagyarorszag.com\/en\/wp-json\/wp\/v2\/product\/15446","targetHints":{"allow":["GET"]}}],"collection":[{"href":"https:\/\/erkadomagyarorszag.com\/en\/wp-json\/wp\/v2\/product"}],"about":[{"href":"https:\/\/erkadomagyarorszag.com\/en\/wp-json\/wp\/v2\/types\/product"}],"replies":[{"embeddable":true,"href":"https:\/\/erkadomagyarorszag.com\/en\/wp-json\/wp\/v2\/comments?post=15446"}],"version-history":[{"count":2,"href":"https:\/\/erkadomagyarorszag.com\/en\/wp-json\/wp\/v2\/product\/15446\/revisions"}],"predecessor-version":[{"id":22048,"href":"https:\/\/erkadomagyarorszag.com\/en\/wp-json\/wp\/v2\/product\/15446\/revisions\/22048"}],"wp:featuredmedia":[{"embeddable":true,"href":"https:\/\/erkadomagyarorszag.com\/en\/wp-json\/wp\/v2\/media\/8631"}],"wp:attachment":[{"href":"https:\/\/erkadomagyarorszag.com\/en\/wp-json\/wp\/v2\/media?parent=15446"}],"wp:term":[{"taxonomy":"product_brand","embeddable":true,"href":"https:\/\/erkadomagyarorszag.com\/en\/wp-json\/wp\/v2\/product_brand?post=15446"},{"taxonomy":"product_cat","embeddable":true,"href":"https:\/\/erkadomagyarorszag.com\/en\/wp-json\/wp\/v2\/product_cat?post=15446"},{"taxonomy":"product_tag","embeddable":true,"href":"https:\/\/erkadomagyarorszag.com\/en\/wp-json\/wp\/v2\/product_tag?post=15446"}],"curies":[{"name":"wp","href":"https:\/\/api.w.org\/{rel}","templated":true}]}}