{"id":27995,"date":"2025-09-02T12:29:00","date_gmt":"2025-09-02T12:29:00","guid":{"rendered":"https:\/\/erkadomagyarorszag.com\/termek\/epimedium-3\/"},"modified":"2025-09-25T14:55:07","modified_gmt":"2025-09-25T12:55:07","slug":"epimedium-3","status":"publish","type":"product","link":"https:\/\/erkadomagyarorszag.com\/en\/product\/epimedium-3\/","title":{"rendered":"EPIMEDIUM 3"},"content":{"rendered":"<p class=\"translation-block\"><strong>STRUCTURE<\/strong><br>\n\u2022 Rebated or non-rebated door leaf manufactured using STILE frame technology<br>\n\u2022 vertical and horizontal MDF slats with GREKO, PREMIUM, ST CP L or ST CPL veneer,<br>\nAntiFinger coating<br>\n\u2022 vertical frame elements made of laminated wood, covered with HDF and MDF boards 4)<br>\n\u2022 Insert made of 4mm thick HDF board covered with GREKO, CPL or PREMIUM foil<br>\n\u2022 thin, elongated crossbar 22 mm thick<br>\n\u2022 optional door frame widening panels, as well as crown molding and<br>\npilasters at an additional cost, p. 151-153.<br>\n\u2022 the door leaf can be shortened independently, details on page 149.<\/p>\n<p class=\"translation-block\"><strong>HARDWARE<\/strong><br>\n\u2022 three, 2-pin silver hinges in the rebated door leaf with horizontal adjustment<br>\n\u2022 three, silver-colored (optionally black at an additional cost) concealed hinges in the non-rebated door leaf; the hinges are delivered and priced with the door frame<br>\n\u2022 latch lock in the rebated door leaf, key lock, lock insert, keyless or bathroom lock mechanism locking magnetic lock<br>\n(optionally latch lock) in silver; optional black or gold<br>\nmagnetic lock at an additional cost<\/p>\n<p class=\"translation-block\"><strong>GLAZING<\/strong><br>\n\u2022 4 mm tempered clear or frosted glass as standard, or VSG 221 frosted safety glass or black glass with a smooth surface glued on both sides for an additional charge<br>\n\u2022 the glazing can be reversed to REWERS type (standard glazing: AWERS)<br>\n\u2022 variable glass width depending on the width of the door leaf.<\/p>\n<p class=\"translation-block\"><strong>NOTE<\/strong><br>\nThe image shows a door with a leaf width of 80. In other widths, there are significant differences in the proportions of the glass to the vertical crossbars, which can be decisive for product selection.<\/p>\n<p class=\"translation-block\"><strong>EXTRAS AT A CHARGE<\/strong><br>\nfactory drilling for door handles with (so-called split) wings, in case of ordering in sets<br>\n<br>\nstandard or mini recuperation gap, standard or mini ventilation undercut (p. 149)<br>\nwood-imitation plastic vents (4 pcs.)<br>\nround and square metal vents (4 pcs.); surface: brushed nickel, patina,<br>\nwhite and black<br>\nventilation grille (only for the following door leaf widths: 80, 90, 100)<br>\nrebated and non-rebated door leaf in size \"100\"<br>\nVSG 221 laminated safety glass, smooth on both sides<br>\nmetal hinge cover in the rebated door leaf (colour: brushed nickel, patina,<br>\npolished chrome, polished brass, white and black);<br>\nautomatic threshold 2)<br>\nreplacement for black or gold magnetic lock for non-rebated door leaves<br>\nreplacement of the lock for black lock for rebated door leaf 7).<br>\nreplacement of the hinges for black hinges for rebated door leaf 7).<br>\nreplacement for black or gold hinges and strike plate for non-rebated door leaf in case of<br>\nmagnetic limiter (stop) 2)<br>\n(available in six colours p. 149)<br>\nvertical frame elements made of glued wood 4)<\/p>","protected":false},"excerpt":{"rendered":"<p>SZERKEZET \u2022 STILE kerettechnol\u00f3gi\u00e1val gy\u00e1rtott falcos vagy falc n\u00e9lk\u00fcli ajt\u00f3sz\u00e1rny \u2022 f\u00fcgg\u0151leges \u00e9s v\u00edzszintes MDF l\u00e9cek GREKO, PREMIUM, ST CP L vagy ST CPL furn\u00e9rral, AntiFinger bevonattal \u2022 lamin\u00e1lt f\u00e1b\u00f3l k\u00e9sz\u00fclt f\u00fcgg\u0151leges keretelemek, HDF \u00e9s MDF lapokkal bor\u00edtva 4) \u2022 4mm vastag HDF lapb\u00f3l k\u00e9sz\u00fclt GREKO, CPL vagy PREMIUM f\u00f3li\u00e1val bor\u00edtott bet\u00e9t \u2022 v\u00e9kony, hossz\u00fak\u00e1s &#8230; <a title=\"EPIMEDIUM 3\" class=\"read-more\" href=\"https:\/\/erkadomagyarorszag.com\/en\/product\/epimedium-3\/\" aria-label=\"Read more about EPIMEDIUM 3\">Read more<\/a><\/p>","protected":false},"featured_media":26692,"comment_status":"closed","ping_status":"closed","template":"","meta":[],"product_brand":[299],"product_cat":[17,82],"product_tag":[302],"class_list":{"0":"post-27995","1":"product","2":"type-product","3":"status-publish","4":"has-post-thumbnail","6":"product_brand-epimedium","7":"product_cat-belteri-ajtok","8":"product_cat-stile-keretes-ajtok","9":"product_tag-belteri-ajtoerkadoepimedium-3-80-as-meret","10":"pa_valaszthato-szinek-antracit-st-cpl","11":"pa_valaszthato-szinek-arany-tolgy-greko","12":"pa_valaszthato-szinek-cappucino-st-cpl","13":"pa_valaszthato-szinek-dio-classic-premium","14":"pa_valaszthato-szinek-dio-greko","15":"pa_valaszthato-szinek-feher-greko","16":"pa_valaszthato-szinek-feher-kereg-premium","17":"pa_valaszthato-szinek-feher-premium","18":"pa_valaszthato-szinek-fekete-st-cpl","19":"pa_valaszthato-szinek-hamuszurke-st-cpl","20":"pa_valaszthato-szinek-hofeher-greko","21":"pa_valaszthato-szinek-koris-grafit-premium","22":"pa_valaszthato-szinek-koszurke-st-cpl","23":"pa_valaszthato-szinek-kozep-tolgy-greko","24":"pa_valaszthato-szinek-sonoma-greko","25":"pa_valaszthato-szinek-sotetzold-st-cpl","26":"pa_valaszthato-szinek-szurke-juhar-premium","27":"pa_valaszthato-szinek-szurke-tolgy-greko","28":"pa_valaszthato-szinek-szurke-tolgy-st-cpl","29":"pa_valaszthato-szinek-tolgy-greko","30":"pa_valaszthato-szinek-tolgy-natur-premium","31":"pa_valaszthato-szinek-tolgy-premium","32":"pa_valaszthato-szinek-tolgy-st-cpl","33":"pa_valaszthato-szinek-vilagosszurke-st-cpl","34":"pa_valaszthato-szinek-wenge-dark-st-cpl","35":"pa_valaszthato-szinek-zsalya-st-cpl","36":"pa_valaszthato-szinek-feher-st-cpl","38":"first","39":"instock","40":"purchasable","41":"product-type-variable","42":"has-default-attributes"},"yoast_head":"<!-- This site is optimized with the Yoast SEO Premium plugin v26.2 (Yoast SEO v26.6) - https:\/\/yoast.com\/wordpress\/plugins\/seo\/ -->\n<title>EPIMEDIUM 3 - Erkado Magyarorsz\u00e1g<\/title>\n<meta name=\"robots\" content=\"index, follow, max-snippet:-1, max-image-preview:large, max-video-preview:-1\" \/>\n<link rel=\"canonical\" href=\"https:\/\/erkadomagyarorszag.com\/en\/product\/epimedium-3\/\" \/>\n<meta property=\"og:locale\" content=\"en_GB\" \/>\n<meta property=\"og:type\" content=\"article\" \/>\n<meta property=\"og:title\" content=\"EPIMEDIUM 3\" \/>\n<meta property=\"og:description\" content=\"SZERKEZET \u2022 STILE kerettechnol\u00f3gi\u00e1val gy\u00e1rtott falcos vagy falc n\u00e9lk\u00fcli ajt\u00f3sz\u00e1rny \u2022 f\u00fcgg\u0151leges \u00e9s v\u00edzszintes MDF l\u00e9cek GREKO, PREMIUM, ST CP L vagy ST CPL furn\u00e9rral, AntiFinger bevonattal \u2022 lamin\u00e1lt f\u00e1b\u00f3l k\u00e9sz\u00fclt f\u00fcgg\u0151leges keretelemek, HDF \u00e9s MDF lapokkal bor\u00edtva 4) \u2022 4mm vastag HDF lapb\u00f3l k\u00e9sz\u00fclt GREKO, CPL vagy PREMIUM f\u00f3li\u00e1val bor\u00edtott bet\u00e9t \u2022 v\u00e9kony, hossz\u00fak\u00e1s ... Read more\" \/>\n<meta property=\"og:url\" content=\"https:\/\/erkadomagyarorszag.com\/en\/product\/epimedium-3\/\" \/>\n<meta property=\"og:site_name\" content=\"Erkado Magyarorsz\u00e1g\" \/>\n<meta property=\"article:modified_time\" content=\"2025-09-25T12:55:07+00:00\" \/>\n<meta property=\"og:image\" content=\"https:\/\/erkadomagyarorszag.com\/wp-content\/uploads\/epimedium-3-koris-grafit-premium.webp\" \/>\n\t<meta property=\"og:image:width\" content=\"463\" \/>\n\t<meta property=\"og:image:height\" content=\"1024\" \/>\n\t<meta property=\"og:image:type\" content=\"image\/webp\" \/>\n<meta name=\"twitter:card\" content=\"summary_large_image\" \/>\n<meta name=\"twitter:label1\" content=\"Availability\" \/>\n\t<meta name=\"twitter:data1\" content=\"In stock\" \/>\n<script type=\"application\/ld+json\" class=\"yoast-schema-graph\">{\"@context\":\"https:\/\/schema.org\",\"@graph\":[{\"@type\":\"WebPage\",\"@id\":\"https:\/\/erkadomagyarorszag.com\/termek\/epimedium-3\/\",\"url\":\"https:\/\/erkadomagyarorszag.com\/termek\/epimedium-3\/\",\"name\":\"EPIMEDIUM 3 - Erkado Magyarorsz\u00e1g\",\"isPartOf\":{\"@id\":\"https:\/\/erkadomagyarorszag.com\/#website\"},\"primaryImageOfPage\":{\"@id\":\"https:\/\/erkadomagyarorszag.com\/termek\/epimedium-3\/#primaryimage\"},\"image\":{\"@id\":\"https:\/\/erkadomagyarorszag.com\/termek\/epimedium-3\/#primaryimage\"},\"thumbnailUrl\":\"https:\/\/erkadomagyarorszag.com\/wp-content\/uploads\/epimedium-3-koris-grafit-premium.webp\",\"datePublished\":\"2025-09-02T12:29:00+00:00\",\"dateModified\":\"2025-09-25T12:55:07+00:00\",\"breadcrumb\":{\"@id\":\"https:\/\/erkadomagyarorszag.com\/termek\/epimedium-3\/#breadcrumb\"},\"inLanguage\":\"en-GB\",\"potentialAction\":[{\"@type\":\"ReadAction\",\"target\":[\"https:\/\/erkadomagyarorszag.com\/termek\/epimedium-3\/\"]}]},{\"@type\":\"ImageObject\",\"inLanguage\":\"en-GB\",\"@id\":\"https:\/\/erkadomagyarorszag.com\/termek\/epimedium-3\/#primaryimage\",\"url\":\"https:\/\/erkadomagyarorszag.com\/wp-content\/uploads\/epimedium-3-koris-grafit-premium.webp\",\"contentUrl\":\"https:\/\/erkadomagyarorszag.com\/wp-content\/uploads\/epimedium-3-koris-grafit-premium.webp\",\"width\":463,\"height\":1024,\"caption\":\"epimedium-3-koris-grafit-premium\"},{\"@type\":\"BreadcrumbList\",\"@id\":\"https:\/\/erkadomagyarorszag.com\/termek\/epimedium-3\/#breadcrumb\",\"itemListElement\":[{\"@type\":\"ListItem\",\"position\":1,\"name\":\"Kezd\u0151lap\",\"item\":\"https:\/\/erkadomagyarorszag.com\/\"},{\"@type\":\"ListItem\",\"position\":2,\"name\":\"Shop\",\"item\":\"https:\/\/erkadomagyarorszag.com\/uzlet\/\"},{\"@type\":\"ListItem\",\"position\":3,\"name\":\"EPIMEDIUM 3\"}]},{\"@type\":\"WebSite\",\"@id\":\"https:\/\/erkadomagyarorszag.com\/#website\",\"url\":\"https:\/\/erkadomagyarorszag.com\/\",\"name\":\"Erkado Magyarorsz\u00e1g\",\"description\":\"Erkado Magyarorsz\u00e1g\",\"publisher\":{\"@id\":\"https:\/\/erkadomagyarorszag.com\/#organization\"},\"potentialAction\":[{\"@type\":\"SearchAction\",\"target\":{\"@type\":\"EntryPoint\",\"urlTemplate\":\"https:\/\/erkadomagyarorszag.com\/?s={search_term_string}\"},\"query-input\":{\"@type\":\"PropertyValueSpecification\",\"valueRequired\":true,\"valueName\":\"search_term_string\"}}],\"inLanguage\":\"en-GB\"},{\"@type\":\"Organization\",\"@id\":\"https:\/\/erkadomagyarorszag.com\/#organization\",\"name\":\"Erkado Magyarorsz\u00e1g\",\"url\":\"https:\/\/erkadomagyarorszag.com\/\",\"logo\":{\"@type\":\"ImageObject\",\"inLanguage\":\"en-GB\",\"@id\":\"https:\/\/erkadomagyarorszag.com\/#\/schema\/logo\/image\/\",\"url\":\"https:\/\/erkadomagyarorszag.com\/wp-content\/uploads\/Group-24.jpg\",\"contentUrl\":\"https:\/\/erkadomagyarorszag.com\/wp-content\/uploads\/Group-24.jpg\",\"width\":221,\"height\":221,\"caption\":\"Erkado Magyarorsz\u00e1g\"},\"image\":{\"@id\":\"https:\/\/erkadomagyarorszag.com\/#\/schema\/logo\/image\/\"}}]}<\/script>\n<meta property=\"og:availability\" content=\"instock\" \/>\n<meta property=\"product:availability\" content=\"instock\" \/>\n<meta property=\"product:retailer_item_id\" content=\"EPIM-3\" \/>\n<meta property=\"product:condition\" content=\"new\" \/>\n<!-- \/ Yoast SEO Premium plugin. -->","yoast_head_json":{"title":"EPIMEDIUM 3 - Erkado Magyarorsz\u00e1g","robots":{"index":"index","follow":"follow","max-snippet":"max-snippet:-1","max-image-preview":"max-image-preview:large","max-video-preview":"max-video-preview:-1"},"canonical":"https:\/\/erkadomagyarorszag.com\/en\/product\/epimedium-3\/","og_locale":"en_GB","og_type":"article","og_title":"EPIMEDIUM 3","og_description":"SZERKEZET \u2022 STILE kerettechnol\u00f3gi\u00e1val gy\u00e1rtott falcos vagy falc n\u00e9lk\u00fcli ajt\u00f3sz\u00e1rny \u2022 f\u00fcgg\u0151leges \u00e9s v\u00edzszintes MDF l\u00e9cek GREKO, PREMIUM, ST CP L vagy ST CPL furn\u00e9rral, AntiFinger bevonattal \u2022 lamin\u00e1lt f\u00e1b\u00f3l k\u00e9sz\u00fclt f\u00fcgg\u0151leges keretelemek, HDF \u00e9s MDF lapokkal bor\u00edtva 4) \u2022 4mm vastag HDF lapb\u00f3l k\u00e9sz\u00fclt GREKO, CPL vagy PREMIUM f\u00f3li\u00e1val bor\u00edtott bet\u00e9t \u2022 v\u00e9kony, hossz\u00fak\u00e1s ... Read more","og_url":"https:\/\/erkadomagyarorszag.com\/en\/product\/epimedium-3\/","og_site_name":"Erkado Magyarorsz\u00e1g","article_modified_time":"2025-09-25T12:55:07+00:00","og_image":[{"width":463,"height":1024,"url":"https:\/\/erkadomagyarorszag.com\/wp-content\/uploads\/epimedium-3-koris-grafit-premium.webp","type":"image\/webp"}],"twitter_card":"summary_large_image","twitter_misc":{"Availability":"In stock"},"schema":{"@context":"https:\/\/schema.org","@graph":[{"@type":"WebPage","@id":"https:\/\/erkadomagyarorszag.com\/termek\/epimedium-3\/","url":"https:\/\/erkadomagyarorszag.com\/termek\/epimedium-3\/","name":"EPIMEDIUM 3 - Erkado Magyarorsz\u00e1g","isPartOf":{"@id":"https:\/\/erkadomagyarorszag.com\/#website"},"primaryImageOfPage":{"@id":"https:\/\/erkadomagyarorszag.com\/termek\/epimedium-3\/#primaryimage"},"image":{"@id":"https:\/\/erkadomagyarorszag.com\/termek\/epimedium-3\/#primaryimage"},"thumbnailUrl":"https:\/\/erkadomagyarorszag.com\/wp-content\/uploads\/epimedium-3-koris-grafit-premium.webp","datePublished":"2025-09-02T12:29:00+00:00","dateModified":"2025-09-25T12:55:07+00:00","breadcrumb":{"@id":"https:\/\/erkadomagyarorszag.com\/termek\/epimedium-3\/#breadcrumb"},"inLanguage":"en-GB","potentialAction":[{"@type":"ReadAction","target":["https:\/\/erkadomagyarorszag.com\/termek\/epimedium-3\/"]}]},{"@type":"ImageObject","inLanguage":"en-GB","@id":"https:\/\/erkadomagyarorszag.com\/termek\/epimedium-3\/#primaryimage","url":"https:\/\/erkadomagyarorszag.com\/wp-content\/uploads\/epimedium-3-koris-grafit-premium.webp","contentUrl":"https:\/\/erkadomagyarorszag.com\/wp-content\/uploads\/epimedium-3-koris-grafit-premium.webp","width":463,"height":1024,"caption":"epimedium-3-koris-grafit-premium"},{"@type":"BreadcrumbList","@id":"https:\/\/erkadomagyarorszag.com\/termek\/epimedium-3\/#breadcrumb","itemListElement":[{"@type":"ListItem","position":1,"name":"Kezd\u0151lap","item":"https:\/\/erkadomagyarorszag.com\/"},{"@type":"ListItem","position":2,"name":"Shop","item":"https:\/\/erkadomagyarorszag.com\/uzlet\/"},{"@type":"ListItem","position":3,"name":"EPIMEDIUM 3"}]},{"@type":"WebSite","@id":"https:\/\/erkadomagyarorszag.com\/#website","url":"https:\/\/erkadomagyarorszag.com\/","name":"Home - Erkado Hungary","description":"Home - Erkado Hungary","publisher":{"@id":"https:\/\/erkadomagyarorszag.com\/#organization"},"potentialAction":[{"@type":"SearchAction","target":{"@type":"EntryPoint","urlTemplate":"https:\/\/erkadomagyarorszag.com\/?s={search_term_string}"},"query-input":{"@type":"PropertyValueSpecification","valueRequired":true,"valueName":"search_term_string"}}],"inLanguage":"en-GB"},{"@type":"Organization","@id":"https:\/\/erkadomagyarorszag.com\/#organization","name":"Home - Erkado Hungary","url":"https:\/\/erkadomagyarorszag.com\/","logo":{"@type":"ImageObject","inLanguage":"en-GB","@id":"https:\/\/erkadomagyarorszag.com\/#\/schema\/logo\/image\/","url":"https:\/\/erkadomagyarorszag.com\/wp-content\/uploads\/Group-24.jpg","contentUrl":"https:\/\/erkadomagyarorszag.com\/wp-content\/uploads\/Group-24.jpg","width":221,"height":221,"caption":"Erkado Magyarorsz\u00e1g"},"image":{"@id":"https:\/\/erkadomagyarorszag.com\/#\/schema\/logo\/image\/"}}]},"og_availability":"instock","product_availability":"instock","product_retailer_item_id":"EPIM-3","product_condition":"new"},"_links":{"self":[{"href":"https:\/\/erkadomagyarorszag.com\/en\/wp-json\/wp\/v2\/product\/27995","targetHints":{"allow":["GET"]}}],"collection":[{"href":"https:\/\/erkadomagyarorszag.com\/en\/wp-json\/wp\/v2\/product"}],"about":[{"href":"https:\/\/erkadomagyarorszag.com\/en\/wp-json\/wp\/v2\/types\/product"}],"replies":[{"embeddable":true,"href":"https:\/\/erkadomagyarorszag.com\/en\/wp-json\/wp\/v2\/comments?post=27995"}],"version-history":[{"count":2,"href":"https:\/\/erkadomagyarorszag.com\/en\/wp-json\/wp\/v2\/product\/27995\/revisions"}],"predecessor-version":[{"id":38840,"href":"https:\/\/erkadomagyarorszag.com\/en\/wp-json\/wp\/v2\/product\/27995\/revisions\/38840"}],"wp:featuredmedia":[{"embeddable":true,"href":"https:\/\/erkadomagyarorszag.com\/en\/wp-json\/wp\/v2\/media\/26692"}],"wp:attachment":[{"href":"https:\/\/erkadomagyarorszag.com\/en\/wp-json\/wp\/v2\/media?parent=27995"}],"wp:term":[{"taxonomy":"product_brand","embeddable":true,"href":"https:\/\/erkadomagyarorszag.com\/en\/wp-json\/wp\/v2\/product_brand?post=27995"},{"taxonomy":"product_cat","embeddable":true,"href":"https:\/\/erkadomagyarorszag.com\/en\/wp-json\/wp\/v2\/product_cat?post=27995"},{"taxonomy":"product_tag","embeddable":true,"href":"https:\/\/erkadomagyarorszag.com\/en\/wp-json\/wp\/v2\/product_tag?post=27995"}],"curies":[{"name":"wp","href":"https:\/\/api.w.org\/{rel}","templated":true}]}}