{"id":28093,"date":"2025-09-02T12:30:02","date_gmt":"2025-09-02T12:30:02","guid":{"rendered":"https:\/\/erkadomagyarorszag.com\/termek\/nolina-1\/"},"modified":"2025-09-25T15:12:35","modified_gmt":"2025-09-25T13:12:35","slug":"nolina-1","status":"publish","type":"product","link":"https:\/\/erkadomagyarorszag.com\/en\/product\/nolina-1\/","title":{"rendered":"NOLINA 1"},"content":{"rendered":"<p class=\"translation-block\"><strong>STRUCTURE<\/strong><br>\n\u2022 Rebated or non-rebated door leaf manufactured with STILE frame technology<br>\n\u2022 vertical and horizontal MDF frame elements covered with PREMIUM veneer<br>\n\u2022 vertical frame elements made of laminated wood, covered with HDF and MDF boards 2)<br>\n\u2022 16 mm thick HDF board covered with PREMIUM foil<br>\n(vertical grain) insert<br>\n\u2022 optional door frame widening panels, as well as crown molding and<br>\npilasters at an additional cost, p. 151-153.<br>\n\u2022 the door leaf can be shortened independently, details on p. 149.<\/p>\n<p class=\"translation-block\"><strong>HARDWARE<\/strong><br>\n\u2022 three, 2-pin silver hinges in the rebated door leaf with horizontal adjustment<br>\n\u2022 three, silver-colored (optionally black at an additional cost) concealed hinges in the non-rebated door leaf; the hinges are delivered and priced with the door frame<br>\n\u2022 latch lock in the rebated door leaf, key lock, lock insert, keyless or bathroom lock mechanism locking magnetic lock<br>\n(optionally latch lock) in silver; optional black or gold<br>\nmagnetic lock at an additional cost<\/p>\n<p class=\"translation-block\"><strong>GLAZING<\/strong><br>\n\u2022 tempered 4 mm decormat frosted glass or, for an additional charge, smooth surface on both sides,<br>\nVSG 221 safety frosted glass or black glass<br>\n\u2022 the glazing can be reversed to REWERS type (standard glazing: AWERS)<\/p>\n<p class=\"translation-block\"><strong>EXTRAS AT A CHARGE<\/strong><br>\nfactory drilling for door handles with (so-called split) wings, in case of ordering in sets<br>\n<br>\nstandard or mini recuperation gap, standard or mini ventilation undercut (p. 149)<br>\nwood-imitation plastic vents (4 pcs.)<br>\nround and square metal vents (4 pcs.); surface: brushed nickel, patina,<br>\nwhite and black<br>\nventilation grille (only for the following door leaf widths: 80, 90, 100)<br>\nrebated and non-rebated door leaf in size \"100\"<br>\nVSG 221 laminated safety glass, smooth on both sides<br>\nmetal hinge cover in the rebated door leaf<br>\n(colour: brushed nickel, patina, polished chrome, polished brass, white and black)<br>\nautomatic threshold 1)<br>\nreplacement for black or gold magnetic lock for non-rebated door leaves<br>\nreplacement of the lock for black lock for rebated door leaf 5).<br>\nreplacement of the hinges for black hinges for rebated door leaf 5).<br>\nreplacement for black or gold hinges and strike plate for non-rebated door leaf in case of<br>\nmagnetic limiter (stop) 1)<br>\n(available in six colours p. 149)<br>\nvertical frame elements made of glued wood 2)<\/p>","protected":false},"excerpt":{"rendered":"<p>SZERKEZET \u2022 STILE kerettechnol\u00f3gi\u00e1val gy\u00e1rtott falcos vagy falc n\u00e9lk\u00fcli ajt\u00f3sz\u00e1rny \u2022 f\u00fcgg\u0151leges \u00e9s v\u00edzszintes MDF keretelemek PREMIUM furn\u00e9rral bor\u00edtva \u2022 lamin\u00e1lt f\u00e1b\u00f3l k\u00e9sz\u00fclt f\u00fcgg\u0151leges keretelemek, HDF \u00e9s MDF lapokkal bor\u00edtva 2) \u2022 16 mm vastag HDF lapb\u00f3l k\u00e9sz\u00fclt PREMIUM f\u00f3li\u00e1val bor\u00edtott (f\u00fcgg\u0151leges erezet) bet\u00e9t \u2022 opcion\u00e1lisan fel\u00e1r ellen\u00e9ben ajt\u00f3tok-sz\u00e9les\u00edt\u0151 panelek, valamint korona d\u00edszl\u00e9c \u00e9s pilaszterek &#8230; <a title=\"NOLINA 1\" class=\"read-more\" href=\"https:\/\/erkadomagyarorszag.com\/en\/product\/nolina-1\/\" aria-label=\"Read more about NOLINA 1\">Read more<\/a><\/p>","protected":false},"featured_media":24268,"comment_status":"closed","ping_status":"closed","template":"","meta":[],"product_brand":[307],"product_cat":[17,82],"product_tag":[308],"class_list":{"0":"post-28093","1":"product","2":"type-product","3":"status-publish","4":"has-post-thumbnail","6":"product_brand-nolina","7":"product_cat-belteri-ajtok","8":"product_cat-stile-keretes-ajtok","9":"product_tag-belteri-ajtoerkadonolina-1","10":"pa_valaszthato-szinek-dio-classic-premium","11":"pa_valaszthato-szinek-feher-kereg-premium","12":"pa_valaszthato-szinek-koris-grafit-premium","13":"pa_valaszthato-szinek-szurke-juhar-premium","14":"pa_valaszthato-szinek-tolgy-natur-premium","15":"pa_valaszthato-szinek-tolgy-premium","17":"first","18":"instock","19":"purchasable","20":"product-type-variable","21":"has-default-attributes"},"yoast_head":"<!-- This site is optimized with the Yoast SEO Premium plugin v26.2 (Yoast SEO v26.6) - https:\/\/yoast.com\/wordpress\/plugins\/seo\/ -->\n<title>NOLINA 1 - Erkado Magyarorsz\u00e1g<\/title>\n<meta name=\"robots\" content=\"index, follow, max-snippet:-1, max-image-preview:large, max-video-preview:-1\" \/>\n<link rel=\"canonical\" href=\"https:\/\/erkadomagyarorszag.com\/en\/product\/nolina-1\/\" \/>\n<meta property=\"og:locale\" content=\"en_GB\" \/>\n<meta property=\"og:type\" content=\"article\" \/>\n<meta property=\"og:title\" content=\"NOLINA 1\" \/>\n<meta property=\"og:description\" content=\"SZERKEZET \u2022 STILE kerettechnol\u00f3gi\u00e1val gy\u00e1rtott falcos vagy falc n\u00e9lk\u00fcli ajt\u00f3sz\u00e1rny \u2022 f\u00fcgg\u0151leges \u00e9s v\u00edzszintes MDF keretelemek PREMIUM furn\u00e9rral bor\u00edtva \u2022 lamin\u00e1lt f\u00e1b\u00f3l k\u00e9sz\u00fclt f\u00fcgg\u0151leges keretelemek, HDF \u00e9s MDF lapokkal bor\u00edtva 2) \u2022 16 mm vastag HDF lapb\u00f3l k\u00e9sz\u00fclt PREMIUM f\u00f3li\u00e1val bor\u00edtott (f\u00fcgg\u0151leges erezet) bet\u00e9t \u2022 opcion\u00e1lisan fel\u00e1r ellen\u00e9ben ajt\u00f3tok-sz\u00e9les\u00edt\u0151 panelek, valamint korona d\u00edszl\u00e9c \u00e9s pilaszterek ... Read more\" \/>\n<meta property=\"og:url\" content=\"https:\/\/erkadomagyarorszag.com\/en\/product\/nolina-1\/\" \/>\n<meta property=\"og:site_name\" content=\"Erkado Magyarorsz\u00e1g\" \/>\n<meta property=\"article:modified_time\" content=\"2025-09-25T13:12:35+00:00\" \/>\n<meta property=\"og:image\" content=\"https:\/\/erkadomagyarorszag.com\/wp-content\/uploads\/nolina-1-tolgy-natur-premium.webp\" \/>\n\t<meta property=\"og:image:width\" content=\"219\" \/>\n\t<meta property=\"og:image:height\" content=\"470\" \/>\n\t<meta property=\"og:image:type\" content=\"image\/webp\" \/>\n<meta name=\"twitter:card\" content=\"summary_large_image\" \/>\n<meta name=\"twitter:label1\" content=\"Availability\" \/>\n\t<meta name=\"twitter:data1\" content=\"In stock\" \/>\n<script type=\"application\/ld+json\" class=\"yoast-schema-graph\">{\"@context\":\"https:\/\/schema.org\",\"@graph\":[{\"@type\":\"WebPage\",\"@id\":\"https:\/\/erkadomagyarorszag.com\/termek\/nolina-1\/\",\"url\":\"https:\/\/erkadomagyarorszag.com\/termek\/nolina-1\/\",\"name\":\"NOLINA 1 - Erkado Magyarorsz\u00e1g\",\"isPartOf\":{\"@id\":\"https:\/\/erkadomagyarorszag.com\/#website\"},\"primaryImageOfPage\":{\"@id\":\"https:\/\/erkadomagyarorszag.com\/termek\/nolina-1\/#primaryimage\"},\"image\":{\"@id\":\"https:\/\/erkadomagyarorszag.com\/termek\/nolina-1\/#primaryimage\"},\"thumbnailUrl\":\"https:\/\/erkadomagyarorszag.com\/wp-content\/uploads\/nolina-1-tolgy-natur-premium.webp\",\"datePublished\":\"2025-09-02T12:30:02+00:00\",\"dateModified\":\"2025-09-25T13:12:35+00:00\",\"breadcrumb\":{\"@id\":\"https:\/\/erkadomagyarorszag.com\/termek\/nolina-1\/#breadcrumb\"},\"inLanguage\":\"en-GB\",\"potentialAction\":[{\"@type\":\"ReadAction\",\"target\":[\"https:\/\/erkadomagyarorszag.com\/termek\/nolina-1\/\"]}]},{\"@type\":\"ImageObject\",\"inLanguage\":\"en-GB\",\"@id\":\"https:\/\/erkadomagyarorszag.com\/termek\/nolina-1\/#primaryimage\",\"url\":\"https:\/\/erkadomagyarorszag.com\/wp-content\/uploads\/nolina-1-tolgy-natur-premium.webp\",\"contentUrl\":\"https:\/\/erkadomagyarorszag.com\/wp-content\/uploads\/nolina-1-tolgy-natur-premium.webp\",\"width\":219,\"height\":470,\"caption\":\"nolina-1-tolgy-natur-premium\"},{\"@type\":\"BreadcrumbList\",\"@id\":\"https:\/\/erkadomagyarorszag.com\/termek\/nolina-1\/#breadcrumb\",\"itemListElement\":[{\"@type\":\"ListItem\",\"position\":1,\"name\":\"Kezd\u0151lap\",\"item\":\"https:\/\/erkadomagyarorszag.com\/\"},{\"@type\":\"ListItem\",\"position\":2,\"name\":\"Shop\",\"item\":\"https:\/\/erkadomagyarorszag.com\/uzlet\/\"},{\"@type\":\"ListItem\",\"position\":3,\"name\":\"NOLINA 1\"}]},{\"@type\":\"WebSite\",\"@id\":\"https:\/\/erkadomagyarorszag.com\/#website\",\"url\":\"https:\/\/erkadomagyarorszag.com\/\",\"name\":\"Erkado Magyarorsz\u00e1g\",\"description\":\"Erkado Magyarorsz\u00e1g\",\"publisher\":{\"@id\":\"https:\/\/erkadomagyarorszag.com\/#organization\"},\"potentialAction\":[{\"@type\":\"SearchAction\",\"target\":{\"@type\":\"EntryPoint\",\"urlTemplate\":\"https:\/\/erkadomagyarorszag.com\/?s={search_term_string}\"},\"query-input\":{\"@type\":\"PropertyValueSpecification\",\"valueRequired\":true,\"valueName\":\"search_term_string\"}}],\"inLanguage\":\"en-GB\"},{\"@type\":\"Organization\",\"@id\":\"https:\/\/erkadomagyarorszag.com\/#organization\",\"name\":\"Erkado Magyarorsz\u00e1g\",\"url\":\"https:\/\/erkadomagyarorszag.com\/\",\"logo\":{\"@type\":\"ImageObject\",\"inLanguage\":\"en-GB\",\"@id\":\"https:\/\/erkadomagyarorszag.com\/#\/schema\/logo\/image\/\",\"url\":\"https:\/\/erkadomagyarorszag.com\/wp-content\/uploads\/Group-24.jpg\",\"contentUrl\":\"https:\/\/erkadomagyarorszag.com\/wp-content\/uploads\/Group-24.jpg\",\"width\":221,\"height\":221,\"caption\":\"Erkado Magyarorsz\u00e1g\"},\"image\":{\"@id\":\"https:\/\/erkadomagyarorszag.com\/#\/schema\/logo\/image\/\"}}]}<\/script>\n<meta property=\"og:availability\" content=\"instock\" \/>\n<meta property=\"product:availability\" content=\"instock\" \/>\n<meta property=\"product:retailer_item_id\" content=\"NOLI-1\" \/>\n<meta property=\"product:condition\" content=\"new\" \/>\n<!-- \/ Yoast SEO Premium plugin. -->","yoast_head_json":{"title":"NOLINA 1 - Erkado Magyarorsz\u00e1g","robots":{"index":"index","follow":"follow","max-snippet":"max-snippet:-1","max-image-preview":"max-image-preview:large","max-video-preview":"max-video-preview:-1"},"canonical":"https:\/\/erkadomagyarorszag.com\/en\/product\/nolina-1\/","og_locale":"en_GB","og_type":"article","og_title":"NOLINA 1","og_description":"SZERKEZET \u2022 STILE kerettechnol\u00f3gi\u00e1val gy\u00e1rtott falcos vagy falc n\u00e9lk\u00fcli ajt\u00f3sz\u00e1rny \u2022 f\u00fcgg\u0151leges \u00e9s v\u00edzszintes MDF keretelemek PREMIUM furn\u00e9rral bor\u00edtva \u2022 lamin\u00e1lt f\u00e1b\u00f3l k\u00e9sz\u00fclt f\u00fcgg\u0151leges keretelemek, HDF \u00e9s MDF lapokkal bor\u00edtva 2) \u2022 16 mm vastag HDF lapb\u00f3l k\u00e9sz\u00fclt PREMIUM f\u00f3li\u00e1val bor\u00edtott (f\u00fcgg\u0151leges erezet) bet\u00e9t \u2022 opcion\u00e1lisan fel\u00e1r ellen\u00e9ben ajt\u00f3tok-sz\u00e9les\u00edt\u0151 panelek, valamint korona d\u00edszl\u00e9c \u00e9s pilaszterek ... Read more","og_url":"https:\/\/erkadomagyarorszag.com\/en\/product\/nolina-1\/","og_site_name":"Erkado Magyarorsz\u00e1g","article_modified_time":"2025-09-25T13:12:35+00:00","og_image":[{"width":219,"height":470,"url":"https:\/\/erkadomagyarorszag.com\/wp-content\/uploads\/nolina-1-tolgy-natur-premium.webp","type":"image\/webp"}],"twitter_card":"summary_large_image","twitter_misc":{"Availability":"In stock"},"schema":{"@context":"https:\/\/schema.org","@graph":[{"@type":"WebPage","@id":"https:\/\/erkadomagyarorszag.com\/termek\/nolina-1\/","url":"https:\/\/erkadomagyarorszag.com\/termek\/nolina-1\/","name":"NOLINA 1 - Erkado Magyarorsz\u00e1g","isPartOf":{"@id":"https:\/\/erkadomagyarorszag.com\/#website"},"primaryImageOfPage":{"@id":"https:\/\/erkadomagyarorszag.com\/termek\/nolina-1\/#primaryimage"},"image":{"@id":"https:\/\/erkadomagyarorszag.com\/termek\/nolina-1\/#primaryimage"},"thumbnailUrl":"https:\/\/erkadomagyarorszag.com\/wp-content\/uploads\/nolina-1-tolgy-natur-premium.webp","datePublished":"2025-09-02T12:30:02+00:00","dateModified":"2025-09-25T13:12:35+00:00","breadcrumb":{"@id":"https:\/\/erkadomagyarorszag.com\/termek\/nolina-1\/#breadcrumb"},"inLanguage":"en-GB","potentialAction":[{"@type":"ReadAction","target":["https:\/\/erkadomagyarorszag.com\/termek\/nolina-1\/"]}]},{"@type":"ImageObject","inLanguage":"en-GB","@id":"https:\/\/erkadomagyarorszag.com\/termek\/nolina-1\/#primaryimage","url":"https:\/\/erkadomagyarorszag.com\/wp-content\/uploads\/nolina-1-tolgy-natur-premium.webp","contentUrl":"https:\/\/erkadomagyarorszag.com\/wp-content\/uploads\/nolina-1-tolgy-natur-premium.webp","width":219,"height":470,"caption":"nolina-1-tolgy-natur-premium"},{"@type":"BreadcrumbList","@id":"https:\/\/erkadomagyarorszag.com\/termek\/nolina-1\/#breadcrumb","itemListElement":[{"@type":"ListItem","position":1,"name":"Kezd\u0151lap","item":"https:\/\/erkadomagyarorszag.com\/"},{"@type":"ListItem","position":2,"name":"Shop","item":"https:\/\/erkadomagyarorszag.com\/uzlet\/"},{"@type":"ListItem","position":3,"name":"NOLINA 1"}]},{"@type":"WebSite","@id":"https:\/\/erkadomagyarorszag.com\/#website","url":"https:\/\/erkadomagyarorszag.com\/","name":"Home - Erkado Hungary","description":"Home - Erkado Hungary","publisher":{"@id":"https:\/\/erkadomagyarorszag.com\/#organization"},"potentialAction":[{"@type":"SearchAction","target":{"@type":"EntryPoint","urlTemplate":"https:\/\/erkadomagyarorszag.com\/?s={search_term_string}"},"query-input":{"@type":"PropertyValueSpecification","valueRequired":true,"valueName":"search_term_string"}}],"inLanguage":"en-GB"},{"@type":"Organization","@id":"https:\/\/erkadomagyarorszag.com\/#organization","name":"Home - Erkado Hungary","url":"https:\/\/erkadomagyarorszag.com\/","logo":{"@type":"ImageObject","inLanguage":"en-GB","@id":"https:\/\/erkadomagyarorszag.com\/#\/schema\/logo\/image\/","url":"https:\/\/erkadomagyarorszag.com\/wp-content\/uploads\/Group-24.jpg","contentUrl":"https:\/\/erkadomagyarorszag.com\/wp-content\/uploads\/Group-24.jpg","width":221,"height":221,"caption":"Erkado Magyarorsz\u00e1g"},"image":{"@id":"https:\/\/erkadomagyarorszag.com\/#\/schema\/logo\/image\/"}}]},"og_availability":"instock","product_availability":"instock","product_retailer_item_id":"NOLI-1","product_condition":"new"},"_links":{"self":[{"href":"https:\/\/erkadomagyarorszag.com\/en\/wp-json\/wp\/v2\/product\/28093","targetHints":{"allow":["GET"]}}],"collection":[{"href":"https:\/\/erkadomagyarorszag.com\/en\/wp-json\/wp\/v2\/product"}],"about":[{"href":"https:\/\/erkadomagyarorszag.com\/en\/wp-json\/wp\/v2\/types\/product"}],"replies":[{"embeddable":true,"href":"https:\/\/erkadomagyarorszag.com\/en\/wp-json\/wp\/v2\/comments?post=28093"}],"version-history":[{"count":3,"href":"https:\/\/erkadomagyarorszag.com\/en\/wp-json\/wp\/v2\/product\/28093\/revisions"}],"predecessor-version":[{"id":38845,"href":"https:\/\/erkadomagyarorszag.com\/en\/wp-json\/wp\/v2\/product\/28093\/revisions\/38845"}],"wp:featuredmedia":[{"embeddable":true,"href":"https:\/\/erkadomagyarorszag.com\/en\/wp-json\/wp\/v2\/media\/24268"}],"wp:attachment":[{"href":"https:\/\/erkadomagyarorszag.com\/en\/wp-json\/wp\/v2\/media?parent=28093"}],"wp:term":[{"taxonomy":"product_brand","embeddable":true,"href":"https:\/\/erkadomagyarorszag.com\/en\/wp-json\/wp\/v2\/product_brand?post=28093"},{"taxonomy":"product_cat","embeddable":true,"href":"https:\/\/erkadomagyarorszag.com\/en\/wp-json\/wp\/v2\/product_cat?post=28093"},{"taxonomy":"product_tag","embeddable":true,"href":"https:\/\/erkadomagyarorszag.com\/en\/wp-json\/wp\/v2\/product_tag?post=28093"}],"curies":[{"name":"wp","href":"https:\/\/api.w.org\/{rel}","templated":true}]}}