{"id":30528,"date":"2025-09-02T12:55:13","date_gmt":"2025-09-02T12:55:13","guid":{"rendered":"https:\/\/erkadomagyarorszag.com\/termek\/loft-basic-2\/"},"modified":"2025-10-20T13:57:37","modified_gmt":"2025-10-20T11:57:37","slug":"loft-basic-2","status":"publish","type":"product","link":"https:\/\/erkadomagyarorszag.com\/en\/product\/loft-basic-2\/","title":{"rendered":"LOFT BASIC 2"},"content":{"rendered":"<p><strong>STRUCTURE<\/strong><br \/>\n\u2022 ac\u00e9lprofilokb\u00f3l k\u00e9sz\u00fclt, \u00fcvegezett ajt\u00f3, mindk\u00e9t oldalon 20 mm sz\u00e9les \u00e9s 2 mm vastag<br \/>\nac\u00e9l az \u00fcvegt\u00e1bl\u00e1hoz ragasztva \u00fcvegoszt\u00f3kkal<br \/>\n\u2022 Az ajt\u00f3sz\u00e1rny \u00e9s a bevil\u00e1g\u00edt\u00f3 kerete ac\u00e9lprofilokb\u00f3l k\u00e9sz\u00fclt, alapfelszerelts\u00e9gk\u00e9nt<br \/>\nFEKETE STR \u00e9s FEH\u00c9R STR porfestett kivitelben, fel\u00e1r ellen\u00e9ben pedig a RAL STR paletta<br \/>\nsz\u00edneiben is k\u00e9rhet\u0151<br \/>\n\u2022 lehet\u0151s\u00e9g van az ajt\u00f3 standard m\u00e9retekben megrendel\u00e9st is (t\u00e1bl\u00e1zat 66. oldalon)<br \/>\negyedi oldalvil\u00e1g\u00edt\u00f3val 200-t\u00f3l &#8211; 1000-ig mm sz\u00e9less\u00e9gben 3 mm- enk\u00e9nt \u00e9s 1900-t\u00f3l \u00e9s<br \/>\n2200-ig mm magass\u00e1gban 3 mm-enk\u00e9nt (bevil\u00e1g\u00edt\u00f3 v\u00e1ltozatok 66. oldalon).<br \/>\n\u2022 minim\u00e1lis fel\u00fclvil\u00e1g\u00edt\u00f3 magass\u00e1g 200 mm maxim\u00e1lis 1000 mm; 3 mm-es l\u00e9p\u00e9sekben<br \/>\nrendelhet\u0151<br \/>\n\u2022 lehet\u0151s\u00e9g van m\u00e9retre szabott ajt\u00f3 rendel\u00e9s\u00e9re &#8222;70&#8221; \u00e9s &#8222;100&#8221; k\u00f6z\u00f6tti sz\u00e9less\u00e9gben<br \/>\n3 mm-enk\u00e9nt \u00e9s 1900-t\u00f3l \u00e9s 2200-ig mm magass\u00e1gban 3 mm-enk\u00e9nt (csak H \u00e9s D<br \/>\nv\u00e1ltozat)<br \/>\n\u2022 a LOFT BASIC modellek m\u00e9reteinek v\u00e1ltoztat\u00e1sakor az \u00fcvegoszt\u00f3 rudak elrendez\u00e9se<br \/>\nar\u00e1nyosan v\u00e1ltozik a sz\u00e9less\u00e9g \u00e9s a magass\u00e1g n\u00f6veked\u00e9s\u00e9vel.<br \/>\n\u2022 maxim\u00e1lis ajt\u00f3magass\u00e1g fel\u00fclvil\u00e1g\u00edt\u00f3val 3000 mm, az oldalvil\u00e1g\u00edt\u00f3 maxim\u00e1lis sz\u00e9less\u00e9ge<br \/>\n1000 mm<br \/>\n\u2022 profilok porsz\u00f3rt bevonattal; minden sz\u00edn finom STR text\u00far\u00e1val rendelkezik, amely<br \/>\ncs\u00f6kkenti a szennyez\u0151d\u00e9seket \u00e9s az ujjlenyomatokat.<br \/>\n\u2022 Az \u00fcvegoszt\u00f3 elrendez\u00e9se a m\u00e9retek f\u00fcggv\u00e9ny\u00e9ben v\u00e1ltozik.<\/p>\n<p><strong>IRONMENT<\/strong><br \/>\n\u2022 h\u00e1rom hegesztett ac\u00e9l zsan\u00e9r<br \/>\n\u2022 m\u00e1gnes z\u00e1r<br \/>\n\u2022 DIVA FIT kilincs vagy foganty\u00fa alapfelszerelts\u00e9gk\u00e9nt<\/p>\n<p><strong>GLAZING<\/strong><br \/>\n\u2022 6 mm-es edzett \u00e1tl\u00e1tsz\u00f3 \u00fcveg alapfelszerelts\u00e9gk\u00e9nt<br \/>\n\u2022 fel\u00e1r ellen\u00e9ben ragasztott VSG tej\u00fcveg 6 mm, dark grey 6 mm, f\u00fcst grafit 6 mm,<br \/>\ndekorat\u00edv relief \u00fcveg 6 mm \u00e9s point 8 mm \u00fcveg; a dekorat\u00edv \u00fcveg az egyik oldalon<br \/>\ntext\u00far\u00e1zott (AWERS), a m\u00e1sik oldalon sima (REWERS); lehet\u0151s\u00e9g van az \u00fcvegez\u00e9s<br \/>\noldal\u00e1nak REWERS-re t\u00f6rt\u00e9n\u0151 cser\u00e9j\u00e9re (alapfelszerel\u00e9sk\u00e9nt AWERS).<\/p>\n<p><strong>EXTRAS AT A CHARGE<\/strong><br \/>\naz STR strukt\u00far\u00e1ban festett profilok RAL 5002, 6005, 7006,<br \/>\n7016, 7024, 7032, 8017, 9007, 9010 sz\u00ednekben + 15%<br \/>\n6 mm f\u00fcst\u00f6s grafit \u00fcveg<br \/>\n6 mm dark grey \u00fcveg<br \/>\n6 mm relief \u00fcveg<br \/>\n8 mm point \u00fcveg<br \/>\n6 mm VSG tejfeh\u00e9r sz\u00edn\u0171 \u00fcveg<br \/>\najt\u00f3 BELLA slim fekete matt kilinccsel<br \/>\nAz ajt\u00f3sz\u00e1rny rekuper\u00e1ci\u00f3s r\u00e9s 5 mm vagy 10 mm<\/p>","protected":false},"excerpt":{"rendered":"<p>SZERKEZET \u2022 ac\u00e9lprofilokb\u00f3l k\u00e9sz\u00fclt, \u00fcvegezett ajt\u00f3, mindk\u00e9t oldalon 20 mm sz\u00e9les \u00e9s 2 mm vastag ac\u00e9l az \u00fcvegt\u00e1bl\u00e1hoz ragasztva \u00fcvegoszt\u00f3kkal \u2022 Az ajt\u00f3sz\u00e1rny \u00e9s a bevil\u00e1g\u00edt\u00f3 kerete ac\u00e9lprofilokb\u00f3l k\u00e9sz\u00fclt, alapfelszerelts\u00e9gk\u00e9nt FEKETE STR \u00e9s FEH\u00c9R STR porfestett kivitelben, fel\u00e1r ellen\u00e9ben pedig a RAL STR paletta sz\u00edneiben is k\u00e9rhet\u0151 \u2022 lehet\u0151s\u00e9g van az ajt\u00f3 standard m\u00e9retekben megrendel\u00e9st &#8230; <a title=\"LOFT BASIC 2\" class=\"read-more\" href=\"https:\/\/erkadomagyarorszag.com\/en\/product\/loft-basic-2\/\" aria-label=\"Read more about LOFT BASIC 2\">Read more<\/a><\/p>","protected":false},"featured_media":24617,"comment_status":"closed","ping_status":"closed","template":"","meta":[],"product_brand":[408],"product_cat":[17,409],"product_tag":[411],"class_list":{"0":"post-30528","1":"product","2":"type-product","3":"status-publish","4":"has-post-thumbnail","6":"product_brand-loft","7":"product_cat-belteri-ajtok","8":"product_cat-loft-uvegajtok","9":"product_tag-belteri-ajtoerkadoloft-basic-2","10":"pa_valaszthato-szinek-feher-str","11":"pa_valaszthato-szinek-fekete-str","13":"first","14":"instock","15":"purchasable","16":"product-type-variable","17":"has-default-attributes"},"yoast_head":"<!-- This site is optimized with the Yoast SEO Premium plugin v26.2 (Yoast SEO v26.6) - https:\/\/yoast.com\/wordpress\/plugins\/seo\/ -->\n<title>LOFT BASIC 2 - Erkado Magyarorsz\u00e1g<\/title>\n<meta name=\"robots\" content=\"index, follow, max-snippet:-1, max-image-preview:large, max-video-preview:-1\" \/>\n<link rel=\"canonical\" href=\"https:\/\/erkadomagyarorszag.com\/en\/product\/loft-basic-2\/\" \/>\n<meta property=\"og:locale\" content=\"en_GB\" \/>\n<meta property=\"og:type\" content=\"article\" \/>\n<meta property=\"og:title\" content=\"LOFT BASIC 2\" \/>\n<meta property=\"og:description\" content=\"SZERKEZET \u2022 ac\u00e9lprofilokb\u00f3l k\u00e9sz\u00fclt, \u00fcvegezett ajt\u00f3, mindk\u00e9t oldalon 20 mm sz\u00e9les \u00e9s 2 mm vastag ac\u00e9l az \u00fcvegt\u00e1bl\u00e1hoz ragasztva \u00fcvegoszt\u00f3kkal \u2022 Az ajt\u00f3sz\u00e1rny \u00e9s a bevil\u00e1g\u00edt\u00f3 kerete ac\u00e9lprofilokb\u00f3l k\u00e9sz\u00fclt, alapfelszerelts\u00e9gk\u00e9nt FEKETE STR \u00e9s FEH\u00c9R STR porfestett kivitelben, fel\u00e1r ellen\u00e9ben pedig a RAL STR paletta sz\u00edneiben is k\u00e9rhet\u0151 \u2022 lehet\u0151s\u00e9g van az ajt\u00f3 standard m\u00e9retekben megrendel\u00e9st ... Read more\" \/>\n<meta property=\"og:url\" content=\"https:\/\/erkadomagyarorszag.com\/en\/product\/loft-basic-2\/\" \/>\n<meta property=\"og:site_name\" content=\"Erkado Magyarorsz\u00e1g\" \/>\n<meta property=\"article:modified_time\" content=\"2025-10-20T11:57:37+00:00\" \/>\n<meta property=\"og:image\" content=\"https:\/\/erkadomagyarorszag.com\/wp-content\/uploads\/loft-basic-2-fekete-str.webp\" \/>\n\t<meta property=\"og:image:width\" content=\"497\" \/>\n\t<meta property=\"og:image:height\" content=\"1024\" \/>\n\t<meta property=\"og:image:type\" content=\"image\/webp\" \/>\n<meta name=\"twitter:card\" content=\"summary_large_image\" \/>\n<meta name=\"twitter:label1\" content=\"Availability\" \/>\n\t<meta name=\"twitter:data1\" content=\"In stock\" \/>\n<script type=\"application\/ld+json\" class=\"yoast-schema-graph\">{\"@context\":\"https:\/\/schema.org\",\"@graph\":[{\"@type\":\"WebPage\",\"@id\":\"https:\/\/erkadomagyarorszag.com\/en\/product\/loft-basic-2\/\",\"url\":\"https:\/\/erkadomagyarorszag.com\/en\/product\/loft-basic-2\/\",\"name\":\"LOFT BASIC 2 - Erkado Magyarorsz\u00e1g\",\"isPartOf\":{\"@id\":\"https:\/\/erkadomagyarorszag.com\/#website\"},\"primaryImageOfPage\":{\"@id\":\"https:\/\/erkadomagyarorszag.com\/en\/product\/loft-basic-2\/#primaryimage\"},\"image\":{\"@id\":\"https:\/\/erkadomagyarorszag.com\/en\/product\/loft-basic-2\/#primaryimage\"},\"thumbnailUrl\":\"https:\/\/erkadomagyarorszag.com\/wp-content\/uploads\/loft-basic-2-fekete-str.webp\",\"datePublished\":\"2025-09-02T12:55:13+00:00\",\"dateModified\":\"2025-10-20T11:57:37+00:00\",\"breadcrumb\":{\"@id\":\"https:\/\/erkadomagyarorszag.com\/en\/product\/loft-basic-2\/#breadcrumb\"},\"inLanguage\":\"en-GB\",\"potentialAction\":[{\"@type\":\"ReadAction\",\"target\":[\"https:\/\/erkadomagyarorszag.com\/en\/product\/loft-basic-2\/\"]}]},{\"@type\":\"ImageObject\",\"inLanguage\":\"en-GB\",\"@id\":\"https:\/\/erkadomagyarorszag.com\/en\/product\/loft-basic-2\/#primaryimage\",\"url\":\"https:\/\/erkadomagyarorszag.com\/wp-content\/uploads\/loft-basic-2-fekete-str.webp\",\"contentUrl\":\"https:\/\/erkadomagyarorszag.com\/wp-content\/uploads\/loft-basic-2-fekete-str.webp\",\"width\":497,\"height\":1024,\"caption\":\"loft-basic-2-fekete-str\"},{\"@type\":\"BreadcrumbList\",\"@id\":\"https:\/\/erkadomagyarorszag.com\/en\/product\/loft-basic-2\/#breadcrumb\",\"itemListElement\":[{\"@type\":\"ListItem\",\"position\":1,\"name\":\"Kezd\u0151lap\",\"item\":\"https:\/\/erkadomagyarorszag.com\/\"},{\"@type\":\"ListItem\",\"position\":2,\"name\":\"Shop\",\"item\":\"https:\/\/erkadomagyarorszag.com\/uzlet\/\"},{\"@type\":\"ListItem\",\"position\":3,\"name\":\"LOFT BASIC 2\"}]},{\"@type\":\"WebSite\",\"@id\":\"https:\/\/erkadomagyarorszag.com\/#website\",\"url\":\"https:\/\/erkadomagyarorszag.com\/\",\"name\":\"Erkado Magyarorsz\u00e1g\",\"description\":\"Erkado Magyarorsz\u00e1g\",\"publisher\":{\"@id\":\"https:\/\/erkadomagyarorszag.com\/#organization\"},\"potentialAction\":[{\"@type\":\"SearchAction\",\"target\":{\"@type\":\"EntryPoint\",\"urlTemplate\":\"https:\/\/erkadomagyarorszag.com\/?s={search_term_string}\"},\"query-input\":{\"@type\":\"PropertyValueSpecification\",\"valueRequired\":true,\"valueName\":\"search_term_string\"}}],\"inLanguage\":\"en-GB\"},{\"@type\":\"Organization\",\"@id\":\"https:\/\/erkadomagyarorszag.com\/#organization\",\"name\":\"Erkado Magyarorsz\u00e1g\",\"url\":\"https:\/\/erkadomagyarorszag.com\/\",\"logo\":{\"@type\":\"ImageObject\",\"inLanguage\":\"en-GB\",\"@id\":\"https:\/\/erkadomagyarorszag.com\/#\/schema\/logo\/image\/\",\"url\":\"https:\/\/erkadomagyarorszag.com\/wp-content\/uploads\/Group-24.jpg\",\"contentUrl\":\"https:\/\/erkadomagyarorszag.com\/wp-content\/uploads\/Group-24.jpg\",\"width\":221,\"height\":221,\"caption\":\"Erkado Magyarorsz\u00e1g\"},\"image\":{\"@id\":\"https:\/\/erkadomagyarorszag.com\/#\/schema\/logo\/image\/\"}}]}<\/script>\n<meta property=\"og:availability\" content=\"instock\" \/>\n<meta property=\"product:availability\" content=\"instock\" \/>\n<meta property=\"product:retailer_item_id\" content=\"LOFTB -1\" \/>\n<meta property=\"product:condition\" content=\"new\" \/>\n<!-- \/ Yoast SEO Premium plugin. -->","yoast_head_json":{"title":"LOFT BASIC 2 - Erkado Magyarorsz\u00e1g","robots":{"index":"index","follow":"follow","max-snippet":"max-snippet:-1","max-image-preview":"max-image-preview:large","max-video-preview":"max-video-preview:-1"},"canonical":"https:\/\/erkadomagyarorszag.com\/en\/product\/loft-basic-2\/","og_locale":"en_GB","og_type":"article","og_title":"LOFT BASIC 2","og_description":"SZERKEZET \u2022 ac\u00e9lprofilokb\u00f3l k\u00e9sz\u00fclt, \u00fcvegezett ajt\u00f3, mindk\u00e9t oldalon 20 mm sz\u00e9les \u00e9s 2 mm vastag ac\u00e9l az \u00fcvegt\u00e1bl\u00e1hoz ragasztva \u00fcvegoszt\u00f3kkal \u2022 Az ajt\u00f3sz\u00e1rny \u00e9s a bevil\u00e1g\u00edt\u00f3 kerete ac\u00e9lprofilokb\u00f3l k\u00e9sz\u00fclt, alapfelszerelts\u00e9gk\u00e9nt FEKETE STR \u00e9s FEH\u00c9R STR porfestett kivitelben, fel\u00e1r ellen\u00e9ben pedig a RAL STR paletta sz\u00edneiben is k\u00e9rhet\u0151 \u2022 lehet\u0151s\u00e9g van az ajt\u00f3 standard m\u00e9retekben megrendel\u00e9st ... Read more","og_url":"https:\/\/erkadomagyarorszag.com\/en\/product\/loft-basic-2\/","og_site_name":"Erkado Magyarorsz\u00e1g","article_modified_time":"2025-10-20T11:57:37+00:00","og_image":[{"width":497,"height":1024,"url":"https:\/\/erkadomagyarorszag.com\/wp-content\/uploads\/loft-basic-2-fekete-str.webp","type":"image\/webp"}],"twitter_card":"summary_large_image","twitter_misc":{"Availability":"In stock"},"schema":{"@context":"https:\/\/schema.org","@graph":[{"@type":"WebPage","@id":"https:\/\/erkadomagyarorszag.com\/en\/product\/loft-basic-2\/","url":"https:\/\/erkadomagyarorszag.com\/en\/product\/loft-basic-2\/","name":"LOFT BASIC 2 - Erkado Magyarorsz\u00e1g","isPartOf":{"@id":"https:\/\/erkadomagyarorszag.com\/#website"},"primaryImageOfPage":{"@id":"https:\/\/erkadomagyarorszag.com\/en\/product\/loft-basic-2\/#primaryimage"},"image":{"@id":"https:\/\/erkadomagyarorszag.com\/en\/product\/loft-basic-2\/#primaryimage"},"thumbnailUrl":"https:\/\/erkadomagyarorszag.com\/wp-content\/uploads\/loft-basic-2-fekete-str.webp","datePublished":"2025-09-02T12:55:13+00:00","dateModified":"2025-10-20T11:57:37+00:00","breadcrumb":{"@id":"https:\/\/erkadomagyarorszag.com\/en\/product\/loft-basic-2\/#breadcrumb"},"inLanguage":"en-GB","potentialAction":[{"@type":"ReadAction","target":["https:\/\/erkadomagyarorszag.com\/en\/product\/loft-basic-2\/"]}]},{"@type":"ImageObject","inLanguage":"en-GB","@id":"https:\/\/erkadomagyarorszag.com\/en\/product\/loft-basic-2\/#primaryimage","url":"https:\/\/erkadomagyarorszag.com\/wp-content\/uploads\/loft-basic-2-fekete-str.webp","contentUrl":"https:\/\/erkadomagyarorszag.com\/wp-content\/uploads\/loft-basic-2-fekete-str.webp","width":497,"height":1024,"caption":"loft-basic-2-fekete-str"},{"@type":"BreadcrumbList","@id":"https:\/\/erkadomagyarorszag.com\/en\/product\/loft-basic-2\/#breadcrumb","itemListElement":[{"@type":"ListItem","position":1,"name":"Kezd\u0151lap","item":"https:\/\/erkadomagyarorszag.com\/"},{"@type":"ListItem","position":2,"name":"Shop","item":"https:\/\/erkadomagyarorszag.com\/uzlet\/"},{"@type":"ListItem","position":3,"name":"LOFT BASIC 2"}]},{"@type":"WebSite","@id":"https:\/\/erkadomagyarorszag.com\/#website","url":"https:\/\/erkadomagyarorszag.com\/","name":"Home - Erkado Hungary","description":"Home - Erkado Hungary","publisher":{"@id":"https:\/\/erkadomagyarorszag.com\/#organization"},"potentialAction":[{"@type":"SearchAction","target":{"@type":"EntryPoint","urlTemplate":"https:\/\/erkadomagyarorszag.com\/?s={search_term_string}"},"query-input":{"@type":"PropertyValueSpecification","valueRequired":true,"valueName":"search_term_string"}}],"inLanguage":"en-GB"},{"@type":"Organization","@id":"https:\/\/erkadomagyarorszag.com\/#organization","name":"Home - Erkado Hungary","url":"https:\/\/erkadomagyarorszag.com\/","logo":{"@type":"ImageObject","inLanguage":"en-GB","@id":"https:\/\/erkadomagyarorszag.com\/#\/schema\/logo\/image\/","url":"https:\/\/erkadomagyarorszag.com\/wp-content\/uploads\/Group-24.jpg","contentUrl":"https:\/\/erkadomagyarorszag.com\/wp-content\/uploads\/Group-24.jpg","width":221,"height":221,"caption":"Erkado Magyarorsz\u00e1g"},"image":{"@id":"https:\/\/erkadomagyarorszag.com\/#\/schema\/logo\/image\/"}}]},"og_availability":"instock","product_availability":"instock","product_retailer_item_id":"LOFTB -1","product_condition":"new"},"_links":{"self":[{"href":"https:\/\/erkadomagyarorszag.com\/en\/wp-json\/wp\/v2\/product\/30528","targetHints":{"allow":["GET"]}}],"collection":[{"href":"https:\/\/erkadomagyarorszag.com\/en\/wp-json\/wp\/v2\/product"}],"about":[{"href":"https:\/\/erkadomagyarorszag.com\/en\/wp-json\/wp\/v2\/types\/product"}],"replies":[{"embeddable":true,"href":"https:\/\/erkadomagyarorszag.com\/en\/wp-json\/wp\/v2\/comments?post=30528"}],"version-history":[{"count":2,"href":"https:\/\/erkadomagyarorszag.com\/en\/wp-json\/wp\/v2\/product\/30528\/revisions"}],"predecessor-version":[{"id":39128,"href":"https:\/\/erkadomagyarorszag.com\/en\/wp-json\/wp\/v2\/product\/30528\/revisions\/39128"}],"wp:featuredmedia":[{"embeddable":true,"href":"https:\/\/erkadomagyarorszag.com\/en\/wp-json\/wp\/v2\/media\/24617"}],"wp:attachment":[{"href":"https:\/\/erkadomagyarorszag.com\/en\/wp-json\/wp\/v2\/media?parent=30528"}],"wp:term":[{"taxonomy":"product_brand","embeddable":true,"href":"https:\/\/erkadomagyarorszag.com\/en\/wp-json\/wp\/v2\/product_brand?post=30528"},{"taxonomy":"product_cat","embeddable":true,"href":"https:\/\/erkadomagyarorszag.com\/en\/wp-json\/wp\/v2\/product_cat?post=30528"},{"taxonomy":"product_tag","embeddable":true,"href":"https:\/\/erkadomagyarorszag.com\/en\/wp-json\/wp\/v2\/product_tag?post=30528"}],"curies":[{"name":"wp","href":"https:\/\/api.w.org\/{rel}","templated":true}]}}