{"id":30743,"date":"2025-09-02T12:57:20","date_gmt":"2025-09-02T12:57:20","guid":{"rendered":"https:\/\/erkadomagyarorszag.com\/termek\/graf-9\/"},"modified":"2025-10-21T14:33:42","modified_gmt":"2025-10-21T12:33:42","slug":"graf-9","status":"publish","type":"product","link":"https:\/\/erkadomagyarorszag.com\/en\/product\/graf-9\/","title":{"rendered":"GRAF 9"},"content":{"rendered":"<p class=\"translation-block\"><strong>STRUCTURE<\/strong><br>\n\u2022 8 mm tempered glass with or without external decoration, tinted glass in Antisol 8 mm material (GRAF 26 and 67 NEW), VSG\/ESG bonded and tempered glass (GRAF 65, 66)<br>\nor at an additional cost bonded and tempered VSG\/ESG transparent glass with internal black decoration<br>\nfor GRAF 34, 37, 63, 33, 36, 61<br>\n\u2022 the glazing can be reversed to REWERS type (standard<br>\nglazing: AWERS)<br>\n\u2022 depending on the model, milky white or transparent glass, with black or white<br>\npatterns<br>\n\u2022 the width (thickness) of the line for GRAF 35, 36, 38, 39, 61, 62 30 mm<br>\n\u2022 optional door frame widening panels, as well as crown molding and<br>\npilasters at an additional cost p. 151-153.<br>\n\u2022 GRAF 66 model available with VSG\/ESG milky white glass NEW<br>\n\u2022 models 33, 34, 36, 37, 39, 61, 63 are available with smoky graphite glass.<br>\n\u2022 GRAF 68 RELIEF NEW and GRAF 69 POINT NEW models with 8 mm tempered<br>\ndecorative glass. Relief and point glass are smooth on one side.<br>\nFIXED AND ADJUSTABLE WIDTH FRAME<br>\n\u2022 adjustable and fixed width frames for rebated door leaves are priced at 180-183. page<br>\nfound<br>\n\u2022 electric lock cannot be used<br>\n\u2022 10 mm shaft hinges are used in door frames intended for glass panels<br>\n\u2022 adjustable and fixed door frames have the option of replacing the closing plate (for an additional charge) with black<br>\nor white powder coating<br>\n\u2022 GRAF GLASS DOOR LEAVES ARE AVAILABLE EXCLUSIVELY WITH REBATED DOOR FRAMES, STEEL DOOR FRAMES (NOT AVAILABLE IN VERTICAL HINGE OPTION)<br>\nAND WHITE TITANIUM UV PAINTED DOOR FRAMES<\/p>\n<p><strong>EL\u00c1RAS EXTR\u00c1K<\/strong><br \/>\nVSG\/ESG \u00e1tl\u00e1tsz\u00f3 \u00fcveg bels\u0151 d\u00edsz\u00edt\u00e9ssel<br \/>\nfekete sz\u00ednben (GRAF 33, 36, 39, 61 modell)<br \/>\nvagy feh\u00e9r (34, 67, 63 modell)<br \/>\nf\u00fcst\u00f6s grafit \u00fcveg<br \/>\n(GRAF 33, 36, 39, 61 modell)<br \/>\ns\u00ednre szerelhet\u0151 ajt\u00f3csuk\u00f3 ez\u00fcst, fekete sz\u00ednben<br \/>\n\u201e90\u201d-as ajt\u00f3sz\u00e1rny<br \/>\n\u201e100\u201d \u00e9s \u201e110\u201d ajt\u00f3sz\u00e1rny<br \/>\n(alapfelszerelts\u00e9gk\u00e9nt h\u00e1rom zsan\u00e9r)<br \/>\nals\u00f3 szell\u0151z\u0151ny\u00edl\u00e1s<br \/>\nfekete vagy feh\u00e9r z\u00e1r\u00f3lemez<br \/>\nf\u00fcgg\u0151leges zsan\u00e9rok<\/p>","protected":false},"excerpt":{"rendered":"<p>SZERKEZET \u2022 8 mm-es edzett \u00fcveg k\u00fcls\u0151 d\u00edsszel vagy an\u00e9lk\u00fcl, Antisol 8 mm-es anyag\u00e1ban sz\u00ednezett \u00fcveg (GRAF 26 \u00e9s 67 \u00daJDONS\u00c1G ), VSG\/ESG ragasztott \u00e9s edzett \u00fcveg (GRAF 65, 66) vagy fel\u00e1r ellen\u00e9ben ragasztott \u00e9s edzett VSG\/ESG \u00e1ttetsz\u0151 \u00fcveg bels\u0151 fekete sz\u00edn\u0171 d\u00edsszel a GRAF 34, 37, 63, 33, 36, 61-hez \u2022 az \u00fcvegez\u00e9s megford\u00edthat\u00f3 &#8230; <a title=\"GRAF 9\" class=\"read-more\" href=\"https:\/\/erkadomagyarorszag.com\/en\/product\/graf-9\/\" aria-label=\"Read more about GRAF 9\">Read more<\/a><\/p>","protected":false},"featured_media":26014,"comment_status":"closed","ping_status":"closed","template":"","meta":[],"product_brand":[417],"product_cat":[17,418],"product_tag":[433],"class_list":{"0":"post-30743","1":"product","2":"type-product","3":"status-publish","4":"has-post-thumbnail","6":"product_brand-graf","7":"product_cat-belteri-ajtok","8":"product_cat-graf-uvegajtok","9":"product_tag-belteri-ajtoerkadograf-9","10":"pa_valaszthato-szinek-arany-tolgy-greko","11":"pa_valaszthato-szinek-cappucino-st-cpl","12":"pa_valaszthato-szinek-dio-greko","13":"pa_valaszthato-szinek-feher-greko","14":"pa_valaszthato-szinek-feher-kereg-premium","15":"pa_valaszthato-szinek-feher-premium","16":"pa_valaszthato-szinek-fekete-st-cpl","17":"pa_valaszthato-szinek-hamuszurke-st-cpl","18":"pa_valaszthato-szinek-hofeher-greko","19":"pa_valaszthato-szinek-koris-grafit-premium","20":"pa_valaszthato-szinek-kozep-tolgy-greko","21":"pa_valaszthato-szinek-sonoma-greko","22":"pa_valaszthato-szinek-sotetzold-st-cpl","23":"pa_valaszthato-szinek-szurke-juhar-premium","24":"pa_valaszthato-szinek-szurke-tolgy-greko","25":"pa_valaszthato-szinek-szurke-tolgy-st-cpl","26":"pa_valaszthato-szinek-tolgy-greko","27":"pa_valaszthato-szinek-tolgy-natur-premium","28":"pa_valaszthato-szinek-tolgy-premium","29":"pa_valaszthato-szinek-tolgy-st-cpl","30":"pa_valaszthato-szinek-vilagosszurke-st-cpl","31":"pa_valaszthato-szinek-wenge-dark-st-cpl","32":"pa_valaszthato-szinek-beton-premium","33":"pa_valaszthato-szinek-feher-st-cpl","35":"first","36":"instock","37":"purchasable","38":"product-type-variable","39":"has-default-attributes"},"yoast_head":"<!-- This site is optimized with the Yoast SEO Premium plugin v26.2 (Yoast SEO v26.6) - https:\/\/yoast.com\/wordpress\/plugins\/seo\/ -->\n<title>GRAF 9 - Erkado Magyarorsz\u00e1g<\/title>\n<meta name=\"robots\" content=\"index, follow, max-snippet:-1, max-image-preview:large, max-video-preview:-1\" \/>\n<link rel=\"canonical\" href=\"https:\/\/erkadomagyarorszag.com\/en\/product\/graf-9\/\" \/>\n<meta property=\"og:locale\" content=\"en_GB\" \/>\n<meta property=\"og:type\" content=\"article\" \/>\n<meta property=\"og:title\" content=\"GRAF 9\" \/>\n<meta property=\"og:description\" content=\"SZERKEZET \u2022 8 mm-es edzett \u00fcveg k\u00fcls\u0151 d\u00edsszel vagy an\u00e9lk\u00fcl, Antisol 8 mm-es anyag\u00e1ban sz\u00ednezett \u00fcveg (GRAF 26 \u00e9s 67 \u00daJDONS\u00c1G ), VSG\/ESG ragasztott \u00e9s edzett \u00fcveg (GRAF 65, 66) vagy fel\u00e1r ellen\u00e9ben ragasztott \u00e9s edzett VSG\/ESG \u00e1ttetsz\u0151 \u00fcveg bels\u0151 fekete sz\u00edn\u0171 d\u00edsszel a GRAF 34, 37, 63, 33, 36, 61-hez \u2022 az \u00fcvegez\u00e9s megford\u00edthat\u00f3 ... Read more\" \/>\n<meta property=\"og:url\" content=\"https:\/\/erkadomagyarorszag.com\/en\/product\/graf-9\/\" \/>\n<meta property=\"og:site_name\" content=\"Erkado Magyarorsz\u00e1g\" \/>\n<meta property=\"article:modified_time\" content=\"2025-10-21T12:33:42+00:00\" \/>\n<meta property=\"og:image\" content=\"https:\/\/erkadomagyarorszag.com\/wp-content\/uploads\/graf-9-vilagosszurke-st-cpl.webp\" \/>\n\t<meta property=\"og:image:width\" content=\"463\" \/>\n\t<meta property=\"og:image:height\" content=\"1024\" \/>\n\t<meta property=\"og:image:type\" content=\"image\/webp\" \/>\n<meta name=\"twitter:card\" content=\"summary_large_image\" \/>\n<meta name=\"twitter:label1\" content=\"Availability\" \/>\n\t<meta name=\"twitter:data1\" content=\"In stock\" \/>\n<script type=\"application\/ld+json\" class=\"yoast-schema-graph\">{\"@context\":\"https:\/\/schema.org\",\"@graph\":[{\"@type\":\"WebPage\",\"@id\":\"https:\/\/erkadomagyarorszag.com\/termek\/graf-9\/\",\"url\":\"https:\/\/erkadomagyarorszag.com\/termek\/graf-9\/\",\"name\":\"GRAF 9 - Erkado Magyarorsz\u00e1g\",\"isPartOf\":{\"@id\":\"https:\/\/erkadomagyarorszag.com\/#website\"},\"primaryImageOfPage\":{\"@id\":\"https:\/\/erkadomagyarorszag.com\/termek\/graf-9\/#primaryimage\"},\"image\":{\"@id\":\"https:\/\/erkadomagyarorszag.com\/termek\/graf-9\/#primaryimage\"},\"thumbnailUrl\":\"https:\/\/erkadomagyarorszag.com\/wp-content\/uploads\/graf-9-vilagosszurke-st-cpl.webp\",\"datePublished\":\"2025-09-02T12:57:20+00:00\",\"dateModified\":\"2025-10-21T12:33:42+00:00\",\"breadcrumb\":{\"@id\":\"https:\/\/erkadomagyarorszag.com\/termek\/graf-9\/#breadcrumb\"},\"inLanguage\":\"en-GB\",\"potentialAction\":[{\"@type\":\"ReadAction\",\"target\":[\"https:\/\/erkadomagyarorszag.com\/termek\/graf-9\/\"]}]},{\"@type\":\"ImageObject\",\"inLanguage\":\"en-GB\",\"@id\":\"https:\/\/erkadomagyarorszag.com\/termek\/graf-9\/#primaryimage\",\"url\":\"https:\/\/erkadomagyarorszag.com\/wp-content\/uploads\/graf-9-vilagosszurke-st-cpl.webp\",\"contentUrl\":\"https:\/\/erkadomagyarorszag.com\/wp-content\/uploads\/graf-9-vilagosszurke-st-cpl.webp\",\"width\":463,\"height\":1024,\"caption\":\"graf-9-vilagosszurke-st-cpl\"},{\"@type\":\"BreadcrumbList\",\"@id\":\"https:\/\/erkadomagyarorszag.com\/termek\/graf-9\/#breadcrumb\",\"itemListElement\":[{\"@type\":\"ListItem\",\"position\":1,\"name\":\"Kezd\u0151lap\",\"item\":\"https:\/\/erkadomagyarorszag.com\/\"},{\"@type\":\"ListItem\",\"position\":2,\"name\":\"Shop\",\"item\":\"https:\/\/erkadomagyarorszag.com\/uzlet\/\"},{\"@type\":\"ListItem\",\"position\":3,\"name\":\"GRAF 9\"}]},{\"@type\":\"WebSite\",\"@id\":\"https:\/\/erkadomagyarorszag.com\/#website\",\"url\":\"https:\/\/erkadomagyarorszag.com\/\",\"name\":\"Erkado Magyarorsz\u00e1g\",\"description\":\"Erkado Magyarorsz\u00e1g\",\"publisher\":{\"@id\":\"https:\/\/erkadomagyarorszag.com\/#organization\"},\"potentialAction\":[{\"@type\":\"SearchAction\",\"target\":{\"@type\":\"EntryPoint\",\"urlTemplate\":\"https:\/\/erkadomagyarorszag.com\/?s={search_term_string}\"},\"query-input\":{\"@type\":\"PropertyValueSpecification\",\"valueRequired\":true,\"valueName\":\"search_term_string\"}}],\"inLanguage\":\"en-GB\"},{\"@type\":\"Organization\",\"@id\":\"https:\/\/erkadomagyarorszag.com\/#organization\",\"name\":\"Erkado Magyarorsz\u00e1g\",\"url\":\"https:\/\/erkadomagyarorszag.com\/\",\"logo\":{\"@type\":\"ImageObject\",\"inLanguage\":\"en-GB\",\"@id\":\"https:\/\/erkadomagyarorszag.com\/#\/schema\/logo\/image\/\",\"url\":\"https:\/\/erkadomagyarorszag.com\/wp-content\/uploads\/Group-24.jpg\",\"contentUrl\":\"https:\/\/erkadomagyarorszag.com\/wp-content\/uploads\/Group-24.jpg\",\"width\":221,\"height\":221,\"caption\":\"Erkado Magyarorsz\u00e1g\"},\"image\":{\"@id\":\"https:\/\/erkadomagyarorszag.com\/#\/schema\/logo\/image\/\"}}]}<\/script>\n<meta property=\"og:availability\" content=\"instock\" \/>\n<meta property=\"product:availability\" content=\"instock\" \/>\n<meta property=\"product:retailer_item_id\" content=\"GRAF -9\" \/>\n<meta property=\"product:condition\" content=\"new\" \/>\n<!-- \/ Yoast SEO Premium plugin. -->","yoast_head_json":{"title":"GRAF 9 - Erkado Magyarorsz\u00e1g","robots":{"index":"index","follow":"follow","max-snippet":"max-snippet:-1","max-image-preview":"max-image-preview:large","max-video-preview":"max-video-preview:-1"},"canonical":"https:\/\/erkadomagyarorszag.com\/en\/product\/graf-9\/","og_locale":"en_GB","og_type":"article","og_title":"GRAF 9","og_description":"SZERKEZET \u2022 8 mm-es edzett \u00fcveg k\u00fcls\u0151 d\u00edsszel vagy an\u00e9lk\u00fcl, Antisol 8 mm-es anyag\u00e1ban sz\u00ednezett \u00fcveg (GRAF 26 \u00e9s 67 \u00daJDONS\u00c1G ), VSG\/ESG ragasztott \u00e9s edzett \u00fcveg (GRAF 65, 66) vagy fel\u00e1r ellen\u00e9ben ragasztott \u00e9s edzett VSG\/ESG \u00e1ttetsz\u0151 \u00fcveg bels\u0151 fekete sz\u00edn\u0171 d\u00edsszel a GRAF 34, 37, 63, 33, 36, 61-hez \u2022 az \u00fcvegez\u00e9s megford\u00edthat\u00f3 ... Read more","og_url":"https:\/\/erkadomagyarorszag.com\/en\/product\/graf-9\/","og_site_name":"Erkado Magyarorsz\u00e1g","article_modified_time":"2025-10-21T12:33:42+00:00","og_image":[{"width":463,"height":1024,"url":"https:\/\/erkadomagyarorszag.com\/wp-content\/uploads\/graf-9-vilagosszurke-st-cpl.webp","type":"image\/webp"}],"twitter_card":"summary_large_image","twitter_misc":{"Availability":"In stock"},"schema":{"@context":"https:\/\/schema.org","@graph":[{"@type":"WebPage","@id":"https:\/\/erkadomagyarorszag.com\/termek\/graf-9\/","url":"https:\/\/erkadomagyarorszag.com\/termek\/graf-9\/","name":"GRAF 9 - Erkado Magyarorsz\u00e1g","isPartOf":{"@id":"https:\/\/erkadomagyarorszag.com\/#website"},"primaryImageOfPage":{"@id":"https:\/\/erkadomagyarorszag.com\/termek\/graf-9\/#primaryimage"},"image":{"@id":"https:\/\/erkadomagyarorszag.com\/termek\/graf-9\/#primaryimage"},"thumbnailUrl":"https:\/\/erkadomagyarorszag.com\/wp-content\/uploads\/graf-9-vilagosszurke-st-cpl.webp","datePublished":"2025-09-02T12:57:20+00:00","dateModified":"2025-10-21T12:33:42+00:00","breadcrumb":{"@id":"https:\/\/erkadomagyarorszag.com\/termek\/graf-9\/#breadcrumb"},"inLanguage":"en-GB","potentialAction":[{"@type":"ReadAction","target":["https:\/\/erkadomagyarorszag.com\/termek\/graf-9\/"]}]},{"@type":"ImageObject","inLanguage":"en-GB","@id":"https:\/\/erkadomagyarorszag.com\/termek\/graf-9\/#primaryimage","url":"https:\/\/erkadomagyarorszag.com\/wp-content\/uploads\/graf-9-vilagosszurke-st-cpl.webp","contentUrl":"https:\/\/erkadomagyarorszag.com\/wp-content\/uploads\/graf-9-vilagosszurke-st-cpl.webp","width":463,"height":1024,"caption":"graf-9-vilagosszurke-st-cpl"},{"@type":"BreadcrumbList","@id":"https:\/\/erkadomagyarorszag.com\/termek\/graf-9\/#breadcrumb","itemListElement":[{"@type":"ListItem","position":1,"name":"Kezd\u0151lap","item":"https:\/\/erkadomagyarorszag.com\/"},{"@type":"ListItem","position":2,"name":"Shop","item":"https:\/\/erkadomagyarorszag.com\/uzlet\/"},{"@type":"ListItem","position":3,"name":"GRAF 9"}]},{"@type":"WebSite","@id":"https:\/\/erkadomagyarorszag.com\/#website","url":"https:\/\/erkadomagyarorszag.com\/","name":"Home - Erkado Hungary","description":"Home - Erkado Hungary","publisher":{"@id":"https:\/\/erkadomagyarorszag.com\/#organization"},"potentialAction":[{"@type":"SearchAction","target":{"@type":"EntryPoint","urlTemplate":"https:\/\/erkadomagyarorszag.com\/?s={search_term_string}"},"query-input":{"@type":"PropertyValueSpecification","valueRequired":true,"valueName":"search_term_string"}}],"inLanguage":"en-GB"},{"@type":"Organization","@id":"https:\/\/erkadomagyarorszag.com\/#organization","name":"Home - Erkado Hungary","url":"https:\/\/erkadomagyarorszag.com\/","logo":{"@type":"ImageObject","inLanguage":"en-GB","@id":"https:\/\/erkadomagyarorszag.com\/#\/schema\/logo\/image\/","url":"https:\/\/erkadomagyarorszag.com\/wp-content\/uploads\/Group-24.jpg","contentUrl":"https:\/\/erkadomagyarorszag.com\/wp-content\/uploads\/Group-24.jpg","width":221,"height":221,"caption":"Erkado Magyarorsz\u00e1g"},"image":{"@id":"https:\/\/erkadomagyarorszag.com\/#\/schema\/logo\/image\/"}}]},"og_availability":"instock","product_availability":"instock","product_retailer_item_id":"GRAF -9","product_condition":"new"},"_links":{"self":[{"href":"https:\/\/erkadomagyarorszag.com\/en\/wp-json\/wp\/v2\/product\/30743","targetHints":{"allow":["GET"]}}],"collection":[{"href":"https:\/\/erkadomagyarorszag.com\/en\/wp-json\/wp\/v2\/product"}],"about":[{"href":"https:\/\/erkadomagyarorszag.com\/en\/wp-json\/wp\/v2\/types\/product"}],"replies":[{"embeddable":true,"href":"https:\/\/erkadomagyarorszag.com\/en\/wp-json\/wp\/v2\/comments?post=30743"}],"version-history":[{"count":2,"href":"https:\/\/erkadomagyarorszag.com\/en\/wp-json\/wp\/v2\/product\/30743\/revisions"}],"predecessor-version":[{"id":39259,"href":"https:\/\/erkadomagyarorszag.com\/en\/wp-json\/wp\/v2\/product\/30743\/revisions\/39259"}],"wp:featuredmedia":[{"embeddable":true,"href":"https:\/\/erkadomagyarorszag.com\/en\/wp-json\/wp\/v2\/media\/26014"}],"wp:attachment":[{"href":"https:\/\/erkadomagyarorszag.com\/en\/wp-json\/wp\/v2\/media?parent=30743"}],"wp:term":[{"taxonomy":"product_brand","embeddable":true,"href":"https:\/\/erkadomagyarorszag.com\/en\/wp-json\/wp\/v2\/product_brand?post=30743"},{"taxonomy":"product_cat","embeddable":true,"href":"https:\/\/erkadomagyarorszag.com\/en\/wp-json\/wp\/v2\/product_cat?post=30743"},{"taxonomy":"product_tag","embeddable":true,"href":"https:\/\/erkadomagyarorszag.com\/en\/wp-json\/wp\/v2\/product_tag?post=30743"}],"curies":[{"name":"wp","href":"https:\/\/api.w.org\/{rel}","templated":true}]}}