{"id":30985,"date":"2025-09-02T12:59:41","date_gmt":"2025-09-02T12:59:41","guid":{"rendered":"https:\/\/erkadomagyarorszag.com\/termek\/miskant-2-2\/"},"modified":"2025-09-18T10:02:41","modified_gmt":"2025-09-18T08:02:41","slug":"miskant-2-2","status":"publish","type":"product","link":"https:\/\/erkadomagyarorszag.com\/en\/product\/miskant-2-2\/","title":{"rendered":"MISKANT 2"},"content":{"rendered":"<p><strong>STRUCTURE<\/strong><br \/>\n\u2022 falcos, falc n\u00e9lk\u00fcli ajt\u00f3sz\u00e1rny vagy fel\u00e1r ellen\u00e9ben ford\u00edtott STILE technol\u00f3gi\u00e1val k\u00e9sz\u00fclt<br \/>\najt\u00f3sz\u00e1rny<br \/>\n\u2022 f\u00fcgg\u0151leges \u00e9s v\u00edzszintes MDF keretelemek, furn\u00e9rral bor\u00edtva \u00e9s UV-\u00e1ll\u00f3 lakkal festve<br \/>\n\u2022 opcion\u00e1lisan, fel\u00e1r ellen\u00e9ben, HDF- \u00e9s MDF-lapokkal burkolt f\u00fcgg\u0151leges ragasztott<br \/>\nr\u00e9tegeltfa-keretek<br \/>\n\u2022 opcion\u00e1lisan fel\u00e1r ellen\u00e9ben ajt\u00f3tok-sz\u00e9les\u00edt\u0151 panelek, valamint korona d\u00edszl\u00e9c \u00e9s<br \/>\npilaszterek 151-153. o.<br \/>\n\u2022 az ajt\u00f3sz\u00e1rny \u00f6n\u00e1ll\u00f3an ler\u00f6vid\u00edthet\u0151, r\u00e9szletek a 149. oldalon.<\/p>\n<p class=\"translation-block\"><strong>DESIGN<\/strong><br>\n\u2022 water-based varnished, UV-protected, high-wear resistant<br>\nwings and frame<\/p>\n<p class=\"translation-block\"><strong>HARDWARE<\/strong><br>\n\u2022 three, 2-pin silver hinges in the rebated door leaf with horizontal adjustment<br>\n\u2022 three, silver-colored (optionally black at an additional cost) concealed hinges in the non-rebated door leaf; the hinges are delivered and priced with the door frame<br>\n\u2022 deadbolt lock in the rebated door leaf, key lock in the non-rebated door leaf,<br>\nlock insert, keyless or bathroom lock mechanism magnetic lock in silver<br>\n; optional black or gold magnetic lock at an additional cost<\/p>\n<p class=\"translation-block\"><strong>GLAZING<\/strong><br>\n\u2022 tempered frosted glass (MISKANT 2, 4, 6) or transparent (MISKANT 1, 3, 5), thickness 4 mm or<br>\nat an additional cost VSG laminated glass with interior decoration<br>\n\u2022 the glazing can be reversed to REWERS type (standard glazing: AWERS)<br>\n\u2022 18 mm wide (thick) black lines screen-printed on one side of the glass<br><\/p>\n<p class=\"translation-block\"><strong>EXTRAS AT A CHARGE<\/strong><br>\nfactory drilling for door handles (so-called split) with a leaf, in case of ordering in a set<br>\ninverted door leaf<br>\nglued VSG transparent glass with interior decoration in black or white<br>\nrecuperation gap standard or mini, ventilation undercut standard or mini (p. 149)<br>\nrebated and non-rebated door leaf in size \"100\"<br>\nmetal hinge cover in the rebated door leaf (color: brushed nickel, patina,<br>\npolished chrome, polished brass, white and black);<br>\nautomatic threshold 1)<br>\nreplacement for black or gold magnetic lock for non-rebated door leaves<br>\nreplacement for black or gold hinges and closing plate for non-rebated door leaves<br>\nmagnetic limiter (stop) 1)<br>\n(available in six colours p. 149)<br>\nvertical frame elements made of glued wood<\/p>","protected":false},"excerpt":{"rendered":"<p>SZERKEZET \u2022 falcos, falc n\u00e9lk\u00fcli ajt\u00f3sz\u00e1rny vagy fel\u00e1r ellen\u00e9ben ford\u00edtott STILE technol\u00f3gi\u00e1val k\u00e9sz\u00fclt ajt\u00f3sz\u00e1rny \u2022 f\u00fcgg\u0151leges \u00e9s v\u00edzszintes MDF keretelemek, furn\u00e9rral bor\u00edtva \u00e9s UV-\u00e1ll\u00f3 lakkal festve \u2022 opcion\u00e1lisan, fel\u00e1r ellen\u00e9ben, HDF- \u00e9s MDF-lapokkal burkolt f\u00fcgg\u0151leges ragasztott r\u00e9tegeltfa-keretek \u2022 opcion\u00e1lisan fel\u00e1r ellen\u00e9ben ajt\u00f3tok-sz\u00e9les\u00edt\u0151 panelek, valamint korona d\u00edszl\u00e9c \u00e9s pilaszterek 151-153. o. \u2022 az ajt\u00f3sz\u00e1rny \u00f6n\u00e1ll\u00f3an ler\u00f6vid\u00edthet\u0151, &#8230; <a title=\"MISKANT 2\" class=\"read-more\" href=\"https:\/\/erkadomagyarorszag.com\/en\/product\/miskant-2-2\/\" aria-label=\"Read more about MISKANT 2\">Read more<\/a><\/p>","protected":false},"featured_media":24396,"comment_status":"closed","ping_status":"closed","template":"","meta":[],"product_brand":[271],"product_cat":[17,444],"product_tag":[273],"class_list":{"0":"post-30985","1":"product","2":"type-product","3":"status-publish","4":"has-post-thumbnail","6":"product_brand-miskant","7":"product_cat-belteri-ajtok","8":"product_cat-lakkozott-ajtok","9":"product_tag-belteri-ajtoerkadomiskant-2","10":"pa_valaszthato-szinek-lakkozott-titan-feher-uv","12":"first","13":"instock","14":"purchasable","15":"product-type-simple"},"yoast_head":"<!-- This site is optimized with the Yoast SEO Premium plugin v26.2 (Yoast SEO v26.6) - https:\/\/yoast.com\/wordpress\/plugins\/seo\/ -->\n<title>MISKANT 2 - Erkado Magyarorsz\u00e1g<\/title>\n<meta name=\"robots\" content=\"index, follow, max-snippet:-1, max-image-preview:large, max-video-preview:-1\" \/>\n<link rel=\"canonical\" href=\"https:\/\/erkadomagyarorszag.com\/en\/product\/miskant-2-2\/\" \/>\n<meta property=\"og:locale\" content=\"en_GB\" \/>\n<meta property=\"og:type\" content=\"article\" \/>\n<meta property=\"og:title\" content=\"MISKANT 2\" \/>\n<meta property=\"og:description\" content=\"SZERKEZET \u2022 falcos, falc n\u00e9lk\u00fcli ajt\u00f3sz\u00e1rny vagy fel\u00e1r ellen\u00e9ben ford\u00edtott STILE technol\u00f3gi\u00e1val k\u00e9sz\u00fclt ajt\u00f3sz\u00e1rny \u2022 f\u00fcgg\u0151leges \u00e9s v\u00edzszintes MDF keretelemek, furn\u00e9rral bor\u00edtva \u00e9s UV-\u00e1ll\u00f3 lakkal festve \u2022 opcion\u00e1lisan, fel\u00e1r ellen\u00e9ben, HDF- \u00e9s MDF-lapokkal burkolt f\u00fcgg\u0151leges ragasztott r\u00e9tegeltfa-keretek \u2022 opcion\u00e1lisan fel\u00e1r ellen\u00e9ben ajt\u00f3tok-sz\u00e9les\u00edt\u0151 panelek, valamint korona d\u00edszl\u00e9c \u00e9s pilaszterek 151-153. o. \u2022 az ajt\u00f3sz\u00e1rny \u00f6n\u00e1ll\u00f3an ler\u00f6vid\u00edthet\u0151, ... Read more\" \/>\n<meta property=\"og:url\" content=\"https:\/\/erkadomagyarorszag.com\/en\/product\/miskant-2-2\/\" \/>\n<meta property=\"og:site_name\" content=\"Erkado Magyarorsz\u00e1g\" \/>\n<meta property=\"article:modified_time\" content=\"2025-09-18T08:02:41+00:00\" \/>\n<meta property=\"og:image\" content=\"https:\/\/erkadomagyarorszag.com\/wp-content\/uploads\/miskant-2-lakkozott-titan-feher-uv.webp\" \/>\n\t<meta property=\"og:image:width\" content=\"478\" \/>\n\t<meta property=\"og:image:height\" content=\"1024\" \/>\n\t<meta property=\"og:image:type\" content=\"image\/webp\" \/>\n<meta name=\"twitter:card\" content=\"summary_large_image\" \/>\n<meta name=\"twitter:label1\" content=\"Price\" \/>\n\t<meta name=\"twitter:data1\" content=\"0,00&nbsp;&#070;&#116;\" \/>\n\t<meta name=\"twitter:label2\" content=\"Availability\" \/>\n\t<meta name=\"twitter:data2\" content=\"In stock\" \/>\n<script type=\"application\/ld+json\" class=\"yoast-schema-graph\">{\"@context\":\"https:\/\/schema.org\",\"@graph\":[{\"@type\":\"WebPage\",\"@id\":\"https:\/\/erkadomagyarorszag.com\/en\/product\/miskant-2-2\/\",\"url\":\"https:\/\/erkadomagyarorszag.com\/en\/product\/miskant-2-2\/\",\"name\":\"MISKANT 2 - Erkado Magyarorsz\u00e1g\",\"isPartOf\":{\"@id\":\"https:\/\/erkadomagyarorszag.com\/#website\"},\"primaryImageOfPage\":{\"@id\":\"https:\/\/erkadomagyarorszag.com\/en\/product\/miskant-2-2\/#primaryimage\"},\"image\":{\"@id\":\"https:\/\/erkadomagyarorszag.com\/en\/product\/miskant-2-2\/#primaryimage\"},\"thumbnailUrl\":\"https:\/\/erkadomagyarorszag.com\/wp-content\/uploads\/miskant-2-lakkozott-titan-feher-uv.webp\",\"datePublished\":\"2025-09-02T12:59:41+00:00\",\"dateModified\":\"2025-09-18T08:02:41+00:00\",\"breadcrumb\":{\"@id\":\"https:\/\/erkadomagyarorszag.com\/en\/product\/miskant-2-2\/#breadcrumb\"},\"inLanguage\":\"en-GB\",\"potentialAction\":[{\"@type\":\"ReadAction\",\"target\":[\"https:\/\/erkadomagyarorszag.com\/en\/product\/miskant-2-2\/\"]}]},{\"@type\":\"ImageObject\",\"inLanguage\":\"en-GB\",\"@id\":\"https:\/\/erkadomagyarorszag.com\/en\/product\/miskant-2-2\/#primaryimage\",\"url\":\"https:\/\/erkadomagyarorszag.com\/wp-content\/uploads\/miskant-2-lakkozott-titan-feher-uv.webp\",\"contentUrl\":\"https:\/\/erkadomagyarorszag.com\/wp-content\/uploads\/miskant-2-lakkozott-titan-feher-uv.webp\",\"width\":478,\"height\":1024,\"caption\":\"miskant-2-lakkozott-titan-feher-uv\"},{\"@type\":\"BreadcrumbList\",\"@id\":\"https:\/\/erkadomagyarorszag.com\/en\/product\/miskant-2-2\/#breadcrumb\",\"itemListElement\":[{\"@type\":\"ListItem\",\"position\":1,\"name\":\"Kezd\u0151lap\",\"item\":\"https:\/\/erkadomagyarorszag.com\/\"},{\"@type\":\"ListItem\",\"position\":2,\"name\":\"Shop\",\"item\":\"https:\/\/erkadomagyarorszag.com\/uzlet\/\"},{\"@type\":\"ListItem\",\"position\":3,\"name\":\"MISKANT 2\"}]},{\"@type\":\"WebSite\",\"@id\":\"https:\/\/erkadomagyarorszag.com\/#website\",\"url\":\"https:\/\/erkadomagyarorszag.com\/\",\"name\":\"Erkado Magyarorsz\u00e1g\",\"description\":\"Erkado Magyarorsz\u00e1g\",\"publisher\":{\"@id\":\"https:\/\/erkadomagyarorszag.com\/#organization\"},\"potentialAction\":[{\"@type\":\"SearchAction\",\"target\":{\"@type\":\"EntryPoint\",\"urlTemplate\":\"https:\/\/erkadomagyarorszag.com\/?s={search_term_string}\"},\"query-input\":{\"@type\":\"PropertyValueSpecification\",\"valueRequired\":true,\"valueName\":\"search_term_string\"}}],\"inLanguage\":\"en-GB\"},{\"@type\":\"Organization\",\"@id\":\"https:\/\/erkadomagyarorszag.com\/#organization\",\"name\":\"Erkado Magyarorsz\u00e1g\",\"url\":\"https:\/\/erkadomagyarorszag.com\/\",\"logo\":{\"@type\":\"ImageObject\",\"inLanguage\":\"en-GB\",\"@id\":\"https:\/\/erkadomagyarorszag.com\/#\/schema\/logo\/image\/\",\"url\":\"https:\/\/erkadomagyarorszag.com\/wp-content\/uploads\/Group-24.jpg\",\"contentUrl\":\"https:\/\/erkadomagyarorszag.com\/wp-content\/uploads\/Group-24.jpg\",\"width\":221,\"height\":221,\"caption\":\"Erkado Magyarorsz\u00e1g\"},\"image\":{\"@id\":\"https:\/\/erkadomagyarorszag.com\/#\/schema\/logo\/image\/\"}}]}<\/script>\n<meta property=\"product:price:amount\" content=\"0.00\" \/>\n<meta property=\"product:price:currency\" content=\"HUF\" \/>\n<meta property=\"og:availability\" content=\"instock\" \/>\n<meta property=\"product:availability\" content=\"instock\" \/>\n<meta property=\"product:retailer_item_id\" content=\"MISKA-2\" \/>\n<meta property=\"product:condition\" content=\"new\" \/>\n<!-- \/ Yoast SEO Premium plugin. -->","yoast_head_json":{"title":"MISKANT 2 - Erkado Magyarorsz\u00e1g","robots":{"index":"index","follow":"follow","max-snippet":"max-snippet:-1","max-image-preview":"max-image-preview:large","max-video-preview":"max-video-preview:-1"},"canonical":"https:\/\/erkadomagyarorszag.com\/en\/product\/miskant-2-2\/","og_locale":"en_GB","og_type":"article","og_title":"MISKANT 2","og_description":"SZERKEZET \u2022 falcos, falc n\u00e9lk\u00fcli ajt\u00f3sz\u00e1rny vagy fel\u00e1r ellen\u00e9ben ford\u00edtott STILE technol\u00f3gi\u00e1val k\u00e9sz\u00fclt ajt\u00f3sz\u00e1rny \u2022 f\u00fcgg\u0151leges \u00e9s v\u00edzszintes MDF keretelemek, furn\u00e9rral bor\u00edtva \u00e9s UV-\u00e1ll\u00f3 lakkal festve \u2022 opcion\u00e1lisan, fel\u00e1r ellen\u00e9ben, HDF- \u00e9s MDF-lapokkal burkolt f\u00fcgg\u0151leges ragasztott r\u00e9tegeltfa-keretek \u2022 opcion\u00e1lisan fel\u00e1r ellen\u00e9ben ajt\u00f3tok-sz\u00e9les\u00edt\u0151 panelek, valamint korona d\u00edszl\u00e9c \u00e9s pilaszterek 151-153. o. \u2022 az ajt\u00f3sz\u00e1rny \u00f6n\u00e1ll\u00f3an ler\u00f6vid\u00edthet\u0151, ... Read more","og_url":"https:\/\/erkadomagyarorszag.com\/en\/product\/miskant-2-2\/","og_site_name":"Erkado Magyarorsz\u00e1g","article_modified_time":"2025-09-18T08:02:41+00:00","og_image":[{"width":478,"height":1024,"url":"https:\/\/erkadomagyarorszag.com\/wp-content\/uploads\/miskant-2-lakkozott-titan-feher-uv.webp","type":"image\/webp"}],"twitter_card":"summary_large_image","twitter_misc":{"Price":"0,00&nbsp;&#70;&#116;","Availability":"In stock"},"schema":{"@context":"https:\/\/schema.org","@graph":[{"@type":"WebPage","@id":"https:\/\/erkadomagyarorszag.com\/en\/product\/miskant-2-2\/","url":"https:\/\/erkadomagyarorszag.com\/en\/product\/miskant-2-2\/","name":"MISKANT 2 - Erkado Magyarorsz\u00e1g","isPartOf":{"@id":"https:\/\/erkadomagyarorszag.com\/#website"},"primaryImageOfPage":{"@id":"https:\/\/erkadomagyarorszag.com\/en\/product\/miskant-2-2\/#primaryimage"},"image":{"@id":"https:\/\/erkadomagyarorszag.com\/en\/product\/miskant-2-2\/#primaryimage"},"thumbnailUrl":"https:\/\/erkadomagyarorszag.com\/wp-content\/uploads\/miskant-2-lakkozott-titan-feher-uv.webp","datePublished":"2025-09-02T12:59:41+00:00","dateModified":"2025-09-18T08:02:41+00:00","breadcrumb":{"@id":"https:\/\/erkadomagyarorszag.com\/en\/product\/miskant-2-2\/#breadcrumb"},"inLanguage":"en-GB","potentialAction":[{"@type":"ReadAction","target":["https:\/\/erkadomagyarorszag.com\/en\/product\/miskant-2-2\/"]}]},{"@type":"ImageObject","inLanguage":"en-GB","@id":"https:\/\/erkadomagyarorszag.com\/en\/product\/miskant-2-2\/#primaryimage","url":"https:\/\/erkadomagyarorszag.com\/wp-content\/uploads\/miskant-2-lakkozott-titan-feher-uv.webp","contentUrl":"https:\/\/erkadomagyarorszag.com\/wp-content\/uploads\/miskant-2-lakkozott-titan-feher-uv.webp","width":478,"height":1024,"caption":"miskant-2-lakkozott-titan-feher-uv"},{"@type":"BreadcrumbList","@id":"https:\/\/erkadomagyarorszag.com\/en\/product\/miskant-2-2\/#breadcrumb","itemListElement":[{"@type":"ListItem","position":1,"name":"Kezd\u0151lap","item":"https:\/\/erkadomagyarorszag.com\/"},{"@type":"ListItem","position":2,"name":"Shop","item":"https:\/\/erkadomagyarorszag.com\/uzlet\/"},{"@type":"ListItem","position":3,"name":"MISKANT 2"}]},{"@type":"WebSite","@id":"https:\/\/erkadomagyarorszag.com\/#website","url":"https:\/\/erkadomagyarorszag.com\/","name":"Home - Erkado Hungary","description":"Home - Erkado Hungary","publisher":{"@id":"https:\/\/erkadomagyarorszag.com\/#organization"},"potentialAction":[{"@type":"SearchAction","target":{"@type":"EntryPoint","urlTemplate":"https:\/\/erkadomagyarorszag.com\/?s={search_term_string}"},"query-input":{"@type":"PropertyValueSpecification","valueRequired":true,"valueName":"search_term_string"}}],"inLanguage":"en-GB"},{"@type":"Organization","@id":"https:\/\/erkadomagyarorszag.com\/#organization","name":"Home - Erkado Hungary","url":"https:\/\/erkadomagyarorszag.com\/","logo":{"@type":"ImageObject","inLanguage":"en-GB","@id":"https:\/\/erkadomagyarorszag.com\/#\/schema\/logo\/image\/","url":"https:\/\/erkadomagyarorszag.com\/wp-content\/uploads\/Group-24.jpg","contentUrl":"https:\/\/erkadomagyarorszag.com\/wp-content\/uploads\/Group-24.jpg","width":221,"height":221,"caption":"Erkado Magyarorsz\u00e1g"},"image":{"@id":"https:\/\/erkadomagyarorszag.com\/#\/schema\/logo\/image\/"}}]},"product_price_amount":"0.00","product_price_currency":"HUF","og_availability":"instock","product_availability":"instock","product_retailer_item_id":"MISKA-2","product_condition":"new"},"_links":{"self":[{"href":"https:\/\/erkadomagyarorszag.com\/en\/wp-json\/wp\/v2\/product\/30985","targetHints":{"allow":["GET"]}}],"collection":[{"href":"https:\/\/erkadomagyarorszag.com\/en\/wp-json\/wp\/v2\/product"}],"about":[{"href":"https:\/\/erkadomagyarorszag.com\/en\/wp-json\/wp\/v2\/types\/product"}],"replies":[{"embeddable":true,"href":"https:\/\/erkadomagyarorszag.com\/en\/wp-json\/wp\/v2\/comments?post=30985"}],"version-history":[{"count":2,"href":"https:\/\/erkadomagyarorszag.com\/en\/wp-json\/wp\/v2\/product\/30985\/revisions"}],"predecessor-version":[{"id":38629,"href":"https:\/\/erkadomagyarorszag.com\/en\/wp-json\/wp\/v2\/product\/30985\/revisions\/38629"}],"wp:featuredmedia":[{"embeddable":true,"href":"https:\/\/erkadomagyarorszag.com\/en\/wp-json\/wp\/v2\/media\/24396"}],"wp:attachment":[{"href":"https:\/\/erkadomagyarorszag.com\/en\/wp-json\/wp\/v2\/media?parent=30985"}],"wp:term":[{"taxonomy":"product_brand","embeddable":true,"href":"https:\/\/erkadomagyarorszag.com\/en\/wp-json\/wp\/v2\/product_brand?post=30985"},{"taxonomy":"product_cat","embeddable":true,"href":"https:\/\/erkadomagyarorszag.com\/en\/wp-json\/wp\/v2\/product_cat?post=30985"},{"taxonomy":"product_tag","embeddable":true,"href":"https:\/\/erkadomagyarorszag.com\/en\/wp-json\/wp\/v2\/product_tag?post=30985"}],"curies":[{"name":"wp","href":"https:\/\/api.w.org\/{rel}","templated":true}]}}