{"id":31009,"date":"2025-09-03T06:24:07","date_gmt":"2025-09-03T06:24:07","guid":{"rendered":"https:\/\/erkadomagyarorszag.com\/termek\/nemezja-7-l\/"},"modified":"2025-09-17T14:38:20","modified_gmt":"2025-09-17T12:38:20","slug":"nemezja-7-l","status":"publish","type":"product","link":"https:\/\/erkadomagyarorszag.com\/en\/product\/nemezja-7-l\/","title":{"rendered":"NEMEZJA 7-L"},"content":{"rendered":"<p class=\"translation-block\"><span><strong>STRUCTURE<\/strong><br>\n\u2022 rebated, non-rebated door leaf or, at an additional cost, a door leaf made with the reversed STILE technology<br>\n\n\u2022 vertical and horizontal MDF frame elements, covered with veneer and painted with UV-resistant varnish<br>\n\u2022 optionally, at an additional cost, vertical glued laminated timber frames covered with HDF and MDF boards<br>\n\u2022 16 mm thick faceted and smooth HDF boards (FEEL 15), with UV-resistant varnish<br>\n\u2022 optionally, at an additional cost, door frame widening panels, as well as crown molding and<br>\npilasters, p. 151-153.<br>\n\u2022 the door leaf can be shortened independently, details on p. 149.<\/span><\/p>\n<p class=\"translation-block\"><strong>DESIGN<\/strong><br>\n\u2022 water-based varnished, UV-protected, high-wear resistant<br>\nwings and frame<\/p>\n<p class=\"translation-block\"><strong>HARDWARE<\/strong><br>\n\u2022 three, 2-pin silver hinges in the rebated door leaf with horizontal adjustment<br>\n\u2022 three, silver-colored (optionally black at an additional cost) concealed hinges in the non-rebated door leaf; the hinges are delivered and priced with the door frame<br>\n\u2022 deadbolt lock in the rebated door leaf, key lock in the non-rebated door leaf,<br>\nlock insert, keyless or bathroom lock mechanism magnetic lock in silver<br>\n; optional black or gold magnetic lock at an additional cost<\/p>\n<p class=\"translation-block\"><strong>GLAZING<\/strong><br>\n\u2022 tempered, milky white or transparent glass as standard, and laminated safety glass at an additional cost<br>\n221 safety glass, milky white or black, smooth or decorative on both sides<br>\ntempered glass 4 mm relief and point for the NEW FELT 4, 7, 11, 15 models<br>\n(relief and point glass is smooth on one side)<br>\n\u2022 the glazing can be reversed to REWERS type (standard glazing: AWERS)<\/p>\n<p class=\"translation-block\"><strong>EXTRAS AT A CHARGE<\/strong><br>\nfactory drilling for door handles (so-called split) with a leaf, when ordered in a set<br>\nin the case of<br>\nreversed door leaf<br>\nrecuperation gap standard or mini, ventilation undercut standard or mini (p. 149)<br>\nrebated and non-rebated door leaf in size \u201e100\u201c<br>\nmetal hinge cover in the rebated door leaf (colour: brushed nickel, patina,<br>\npolished chrome, polished brass, white and black);<br>\nVSG 221 laminated safety glass, plain glass or decorative glass on both sides<br>\nautomatic threshold 1)<br>\nreplacement for black or gold magnetic lock for non-rebated door leaves<br>\nreplacement for black or gold hinges and strike plate for non-rebated door leaves<br>\nmagnetic limiter (stop) 1)<br>\n(available in six colours p. 149)<br>\nPL2112 standard +15% to the price of the sash before surcharge<br>\nglued wood vertical frame elements<\/p>","protected":false},"excerpt":{"rendered":"<p>SZERKEZET \u2022 falcos, falc n\u00e9lk\u00fcli ajt\u00f3sz\u00e1rny vagy fel\u00e1r ellen\u00e9ben ford\u00edtott STILE technol\u00f3gi\u00e1val k\u00e9sz\u00fclt ajt\u00f3sz\u00e1rny \u2022 f\u00fcgg\u0151leges \u00e9s v\u00edzszintes MDF keretelemek, furn\u00e9rral bor\u00edtva \u00e9s UV-\u00e1ll\u00f3 lakkal festve \u2022 opcion\u00e1lisan, fel\u00e1r ellen\u00e9ben, HDF- \u00e9s MDF-lapokkal burkolt f\u00fcgg\u0151leges ragasztott r\u00e9tegeltfa-keretek \u2022 16 mm vastag fazett\u00e1zott \u00e9s sima HDF-lapok (NEMEZJA 15), UV ellen\u00e1ll\u00f3 lakkoz\u00e1ssal \u2022 opcion\u00e1lisan fel\u00e1r ellen\u00e9ben ajt\u00f3tok-sz\u00e9les\u00edt\u0151 &#8230; <a title=\"NEMEZJA 7-L\" class=\"read-more\" href=\"https:\/\/erkadomagyarorszag.com\/en\/product\/nemezja-7-l\/\" aria-label=\"Read more about NEMEZJA 7-L\">Read more<\/a><\/p>","protected":false},"featured_media":22555,"comment_status":"closed","ping_status":"closed","template":"","meta":[],"product_brand":[84],"product_cat":[17,445,444],"product_tag":[154],"class_list":{"0":"post-31009","1":"product","2":"type-product","3":"status-publish","4":"has-post-thumbnail","6":"product_brand-nemezja","7":"product_cat-belteri-ajtok","8":"product_cat-top-5-termek","9":"product_cat-lakkozott-ajtok","10":"product_tag-belteri-ajtoerkadonemezja-7","11":"pa_valaszthato-szinek-lakkozott-titan-feher-uv","13":"first","14":"instock","15":"purchasable","16":"product-type-simple"},"yoast_head":"<!-- This site is optimized with the Yoast SEO Premium plugin v26.2 (Yoast SEO v26.6) - https:\/\/yoast.com\/wordpress\/plugins\/seo\/ -->\n<title>NEMEZJA 7-L - Erkado Magyarorsz\u00e1g<\/title>\n<meta name=\"robots\" content=\"index, follow, max-snippet:-1, max-image-preview:large, max-video-preview:-1\" \/>\n<link rel=\"canonical\" href=\"https:\/\/erkadomagyarorszag.com\/en\/product\/nemezja-7-l\/\" \/>\n<meta property=\"og:locale\" content=\"en_GB\" \/>\n<meta property=\"og:type\" content=\"article\" \/>\n<meta property=\"og:title\" content=\"NEMEZJA 7-L\" \/>\n<meta property=\"og:description\" content=\"SZERKEZET \u2022 falcos, falc n\u00e9lk\u00fcli ajt\u00f3sz\u00e1rny vagy fel\u00e1r ellen\u00e9ben ford\u00edtott STILE technol\u00f3gi\u00e1val k\u00e9sz\u00fclt ajt\u00f3sz\u00e1rny \u2022 f\u00fcgg\u0151leges \u00e9s v\u00edzszintes MDF keretelemek, furn\u00e9rral bor\u00edtva \u00e9s UV-\u00e1ll\u00f3 lakkal festve \u2022 opcion\u00e1lisan, fel\u00e1r ellen\u00e9ben, HDF- \u00e9s MDF-lapokkal burkolt f\u00fcgg\u0151leges ragasztott r\u00e9tegeltfa-keretek \u2022 16 mm vastag fazett\u00e1zott \u00e9s sima HDF-lapok (NEMEZJA 15), UV ellen\u00e1ll\u00f3 lakkoz\u00e1ssal \u2022 opcion\u00e1lisan fel\u00e1r ellen\u00e9ben ajt\u00f3tok-sz\u00e9les\u00edt\u0151 ... Read more\" \/>\n<meta property=\"og:url\" content=\"https:\/\/erkadomagyarorszag.com\/en\/product\/nemezja-7-l\/\" \/>\n<meta property=\"og:site_name\" content=\"Erkado Magyarorsz\u00e1g\" \/>\n<meta property=\"article:modified_time\" content=\"2025-09-17T12:38:20+00:00\" \/>\n<meta property=\"og:image\" content=\"https:\/\/erkadomagyarorszag.com\/wp-content\/uploads\/nemezja-7-lakkozott-titan-feher-uv.webp\" \/>\n\t<meta property=\"og:image:width\" content=\"464\" \/>\n\t<meta property=\"og:image:height\" content=\"1024\" \/>\n\t<meta property=\"og:image:type\" content=\"image\/webp\" \/>\n<meta name=\"twitter:card\" content=\"summary_large_image\" \/>\n<meta name=\"twitter:label1\" content=\"Price\" \/>\n\t<meta name=\"twitter:data1\" content=\"0,00&nbsp;&#070;&#116;\" \/>\n\t<meta name=\"twitter:label2\" content=\"Availability\" \/>\n\t<meta name=\"twitter:data2\" content=\"In stock\" \/>\n<script type=\"application\/ld+json\" class=\"yoast-schema-graph\">{\"@context\":\"https:\/\/schema.org\",\"@graph\":[{\"@type\":\"WebPage\",\"@id\":\"https:\/\/erkadomagyarorszag.com\/termek\/nemezja-7-l\/\",\"url\":\"https:\/\/erkadomagyarorszag.com\/termek\/nemezja-7-l\/\",\"name\":\"NEMEZJA 7-L - Erkado Magyarorsz\u00e1g\",\"isPartOf\":{\"@id\":\"https:\/\/erkadomagyarorszag.com\/#website\"},\"primaryImageOfPage\":{\"@id\":\"https:\/\/erkadomagyarorszag.com\/termek\/nemezja-7-l\/#primaryimage\"},\"image\":{\"@id\":\"https:\/\/erkadomagyarorszag.com\/termek\/nemezja-7-l\/#primaryimage\"},\"thumbnailUrl\":\"https:\/\/erkadomagyarorszag.com\/wp-content\/uploads\/nemezja-7-lakkozott-titan-feher-uv.webp\",\"datePublished\":\"2025-09-03T06:24:07+00:00\",\"dateModified\":\"2025-09-17T12:38:20+00:00\",\"breadcrumb\":{\"@id\":\"https:\/\/erkadomagyarorszag.com\/termek\/nemezja-7-l\/#breadcrumb\"},\"inLanguage\":\"en-GB\",\"potentialAction\":[{\"@type\":\"ReadAction\",\"target\":[\"https:\/\/erkadomagyarorszag.com\/termek\/nemezja-7-l\/\"]}]},{\"@type\":\"ImageObject\",\"inLanguage\":\"en-GB\",\"@id\":\"https:\/\/erkadomagyarorszag.com\/termek\/nemezja-7-l\/#primaryimage\",\"url\":\"https:\/\/erkadomagyarorszag.com\/wp-content\/uploads\/nemezja-7-lakkozott-titan-feher-uv.webp\",\"contentUrl\":\"https:\/\/erkadomagyarorszag.com\/wp-content\/uploads\/nemezja-7-lakkozott-titan-feher-uv.webp\",\"width\":464,\"height\":1024,\"caption\":\"nemezja-7-lakkozott-titan-feher-uv\"},{\"@type\":\"BreadcrumbList\",\"@id\":\"https:\/\/erkadomagyarorszag.com\/termek\/nemezja-7-l\/#breadcrumb\",\"itemListElement\":[{\"@type\":\"ListItem\",\"position\":1,\"name\":\"Kezd\u0151lap\",\"item\":\"https:\/\/erkadomagyarorszag.com\/\"},{\"@type\":\"ListItem\",\"position\":2,\"name\":\"Shop\",\"item\":\"https:\/\/erkadomagyarorszag.com\/uzlet\/\"},{\"@type\":\"ListItem\",\"position\":3,\"name\":\"NEMEZJA 7-L\"}]},{\"@type\":\"WebSite\",\"@id\":\"https:\/\/erkadomagyarorszag.com\/#website\",\"url\":\"https:\/\/erkadomagyarorszag.com\/\",\"name\":\"Erkado Magyarorsz\u00e1g\",\"description\":\"Erkado Magyarorsz\u00e1g\",\"publisher\":{\"@id\":\"https:\/\/erkadomagyarorszag.com\/#organization\"},\"potentialAction\":[{\"@type\":\"SearchAction\",\"target\":{\"@type\":\"EntryPoint\",\"urlTemplate\":\"https:\/\/erkadomagyarorszag.com\/?s={search_term_string}\"},\"query-input\":{\"@type\":\"PropertyValueSpecification\",\"valueRequired\":true,\"valueName\":\"search_term_string\"}}],\"inLanguage\":\"en-GB\"},{\"@type\":\"Organization\",\"@id\":\"https:\/\/erkadomagyarorszag.com\/#organization\",\"name\":\"Erkado Magyarorsz\u00e1g\",\"url\":\"https:\/\/erkadomagyarorszag.com\/\",\"logo\":{\"@type\":\"ImageObject\",\"inLanguage\":\"en-GB\",\"@id\":\"https:\/\/erkadomagyarorszag.com\/#\/schema\/logo\/image\/\",\"url\":\"https:\/\/erkadomagyarorszag.com\/wp-content\/uploads\/Group-24.jpg\",\"contentUrl\":\"https:\/\/erkadomagyarorszag.com\/wp-content\/uploads\/Group-24.jpg\",\"width\":221,\"height\":221,\"caption\":\"Erkado Magyarorsz\u00e1g\"},\"image\":{\"@id\":\"https:\/\/erkadomagyarorszag.com\/#\/schema\/logo\/image\/\"}}]}<\/script>\n<meta property=\"product:price:amount\" content=\"0.00\" \/>\n<meta property=\"product:price:currency\" content=\"HUF\" \/>\n<meta property=\"og:availability\" content=\"instock\" \/>\n<meta property=\"product:availability\" content=\"instock\" \/>\n<meta property=\"product:retailer_item_id\" content=\"NEMEZJA-6\" \/>\n<meta property=\"product:condition\" content=\"new\" \/>\n<!-- \/ Yoast SEO Premium plugin. -->","yoast_head_json":{"title":"NEMEZJA 7-L - Erkado Magyarorsz\u00e1g","robots":{"index":"index","follow":"follow","max-snippet":"max-snippet:-1","max-image-preview":"max-image-preview:large","max-video-preview":"max-video-preview:-1"},"canonical":"https:\/\/erkadomagyarorszag.com\/en\/product\/nemezja-7-l\/","og_locale":"en_GB","og_type":"article","og_title":"NEMEZJA 7-L","og_description":"SZERKEZET \u2022 falcos, falc n\u00e9lk\u00fcli ajt\u00f3sz\u00e1rny vagy fel\u00e1r ellen\u00e9ben ford\u00edtott STILE technol\u00f3gi\u00e1val k\u00e9sz\u00fclt ajt\u00f3sz\u00e1rny \u2022 f\u00fcgg\u0151leges \u00e9s v\u00edzszintes MDF keretelemek, furn\u00e9rral bor\u00edtva \u00e9s UV-\u00e1ll\u00f3 lakkal festve \u2022 opcion\u00e1lisan, fel\u00e1r ellen\u00e9ben, HDF- \u00e9s MDF-lapokkal burkolt f\u00fcgg\u0151leges ragasztott r\u00e9tegeltfa-keretek \u2022 16 mm vastag fazett\u00e1zott \u00e9s sima HDF-lapok (NEMEZJA 15), UV ellen\u00e1ll\u00f3 lakkoz\u00e1ssal \u2022 opcion\u00e1lisan fel\u00e1r ellen\u00e9ben ajt\u00f3tok-sz\u00e9les\u00edt\u0151 ... Read more","og_url":"https:\/\/erkadomagyarorszag.com\/en\/product\/nemezja-7-l\/","og_site_name":"Erkado Magyarorsz\u00e1g","article_modified_time":"2025-09-17T12:38:20+00:00","og_image":[{"width":464,"height":1024,"url":"https:\/\/erkadomagyarorszag.com\/wp-content\/uploads\/nemezja-7-lakkozott-titan-feher-uv.webp","type":"image\/webp"}],"twitter_card":"summary_large_image","twitter_misc":{"Price":"0,00&nbsp;&#70;&#116;","Availability":"In stock"},"schema":{"@context":"https:\/\/schema.org","@graph":[{"@type":"WebPage","@id":"https:\/\/erkadomagyarorszag.com\/termek\/nemezja-7-l\/","url":"https:\/\/erkadomagyarorszag.com\/termek\/nemezja-7-l\/","name":"NEMEZJA 7-L - Erkado Magyarorsz\u00e1g","isPartOf":{"@id":"https:\/\/erkadomagyarorszag.com\/#website"},"primaryImageOfPage":{"@id":"https:\/\/erkadomagyarorszag.com\/termek\/nemezja-7-l\/#primaryimage"},"image":{"@id":"https:\/\/erkadomagyarorszag.com\/termek\/nemezja-7-l\/#primaryimage"},"thumbnailUrl":"https:\/\/erkadomagyarorszag.com\/wp-content\/uploads\/nemezja-7-lakkozott-titan-feher-uv.webp","datePublished":"2025-09-03T06:24:07+00:00","dateModified":"2025-09-17T12:38:20+00:00","breadcrumb":{"@id":"https:\/\/erkadomagyarorszag.com\/termek\/nemezja-7-l\/#breadcrumb"},"inLanguage":"en-GB","potentialAction":[{"@type":"ReadAction","target":["https:\/\/erkadomagyarorszag.com\/termek\/nemezja-7-l\/"]}]},{"@type":"ImageObject","inLanguage":"en-GB","@id":"https:\/\/erkadomagyarorszag.com\/termek\/nemezja-7-l\/#primaryimage","url":"https:\/\/erkadomagyarorszag.com\/wp-content\/uploads\/nemezja-7-lakkozott-titan-feher-uv.webp","contentUrl":"https:\/\/erkadomagyarorszag.com\/wp-content\/uploads\/nemezja-7-lakkozott-titan-feher-uv.webp","width":464,"height":1024,"caption":"nemezja-7-lakkozott-titan-feher-uv"},{"@type":"BreadcrumbList","@id":"https:\/\/erkadomagyarorszag.com\/termek\/nemezja-7-l\/#breadcrumb","itemListElement":[{"@type":"ListItem","position":1,"name":"Kezd\u0151lap","item":"https:\/\/erkadomagyarorszag.com\/"},{"@type":"ListItem","position":2,"name":"Shop","item":"https:\/\/erkadomagyarorszag.com\/uzlet\/"},{"@type":"ListItem","position":3,"name":"NEMEZJA 7-L"}]},{"@type":"WebSite","@id":"https:\/\/erkadomagyarorszag.com\/#website","url":"https:\/\/erkadomagyarorszag.com\/","name":"Home - Erkado Hungary","description":"Home - Erkado Hungary","publisher":{"@id":"https:\/\/erkadomagyarorszag.com\/#organization"},"potentialAction":[{"@type":"SearchAction","target":{"@type":"EntryPoint","urlTemplate":"https:\/\/erkadomagyarorszag.com\/?s={search_term_string}"},"query-input":{"@type":"PropertyValueSpecification","valueRequired":true,"valueName":"search_term_string"}}],"inLanguage":"en-GB"},{"@type":"Organization","@id":"https:\/\/erkadomagyarorszag.com\/#organization","name":"Home - Erkado Hungary","url":"https:\/\/erkadomagyarorszag.com\/","logo":{"@type":"ImageObject","inLanguage":"en-GB","@id":"https:\/\/erkadomagyarorszag.com\/#\/schema\/logo\/image\/","url":"https:\/\/erkadomagyarorszag.com\/wp-content\/uploads\/Group-24.jpg","contentUrl":"https:\/\/erkadomagyarorszag.com\/wp-content\/uploads\/Group-24.jpg","width":221,"height":221,"caption":"Erkado Magyarorsz\u00e1g"},"image":{"@id":"https:\/\/erkadomagyarorszag.com\/#\/schema\/logo\/image\/"}}]},"product_price_amount":"0.00","product_price_currency":"HUF","og_availability":"instock","product_availability":"instock","product_retailer_item_id":"NEMEZJA-6","product_condition":"new"},"_links":{"self":[{"href":"https:\/\/erkadomagyarorszag.com\/en\/wp-json\/wp\/v2\/product\/31009","targetHints":{"allow":["GET"]}}],"collection":[{"href":"https:\/\/erkadomagyarorszag.com\/en\/wp-json\/wp\/v2\/product"}],"about":[{"href":"https:\/\/erkadomagyarorszag.com\/en\/wp-json\/wp\/v2\/types\/product"}],"replies":[{"embeddable":true,"href":"https:\/\/erkadomagyarorszag.com\/en\/wp-json\/wp\/v2\/comments?post=31009"}],"version-history":[{"count":2,"href":"https:\/\/erkadomagyarorszag.com\/en\/wp-json\/wp\/v2\/product\/31009\/revisions"}],"predecessor-version":[{"id":38567,"href":"https:\/\/erkadomagyarorszag.com\/en\/wp-json\/wp\/v2\/product\/31009\/revisions\/38567"}],"wp:featuredmedia":[{"embeddable":true,"href":"https:\/\/erkadomagyarorszag.com\/en\/wp-json\/wp\/v2\/media\/22555"}],"wp:attachment":[{"href":"https:\/\/erkadomagyarorszag.com\/en\/wp-json\/wp\/v2\/media?parent=31009"}],"wp:term":[{"taxonomy":"product_brand","embeddable":true,"href":"https:\/\/erkadomagyarorszag.com\/en\/wp-json\/wp\/v2\/product_brand?post=31009"},{"taxonomy":"product_cat","embeddable":true,"href":"https:\/\/erkadomagyarorszag.com\/en\/wp-json\/wp\/v2\/product_cat?post=31009"},{"taxonomy":"product_tag","embeddable":true,"href":"https:\/\/erkadomagyarorszag.com\/en\/wp-json\/wp\/v2\/product_tag?post=31009"}],"curies":[{"name":"wp","href":"https:\/\/api.w.org\/{rel}","templated":true}]}}