{"id":31048,"date":"2025-09-03T06:24:22","date_gmt":"2025-09-03T06:24:22","guid":{"rendered":"https:\/\/erkadomagyarorszag.com\/termek\/laurencja-5-l\/"},"modified":"2026-01-05T13:23:53","modified_gmt":"2026-01-05T11:23:53","slug":"laurencja-5-l","status":"publish","type":"product","link":"https:\/\/erkadomagyarorszag.com\/en\/product\/laurencja-5-l\/","title":{"rendered":"LAURENCJA 5 -L"},"content":{"rendered":"<p><strong>STRUCTURE<\/strong><br \/>\n\u2022 STILE technol\u00f3gi\u00e1val k\u00e9sz\u00fclt, falcos \u00e9s falc n\u00e9lk\u00fcli ajt\u00f3sz\u00e1rny<br \/>\n\u2022 f\u00fcgg\u0151leges \u00e9s v\u00edzszintes MDF keretelemek, furn\u00e9rral bor\u00edtva \u00e9s UV-\u00e1ll\u00f3 lakkal festve<br \/>\n\u2022 opcion\u00e1lisan, fel\u00e1r ellen\u00e9ben, HDF- \u00e9s MDF-lapokkal burkolt f\u00fcgg\u0151leges ragasztott<br \/>\nr\u00e9tegeltfa-keretek<br \/>\n\u2022 4 mm vastag HDF lapb\u00f3l k\u00e9sz\u00fclt, UV-\u00e1ll\u00f3 lakkal festett bet\u00e9t<br \/>\n\u2022 opcion\u00e1lisan fel\u00e1r ellen\u00e9ben ajt\u00f3tok-sz\u00e9les\u00edt\u0151 panelek, valamint korona d\u00edszl\u00e9c \u00e9s<br \/>\npilaszterek 151-153. o.<br \/>\n\u2022 az ajt\u00f3sz\u00e1rny \u00f6n\u00e1ll\u00f3an ler\u00f6vid\u00edthet\u0151, r\u00e9szletek a 149. oldalon.<\/p>\n<p class=\"translation-block\"><strong>DESIGN<\/strong><br>\n\u2022 water-based varnished, UV-protected, high-wear resistant<br>\nwings and frame<\/p>\n<p class=\"translation-block\"><strong>HARDWARE<\/strong><br>\n\u2022 three, 2-pin silver hinges in the rebated door leaf with horizontal adjustment<br>\n\u2022 three, silver-colored (optionally black at an additional cost) concealed hinges in the non-rebated door leaf; the hinges are delivered and priced with the door frame<br>\n\u2022 deadbolt lock in the rebated door leaf, key lock in the non-rebated door leaf,<br>\nlock insert, keyless or bathroom lock mechanism magnetic lock in silver<br>\n; optional black or gold magnetic lock at an additional cost<\/p>\n<p><strong>GLAZING<\/strong><br \/>\n\u2022 alapkivitelben edzett, tej\u00fcveg vagy \u00e1tl\u00e1tsz\u00f3 \u00fcveg, \u00e9s fel\u00e1r ellen\u00e9ben VSG 221 ragasztott<br \/>\nbiztons\u00e1gi \u00fcveg, mindk\u00e9t oldal\u00e1n sima fel\u00fclet\u0171 tej\u00fcveg vagy fekete \u00fcveg<br \/>\n\u2022 az \u00fcvegez\u00e9s megford\u00edthat\u00f3 REWERS t\u00edpus\u00fara (alapkivitel\u0171 \u00fcvegez\u00e9s: AWERS)<\/p>\n<p><strong>EXTRAS AT A CHARGE<\/strong><br \/>\ngy\u00e1ri furatk\u00e9sz\u00edt\u00e9s ajt\u00f3kilincsekhez (\u00fan. osztott) sz\u00e1rnnyal, k\u00e9szletben val\u00f3 megrendel\u00e9s<br \/>\neset\u00e9n<br \/>\nrekuper\u00e1ci\u00f3s r\u00e9s sztenderd vagy mini, szell\u0151z\u00e9si alulv\u00e1g\u00e1s sztenderd vagy mini (149. o.)<br \/>\n\u201e100\u201d-as m\u00e9ret\u0171 falcos \u00e9s falc n\u00e9lk\u00fcli ajt\u00f3sz\u00e1rny<br \/>\nf\u00e9mb\u0151l k\u00e9sz\u00fclt zsan\u00e9rburkolat a falcos ajt\u00f3sz\u00e1rnyban (sz\u00edn: sz\u00e1lcsiszolt nikkel, patina,<br \/>\nf\u00e9nyezett kr\u00f3m, f\u00e9nyezett s\u00e1rgar\u00e9z, feh\u00e9r \u00e9s fekete);<br \/>\nVSG 221 ragasztott biztons\u00e1gi \u00fcveg, mindk\u00e9t oldal\u00e1n sima fel\u00fclet\u0171;<br \/>\nautomata k\u00fcsz\u00f6b 1)<br \/>\ncsere fekete vagy arany sz\u00edn\u0171 m\u00e1gnes z\u00e1rra falc n\u00e9lk\u00fcli ajt\u00f3sz\u00e1rnyak eset\u00e9n<br \/>\ncsere fekete vagy arany sz\u00edn\u0171 zsan\u00e9rokra \u00e9s z\u00e1r\u00f3lemezre falc n\u00e9lk\u00fcli ajt\u00f3sz\u00e1rny eset\u00e9n<br \/>\nm\u00e1gneses korl\u00e1toz\u00f3 (\u00fctk\u00f6z\u0151) 1)<br \/>\n(hatf\u00e9le sz\u00ednben kaphat\u00f3 149. o.)<br \/>\nragasztott f\u00e1b\u00f3l k\u00e9sz\u00fclt f\u00fcgg\u0151leges keretelemek<\/p>","protected":false},"excerpt":{"rendered":"<p>SZERKEZET \u2022 STILE technol\u00f3gi\u00e1val k\u00e9sz\u00fclt, falcos \u00e9s falc n\u00e9lk\u00fcli ajt\u00f3sz\u00e1rny \u2022 f\u00fcgg\u0151leges \u00e9s v\u00edzszintes MDF keretelemek, furn\u00e9rral bor\u00edtva \u00e9s UV-\u00e1ll\u00f3 lakkal festve \u2022 opcion\u00e1lisan, fel\u00e1r ellen\u00e9ben, HDF- \u00e9s MDF-lapokkal burkolt f\u00fcgg\u0151leges ragasztott r\u00e9tegeltfa-keretek \u2022 4 mm vastag HDF lapb\u00f3l k\u00e9sz\u00fclt, UV-\u00e1ll\u00f3 lakkal festett bet\u00e9t \u2022 opcion\u00e1lisan fel\u00e1r ellen\u00e9ben ajt\u00f3tok-sz\u00e9les\u00edt\u0151 panelek, valamint korona d\u00edszl\u00e9c \u00e9s pilaszterek &#8230; <a title=\"LAURENCJA 5 -L\" class=\"read-more\" href=\"https:\/\/erkadomagyarorszag.com\/en\/product\/laurencja-5-l\/\" aria-label=\"Read more about LAURENCJA 5 -L\">Read more<\/a><\/p>","protected":false},"featured_media":23340,"comment_status":"closed","ping_status":"closed","template":"","meta":[],"product_brand":[86],"product_cat":[17,445,444],"product_tag":[168],"class_list":{"0":"post-31048","1":"product","2":"type-product","3":"status-publish","4":"has-post-thumbnail","6":"product_brand-laurencja","7":"product_cat-belteri-ajtok","8":"product_cat-top-5-termek","9":"product_cat-lakkozott-ajtok","10":"product_tag-belteri-ajtoerkadolaurencja-5","11":"pa_valaszthato-szinek-lakkozott-titan-feher-uv","13":"first","14":"instock","15":"purchasable","16":"product-type-simple"},"yoast_head":"<!-- This site is optimized with the Yoast SEO Premium plugin v26.2 (Yoast SEO v26.6) - https:\/\/yoast.com\/wordpress\/plugins\/seo\/ -->\n<title>LAURENCJA 5 -L - Erkado Magyarorsz\u00e1g<\/title>\n<meta name=\"robots\" content=\"index, follow, max-snippet:-1, max-image-preview:large, max-video-preview:-1\" \/>\n<link rel=\"canonical\" href=\"https:\/\/erkadomagyarorszag.com\/en\/product\/laurencja-5-l\/\" \/>\n<meta property=\"og:locale\" content=\"en_GB\" \/>\n<meta property=\"og:type\" content=\"article\" \/>\n<meta property=\"og:title\" content=\"LAURENCJA 5 -L\" \/>\n<meta property=\"og:description\" content=\"SZERKEZET \u2022 STILE technol\u00f3gi\u00e1val k\u00e9sz\u00fclt, falcos \u00e9s falc n\u00e9lk\u00fcli ajt\u00f3sz\u00e1rny \u2022 f\u00fcgg\u0151leges \u00e9s v\u00edzszintes MDF keretelemek, furn\u00e9rral bor\u00edtva \u00e9s UV-\u00e1ll\u00f3 lakkal festve \u2022 opcion\u00e1lisan, fel\u00e1r ellen\u00e9ben, HDF- \u00e9s MDF-lapokkal burkolt f\u00fcgg\u0151leges ragasztott r\u00e9tegeltfa-keretek \u2022 4 mm vastag HDF lapb\u00f3l k\u00e9sz\u00fclt, UV-\u00e1ll\u00f3 lakkal festett bet\u00e9t \u2022 opcion\u00e1lisan fel\u00e1r ellen\u00e9ben ajt\u00f3tok-sz\u00e9les\u00edt\u0151 panelek, valamint korona d\u00edszl\u00e9c \u00e9s pilaszterek ... Read more\" \/>\n<meta property=\"og:url\" content=\"https:\/\/erkadomagyarorszag.com\/en\/product\/laurencja-5-l\/\" \/>\n<meta property=\"og:site_name\" content=\"Erkado Magyarorsz\u00e1g\" \/>\n<meta property=\"article:modified_time\" content=\"2026-01-05T11:23:53+00:00\" \/>\n<meta property=\"og:image\" content=\"https:\/\/erkadomagyarorszag.com\/wp-content\/uploads\/laurencja-5-lakkozott-titan-feher-uv.webp\" \/>\n\t<meta property=\"og:image:width\" content=\"464\" \/>\n\t<meta property=\"og:image:height\" content=\"1024\" \/>\n\t<meta property=\"og:image:type\" content=\"image\/webp\" \/>\n<meta name=\"twitter:card\" content=\"summary_large_image\" \/>\n<meta name=\"twitter:label1\" content=\"Price\" \/>\n\t<meta name=\"twitter:data1\" content=\"0,00&nbsp;&#070;&#116;\" \/>\n\t<meta name=\"twitter:label2\" content=\"Availability\" \/>\n\t<meta name=\"twitter:data2\" content=\"In stock\" \/>\n<script type=\"application\/ld+json\" class=\"yoast-schema-graph\">{\"@context\":\"https:\/\/schema.org\",\"@graph\":[{\"@type\":\"WebPage\",\"@id\":\"https:\/\/erkadomagyarorszag.com\/termek\/laurencja-5-l\/\",\"url\":\"https:\/\/erkadomagyarorszag.com\/termek\/laurencja-5-l\/\",\"name\":\"LAURENCJA 5 -L - Erkado Magyarorsz\u00e1g\",\"isPartOf\":{\"@id\":\"https:\/\/erkadomagyarorszag.com\/#website\"},\"primaryImageOfPage\":{\"@id\":\"https:\/\/erkadomagyarorszag.com\/termek\/laurencja-5-l\/#primaryimage\"},\"image\":{\"@id\":\"https:\/\/erkadomagyarorszag.com\/termek\/laurencja-5-l\/#primaryimage\"},\"thumbnailUrl\":\"https:\/\/erkadomagyarorszag.com\/wp-content\/uploads\/laurencja-5-lakkozott-titan-feher-uv.webp\",\"datePublished\":\"2025-09-03T06:24:22+00:00\",\"dateModified\":\"2026-01-05T11:23:53+00:00\",\"breadcrumb\":{\"@id\":\"https:\/\/erkadomagyarorszag.com\/termek\/laurencja-5-l\/#breadcrumb\"},\"inLanguage\":\"en-GB\",\"potentialAction\":[{\"@type\":\"ReadAction\",\"target\":[\"https:\/\/erkadomagyarorszag.com\/termek\/laurencja-5-l\/\"]}]},{\"@type\":\"ImageObject\",\"inLanguage\":\"en-GB\",\"@id\":\"https:\/\/erkadomagyarorszag.com\/termek\/laurencja-5-l\/#primaryimage\",\"url\":\"https:\/\/erkadomagyarorszag.com\/wp-content\/uploads\/laurencja-5-lakkozott-titan-feher-uv.webp\",\"contentUrl\":\"https:\/\/erkadomagyarorszag.com\/wp-content\/uploads\/laurencja-5-lakkozott-titan-feher-uv.webp\",\"width\":464,\"height\":1024,\"caption\":\"laurencja-5-lakkozott-titan-feher-uv\"},{\"@type\":\"BreadcrumbList\",\"@id\":\"https:\/\/erkadomagyarorszag.com\/termek\/laurencja-5-l\/#breadcrumb\",\"itemListElement\":[{\"@type\":\"ListItem\",\"position\":1,\"name\":\"Kezd\u0151lap\",\"item\":\"https:\/\/erkadomagyarorszag.com\/\"},{\"@type\":\"ListItem\",\"position\":2,\"name\":\"Shop\",\"item\":\"https:\/\/erkadomagyarorszag.com\/uzlet\/\"},{\"@type\":\"ListItem\",\"position\":3,\"name\":\"LAURENCJA 5 -L\"}]},{\"@type\":\"WebSite\",\"@id\":\"https:\/\/erkadomagyarorszag.com\/#website\",\"url\":\"https:\/\/erkadomagyarorszag.com\/\",\"name\":\"Erkado Magyarorsz\u00e1g\",\"description\":\"Erkado Magyarorsz\u00e1g\",\"publisher\":{\"@id\":\"https:\/\/erkadomagyarorszag.com\/#organization\"},\"potentialAction\":[{\"@type\":\"SearchAction\",\"target\":{\"@type\":\"EntryPoint\",\"urlTemplate\":\"https:\/\/erkadomagyarorszag.com\/?s={search_term_string}\"},\"query-input\":{\"@type\":\"PropertyValueSpecification\",\"valueRequired\":true,\"valueName\":\"search_term_string\"}}],\"inLanguage\":\"en-GB\"},{\"@type\":\"Organization\",\"@id\":\"https:\/\/erkadomagyarorszag.com\/#organization\",\"name\":\"Erkado Magyarorsz\u00e1g\",\"url\":\"https:\/\/erkadomagyarorszag.com\/\",\"logo\":{\"@type\":\"ImageObject\",\"inLanguage\":\"en-GB\",\"@id\":\"https:\/\/erkadomagyarorszag.com\/#\/schema\/logo\/image\/\",\"url\":\"https:\/\/erkadomagyarorszag.com\/wp-content\/uploads\/Group-24.jpg\",\"contentUrl\":\"https:\/\/erkadomagyarorszag.com\/wp-content\/uploads\/Group-24.jpg\",\"width\":221,\"height\":221,\"caption\":\"Erkado Magyarorsz\u00e1g\"},\"image\":{\"@id\":\"https:\/\/erkadomagyarorszag.com\/#\/schema\/logo\/image\/\"}}]}<\/script>\n<meta property=\"product:price:amount\" content=\"0.00\" \/>\n<meta property=\"product:price:currency\" content=\"HUF\" \/>\n<meta property=\"og:availability\" content=\"instock\" \/>\n<meta property=\"product:availability\" content=\"instock\" \/>\n<meta property=\"product:retailer_item_id\" content=\"LAUREN-5\" \/>\n<meta property=\"product:condition\" content=\"new\" \/>\n<!-- \/ Yoast SEO Premium plugin. -->","yoast_head_json":{"title":"LAURENCJA 5 -L - Erkado Magyarorsz\u00e1g","robots":{"index":"index","follow":"follow","max-snippet":"max-snippet:-1","max-image-preview":"max-image-preview:large","max-video-preview":"max-video-preview:-1"},"canonical":"https:\/\/erkadomagyarorszag.com\/en\/product\/laurencja-5-l\/","og_locale":"en_GB","og_type":"article","og_title":"LAURENCJA 5 -L","og_description":"SZERKEZET \u2022 STILE technol\u00f3gi\u00e1val k\u00e9sz\u00fclt, falcos \u00e9s falc n\u00e9lk\u00fcli ajt\u00f3sz\u00e1rny \u2022 f\u00fcgg\u0151leges \u00e9s v\u00edzszintes MDF keretelemek, furn\u00e9rral bor\u00edtva \u00e9s UV-\u00e1ll\u00f3 lakkal festve \u2022 opcion\u00e1lisan, fel\u00e1r ellen\u00e9ben, HDF- \u00e9s MDF-lapokkal burkolt f\u00fcgg\u0151leges ragasztott r\u00e9tegeltfa-keretek \u2022 4 mm vastag HDF lapb\u00f3l k\u00e9sz\u00fclt, UV-\u00e1ll\u00f3 lakkal festett bet\u00e9t \u2022 opcion\u00e1lisan fel\u00e1r ellen\u00e9ben ajt\u00f3tok-sz\u00e9les\u00edt\u0151 panelek, valamint korona d\u00edszl\u00e9c \u00e9s pilaszterek ... Read more","og_url":"https:\/\/erkadomagyarorszag.com\/en\/product\/laurencja-5-l\/","og_site_name":"Erkado Magyarorsz\u00e1g","article_modified_time":"2026-01-05T11:23:53+00:00","og_image":[{"width":464,"height":1024,"url":"https:\/\/erkadomagyarorszag.com\/wp-content\/uploads\/laurencja-5-lakkozott-titan-feher-uv.webp","type":"image\/webp"}],"twitter_card":"summary_large_image","twitter_misc":{"Price":"0,00&nbsp;&#70;&#116;","Availability":"In stock"},"schema":{"@context":"https:\/\/schema.org","@graph":[{"@type":"WebPage","@id":"https:\/\/erkadomagyarorszag.com\/termek\/laurencja-5-l\/","url":"https:\/\/erkadomagyarorszag.com\/termek\/laurencja-5-l\/","name":"LAURENCJA 5 -L - Erkado Magyarorsz\u00e1g","isPartOf":{"@id":"https:\/\/erkadomagyarorszag.com\/#website"},"primaryImageOfPage":{"@id":"https:\/\/erkadomagyarorszag.com\/termek\/laurencja-5-l\/#primaryimage"},"image":{"@id":"https:\/\/erkadomagyarorszag.com\/termek\/laurencja-5-l\/#primaryimage"},"thumbnailUrl":"https:\/\/erkadomagyarorszag.com\/wp-content\/uploads\/laurencja-5-lakkozott-titan-feher-uv.webp","datePublished":"2025-09-03T06:24:22+00:00","dateModified":"2026-01-05T11:23:53+00:00","breadcrumb":{"@id":"https:\/\/erkadomagyarorszag.com\/termek\/laurencja-5-l\/#breadcrumb"},"inLanguage":"en-GB","potentialAction":[{"@type":"ReadAction","target":["https:\/\/erkadomagyarorszag.com\/termek\/laurencja-5-l\/"]}]},{"@type":"ImageObject","inLanguage":"en-GB","@id":"https:\/\/erkadomagyarorszag.com\/termek\/laurencja-5-l\/#primaryimage","url":"https:\/\/erkadomagyarorszag.com\/wp-content\/uploads\/laurencja-5-lakkozott-titan-feher-uv.webp","contentUrl":"https:\/\/erkadomagyarorszag.com\/wp-content\/uploads\/laurencja-5-lakkozott-titan-feher-uv.webp","width":464,"height":1024,"caption":"laurencja-5-lakkozott-titan-feher-uv"},{"@type":"BreadcrumbList","@id":"https:\/\/erkadomagyarorszag.com\/termek\/laurencja-5-l\/#breadcrumb","itemListElement":[{"@type":"ListItem","position":1,"name":"Kezd\u0151lap","item":"https:\/\/erkadomagyarorszag.com\/"},{"@type":"ListItem","position":2,"name":"Shop","item":"https:\/\/erkadomagyarorszag.com\/uzlet\/"},{"@type":"ListItem","position":3,"name":"LAURENCJA 5 -L"}]},{"@type":"WebSite","@id":"https:\/\/erkadomagyarorszag.com\/#website","url":"https:\/\/erkadomagyarorszag.com\/","name":"Home - Erkado Hungary","description":"Home - Erkado Hungary","publisher":{"@id":"https:\/\/erkadomagyarorszag.com\/#organization"},"potentialAction":[{"@type":"SearchAction","target":{"@type":"EntryPoint","urlTemplate":"https:\/\/erkadomagyarorszag.com\/?s={search_term_string}"},"query-input":{"@type":"PropertyValueSpecification","valueRequired":true,"valueName":"search_term_string"}}],"inLanguage":"en-GB"},{"@type":"Organization","@id":"https:\/\/erkadomagyarorszag.com\/#organization","name":"Home - Erkado Hungary","url":"https:\/\/erkadomagyarorszag.com\/","logo":{"@type":"ImageObject","inLanguage":"en-GB","@id":"https:\/\/erkadomagyarorszag.com\/#\/schema\/logo\/image\/","url":"https:\/\/erkadomagyarorszag.com\/wp-content\/uploads\/Group-24.jpg","contentUrl":"https:\/\/erkadomagyarorszag.com\/wp-content\/uploads\/Group-24.jpg","width":221,"height":221,"caption":"Erkado Magyarorsz\u00e1g"},"image":{"@id":"https:\/\/erkadomagyarorszag.com\/#\/schema\/logo\/image\/"}}]},"product_price_amount":"0.00","product_price_currency":"HUF","og_availability":"instock","product_availability":"instock","product_retailer_item_id":"LAUREN-5","product_condition":"new"},"_links":{"self":[{"href":"https:\/\/erkadomagyarorszag.com\/en\/wp-json\/wp\/v2\/product\/31048","targetHints":{"allow":["GET"]}}],"collection":[{"href":"https:\/\/erkadomagyarorszag.com\/en\/wp-json\/wp\/v2\/product"}],"about":[{"href":"https:\/\/erkadomagyarorszag.com\/en\/wp-json\/wp\/v2\/types\/product"}],"replies":[{"embeddable":true,"href":"https:\/\/erkadomagyarorszag.com\/en\/wp-json\/wp\/v2\/comments?post=31048"}],"version-history":[{"count":2,"href":"https:\/\/erkadomagyarorszag.com\/en\/wp-json\/wp\/v2\/product\/31048\/revisions"}],"predecessor-version":[{"id":39277,"href":"https:\/\/erkadomagyarorszag.com\/en\/wp-json\/wp\/v2\/product\/31048\/revisions\/39277"}],"wp:featuredmedia":[{"embeddable":true,"href":"https:\/\/erkadomagyarorszag.com\/en\/wp-json\/wp\/v2\/media\/23340"}],"wp:attachment":[{"href":"https:\/\/erkadomagyarorszag.com\/en\/wp-json\/wp\/v2\/media?parent=31048"}],"wp:term":[{"taxonomy":"product_brand","embeddable":true,"href":"https:\/\/erkadomagyarorszag.com\/en\/wp-json\/wp\/v2\/product_brand?post=31048"},{"taxonomy":"product_cat","embeddable":true,"href":"https:\/\/erkadomagyarorszag.com\/en\/wp-json\/wp\/v2\/product_cat?post=31048"},{"taxonomy":"product_tag","embeddable":true,"href":"https:\/\/erkadomagyarorszag.com\/en\/wp-json\/wp\/v2\/product_tag?post=31048"}],"curies":[{"name":"wp","href":"https:\/\/api.w.org\/{rel}","templated":true}]}}