{"id":31060,"date":"2025-09-03T06:24:22","date_gmt":"2025-09-03T06:24:22","guid":{"rendered":"https:\/\/erkadomagyarorszag.com\/termek\/baldur-3-l\/"},"modified":"2026-01-05T13:22:25","modified_gmt":"2026-01-05T11:22:25","slug":"baldur-3-l","status":"publish","type":"product","link":"https:\/\/erkadomagyarorszag.com\/en\/product\/baldur-3-l\/","title":{"rendered":"BALDUR 3 -L"},"content":{"rendered":"<p><strong>STRUCTURE<\/strong><br \/>\n\u2022 falcos, ford\u00edtott vagy falc n\u00e9lk\u00fcli ajt\u00f3sz\u00e1rny<br \/>\n\u2022 bels\u0151 MDF keret k\u00e9t HDF lemezzel bor\u00edtva<br \/>\n\u2022 opcion\u00e1lis, fel\u00e1r ellen\u00e9ben, bels\u0151 fa keret (oldalak \u00e9s fels\u0151, als\u00f3 MDF), k\u00e9t HDF lappal<br \/>\nbor\u00edtva<br \/>\n\u2022 a stabiliz\u00e1l\u00f3 kit\u00f6lt\u00e9s \u201em\u00e9hsejtr\u00e1cs\u201d vagy fel\u00e1r ellen\u00e9ben teljes<br \/>\nlemez<br \/>\n\u2022 opcion\u00e1lisan fel\u00e1r ellen\u00e9ben ajt\u00f3tok-sz\u00e9les\u00edt\u0151 panelek, valamint korona d\u00edszl\u00e9c \u00e9s<br \/>\npilaszterek 151-153. o.<br \/>\n\u2022 az ajt\u00f3sz\u00e1rny \u00f6n\u00e1ll\u00f3an ler\u00f6vid\u00edthet\u0151, r\u00e9szletek a 149. oldalon (nem vonatkozik a<br \/>\nBALDUR1, 3, 5-re)<\/p>\n<p><strong>DESIGN<\/strong><br \/>\n\u2022 v\u00edzalap\u00fa lakkal festett, UV-technol\u00f3gi\u00e1val tart\u00f3s\u00edtott, fokozott ig\u00e9nybev\u00e9telnek ellen\u00e1ll\u00f3<br \/>\nsz\u00e1rnyak \u00e9s tok<br \/>\n\u2022 az ajt\u00f3sz\u00e1rny \u00e9lei standard vagy falc n\u00e9lk\u00fcli technol\u00f3gi\u00e1val ker\u00fcltek kialak\u00edt\u00e1sra<br \/>\n\u2022 a BALDUR 1 tol\u00f3ajt\u00f3 rendszerek als\u00f3 r\u00e9sz\u00e9n, (17 mm magas) alum\u00ednium vagy fekete sz\u00edn\u0171<br \/>\nprofil tal\u00e1lhat\u00f3<\/p>\n<p><strong>IRONMENT<\/strong><br \/>\n\u2022 h\u00e1rom betekerhet\u0151 csapos zsan\u00e9r a falcos ajt\u00f3sz\u00e1rnyban<br \/>\n\u2022 h\u00e1rom zsan\u00e9r elrejtett a falc n\u00e9lk\u00fcli ajt\u00f3sz\u00e1rnyban \u00e9s k\u00e9t zsan\u00e9r a ford\u00edtott ajt\u00f3sz\u00e1rnyban<br \/>\n(opcion\u00e1lisan fel\u00e1r ellen\u00e9ben harmadik zsan\u00e9r fekete sz\u00ednben); a zsan\u00e9r az ajt\u00f3tokkal<br \/>\nker\u00fcl sz\u00e1ll\u00edt\u00e1sra \u00e9s \u00e1raz\u00e1sra<br \/>\n\u2022 a falcos ajt\u00f3sz\u00e1rnyban reteszz\u00e1r, a falc n\u00e9lk\u00fcli ajt\u00f3sz\u00e1rnyban m\u00e1gnesz\u00e1r (opcion\u00e1lisan<br \/>\nreteszz\u00e1r): kulcsos z\u00e1rral, z\u00e1rbet\u00e9ttel, m\u00e1sodz\u00e1rral vagy f\u00fcrd\u0151szobai z\u00e1rszerkezettel<br \/>\nez\u00fcst sz\u00ednben; opcion\u00e1lisan fel\u00e1r ellen\u00e9ben fekete vagy arany sz\u00edn\u0171 m\u00e1gnesz\u00e1r<br \/>\n\u2022 a ford\u00edtott ajt\u00f3sz\u00e1rnyban m\u00e1gnesz\u00e1r: kulcsos z\u00e1rral, z\u00e1rbet\u00e9ttel, m\u00e1sodz\u00e1rral vagy<br \/>\nf\u00fcrd\u0151szobai z\u00e1rszerkezettel ez\u00fcst sz\u00ednben; opcion\u00e1lisan fel\u00e1r ellen\u00e9ben fekete vagy arany<br \/>\nsz\u00edn\u0171 m\u00e1gnesz\u00e1r<\/p>\n<p><strong>GLAZING<\/strong><br \/>\n\u2022 BALDUR 1, 3, 5 alapfelszerel\u00e9sk\u00e9nt ragasztott \u00e9s edzett VSG\/ESG 441 biztons\u00e1gi \u00fcveg,<br \/>\nmindk\u00e9t oldal\u00e1n sima fel\u00fclet\u0171 tej\u00fcveg vagy fekete \u00fcveg<br \/>\n\u2022 \u00e1lland\u00f3 \u00fcvegsz\u00e9less\u00e9g; BALDUR 1 &#8211; 50 mm; BALDUR 3, 5 &#8211; 210 mm<\/p>\n<p><strong>EXTRAS AT A CHARGE<\/strong><br \/>\nford\u00edtott ajt\u00f3sz\u00e1rny<br \/>\nkit\u00f6lt\u00e9s teljes lemezzel<br \/>\nrekuper\u00e1ci\u00f3s r\u00e9s sztenderd vagy mini, szell\u0151z\u00e9si alulv\u00e1g\u00e1s sztenderd vagy mini (149. o.)<br \/>\n\u201e100\u201d-as m\u00e9ret\u0171 falcos \u00e9s falc n\u00e9lk\u00fcli ajt\u00f3sz\u00e1rny<br \/>\na plusz als\u00f3 gerenda lehet\u0151v\u00e9 teszi a sz\u00e1rny \u00f6n\u00e1ll\u00f3 ler\u00f6vid\u00edt\u00e9s\u00e9t maximum 8 cm-re (nem<br \/>\nvonatkozik a Baldur 1, 3, 5 modellekre)<br \/>\nf\u00e9mb\u0151l k\u00e9sz\u00fclt zsan\u00e9rburkolat a falcos ajt\u00f3sz\u00e1rnyban (sz\u00edn: sz\u00e1lcsiszolt nikkel, patina,<br \/>\nf\u00e9nyezett kr\u00f3m, f\u00e9nyezett s\u00e1rgar\u00e9z, feh\u00e9r \u00e9s fekete);<br \/>\nautomata k\u00fcsz\u00f6b 2) (nem vonatkozik a BALDUR 1, 3 \u00e9s 5 modellre)<br \/>\ncsere fekete m\u00e1gnesz\u00e1rra falc n\u00e9lk\u00fcli \u00e9s ford\u00edtott ajt\u00f3sz\u00e1rnyak eset\u00e9n<br \/>\ncsere fekete vagy arany sz\u00edn\u0171 zsan\u00e9rokra \u00e9s z\u00e1r\u00f3lemezre falc n\u00e9lk\u00fcli ajt\u00f3sz\u00e1rny eset\u00e9n<br \/>\nm\u00e1gneses korl\u00e1toz\u00f3 (\u00fctk\u00f6z\u0151) 2)<br \/>\n(hatf\u00e9le sz\u00ednben kaphat\u00f3 149. o.)<br \/>\nbels\u0151 fa keret (oldals\u00f3 \u00e9s fels\u0151, als\u00f3 MDF)<br \/>\nszabv\u00e1ny PL2112<\/p>","protected":false},"excerpt":{"rendered":"<p>SZERKEZET \u2022 falcos, ford\u00edtott vagy falc n\u00e9lk\u00fcli ajt\u00f3sz\u00e1rny \u2022 bels\u0151 MDF keret k\u00e9t HDF lemezzel bor\u00edtva \u2022 opcion\u00e1lis, fel\u00e1r ellen\u00e9ben, bels\u0151 fa keret (oldalak \u00e9s fels\u0151, als\u00f3 MDF), k\u00e9t HDF lappal bor\u00edtva \u2022 a stabiliz\u00e1l\u00f3 kit\u00f6lt\u00e9s \u201em\u00e9hsejtr\u00e1cs\u201d vagy fel\u00e1r ellen\u00e9ben teljes lemez \u2022 opcion\u00e1lisan fel\u00e1r ellen\u00e9ben ajt\u00f3tok-sz\u00e9les\u00edt\u0151 panelek, valamint korona d\u00edszl\u00e9c \u00e9s pilaszterek 151-153. o. &#8230; <a title=\"BALDUR 3 -L\" class=\"read-more\" href=\"https:\/\/erkadomagyarorszag.com\/en\/product\/baldur-3-l\/\" aria-label=\"Read more about BALDUR 3 -L\">Read more<\/a><\/p>","protected":false},"featured_media":22938,"comment_status":"closed","ping_status":"closed","template":"","meta":[],"product_brand":[91],"product_cat":[17,444],"product_tag":[189],"class_list":{"0":"post-31060","1":"product","2":"type-product","3":"status-publish","4":"has-post-thumbnail","6":"product_brand-baldur","7":"product_cat-belteri-ajtok","8":"product_cat-lakkozott-ajtok","9":"product_tag-belteri-ajtoerkadobaldur-3","10":"pa_valaszthato-szinek-lakkozott-titan-feher-uv","12":"first","13":"instock","14":"purchasable","15":"product-type-simple"},"yoast_head":"<!-- This site is optimized with the Yoast SEO Premium plugin v26.2 (Yoast SEO v26.6) - https:\/\/yoast.com\/wordpress\/plugins\/seo\/ -->\n<title>BALDUR 3 -L - Erkado Magyarorsz\u00e1g<\/title>\n<meta name=\"robots\" content=\"index, follow, max-snippet:-1, max-image-preview:large, max-video-preview:-1\" \/>\n<link rel=\"canonical\" href=\"https:\/\/erkadomagyarorszag.com\/en\/product\/baldur-3-l\/\" \/>\n<meta property=\"og:locale\" content=\"en_GB\" \/>\n<meta property=\"og:type\" content=\"article\" \/>\n<meta property=\"og:title\" content=\"BALDUR 3 -L\" \/>\n<meta property=\"og:description\" content=\"SZERKEZET \u2022 falcos, ford\u00edtott vagy falc n\u00e9lk\u00fcli ajt\u00f3sz\u00e1rny \u2022 bels\u0151 MDF keret k\u00e9t HDF lemezzel bor\u00edtva \u2022 opcion\u00e1lis, fel\u00e1r ellen\u00e9ben, bels\u0151 fa keret (oldalak \u00e9s fels\u0151, als\u00f3 MDF), k\u00e9t HDF lappal bor\u00edtva \u2022 a stabiliz\u00e1l\u00f3 kit\u00f6lt\u00e9s \u201em\u00e9hsejtr\u00e1cs\u201d vagy fel\u00e1r ellen\u00e9ben teljes lemez \u2022 opcion\u00e1lisan fel\u00e1r ellen\u00e9ben ajt\u00f3tok-sz\u00e9les\u00edt\u0151 panelek, valamint korona d\u00edszl\u00e9c \u00e9s pilaszterek 151-153. o. ... Read more\" \/>\n<meta property=\"og:url\" content=\"https:\/\/erkadomagyarorszag.com\/en\/product\/baldur-3-l\/\" \/>\n<meta property=\"og:site_name\" content=\"Erkado Magyarorsz\u00e1g\" \/>\n<meta property=\"article:modified_time\" content=\"2026-01-05T11:22:25+00:00\" \/>\n<meta property=\"og:image\" content=\"https:\/\/erkadomagyarorszag.com\/wp-content\/uploads\/baldur-3-lakkozott-titan-feher-uv.webp\" \/>\n\t<meta property=\"og:image:width\" content=\"466\" \/>\n\t<meta property=\"og:image:height\" content=\"1024\" \/>\n\t<meta property=\"og:image:type\" content=\"image\/webp\" \/>\n<meta name=\"twitter:card\" content=\"summary_large_image\" \/>\n<meta name=\"twitter:label1\" content=\"Price\" \/>\n\t<meta name=\"twitter:data1\" content=\"0,00&nbsp;&#070;&#116;\" \/>\n\t<meta name=\"twitter:label2\" content=\"Availability\" \/>\n\t<meta name=\"twitter:data2\" content=\"In stock\" \/>\n<script type=\"application\/ld+json\" class=\"yoast-schema-graph\">{\"@context\":\"https:\/\/schema.org\",\"@graph\":[{\"@type\":\"WebPage\",\"@id\":\"https:\/\/erkadomagyarorszag.com\/termek\/baldur-3-l\/\",\"url\":\"https:\/\/erkadomagyarorszag.com\/termek\/baldur-3-l\/\",\"name\":\"BALDUR 3 -L - Erkado Magyarorsz\u00e1g\",\"isPartOf\":{\"@id\":\"https:\/\/erkadomagyarorszag.com\/#website\"},\"primaryImageOfPage\":{\"@id\":\"https:\/\/erkadomagyarorszag.com\/termek\/baldur-3-l\/#primaryimage\"},\"image\":{\"@id\":\"https:\/\/erkadomagyarorszag.com\/termek\/baldur-3-l\/#primaryimage\"},\"thumbnailUrl\":\"https:\/\/erkadomagyarorszag.com\/wp-content\/uploads\/baldur-3-lakkozott-titan-feher-uv.webp\",\"datePublished\":\"2025-09-03T06:24:22+00:00\",\"dateModified\":\"2026-01-05T11:22:25+00:00\",\"breadcrumb\":{\"@id\":\"https:\/\/erkadomagyarorszag.com\/termek\/baldur-3-l\/#breadcrumb\"},\"inLanguage\":\"en-GB\",\"potentialAction\":[{\"@type\":\"ReadAction\",\"target\":[\"https:\/\/erkadomagyarorszag.com\/termek\/baldur-3-l\/\"]}]},{\"@type\":\"ImageObject\",\"inLanguage\":\"en-GB\",\"@id\":\"https:\/\/erkadomagyarorszag.com\/termek\/baldur-3-l\/#primaryimage\",\"url\":\"https:\/\/erkadomagyarorszag.com\/wp-content\/uploads\/baldur-3-lakkozott-titan-feher-uv.webp\",\"contentUrl\":\"https:\/\/erkadomagyarorszag.com\/wp-content\/uploads\/baldur-3-lakkozott-titan-feher-uv.webp\",\"width\":466,\"height\":1024,\"caption\":\"baldur-3-lakkozott-titan-feher-uv\"},{\"@type\":\"BreadcrumbList\",\"@id\":\"https:\/\/erkadomagyarorszag.com\/termek\/baldur-3-l\/#breadcrumb\",\"itemListElement\":[{\"@type\":\"ListItem\",\"position\":1,\"name\":\"Kezd\u0151lap\",\"item\":\"https:\/\/erkadomagyarorszag.com\/\"},{\"@type\":\"ListItem\",\"position\":2,\"name\":\"Shop\",\"item\":\"https:\/\/erkadomagyarorszag.com\/uzlet\/\"},{\"@type\":\"ListItem\",\"position\":3,\"name\":\"BALDUR 3 -L\"}]},{\"@type\":\"WebSite\",\"@id\":\"https:\/\/erkadomagyarorszag.com\/#website\",\"url\":\"https:\/\/erkadomagyarorszag.com\/\",\"name\":\"Erkado Magyarorsz\u00e1g\",\"description\":\"Erkado Magyarorsz\u00e1g\",\"publisher\":{\"@id\":\"https:\/\/erkadomagyarorszag.com\/#organization\"},\"potentialAction\":[{\"@type\":\"SearchAction\",\"target\":{\"@type\":\"EntryPoint\",\"urlTemplate\":\"https:\/\/erkadomagyarorszag.com\/?s={search_term_string}\"},\"query-input\":{\"@type\":\"PropertyValueSpecification\",\"valueRequired\":true,\"valueName\":\"search_term_string\"}}],\"inLanguage\":\"en-GB\"},{\"@type\":\"Organization\",\"@id\":\"https:\/\/erkadomagyarorszag.com\/#organization\",\"name\":\"Erkado Magyarorsz\u00e1g\",\"url\":\"https:\/\/erkadomagyarorszag.com\/\",\"logo\":{\"@type\":\"ImageObject\",\"inLanguage\":\"en-GB\",\"@id\":\"https:\/\/erkadomagyarorszag.com\/#\/schema\/logo\/image\/\",\"url\":\"https:\/\/erkadomagyarorszag.com\/wp-content\/uploads\/Group-24.jpg\",\"contentUrl\":\"https:\/\/erkadomagyarorszag.com\/wp-content\/uploads\/Group-24.jpg\",\"width\":221,\"height\":221,\"caption\":\"Erkado Magyarorsz\u00e1g\"},\"image\":{\"@id\":\"https:\/\/erkadomagyarorszag.com\/#\/schema\/logo\/image\/\"}}]}<\/script>\n<meta property=\"product:price:amount\" content=\"0.00\" \/>\n<meta property=\"product:price:currency\" content=\"HUF\" \/>\n<meta property=\"og:availability\" content=\"instock\" \/>\n<meta property=\"product:availability\" content=\"instock\" \/>\n<meta property=\"product:retailer_item_id\" content=\"BALDUR-3\" \/>\n<meta property=\"product:condition\" content=\"new\" \/>\n<!-- \/ Yoast SEO Premium plugin. -->","yoast_head_json":{"title":"BALDUR 3 -L - Erkado Magyarorsz\u00e1g","robots":{"index":"index","follow":"follow","max-snippet":"max-snippet:-1","max-image-preview":"max-image-preview:large","max-video-preview":"max-video-preview:-1"},"canonical":"https:\/\/erkadomagyarorszag.com\/en\/product\/baldur-3-l\/","og_locale":"en_GB","og_type":"article","og_title":"BALDUR 3 -L","og_description":"SZERKEZET \u2022 falcos, ford\u00edtott vagy falc n\u00e9lk\u00fcli ajt\u00f3sz\u00e1rny \u2022 bels\u0151 MDF keret k\u00e9t HDF lemezzel bor\u00edtva \u2022 opcion\u00e1lis, fel\u00e1r ellen\u00e9ben, bels\u0151 fa keret (oldalak \u00e9s fels\u0151, als\u00f3 MDF), k\u00e9t HDF lappal bor\u00edtva \u2022 a stabiliz\u00e1l\u00f3 kit\u00f6lt\u00e9s \u201em\u00e9hsejtr\u00e1cs\u201d vagy fel\u00e1r ellen\u00e9ben teljes lemez \u2022 opcion\u00e1lisan fel\u00e1r ellen\u00e9ben ajt\u00f3tok-sz\u00e9les\u00edt\u0151 panelek, valamint korona d\u00edszl\u00e9c \u00e9s pilaszterek 151-153. o. ... Read more","og_url":"https:\/\/erkadomagyarorszag.com\/en\/product\/baldur-3-l\/","og_site_name":"Erkado Magyarorsz\u00e1g","article_modified_time":"2026-01-05T11:22:25+00:00","og_image":[{"width":466,"height":1024,"url":"https:\/\/erkadomagyarorszag.com\/wp-content\/uploads\/baldur-3-lakkozott-titan-feher-uv.webp","type":"image\/webp"}],"twitter_card":"summary_large_image","twitter_misc":{"Price":"0,00&nbsp;&#70;&#116;","Availability":"In stock"},"schema":{"@context":"https:\/\/schema.org","@graph":[{"@type":"WebPage","@id":"https:\/\/erkadomagyarorszag.com\/termek\/baldur-3-l\/","url":"https:\/\/erkadomagyarorszag.com\/termek\/baldur-3-l\/","name":"BALDUR 3 -L - Erkado Magyarorsz\u00e1g","isPartOf":{"@id":"https:\/\/erkadomagyarorszag.com\/#website"},"primaryImageOfPage":{"@id":"https:\/\/erkadomagyarorszag.com\/termek\/baldur-3-l\/#primaryimage"},"image":{"@id":"https:\/\/erkadomagyarorszag.com\/termek\/baldur-3-l\/#primaryimage"},"thumbnailUrl":"https:\/\/erkadomagyarorszag.com\/wp-content\/uploads\/baldur-3-lakkozott-titan-feher-uv.webp","datePublished":"2025-09-03T06:24:22+00:00","dateModified":"2026-01-05T11:22:25+00:00","breadcrumb":{"@id":"https:\/\/erkadomagyarorszag.com\/termek\/baldur-3-l\/#breadcrumb"},"inLanguage":"en-GB","potentialAction":[{"@type":"ReadAction","target":["https:\/\/erkadomagyarorszag.com\/termek\/baldur-3-l\/"]}]},{"@type":"ImageObject","inLanguage":"en-GB","@id":"https:\/\/erkadomagyarorszag.com\/termek\/baldur-3-l\/#primaryimage","url":"https:\/\/erkadomagyarorszag.com\/wp-content\/uploads\/baldur-3-lakkozott-titan-feher-uv.webp","contentUrl":"https:\/\/erkadomagyarorszag.com\/wp-content\/uploads\/baldur-3-lakkozott-titan-feher-uv.webp","width":466,"height":1024,"caption":"baldur-3-lakkozott-titan-feher-uv"},{"@type":"BreadcrumbList","@id":"https:\/\/erkadomagyarorszag.com\/termek\/baldur-3-l\/#breadcrumb","itemListElement":[{"@type":"ListItem","position":1,"name":"Kezd\u0151lap","item":"https:\/\/erkadomagyarorszag.com\/"},{"@type":"ListItem","position":2,"name":"Shop","item":"https:\/\/erkadomagyarorszag.com\/uzlet\/"},{"@type":"ListItem","position":3,"name":"BALDUR 3 -L"}]},{"@type":"WebSite","@id":"https:\/\/erkadomagyarorszag.com\/#website","url":"https:\/\/erkadomagyarorszag.com\/","name":"Home - Erkado Hungary","description":"Home - Erkado Hungary","publisher":{"@id":"https:\/\/erkadomagyarorszag.com\/#organization"},"potentialAction":[{"@type":"SearchAction","target":{"@type":"EntryPoint","urlTemplate":"https:\/\/erkadomagyarorszag.com\/?s={search_term_string}"},"query-input":{"@type":"PropertyValueSpecification","valueRequired":true,"valueName":"search_term_string"}}],"inLanguage":"en-GB"},{"@type":"Organization","@id":"https:\/\/erkadomagyarorszag.com\/#organization","name":"Home - Erkado Hungary","url":"https:\/\/erkadomagyarorszag.com\/","logo":{"@type":"ImageObject","inLanguage":"en-GB","@id":"https:\/\/erkadomagyarorszag.com\/#\/schema\/logo\/image\/","url":"https:\/\/erkadomagyarorszag.com\/wp-content\/uploads\/Group-24.jpg","contentUrl":"https:\/\/erkadomagyarorszag.com\/wp-content\/uploads\/Group-24.jpg","width":221,"height":221,"caption":"Erkado Magyarorsz\u00e1g"},"image":{"@id":"https:\/\/erkadomagyarorszag.com\/#\/schema\/logo\/image\/"}}]},"product_price_amount":"0.00","product_price_currency":"HUF","og_availability":"instock","product_availability":"instock","product_retailer_item_id":"BALDUR-3","product_condition":"new"},"_links":{"self":[{"href":"https:\/\/erkadomagyarorszag.com\/en\/wp-json\/wp\/v2\/product\/31060","targetHints":{"allow":["GET"]}}],"collection":[{"href":"https:\/\/erkadomagyarorszag.com\/en\/wp-json\/wp\/v2\/product"}],"about":[{"href":"https:\/\/erkadomagyarorszag.com\/en\/wp-json\/wp\/v2\/types\/product"}],"replies":[{"embeddable":true,"href":"https:\/\/erkadomagyarorszag.com\/en\/wp-json\/wp\/v2\/comments?post=31060"}],"version-history":[{"count":2,"href":"https:\/\/erkadomagyarorszag.com\/en\/wp-json\/wp\/v2\/product\/31060\/revisions"}],"predecessor-version":[{"id":39267,"href":"https:\/\/erkadomagyarorszag.com\/en\/wp-json\/wp\/v2\/product\/31060\/revisions\/39267"}],"wp:featuredmedia":[{"embeddable":true,"href":"https:\/\/erkadomagyarorszag.com\/en\/wp-json\/wp\/v2\/media\/22938"}],"wp:attachment":[{"href":"https:\/\/erkadomagyarorszag.com\/en\/wp-json\/wp\/v2\/media?parent=31060"}],"wp:term":[{"taxonomy":"product_brand","embeddable":true,"href":"https:\/\/erkadomagyarorszag.com\/en\/wp-json\/wp\/v2\/product_brand?post=31060"},{"taxonomy":"product_cat","embeddable":true,"href":"https:\/\/erkadomagyarorszag.com\/en\/wp-json\/wp\/v2\/product_cat?post=31060"},{"taxonomy":"product_tag","embeddable":true,"href":"https:\/\/erkadomagyarorszag.com\/en\/wp-json\/wp\/v2\/product_tag?post=31060"}],"curies":[{"name":"wp","href":"https:\/\/api.w.org\/{rel}","templated":true}]}}