{"id":31081,"date":"2025-09-03T06:24:37","date_gmt":"2025-09-03T06:24:37","guid":{"rendered":"https:\/\/erkadomagyarorszag.com\/termek\/anubis-2\/"},"modified":"2025-10-21T14:40:33","modified_gmt":"2025-10-21T12:40:33","slug":"anubis-2","status":"publish","type":"product","link":"https:\/\/erkadomagyarorszag.com\/en\/product\/anubis-2\/","title":{"rendered":"ANUBIS 2"},"content":{"rendered":"<p class=\"translation-block\"><span><strong>STRUCTURE<\/strong><br>\n\u2022 rebated, inverted or non-rebated door leaf<br>\n\u2022 inner MDF frame covered with two HDF sheets<br>\n\u2022 optional, at extra cost, inner wooden frame (sides and top, bottom MDF), covered with two HDF sheets<br>\n\n\u2022 stabilizing filling is \u201choneycomb grid\u201d or at extra cost full<br>\nsheet<br>\n\u2022 optional, at extra cost door frame widening panels, as well as crown molding and<br>\npilasters p. 151-153.<br>\n\u2022 the door leaf can be shortened independently, details on p. 149.<\/span><\/p>\n<p><strong>DESIGN<\/strong><br \/>\n\u2022 v\u00edzalap\u00fa lakkal festett, UV-technol\u00f3gi\u00e1val tart\u00f3s\u00edtott, fokozott ig\u00e9nybev\u00e9telnek ellen\u00e1ll\u00f3<br \/>\nsz\u00e1rnyak \u00e9s tok<br \/>\n\u2022 az ajt\u00f3sz\u00e1rny \u00e9lei standard vagy falc n\u00e9lk\u00fcli technol\u00f3gi\u00e1val ker\u00fcltek kialak\u00edt\u00e1sra<\/p>\n<p><strong>IRONMENT<\/strong><br \/>\n\u2022 h\u00e1rom betekerhet\u0151 csapos zsan\u00e9r a falcos ajt\u00f3sz\u00e1rnyban<br \/>\n\u2022 h\u00e1rom zsan\u00e9r elrejtett a falc n\u00e9lk\u00fcli ajt\u00f3sz\u00e1rnyban \u00e9s k\u00e9t zsan\u00e9r a ford\u00edtott<br \/>\najt\u00f3sz\u00e1rnyban (opcion\u00e1lisan fel\u00e1r ellen\u00e9ben harmadik zsan\u00e9r fekete sz\u00ednben); a zsan\u00e9r<br \/>\naz ajt\u00f3tokkal ker\u00fcl sz\u00e1ll\u00edt\u00e1sra \u00e9s \u00e1raz\u00e1sra<br \/>\n\u2022 a falcos ajt\u00f3sz\u00e1rnyban reteszz\u00e1r, a falc n\u00e9lk\u00fcli ajt\u00f3sz\u00e1rnyban m\u00e1gnesz\u00e1r (opcion\u00e1lisan<br \/>\nreteszz\u00e1r): kulcsos z\u00e1rral, z\u00e1rbet\u00e9ttel, m\u00e1sodz\u00e1rral vagy f\u00fcrd\u0151szobai z\u00e1rszerkezettel<br \/>\nez\u00fcst sz\u00ednben; opcion\u00e1lisan fel\u00e1r ellen\u00e9ben fekete vagy arany sz\u00edn\u0171 m\u00e1gnesz\u00e1r<br \/>\n\u2022 a ford\u00edtott ajt\u00f3sz\u00e1rnyban m\u00e1gnesz\u00e1r: kulcsos z\u00e1rral, z\u00e1rbet\u00e9ttel, m\u00e1sodz\u00e1rral vagy<br \/>\nf\u00fcrd\u0151szobai z\u00e1rszerkezettel ez\u00fcst sz\u00ednben; opcion\u00e1lisan fel\u00e1r ellen\u00e9ben fekete vagy<br \/>\narany sz\u00edn\u0171 m\u00e1gnesz\u00e1r<\/p>\n<p><strong>EXTRAS AT A CHARGE<\/strong><br \/>\nford\u00edtott ajt\u00f3sz\u00e1rny<br \/>\nkit\u00f6lt\u00e9s teljes lemezzel<br \/>\nrekuper\u00e1ci\u00f3s r\u00e9s sztenderd vagy mini, szell\u0151z\u00e9si alulv\u00e1g\u00e1s sztenderd vagy mini (149. o.)<br \/>\n\u201e100\u201d-as m\u00e9ret\u0171 falcos \u00e9s falc n\u00e9lk\u00fcli ajt\u00f3sz\u00e1rny<br \/>\nplusz als\u00f3 keresztl\u00e9c (az ajt\u00f3sz\u00e1rny max. 8 cm-ig \u00f6n\u00e1ll\u00f3an ler\u00f6vid\u00edthet\u0151)<br \/>\nf\u00e9mb\u0151l k\u00e9sz\u00fclt zsan\u00e9rburkolat a falcos ajt\u00f3sz\u00e1rnyban (sz\u00edn: sz\u00e1lcsiszolt nikkel, patina,<br \/>\nf\u00e9nyezett kr\u00f3m, f\u00e9nyezett s\u00e1rgar\u00e9z, feh\u00e9r \u00e9s fekete);<br \/>\nautomata k\u00fcsz\u00f6b 1)<br \/>\ncsere fekete m\u00e1gnesz\u00e1rra falc n\u00e9lk\u00fcli \u00e9s ford\u00edtott ajt\u00f3sz\u00e1rnyak eset\u00e9n<br \/>\ncsere fekete vagy arany sz\u00edn\u0171 zsan\u00e9rokra \u00e9s z\u00e1r\u00f3lemezre falc n\u00e9lk\u00fcli ajt\u00f3sz\u00e1rny eset\u00e9n<br \/>\nm\u00e1gneses korl\u00e1toz\u00f3 (\u00fctk\u00f6z\u0151) 1)<br \/>\n(hatf\u00e9le sz\u00ednben kaphat\u00f3 149. o.)<br \/>\nbels\u0151 fa keret (oldals\u00f3 \u00e9s fels\u0151, als\u00f3 MDF)<br \/>\nszabv\u00e1ny PL2112<\/p>","protected":false},"excerpt":{"rendered":"<p>SZERKEZET \u2022 falcos, ford\u00edtott vagy falc n\u00e9lk\u00fcli ajt\u00f3sz\u00e1rny \u2022 bels\u0151 MDF keret k\u00e9t HDF lemezzel bor\u00edtva \u2022 opcion\u00e1lis, fel\u00e1r ellen\u00e9ben, bels\u0151 fa keret (oldalak \u00e9s fels\u0151, als\u00f3 MDF), k\u00e9t HDF lappal bor\u00edtva \u2022 a stabiliz\u00e1l\u00f3 kit\u00f6lt\u00e9s \u201em\u00e9hsejtr\u00e1cs\u201d vagy fel\u00e1r ellen\u00e9ben teljes lemez \u2022 opcion\u00e1lisan fel\u00e1r ellen\u00e9ben ajt\u00f3tok-sz\u00e9les\u00edt\u0151 panelek, valamint korona d\u00edszl\u00e9c \u00e9s pilaszterek 151-153. o. &#8230; <a title=\"ANUBIS 2\" class=\"read-more\" href=\"https:\/\/erkadomagyarorszag.com\/en\/product\/anubis-2\/\" aria-label=\"Read more about ANUBIS 2\">Read more<\/a><\/p>","protected":false},"featured_media":23631,"comment_status":"closed","ping_status":"closed","template":"","meta":[],"product_brand":[454],"product_cat":[17,444],"product_tag":[456],"class_list":{"0":"post-31081","1":"product","2":"type-product","3":"status-publish","4":"has-post-thumbnail","6":"product_brand-anubis","7":"product_cat-belteri-ajtok","8":"product_cat-lakkozott-ajtok","9":"product_tag-belteri-ajtoerkadoanubis-2","10":"pa_valaszthato-szinek-lakkozott-titan-feher-uv","12":"first","13":"instock","14":"purchasable","15":"product-type-simple"},"yoast_head":"<!-- This site is optimized with the Yoast SEO Premium plugin v26.2 (Yoast SEO v26.6) - https:\/\/yoast.com\/wordpress\/plugins\/seo\/ -->\n<title>ANUBIS 2 - Erkado Magyarorsz\u00e1g<\/title>\n<meta name=\"robots\" content=\"index, follow, max-snippet:-1, max-image-preview:large, max-video-preview:-1\" \/>\n<link rel=\"canonical\" href=\"https:\/\/erkadomagyarorszag.com\/en\/product\/anubis-2\/\" \/>\n<meta property=\"og:locale\" content=\"en_GB\" \/>\n<meta property=\"og:type\" content=\"article\" \/>\n<meta property=\"og:title\" content=\"ANUBIS 2\" \/>\n<meta property=\"og:description\" content=\"SZERKEZET \u2022 falcos, ford\u00edtott vagy falc n\u00e9lk\u00fcli ajt\u00f3sz\u00e1rny \u2022 bels\u0151 MDF keret k\u00e9t HDF lemezzel bor\u00edtva \u2022 opcion\u00e1lis, fel\u00e1r ellen\u00e9ben, bels\u0151 fa keret (oldalak \u00e9s fels\u0151, als\u00f3 MDF), k\u00e9t HDF lappal bor\u00edtva \u2022 a stabiliz\u00e1l\u00f3 kit\u00f6lt\u00e9s \u201em\u00e9hsejtr\u00e1cs\u201d vagy fel\u00e1r ellen\u00e9ben teljes lemez \u2022 opcion\u00e1lisan fel\u00e1r ellen\u00e9ben ajt\u00f3tok-sz\u00e9les\u00edt\u0151 panelek, valamint korona d\u00edszl\u00e9c \u00e9s pilaszterek 151-153. o. ... Read more\" \/>\n<meta property=\"og:url\" content=\"https:\/\/erkadomagyarorszag.com\/en\/product\/anubis-2\/\" \/>\n<meta property=\"og:site_name\" content=\"Erkado Magyarorsz\u00e1g\" \/>\n<meta property=\"article:modified_time\" content=\"2025-10-21T12:40:33+00:00\" \/>\n<meta property=\"og:image\" content=\"https:\/\/erkadomagyarorszag.com\/wp-content\/uploads\/anubis-2-lakkozott-titan-feher-uv.webp\" \/>\n\t<meta property=\"og:image:width\" content=\"137\" \/>\n\t<meta property=\"og:image:height\" content=\"300\" \/>\n\t<meta property=\"og:image:type\" content=\"image\/webp\" \/>\n<meta name=\"twitter:card\" content=\"summary_large_image\" \/>\n<meta name=\"twitter:label1\" content=\"Price\" \/>\n\t<meta name=\"twitter:data1\" content=\"0,00&nbsp;&#070;&#116;\" \/>\n\t<meta name=\"twitter:label2\" content=\"Availability\" \/>\n\t<meta name=\"twitter:data2\" content=\"In stock\" \/>\n<script type=\"application\/ld+json\" class=\"yoast-schema-graph\">{\"@context\":\"https:\/\/schema.org\",\"@graph\":[{\"@type\":\"WebPage\",\"@id\":\"https:\/\/erkadomagyarorszag.com\/termek\/anubis-2\/\",\"url\":\"https:\/\/erkadomagyarorszag.com\/termek\/anubis-2\/\",\"name\":\"ANUBIS 2 - Erkado Magyarorsz\u00e1g\",\"isPartOf\":{\"@id\":\"https:\/\/erkadomagyarorszag.com\/#website\"},\"primaryImageOfPage\":{\"@id\":\"https:\/\/erkadomagyarorszag.com\/termek\/anubis-2\/#primaryimage\"},\"image\":{\"@id\":\"https:\/\/erkadomagyarorszag.com\/termek\/anubis-2\/#primaryimage\"},\"thumbnailUrl\":\"https:\/\/erkadomagyarorszag.com\/wp-content\/uploads\/anubis-2-lakkozott-titan-feher-uv.webp\",\"datePublished\":\"2025-09-03T06:24:37+00:00\",\"dateModified\":\"2025-10-21T12:40:33+00:00\",\"breadcrumb\":{\"@id\":\"https:\/\/erkadomagyarorszag.com\/termek\/anubis-2\/#breadcrumb\"},\"inLanguage\":\"en-GB\",\"potentialAction\":[{\"@type\":\"ReadAction\",\"target\":[\"https:\/\/erkadomagyarorszag.com\/termek\/anubis-2\/\"]}]},{\"@type\":\"ImageObject\",\"inLanguage\":\"en-GB\",\"@id\":\"https:\/\/erkadomagyarorszag.com\/termek\/anubis-2\/#primaryimage\",\"url\":\"https:\/\/erkadomagyarorszag.com\/wp-content\/uploads\/anubis-2-lakkozott-titan-feher-uv.webp\",\"contentUrl\":\"https:\/\/erkadomagyarorszag.com\/wp-content\/uploads\/anubis-2-lakkozott-titan-feher-uv.webp\",\"width\":137,\"height\":300,\"caption\":\"anubis-2-lakkozott-titan-feher-uv\"},{\"@type\":\"BreadcrumbList\",\"@id\":\"https:\/\/erkadomagyarorszag.com\/termek\/anubis-2\/#breadcrumb\",\"itemListElement\":[{\"@type\":\"ListItem\",\"position\":1,\"name\":\"Kezd\u0151lap\",\"item\":\"https:\/\/erkadomagyarorszag.com\/\"},{\"@type\":\"ListItem\",\"position\":2,\"name\":\"Shop\",\"item\":\"https:\/\/erkadomagyarorszag.com\/uzlet\/\"},{\"@type\":\"ListItem\",\"position\":3,\"name\":\"ANUBIS 2\"}]},{\"@type\":\"WebSite\",\"@id\":\"https:\/\/erkadomagyarorszag.com\/#website\",\"url\":\"https:\/\/erkadomagyarorszag.com\/\",\"name\":\"Erkado Magyarorsz\u00e1g\",\"description\":\"Erkado Magyarorsz\u00e1g\",\"publisher\":{\"@id\":\"https:\/\/erkadomagyarorszag.com\/#organization\"},\"potentialAction\":[{\"@type\":\"SearchAction\",\"target\":{\"@type\":\"EntryPoint\",\"urlTemplate\":\"https:\/\/erkadomagyarorszag.com\/?s={search_term_string}\"},\"query-input\":{\"@type\":\"PropertyValueSpecification\",\"valueRequired\":true,\"valueName\":\"search_term_string\"}}],\"inLanguage\":\"en-GB\"},{\"@type\":\"Organization\",\"@id\":\"https:\/\/erkadomagyarorszag.com\/#organization\",\"name\":\"Erkado Magyarorsz\u00e1g\",\"url\":\"https:\/\/erkadomagyarorszag.com\/\",\"logo\":{\"@type\":\"ImageObject\",\"inLanguage\":\"en-GB\",\"@id\":\"https:\/\/erkadomagyarorszag.com\/#\/schema\/logo\/image\/\",\"url\":\"https:\/\/erkadomagyarorszag.com\/wp-content\/uploads\/Group-24.jpg\",\"contentUrl\":\"https:\/\/erkadomagyarorszag.com\/wp-content\/uploads\/Group-24.jpg\",\"width\":221,\"height\":221,\"caption\":\"Erkado Magyarorsz\u00e1g\"},\"image\":{\"@id\":\"https:\/\/erkadomagyarorszag.com\/#\/schema\/logo\/image\/\"}}]}<\/script>\n<meta property=\"product:price:amount\" content=\"0.00\" \/>\n<meta property=\"product:price:currency\" content=\"HUF\" \/>\n<meta property=\"og:availability\" content=\"instock\" \/>\n<meta property=\"product:availability\" content=\"instock\" \/>\n<meta property=\"product:retailer_item_id\" content=\"ANUBI-2\" \/>\n<meta property=\"product:condition\" content=\"new\" \/>\n<!-- \/ Yoast SEO Premium plugin. -->","yoast_head_json":{"title":"ANUBIS 2 - Erkado Magyarorsz\u00e1g","robots":{"index":"index","follow":"follow","max-snippet":"max-snippet:-1","max-image-preview":"max-image-preview:large","max-video-preview":"max-video-preview:-1"},"canonical":"https:\/\/erkadomagyarorszag.com\/en\/product\/anubis-2\/","og_locale":"en_GB","og_type":"article","og_title":"ANUBIS 2","og_description":"SZERKEZET \u2022 falcos, ford\u00edtott vagy falc n\u00e9lk\u00fcli ajt\u00f3sz\u00e1rny \u2022 bels\u0151 MDF keret k\u00e9t HDF lemezzel bor\u00edtva \u2022 opcion\u00e1lis, fel\u00e1r ellen\u00e9ben, bels\u0151 fa keret (oldalak \u00e9s fels\u0151, als\u00f3 MDF), k\u00e9t HDF lappal bor\u00edtva \u2022 a stabiliz\u00e1l\u00f3 kit\u00f6lt\u00e9s \u201em\u00e9hsejtr\u00e1cs\u201d vagy fel\u00e1r ellen\u00e9ben teljes lemez \u2022 opcion\u00e1lisan fel\u00e1r ellen\u00e9ben ajt\u00f3tok-sz\u00e9les\u00edt\u0151 panelek, valamint korona d\u00edszl\u00e9c \u00e9s pilaszterek 151-153. o. ... Read more","og_url":"https:\/\/erkadomagyarorszag.com\/en\/product\/anubis-2\/","og_site_name":"Erkado Magyarorsz\u00e1g","article_modified_time":"2025-10-21T12:40:33+00:00","og_image":[{"width":137,"height":300,"url":"https:\/\/erkadomagyarorszag.com\/wp-content\/uploads\/anubis-2-lakkozott-titan-feher-uv.webp","type":"image\/webp"}],"twitter_card":"summary_large_image","twitter_misc":{"Price":"0,00&nbsp;&#70;&#116;","Availability":"In stock"},"schema":{"@context":"https:\/\/schema.org","@graph":[{"@type":"WebPage","@id":"https:\/\/erkadomagyarorszag.com\/termek\/anubis-2\/","url":"https:\/\/erkadomagyarorszag.com\/termek\/anubis-2\/","name":"ANUBIS 2 - Erkado Magyarorsz\u00e1g","isPartOf":{"@id":"https:\/\/erkadomagyarorszag.com\/#website"},"primaryImageOfPage":{"@id":"https:\/\/erkadomagyarorszag.com\/termek\/anubis-2\/#primaryimage"},"image":{"@id":"https:\/\/erkadomagyarorszag.com\/termek\/anubis-2\/#primaryimage"},"thumbnailUrl":"https:\/\/erkadomagyarorszag.com\/wp-content\/uploads\/anubis-2-lakkozott-titan-feher-uv.webp","datePublished":"2025-09-03T06:24:37+00:00","dateModified":"2025-10-21T12:40:33+00:00","breadcrumb":{"@id":"https:\/\/erkadomagyarorszag.com\/termek\/anubis-2\/#breadcrumb"},"inLanguage":"en-GB","potentialAction":[{"@type":"ReadAction","target":["https:\/\/erkadomagyarorszag.com\/termek\/anubis-2\/"]}]},{"@type":"ImageObject","inLanguage":"en-GB","@id":"https:\/\/erkadomagyarorszag.com\/termek\/anubis-2\/#primaryimage","url":"https:\/\/erkadomagyarorszag.com\/wp-content\/uploads\/anubis-2-lakkozott-titan-feher-uv.webp","contentUrl":"https:\/\/erkadomagyarorszag.com\/wp-content\/uploads\/anubis-2-lakkozott-titan-feher-uv.webp","width":137,"height":300,"caption":"anubis-2-lakkozott-titan-feher-uv"},{"@type":"BreadcrumbList","@id":"https:\/\/erkadomagyarorszag.com\/termek\/anubis-2\/#breadcrumb","itemListElement":[{"@type":"ListItem","position":1,"name":"Kezd\u0151lap","item":"https:\/\/erkadomagyarorszag.com\/"},{"@type":"ListItem","position":2,"name":"Shop","item":"https:\/\/erkadomagyarorszag.com\/uzlet\/"},{"@type":"ListItem","position":3,"name":"ANUBIS 2"}]},{"@type":"WebSite","@id":"https:\/\/erkadomagyarorszag.com\/#website","url":"https:\/\/erkadomagyarorszag.com\/","name":"Home - Erkado Hungary","description":"Home - Erkado Hungary","publisher":{"@id":"https:\/\/erkadomagyarorszag.com\/#organization"},"potentialAction":[{"@type":"SearchAction","target":{"@type":"EntryPoint","urlTemplate":"https:\/\/erkadomagyarorszag.com\/?s={search_term_string}"},"query-input":{"@type":"PropertyValueSpecification","valueRequired":true,"valueName":"search_term_string"}}],"inLanguage":"en-GB"},{"@type":"Organization","@id":"https:\/\/erkadomagyarorszag.com\/#organization","name":"Home - Erkado Hungary","url":"https:\/\/erkadomagyarorszag.com\/","logo":{"@type":"ImageObject","inLanguage":"en-GB","@id":"https:\/\/erkadomagyarorszag.com\/#\/schema\/logo\/image\/","url":"https:\/\/erkadomagyarorszag.com\/wp-content\/uploads\/Group-24.jpg","contentUrl":"https:\/\/erkadomagyarorszag.com\/wp-content\/uploads\/Group-24.jpg","width":221,"height":221,"caption":"Erkado Magyarorsz\u00e1g"},"image":{"@id":"https:\/\/erkadomagyarorszag.com\/#\/schema\/logo\/image\/"}}]},"product_price_amount":"0.00","product_price_currency":"HUF","og_availability":"instock","product_availability":"instock","product_retailer_item_id":"ANUBI-2","product_condition":"new"},"_links":{"self":[{"href":"https:\/\/erkadomagyarorszag.com\/en\/wp-json\/wp\/v2\/product\/31081","targetHints":{"allow":["GET"]}}],"collection":[{"href":"https:\/\/erkadomagyarorszag.com\/en\/wp-json\/wp\/v2\/product"}],"about":[{"href":"https:\/\/erkadomagyarorszag.com\/en\/wp-json\/wp\/v2\/types\/product"}],"replies":[{"embeddable":true,"href":"https:\/\/erkadomagyarorszag.com\/en\/wp-json\/wp\/v2\/comments?post=31081"}],"version-history":[{"count":2,"href":"https:\/\/erkadomagyarorszag.com\/en\/wp-json\/wp\/v2\/product\/31081\/revisions"}],"predecessor-version":[{"id":39261,"href":"https:\/\/erkadomagyarorszag.com\/en\/wp-json\/wp\/v2\/product\/31081\/revisions\/39261"}],"wp:featuredmedia":[{"embeddable":true,"href":"https:\/\/erkadomagyarorszag.com\/en\/wp-json\/wp\/v2\/media\/23631"}],"wp:attachment":[{"href":"https:\/\/erkadomagyarorszag.com\/en\/wp-json\/wp\/v2\/media?parent=31081"}],"wp:term":[{"taxonomy":"product_brand","embeddable":true,"href":"https:\/\/erkadomagyarorszag.com\/en\/wp-json\/wp\/v2\/product_brand?post=31081"},{"taxonomy":"product_cat","embeddable":true,"href":"https:\/\/erkadomagyarorszag.com\/en\/wp-json\/wp\/v2\/product_cat?post=31081"},{"taxonomy":"product_tag","embeddable":true,"href":"https:\/\/erkadomagyarorszag.com\/en\/wp-json\/wp\/v2\/product_tag?post=31081"}],"curies":[{"name":"wp","href":"https:\/\/api.w.org\/{rel}","templated":true}]}}