{"id":31117,"date":"2025-09-03T06:24:53","date_gmt":"2025-09-03T06:24:53","guid":{"rendered":"https:\/\/erkadomagyarorszag.com\/termek\/turan-8\/"},"modified":"2025-10-21T15:06:04","modified_gmt":"2025-10-21T13:06:04","slug":"turan-8","status":"publish","type":"product","link":"https:\/\/erkadomagyarorszag.com\/en\/product\/turan-8\/","title":{"rendered":"TURAN 8"},"content":{"rendered":"<p><strong>STRUCTURE<\/strong><br \/>\n\u2022 falcos, falc n\u00e9lk\u00fcli ajt\u00f3sz\u00e1rny vagy fel\u00e1r ellen\u00e9ben ford\u00edtott STILE technol\u00f3gi\u00e1val k\u00e9sz\u00fclt<br \/>\najt\u00f3sz\u00e1rny<br \/>\n\u2022 f\u00fcgg\u0151leges \u00e9s v\u00edzszintes MDF keretelemek, furn\u00e9rral bor\u00edtva \u00e9s UV-\u00e1ll\u00f3 lakkal festve<br \/>\n\u2022 opcion\u00e1lisan, fel\u00e1r ellen\u00e9ben, HDF- \u00e9s MDF-lapokkal burkolt f\u00fcgg\u0151leges ragasztott<br \/>\nr\u00e9tegeltfa-keretek<br \/>\n\u2022 a TURAN 8 modellben az \u00fcvegre mindk\u00e9t oldalon ragasztott panel nedvess\u00e9g\u00e1ll\u00f3 HDF<br \/>\n3 mm vastags\u00e1g\u00fa lemezb\u0151l. A panel sz\u00e9le mindig a FEH\u00c9R TITAN UV sz\u00edn\u0171. 3)<br \/>\n\u2022 16 mm vastag MDF lapb\u00f3l k\u00e9sz\u00fclt, mart \u00e9s UV-\u00e1ll\u00f3 lakkal festett bet\u00e9t<br \/>\n\u2022 opcion\u00e1lisan fel\u00e1r ellen\u00e9ben ajt\u00f3tok-sz\u00e9les\u00edt\u0151 panelek, valamint korona d\u00edszl\u00e9c \u00e9s<br \/>\npilaszterek 151-153. o.<br \/>\n\u2022 az ajt\u00f3sz\u00e1rny \u00f6n\u00e1ll\u00f3an ler\u00f6vid\u00edthet\u0151, r\u00e9szletek a 149. oldalon.<\/p>\n<p class=\"translation-block\"><strong>DESIGN<\/strong><br>\n\u2022 water-based varnished, UV-protected, high-wear resistant<br>\nwings and frame<\/p>\n<p class=\"translation-block\"><strong>HARDWARE<\/strong><br>\n\u2022 three, 2-pin silver hinges in the rebated door leaf with horizontal adjustment<br>\n\u2022 three, silver-colored (optionally black at an additional cost) concealed hinges in the non-rebated door leaf; the hinges are delivered and priced with the door frame<br>\n\u2022 deadbolt lock in the rebated door leaf, key lock in the non-rebated door leaf,<br>\nlock insert, keyless or bathroom lock mechanism magnetic lock in silver<br>\n; optional black or gold magnetic lock at an additional cost<\/p>\n<p><strong>GLAZING<\/strong><br \/>\n\u2022 TURAN 1 \u00e9s TURAN 8 modellek: 4 mm-es edzett tejes vagy \u00e1tl\u00e1tsz\u00f3 \u00fcveg \u00e9s fel\u00e1r<br \/>\nellen\u00e9ben VSG 221 ragasztott tejes vagy fekete biztons\u00e1gi \u00fcveg, mindk\u00e9t oldalon sima,<br \/>\nvagy a TURAN 1 modellhez 4 mm-es relief \u00e9s point \u00daJDONS\u00c1G dekorat\u00edv edzett \u00fcveg<br \/>\n(relief \u00e9s point \u00fcveg egyoldalasan sima)<br \/>\n\u2022 a TURAN 7 modell egyik oldal\u00e1n t\u00fckr\u00f6s kivitelben kaphat\u00f3. M\u00e1sik oldal &#8211; FEH\u00c9R TIT\u00c1N<br \/>\nUV lakkozott lap. Awers &#8211; t\u00fck\u00f6r a zsan\u00e9rok oldal\u00e1n.<br \/>\n\u2022 TURAN 8 modell fix \u00fcvegez\u00e9s sz\u00e9less\u00e9ge &#8211; 50 mm<\/p>\n<p><strong>EXTRAS AT A CHARGE<\/strong><br \/>\ngy\u00e1ri furatk\u00e9sz\u00edt\u00e9s ajt\u00f3kilincsekhez (\u00fan. osztott) sz\u00e1rnnyal, k\u00e9szletben val\u00f3 megrendel\u00e9s<br \/>\neset\u00e9n<br \/>\nford\u00edtott ajt\u00f3sz\u00e1rny<br \/>\nrekuper\u00e1ci\u00f3s r\u00e9s sztenderd vagy mini, szell\u0151z\u00e9si alulv\u00e1g\u00e1s sztenderd vagy mini (149. o.)<br \/>\n\u201e100\u201d-as m\u00e9ret\u0171 falcos \u00e9s falc n\u00e9lk\u00fcli ajt\u00f3sz\u00e1rny<br \/>\nf\u00e9mb\u0151l k\u00e9sz\u00fclt zsan\u00e9rburkolat a falcos ajt\u00f3sz\u00e1rnyban (sz\u00edn: sz\u00e1lcsiszolt nikkel, patina,<br \/>\nf\u00e9nyezett kr\u00f3m, f\u00e9nyezett s\u00e1rgar\u00e9z, feh\u00e9r \u00e9s fekete);<br \/>\nVSG 221 ragasztott biztons\u00e1gi \u00fcveg, mindk\u00e9t oldal\u00e1n sima fel\u00fclet\u0171 \u00fcveg (a TURAN 1 \u00e9s a<br \/>\nTURAN 8 modell eset\u00e9ben)<br \/>\nautomata k\u00fcsz\u00f6b 1)<br \/>\ncsere fekete vagy arany sz\u00edn\u0171 m\u00e1gnes z\u00e1rra falc n\u00e9lk\u00fcli ajt\u00f3sz\u00e1rnyak eset\u00e9n<br \/>\ncsere fekete vagy arany sz\u00edn\u0171 zsan\u00e9rokra \u00e9s z\u00e1r\u00f3lemezre falc n\u00e9lk\u00fcli ajt\u00f3sz\u00e1rny eset\u00e9n<br \/>\nm\u00e1gneses korl\u00e1toz\u00f3 (\u00fctk\u00f6z\u0151) 1)<br \/>\n(hatf\u00e9le sz\u00ednben kaphat\u00f3 149. o.)<br \/>\nPL2112 szabv\u00e1ny +15% a sz\u00e1rny fel\u00e1r el\u0151tti \u00e1r\u00e1hoz<br \/>\nragasztott f\u00e1b\u00f3l k\u00e9sz\u00fclt f\u00fcgg\u0151leges keretelemek<\/p>","protected":false},"excerpt":{"rendered":"<p>SZERKEZET \u2022 falcos, falc n\u00e9lk\u00fcli ajt\u00f3sz\u00e1rny vagy fel\u00e1r ellen\u00e9ben ford\u00edtott STILE technol\u00f3gi\u00e1val k\u00e9sz\u00fclt ajt\u00f3sz\u00e1rny \u2022 f\u00fcgg\u0151leges \u00e9s v\u00edzszintes MDF keretelemek, furn\u00e9rral bor\u00edtva \u00e9s UV-\u00e1ll\u00f3 lakkal festve \u2022 opcion\u00e1lisan, fel\u00e1r ellen\u00e9ben, HDF- \u00e9s MDF-lapokkal burkolt f\u00fcgg\u0151leges ragasztott r\u00e9tegeltfa-keretek \u2022 a TURAN 8 modellben az \u00fcvegre mindk\u00e9t oldalon ragasztott panel nedvess\u00e9g\u00e1ll\u00f3 HDF 3 mm vastags\u00e1g\u00fa lemezb\u0151l. A &#8230; <a title=\"TURAN 8\" class=\"read-more\" href=\"https:\/\/erkadomagyarorszag.com\/en\/product\/turan-8\/\" aria-label=\"Read more about TURAN 8\">Read more<\/a><\/p>","protected":false},"featured_media":22120,"comment_status":"closed","ping_status":"closed","template":"","meta":[],"product_brand":[462],"product_cat":[17,444],"product_tag":[470],"class_list":{"0":"post-31117","1":"product","2":"type-product","3":"status-publish","4":"has-post-thumbnail","6":"product_brand-turan","7":"product_cat-belteri-ajtok","8":"product_cat-lakkozott-ajtok","9":"product_tag-belteri-ajtoerkadoturan-8","10":"pa_valaszthato-szinek-lakkozott-titan-feher-uv","12":"first","13":"instock","14":"purchasable","15":"product-type-simple"},"yoast_head":"<!-- This site is optimized with the Yoast SEO Premium plugin v26.2 (Yoast SEO v26.6) - https:\/\/yoast.com\/wordpress\/plugins\/seo\/ -->\n<title>TURAN 8 - Erkado Magyarorsz\u00e1g<\/title>\n<meta name=\"robots\" content=\"index, follow, max-snippet:-1, max-image-preview:large, max-video-preview:-1\" \/>\n<link rel=\"canonical\" href=\"https:\/\/erkadomagyarorszag.com\/en\/product\/turan-8\/\" \/>\n<meta property=\"og:locale\" content=\"en_GB\" \/>\n<meta property=\"og:type\" content=\"article\" \/>\n<meta property=\"og:title\" content=\"TURAN 8\" \/>\n<meta property=\"og:description\" content=\"SZERKEZET \u2022 falcos, falc n\u00e9lk\u00fcli ajt\u00f3sz\u00e1rny vagy fel\u00e1r ellen\u00e9ben ford\u00edtott STILE technol\u00f3gi\u00e1val k\u00e9sz\u00fclt ajt\u00f3sz\u00e1rny \u2022 f\u00fcgg\u0151leges \u00e9s v\u00edzszintes MDF keretelemek, furn\u00e9rral bor\u00edtva \u00e9s UV-\u00e1ll\u00f3 lakkal festve \u2022 opcion\u00e1lisan, fel\u00e1r ellen\u00e9ben, HDF- \u00e9s MDF-lapokkal burkolt f\u00fcgg\u0151leges ragasztott r\u00e9tegeltfa-keretek \u2022 a TURAN 8 modellben az \u00fcvegre mindk\u00e9t oldalon ragasztott panel nedvess\u00e9g\u00e1ll\u00f3 HDF 3 mm vastags\u00e1g\u00fa lemezb\u0151l. A ... Read more\" \/>\n<meta property=\"og:url\" content=\"https:\/\/erkadomagyarorszag.com\/en\/product\/turan-8\/\" \/>\n<meta property=\"og:site_name\" content=\"Erkado Magyarorsz\u00e1g\" \/>\n<meta property=\"article:modified_time\" content=\"2025-10-21T13:06:04+00:00\" \/>\n<meta property=\"og:image\" content=\"https:\/\/erkadomagyarorszag.com\/wp-content\/uploads\/turan-8-lakkozott-titan-feher-uv.webp\" \/>\n\t<meta property=\"og:image:width\" content=\"477\" \/>\n\t<meta property=\"og:image:height\" content=\"1024\" \/>\n\t<meta property=\"og:image:type\" content=\"image\/webp\" \/>\n<meta name=\"twitter:card\" content=\"summary_large_image\" \/>\n<meta name=\"twitter:label1\" content=\"Price\" \/>\n\t<meta name=\"twitter:data1\" content=\"0,00&nbsp;&#070;&#116;\" \/>\n\t<meta name=\"twitter:label2\" content=\"Availability\" \/>\n\t<meta name=\"twitter:data2\" content=\"In stock\" \/>\n<script type=\"application\/ld+json\" class=\"yoast-schema-graph\">{\"@context\":\"https:\/\/schema.org\",\"@graph\":[{\"@type\":\"WebPage\",\"@id\":\"https:\/\/erkadomagyarorszag.com\/termek\/turan-8\/\",\"url\":\"https:\/\/erkadomagyarorszag.com\/termek\/turan-8\/\",\"name\":\"TURAN 8 - Erkado Magyarorsz\u00e1g\",\"isPartOf\":{\"@id\":\"https:\/\/erkadomagyarorszag.com\/#website\"},\"primaryImageOfPage\":{\"@id\":\"https:\/\/erkadomagyarorszag.com\/termek\/turan-8\/#primaryimage\"},\"image\":{\"@id\":\"https:\/\/erkadomagyarorszag.com\/termek\/turan-8\/#primaryimage\"},\"thumbnailUrl\":\"https:\/\/erkadomagyarorszag.com\/wp-content\/uploads\/turan-8-lakkozott-titan-feher-uv.webp\",\"datePublished\":\"2025-09-03T06:24:53+00:00\",\"dateModified\":\"2025-10-21T13:06:04+00:00\",\"breadcrumb\":{\"@id\":\"https:\/\/erkadomagyarorszag.com\/termek\/turan-8\/#breadcrumb\"},\"inLanguage\":\"en-GB\",\"potentialAction\":[{\"@type\":\"ReadAction\",\"target\":[\"https:\/\/erkadomagyarorszag.com\/termek\/turan-8\/\"]}]},{\"@type\":\"ImageObject\",\"inLanguage\":\"en-GB\",\"@id\":\"https:\/\/erkadomagyarorszag.com\/termek\/turan-8\/#primaryimage\",\"url\":\"https:\/\/erkadomagyarorszag.com\/wp-content\/uploads\/turan-8-lakkozott-titan-feher-uv.webp\",\"contentUrl\":\"https:\/\/erkadomagyarorszag.com\/wp-content\/uploads\/turan-8-lakkozott-titan-feher-uv.webp\",\"width\":477,\"height\":1024,\"caption\":\"turan-8-lakkozott-titan-feher-uv\"},{\"@type\":\"BreadcrumbList\",\"@id\":\"https:\/\/erkadomagyarorszag.com\/termek\/turan-8\/#breadcrumb\",\"itemListElement\":[{\"@type\":\"ListItem\",\"position\":1,\"name\":\"Kezd\u0151lap\",\"item\":\"https:\/\/erkadomagyarorszag.com\/\"},{\"@type\":\"ListItem\",\"position\":2,\"name\":\"Shop\",\"item\":\"https:\/\/erkadomagyarorszag.com\/uzlet\/\"},{\"@type\":\"ListItem\",\"position\":3,\"name\":\"TURAN 8\"}]},{\"@type\":\"WebSite\",\"@id\":\"https:\/\/erkadomagyarorszag.com\/#website\",\"url\":\"https:\/\/erkadomagyarorszag.com\/\",\"name\":\"Erkado Magyarorsz\u00e1g\",\"description\":\"Erkado Magyarorsz\u00e1g\",\"publisher\":{\"@id\":\"https:\/\/erkadomagyarorszag.com\/#organization\"},\"potentialAction\":[{\"@type\":\"SearchAction\",\"target\":{\"@type\":\"EntryPoint\",\"urlTemplate\":\"https:\/\/erkadomagyarorszag.com\/?s={search_term_string}\"},\"query-input\":{\"@type\":\"PropertyValueSpecification\",\"valueRequired\":true,\"valueName\":\"search_term_string\"}}],\"inLanguage\":\"en-GB\"},{\"@type\":\"Organization\",\"@id\":\"https:\/\/erkadomagyarorszag.com\/#organization\",\"name\":\"Erkado Magyarorsz\u00e1g\",\"url\":\"https:\/\/erkadomagyarorszag.com\/\",\"logo\":{\"@type\":\"ImageObject\",\"inLanguage\":\"en-GB\",\"@id\":\"https:\/\/erkadomagyarorszag.com\/#\/schema\/logo\/image\/\",\"url\":\"https:\/\/erkadomagyarorszag.com\/wp-content\/uploads\/Group-24.jpg\",\"contentUrl\":\"https:\/\/erkadomagyarorszag.com\/wp-content\/uploads\/Group-24.jpg\",\"width\":221,\"height\":221,\"caption\":\"Erkado Magyarorsz\u00e1g\"},\"image\":{\"@id\":\"https:\/\/erkadomagyarorszag.com\/#\/schema\/logo\/image\/\"}}]}<\/script>\n<meta property=\"product:price:amount\" content=\"0.00\" \/>\n<meta property=\"product:price:currency\" content=\"HUF\" \/>\n<meta property=\"og:availability\" content=\"instock\" \/>\n<meta property=\"product:availability\" content=\"instock\" \/>\n<meta property=\"product:retailer_item_id\" content=\"TURAN-8\" \/>\n<meta property=\"product:condition\" content=\"new\" \/>\n<!-- \/ Yoast SEO Premium plugin. -->","yoast_head_json":{"title":"TURAN 8 - Erkado Magyarorsz\u00e1g","robots":{"index":"index","follow":"follow","max-snippet":"max-snippet:-1","max-image-preview":"max-image-preview:large","max-video-preview":"max-video-preview:-1"},"canonical":"https:\/\/erkadomagyarorszag.com\/en\/product\/turan-8\/","og_locale":"en_GB","og_type":"article","og_title":"TURAN 8","og_description":"SZERKEZET \u2022 falcos, falc n\u00e9lk\u00fcli ajt\u00f3sz\u00e1rny vagy fel\u00e1r ellen\u00e9ben ford\u00edtott STILE technol\u00f3gi\u00e1val k\u00e9sz\u00fclt ajt\u00f3sz\u00e1rny \u2022 f\u00fcgg\u0151leges \u00e9s v\u00edzszintes MDF keretelemek, furn\u00e9rral bor\u00edtva \u00e9s UV-\u00e1ll\u00f3 lakkal festve \u2022 opcion\u00e1lisan, fel\u00e1r ellen\u00e9ben, HDF- \u00e9s MDF-lapokkal burkolt f\u00fcgg\u0151leges ragasztott r\u00e9tegeltfa-keretek \u2022 a TURAN 8 modellben az \u00fcvegre mindk\u00e9t oldalon ragasztott panel nedvess\u00e9g\u00e1ll\u00f3 HDF 3 mm vastags\u00e1g\u00fa lemezb\u0151l. A ... Read more","og_url":"https:\/\/erkadomagyarorszag.com\/en\/product\/turan-8\/","og_site_name":"Erkado Magyarorsz\u00e1g","article_modified_time":"2025-10-21T13:06:04+00:00","og_image":[{"width":477,"height":1024,"url":"https:\/\/erkadomagyarorszag.com\/wp-content\/uploads\/turan-8-lakkozott-titan-feher-uv.webp","type":"image\/webp"}],"twitter_card":"summary_large_image","twitter_misc":{"Price":"0,00&nbsp;&#70;&#116;","Availability":"In stock"},"schema":{"@context":"https:\/\/schema.org","@graph":[{"@type":"WebPage","@id":"https:\/\/erkadomagyarorszag.com\/termek\/turan-8\/","url":"https:\/\/erkadomagyarorszag.com\/termek\/turan-8\/","name":"TURAN 8 - Erkado Magyarorsz\u00e1g","isPartOf":{"@id":"https:\/\/erkadomagyarorszag.com\/#website"},"primaryImageOfPage":{"@id":"https:\/\/erkadomagyarorszag.com\/termek\/turan-8\/#primaryimage"},"image":{"@id":"https:\/\/erkadomagyarorszag.com\/termek\/turan-8\/#primaryimage"},"thumbnailUrl":"https:\/\/erkadomagyarorszag.com\/wp-content\/uploads\/turan-8-lakkozott-titan-feher-uv.webp","datePublished":"2025-09-03T06:24:53+00:00","dateModified":"2025-10-21T13:06:04+00:00","breadcrumb":{"@id":"https:\/\/erkadomagyarorszag.com\/termek\/turan-8\/#breadcrumb"},"inLanguage":"en-GB","potentialAction":[{"@type":"ReadAction","target":["https:\/\/erkadomagyarorszag.com\/termek\/turan-8\/"]}]},{"@type":"ImageObject","inLanguage":"en-GB","@id":"https:\/\/erkadomagyarorszag.com\/termek\/turan-8\/#primaryimage","url":"https:\/\/erkadomagyarorszag.com\/wp-content\/uploads\/turan-8-lakkozott-titan-feher-uv.webp","contentUrl":"https:\/\/erkadomagyarorszag.com\/wp-content\/uploads\/turan-8-lakkozott-titan-feher-uv.webp","width":477,"height":1024,"caption":"turan-8-lakkozott-titan-feher-uv"},{"@type":"BreadcrumbList","@id":"https:\/\/erkadomagyarorszag.com\/termek\/turan-8\/#breadcrumb","itemListElement":[{"@type":"ListItem","position":1,"name":"Kezd\u0151lap","item":"https:\/\/erkadomagyarorszag.com\/"},{"@type":"ListItem","position":2,"name":"Shop","item":"https:\/\/erkadomagyarorszag.com\/uzlet\/"},{"@type":"ListItem","position":3,"name":"TURAN 8"}]},{"@type":"WebSite","@id":"https:\/\/erkadomagyarorszag.com\/#website","url":"https:\/\/erkadomagyarorszag.com\/","name":"Home - Erkado Hungary","description":"Home - Erkado Hungary","publisher":{"@id":"https:\/\/erkadomagyarorszag.com\/#organization"},"potentialAction":[{"@type":"SearchAction","target":{"@type":"EntryPoint","urlTemplate":"https:\/\/erkadomagyarorszag.com\/?s={search_term_string}"},"query-input":{"@type":"PropertyValueSpecification","valueRequired":true,"valueName":"search_term_string"}}],"inLanguage":"en-GB"},{"@type":"Organization","@id":"https:\/\/erkadomagyarorszag.com\/#organization","name":"Home - Erkado Hungary","url":"https:\/\/erkadomagyarorszag.com\/","logo":{"@type":"ImageObject","inLanguage":"en-GB","@id":"https:\/\/erkadomagyarorszag.com\/#\/schema\/logo\/image\/","url":"https:\/\/erkadomagyarorszag.com\/wp-content\/uploads\/Group-24.jpg","contentUrl":"https:\/\/erkadomagyarorszag.com\/wp-content\/uploads\/Group-24.jpg","width":221,"height":221,"caption":"Erkado Magyarorsz\u00e1g"},"image":{"@id":"https:\/\/erkadomagyarorszag.com\/#\/schema\/logo\/image\/"}}]},"product_price_amount":"0.00","product_price_currency":"HUF","og_availability":"instock","product_availability":"instock","product_retailer_item_id":"TURAN-8","product_condition":"new"},"_links":{"self":[{"href":"https:\/\/erkadomagyarorszag.com\/en\/wp-json\/wp\/v2\/product\/31117","targetHints":{"allow":["GET"]}}],"collection":[{"href":"https:\/\/erkadomagyarorszag.com\/en\/wp-json\/wp\/v2\/product"}],"about":[{"href":"https:\/\/erkadomagyarorszag.com\/en\/wp-json\/wp\/v2\/types\/product"}],"replies":[{"embeddable":true,"href":"https:\/\/erkadomagyarorszag.com\/en\/wp-json\/wp\/v2\/comments?post=31117"}],"version-history":[{"count":2,"href":"https:\/\/erkadomagyarorszag.com\/en\/wp-json\/wp\/v2\/product\/31117\/revisions"}],"predecessor-version":[{"id":39301,"href":"https:\/\/erkadomagyarorszag.com\/en\/wp-json\/wp\/v2\/product\/31117\/revisions\/39301"}],"wp:featuredmedia":[{"embeddable":true,"href":"https:\/\/erkadomagyarorszag.com\/en\/wp-json\/wp\/v2\/media\/22120"}],"wp:attachment":[{"href":"https:\/\/erkadomagyarorszag.com\/en\/wp-json\/wp\/v2\/media?parent=31117"}],"wp:term":[{"taxonomy":"product_brand","embeddable":true,"href":"https:\/\/erkadomagyarorszag.com\/en\/wp-json\/wp\/v2\/product_brand?post=31117"},{"taxonomy":"product_cat","embeddable":true,"href":"https:\/\/erkadomagyarorszag.com\/en\/wp-json\/wp\/v2\/product_cat?post=31117"},{"taxonomy":"product_tag","embeddable":true,"href":"https:\/\/erkadomagyarorszag.com\/en\/wp-json\/wp\/v2\/product_tag?post=31117"}],"curies":[{"name":"wp","href":"https:\/\/api.w.org\/{rel}","templated":true}]}}