{"id":31156,"date":"2025-09-03T06:25:24","date_gmt":"2025-09-03T06:25:24","guid":{"rendered":"https:\/\/erkadomagyarorszag.com\/termek\/sylena-8\/"},"modified":"2025-10-21T14:56:15","modified_gmt":"2025-10-21T12:56:15","slug":"sylena-8","status":"publish","type":"product","link":"https:\/\/erkadomagyarorszag.com\/en\/product\/sylena-8\/","title":{"rendered":"SYLENA 8"},"content":{"rendered":"<p class=\"translation-block\"><span><strong>STRUCTURE<\/strong><br>\n\u2022 rebated, inverted or non-rebated door leaf<br>\n\u2022 inner MDF frame covered with two HDF sheets<br>\n\u2022 optional, at extra cost, inner wooden frame (sides and top, bottom MDF), covered with two HDF sheets<br>\n\n\u2022 stabilizing filling is \u201choneycomb grid\u201d or at extra cost full<br>\nsheet<br>\n\u2022 optional, at extra cost door frame widening panels, as well as crown molding and<br>\npilasters p. 151-153.<br>\n\u2022 the door leaf can be shortened independently, details on p. 149.<\/span><\/p>\n<p><strong>DESIGN<\/strong><br \/>\n\u2022 v\u00edzalap\u00fa lakkal festett, UV-technol\u00f3gi\u00e1val tart\u00f3s\u00edtott, fokozott ig\u00e9nybev\u00e9telnek ellen\u00e1ll\u00f3<br \/>\nsz\u00e1rnyak \u00e9s tok<br \/>\n\u2022 az ajt\u00f3sz\u00e1rny \u00e9lei standard vagy falc n\u00e9lk\u00fcli technol\u00f3gi\u00e1val ker\u00fcltek kialak\u00edt\u00e1sra<\/p>\n<p class=\"translation-block\"><strong>HARDWARE<\/strong><br>\n\u2022 three roll-up pin hinges in the rebated door leaf<br>\n\u2022 three concealed hinges in the non-rebated door leaf and two silver-coloured (optionally<br>\nfor an additional charge<br>\nblack) hinges (third for an additional charge) in the reversed door leaf;<br>\nthe hinge is delivered and priced with the door frame<br>\n\u2022 deadbolt lock in the rebated door leaf, magnetic lock in the non-rebated door leaf (optionally<br>\ndeadbolt lock): with key lock, lock insert, secondary lock or bathroom lock mechanism<br>\nin silver; optionally black or gold magnetic lock for an additional charge<br>\n\u2022 magnetic lock in the reversed door leaf: with key lock, lock insert, secondary lock or<br>\nwith bathroom lock mechanism in silver; optionally available for an additional charge, black or<br>\ngold magnetic lock<\/p>\n<p><strong>EXTRAS AT A CHARGE<\/strong><br \/>\nford\u00edtott ajt\u00f3sz\u00e1rny<br \/>\nkit\u00f6lt\u00e9s teljes lemezzel<br \/>\nrekuper\u00e1ci\u00f3s r\u00e9s sztenderd vagy mini, szell\u0151z\u00e9si alulv\u00e1g\u00e1s sztenderd vagy mini (149. o.)<br \/>\n\u201e100\u201d-as m\u00e9ret\u0171 falcos \u00e9s falc n\u00e9lk\u00fcli ajt\u00f3sz\u00e1rny<br \/>\nplusz als\u00f3 keresztl\u00e9c (az ajt\u00f3sz\u00e1rny max. 8 cm-ig \u00f6n\u00e1ll\u00f3an ler\u00f6vid\u00edthet\u0151)<br \/>\nf\u00e9mb\u0151l k\u00e9sz\u00fclt zsan\u00e9rburkolat a falcos ajt\u00f3sz\u00e1rnyban (sz\u00edn: sz\u00e1lcsiszolt nikkel, patina,<br \/>\nf\u00e9nyezett kr\u00f3m, f\u00e9nyezett s\u00e1rgar\u00e9z, feh\u00e9r \u00e9s fekete);<br \/>\nautomata k\u00fcsz\u00f6b 1)<br \/>\ncsere fekete m\u00e1gnesz\u00e1rra falc n\u00e9lk\u00fcli \u00e9s ford\u00edtott ajt\u00f3sz\u00e1rnyak eset\u00e9n<br \/>\ncsere fekete vagy arany sz\u00edn\u0171 zsan\u00e9rokra \u00e9s z\u00e1r\u00f3lemezre falc n\u00e9lk\u00fcli ajt\u00f3sz\u00e1rny eset\u00e9n<br \/>\nm\u00e1gneses korl\u00e1toz\u00f3 (\u00fctk\u00f6z\u0151) 1)<br \/>\n(hatf\u00e9le sz\u00ednben kaphat\u00f3 149. o.)<br \/>\nbels\u0151 fa keret (oldals\u00f3 \u00e9s fels\u0151, als\u00f3 MDF)<br \/>\nszabv\u00e1ny PL2112<\/p>","protected":false},"excerpt":{"rendered":"<p>SZERKEZET \u2022 falcos, ford\u00edtott vagy falc n\u00e9lk\u00fcli ajt\u00f3sz\u00e1rny \u2022 bels\u0151 MDF keret k\u00e9t HDF lemezzel bor\u00edtva \u2022 opcion\u00e1lis, fel\u00e1r ellen\u00e9ben, bels\u0151 fa keret (oldalak \u00e9s fels\u0151, als\u00f3 MDF), k\u00e9t HDF lappal bor\u00edtva \u2022 a stabiliz\u00e1l\u00f3 kit\u00f6lt\u00e9s \u201em\u00e9hsejtr\u00e1cs\u201d vagy fel\u00e1r ellen\u00e9ben teljes lemez \u2022 opcion\u00e1lisan fel\u00e1r ellen\u00e9ben ajt\u00f3tok-sz\u00e9les\u00edt\u0151 panelek, valamint korona d\u00edszl\u00e9c \u00e9s pilaszterek 151-153. o. &#8230; <a title=\"SYLENA 8\" class=\"read-more\" href=\"https:\/\/erkadomagyarorszag.com\/en\/product\/sylena-8\/\" aria-label=\"Read more about SYLENA 8\">Read more<\/a><\/p>","protected":false},"featured_media":22112,"comment_status":"closed","ping_status":"closed","template":"","meta":[],"product_brand":[31],"product_cat":[17,444],"product_tag":[483],"class_list":{"0":"post-31156","1":"product","2":"type-product","3":"status-publish","4":"has-post-thumbnail","6":"product_brand-sylena","7":"product_cat-belteri-ajtok","8":"product_cat-lakkozott-ajtok","9":"product_tag-belteri-ajtoerkadosylena-8","10":"pa_valaszthato-szinek-lakkozott-titan-feher-uv","12":"first","13":"instock","14":"purchasable","15":"product-type-simple"},"yoast_head":"<!-- This site is optimized with the Yoast SEO Premium plugin v26.2 (Yoast SEO v26.6) - https:\/\/yoast.com\/wordpress\/plugins\/seo\/ -->\n<title>SYLENA 8 - Erkado Magyarorsz\u00e1g<\/title>\n<meta name=\"robots\" content=\"index, follow, max-snippet:-1, max-image-preview:large, max-video-preview:-1\" \/>\n<link rel=\"canonical\" href=\"https:\/\/erkadomagyarorszag.com\/en\/product\/sylena-8\/\" \/>\n<meta property=\"og:locale\" content=\"en_GB\" \/>\n<meta property=\"og:type\" content=\"article\" \/>\n<meta property=\"og:title\" content=\"SYLENA 8\" \/>\n<meta property=\"og:description\" content=\"SZERKEZET \u2022 falcos, ford\u00edtott vagy falc n\u00e9lk\u00fcli ajt\u00f3sz\u00e1rny \u2022 bels\u0151 MDF keret k\u00e9t HDF lemezzel bor\u00edtva \u2022 opcion\u00e1lis, fel\u00e1r ellen\u00e9ben, bels\u0151 fa keret (oldalak \u00e9s fels\u0151, als\u00f3 MDF), k\u00e9t HDF lappal bor\u00edtva \u2022 a stabiliz\u00e1l\u00f3 kit\u00f6lt\u00e9s \u201em\u00e9hsejtr\u00e1cs\u201d vagy fel\u00e1r ellen\u00e9ben teljes lemez \u2022 opcion\u00e1lisan fel\u00e1r ellen\u00e9ben ajt\u00f3tok-sz\u00e9les\u00edt\u0151 panelek, valamint korona d\u00edszl\u00e9c \u00e9s pilaszterek 151-153. o. ... Read more\" \/>\n<meta property=\"og:url\" content=\"https:\/\/erkadomagyarorszag.com\/en\/product\/sylena-8\/\" \/>\n<meta property=\"og:site_name\" content=\"Erkado Magyarorsz\u00e1g\" \/>\n<meta property=\"article:modified_time\" content=\"2025-10-21T12:56:15+00:00\" \/>\n<meta property=\"og:image\" content=\"https:\/\/erkadomagyarorszag.com\/wp-content\/uploads\/sylena-8-lakkozott-titan-feher-uv.webp\" \/>\n\t<meta property=\"og:image:width\" content=\"137\" \/>\n\t<meta property=\"og:image:height\" content=\"300\" \/>\n\t<meta property=\"og:image:type\" content=\"image\/webp\" \/>\n<meta name=\"twitter:card\" content=\"summary_large_image\" \/>\n<meta name=\"twitter:label1\" content=\"Price\" \/>\n\t<meta name=\"twitter:data1\" content=\"0,00&nbsp;&#070;&#116;\" \/>\n\t<meta name=\"twitter:label2\" content=\"Availability\" \/>\n\t<meta name=\"twitter:data2\" content=\"In stock\" \/>\n<script type=\"application\/ld+json\" class=\"yoast-schema-graph\">{\"@context\":\"https:\/\/schema.org\",\"@graph\":[{\"@type\":\"WebPage\",\"@id\":\"https:\/\/erkadomagyarorszag.com\/termek\/sylena-8\/\",\"url\":\"https:\/\/erkadomagyarorszag.com\/termek\/sylena-8\/\",\"name\":\"SYLENA 8 - Erkado Magyarorsz\u00e1g\",\"isPartOf\":{\"@id\":\"https:\/\/erkadomagyarorszag.com\/#website\"},\"primaryImageOfPage\":{\"@id\":\"https:\/\/erkadomagyarorszag.com\/termek\/sylena-8\/#primaryimage\"},\"image\":{\"@id\":\"https:\/\/erkadomagyarorszag.com\/termek\/sylena-8\/#primaryimage\"},\"thumbnailUrl\":\"https:\/\/erkadomagyarorszag.com\/wp-content\/uploads\/sylena-8-lakkozott-titan-feher-uv.webp\",\"datePublished\":\"2025-09-03T06:25:24+00:00\",\"dateModified\":\"2025-10-21T12:56:15+00:00\",\"breadcrumb\":{\"@id\":\"https:\/\/erkadomagyarorszag.com\/termek\/sylena-8\/#breadcrumb\"},\"inLanguage\":\"en-GB\",\"potentialAction\":[{\"@type\":\"ReadAction\",\"target\":[\"https:\/\/erkadomagyarorszag.com\/termek\/sylena-8\/\"]}]},{\"@type\":\"ImageObject\",\"inLanguage\":\"en-GB\",\"@id\":\"https:\/\/erkadomagyarorszag.com\/termek\/sylena-8\/#primaryimage\",\"url\":\"https:\/\/erkadomagyarorszag.com\/wp-content\/uploads\/sylena-8-lakkozott-titan-feher-uv.webp\",\"contentUrl\":\"https:\/\/erkadomagyarorszag.com\/wp-content\/uploads\/sylena-8-lakkozott-titan-feher-uv.webp\",\"width\":137,\"height\":300,\"caption\":\"sylena-8-lakkozott-titan-feher-uv\"},{\"@type\":\"BreadcrumbList\",\"@id\":\"https:\/\/erkadomagyarorszag.com\/termek\/sylena-8\/#breadcrumb\",\"itemListElement\":[{\"@type\":\"ListItem\",\"position\":1,\"name\":\"Kezd\u0151lap\",\"item\":\"https:\/\/erkadomagyarorszag.com\/\"},{\"@type\":\"ListItem\",\"position\":2,\"name\":\"Shop\",\"item\":\"https:\/\/erkadomagyarorszag.com\/uzlet\/\"},{\"@type\":\"ListItem\",\"position\":3,\"name\":\"SYLENA 8\"}]},{\"@type\":\"WebSite\",\"@id\":\"https:\/\/erkadomagyarorszag.com\/#website\",\"url\":\"https:\/\/erkadomagyarorszag.com\/\",\"name\":\"Erkado Magyarorsz\u00e1g\",\"description\":\"Erkado Magyarorsz\u00e1g\",\"publisher\":{\"@id\":\"https:\/\/erkadomagyarorszag.com\/#organization\"},\"potentialAction\":[{\"@type\":\"SearchAction\",\"target\":{\"@type\":\"EntryPoint\",\"urlTemplate\":\"https:\/\/erkadomagyarorszag.com\/?s={search_term_string}\"},\"query-input\":{\"@type\":\"PropertyValueSpecification\",\"valueRequired\":true,\"valueName\":\"search_term_string\"}}],\"inLanguage\":\"en-GB\"},{\"@type\":\"Organization\",\"@id\":\"https:\/\/erkadomagyarorszag.com\/#organization\",\"name\":\"Erkado Magyarorsz\u00e1g\",\"url\":\"https:\/\/erkadomagyarorszag.com\/\",\"logo\":{\"@type\":\"ImageObject\",\"inLanguage\":\"en-GB\",\"@id\":\"https:\/\/erkadomagyarorszag.com\/#\/schema\/logo\/image\/\",\"url\":\"https:\/\/erkadomagyarorszag.com\/wp-content\/uploads\/Group-24.jpg\",\"contentUrl\":\"https:\/\/erkadomagyarorszag.com\/wp-content\/uploads\/Group-24.jpg\",\"width\":221,\"height\":221,\"caption\":\"Erkado Magyarorsz\u00e1g\"},\"image\":{\"@id\":\"https:\/\/erkadomagyarorszag.com\/#\/schema\/logo\/image\/\"}}]}<\/script>\n<meta property=\"product:price:amount\" content=\"0.00\" \/>\n<meta property=\"product:price:currency\" content=\"HUF\" \/>\n<meta property=\"og:availability\" content=\"instock\" \/>\n<meta property=\"product:availability\" content=\"instock\" \/>\n<meta property=\"product:retailer_item_id\" content=\"SYLENA-8\" \/>\n<meta property=\"product:condition\" content=\"new\" \/>\n<!-- \/ Yoast SEO Premium plugin. -->","yoast_head_json":{"title":"SYLENA 8 - Erkado Magyarorsz\u00e1g","robots":{"index":"index","follow":"follow","max-snippet":"max-snippet:-1","max-image-preview":"max-image-preview:large","max-video-preview":"max-video-preview:-1"},"canonical":"https:\/\/erkadomagyarorszag.com\/en\/product\/sylena-8\/","og_locale":"en_GB","og_type":"article","og_title":"SYLENA 8","og_description":"SZERKEZET \u2022 falcos, ford\u00edtott vagy falc n\u00e9lk\u00fcli ajt\u00f3sz\u00e1rny \u2022 bels\u0151 MDF keret k\u00e9t HDF lemezzel bor\u00edtva \u2022 opcion\u00e1lis, fel\u00e1r ellen\u00e9ben, bels\u0151 fa keret (oldalak \u00e9s fels\u0151, als\u00f3 MDF), k\u00e9t HDF lappal bor\u00edtva \u2022 a stabiliz\u00e1l\u00f3 kit\u00f6lt\u00e9s \u201em\u00e9hsejtr\u00e1cs\u201d vagy fel\u00e1r ellen\u00e9ben teljes lemez \u2022 opcion\u00e1lisan fel\u00e1r ellen\u00e9ben ajt\u00f3tok-sz\u00e9les\u00edt\u0151 panelek, valamint korona d\u00edszl\u00e9c \u00e9s pilaszterek 151-153. o. ... Read more","og_url":"https:\/\/erkadomagyarorszag.com\/en\/product\/sylena-8\/","og_site_name":"Erkado Magyarorsz\u00e1g","article_modified_time":"2025-10-21T12:56:15+00:00","og_image":[{"width":137,"height":300,"url":"https:\/\/erkadomagyarorszag.com\/wp-content\/uploads\/sylena-8-lakkozott-titan-feher-uv.webp","type":"image\/webp"}],"twitter_card":"summary_large_image","twitter_misc":{"Price":"0,00&nbsp;&#70;&#116;","Availability":"In stock"},"schema":{"@context":"https:\/\/schema.org","@graph":[{"@type":"WebPage","@id":"https:\/\/erkadomagyarorszag.com\/termek\/sylena-8\/","url":"https:\/\/erkadomagyarorszag.com\/termek\/sylena-8\/","name":"SYLENA 8 - Erkado Magyarorsz\u00e1g","isPartOf":{"@id":"https:\/\/erkadomagyarorszag.com\/#website"},"primaryImageOfPage":{"@id":"https:\/\/erkadomagyarorszag.com\/termek\/sylena-8\/#primaryimage"},"image":{"@id":"https:\/\/erkadomagyarorszag.com\/termek\/sylena-8\/#primaryimage"},"thumbnailUrl":"https:\/\/erkadomagyarorszag.com\/wp-content\/uploads\/sylena-8-lakkozott-titan-feher-uv.webp","datePublished":"2025-09-03T06:25:24+00:00","dateModified":"2025-10-21T12:56:15+00:00","breadcrumb":{"@id":"https:\/\/erkadomagyarorszag.com\/termek\/sylena-8\/#breadcrumb"},"inLanguage":"en-GB","potentialAction":[{"@type":"ReadAction","target":["https:\/\/erkadomagyarorszag.com\/termek\/sylena-8\/"]}]},{"@type":"ImageObject","inLanguage":"en-GB","@id":"https:\/\/erkadomagyarorszag.com\/termek\/sylena-8\/#primaryimage","url":"https:\/\/erkadomagyarorszag.com\/wp-content\/uploads\/sylena-8-lakkozott-titan-feher-uv.webp","contentUrl":"https:\/\/erkadomagyarorszag.com\/wp-content\/uploads\/sylena-8-lakkozott-titan-feher-uv.webp","width":137,"height":300,"caption":"sylena-8-lakkozott-titan-feher-uv"},{"@type":"BreadcrumbList","@id":"https:\/\/erkadomagyarorszag.com\/termek\/sylena-8\/#breadcrumb","itemListElement":[{"@type":"ListItem","position":1,"name":"Kezd\u0151lap","item":"https:\/\/erkadomagyarorszag.com\/"},{"@type":"ListItem","position":2,"name":"Shop","item":"https:\/\/erkadomagyarorszag.com\/uzlet\/"},{"@type":"ListItem","position":3,"name":"SYLENA 8"}]},{"@type":"WebSite","@id":"https:\/\/erkadomagyarorszag.com\/#website","url":"https:\/\/erkadomagyarorszag.com\/","name":"Home - Erkado Hungary","description":"Home - Erkado Hungary","publisher":{"@id":"https:\/\/erkadomagyarorszag.com\/#organization"},"potentialAction":[{"@type":"SearchAction","target":{"@type":"EntryPoint","urlTemplate":"https:\/\/erkadomagyarorszag.com\/?s={search_term_string}"},"query-input":{"@type":"PropertyValueSpecification","valueRequired":true,"valueName":"search_term_string"}}],"inLanguage":"en-GB"},{"@type":"Organization","@id":"https:\/\/erkadomagyarorszag.com\/#organization","name":"Home - Erkado Hungary","url":"https:\/\/erkadomagyarorszag.com\/","logo":{"@type":"ImageObject","inLanguage":"en-GB","@id":"https:\/\/erkadomagyarorszag.com\/#\/schema\/logo\/image\/","url":"https:\/\/erkadomagyarorszag.com\/wp-content\/uploads\/Group-24.jpg","contentUrl":"https:\/\/erkadomagyarorszag.com\/wp-content\/uploads\/Group-24.jpg","width":221,"height":221,"caption":"Erkado Magyarorsz\u00e1g"},"image":{"@id":"https:\/\/erkadomagyarorszag.com\/#\/schema\/logo\/image\/"}}]},"product_price_amount":"0.00","product_price_currency":"HUF","og_availability":"instock","product_availability":"instock","product_retailer_item_id":"SYLENA-8","product_condition":"new"},"_links":{"self":[{"href":"https:\/\/erkadomagyarorszag.com\/en\/wp-json\/wp\/v2\/product\/31156","targetHints":{"allow":["GET"]}}],"collection":[{"href":"https:\/\/erkadomagyarorszag.com\/en\/wp-json\/wp\/v2\/product"}],"about":[{"href":"https:\/\/erkadomagyarorszag.com\/en\/wp-json\/wp\/v2\/types\/product"}],"replies":[{"embeddable":true,"href":"https:\/\/erkadomagyarorszag.com\/en\/wp-json\/wp\/v2\/comments?post=31156"}],"version-history":[{"count":2,"href":"https:\/\/erkadomagyarorszag.com\/en\/wp-json\/wp\/v2\/product\/31156\/revisions"}],"predecessor-version":[{"id":39293,"href":"https:\/\/erkadomagyarorszag.com\/en\/wp-json\/wp\/v2\/product\/31156\/revisions\/39293"}],"wp:featuredmedia":[{"embeddable":true,"href":"https:\/\/erkadomagyarorszag.com\/en\/wp-json\/wp\/v2\/media\/22112"}],"wp:attachment":[{"href":"https:\/\/erkadomagyarorszag.com\/en\/wp-json\/wp\/v2\/media?parent=31156"}],"wp:term":[{"taxonomy":"product_brand","embeddable":true,"href":"https:\/\/erkadomagyarorszag.com\/en\/wp-json\/wp\/v2\/product_brand?post=31156"},{"taxonomy":"product_cat","embeddable":true,"href":"https:\/\/erkadomagyarorszag.com\/en\/wp-json\/wp\/v2\/product_cat?post=31156"},{"taxonomy":"product_tag","embeddable":true,"href":"https:\/\/erkadomagyarorszag.com\/en\/wp-json\/wp\/v2\/product_tag?post=31156"}],"curies":[{"name":"wp","href":"https:\/\/api.w.org\/{rel}","templated":true}]}}