{"id":31159,"date":"2025-09-03T06:25:24","date_gmt":"2025-09-03T06:25:24","guid":{"rendered":"https:\/\/erkadomagyarorszag.com\/termek\/uno-premium\/"},"modified":"2025-09-03T06:25:38","modified_gmt":"2025-09-03T06:25:38","slug":"uno-premium","status":"publish","type":"product","link":"https:\/\/erkadomagyarorszag.com\/en\/product\/uno-premium\/","title":{"rendered":"UNO PREMIUM"},"content":{"rendered":"<p class=\"translation-block\"><strong>STRUCTURE<\/strong><br>\n\u2022 rebated, inverted or non-rebated door leaf<br>\n\u2022 internal MDF frame covered with two HDF sheets<br>\n\u2022 optional, for an additional charge, internal wooden frame (sides and upper, lower MDF), covered with two HDF sheets<br>\n\n\u2022 \u201choneycomb\u201d grid stabilizing filling<br>\n\u2022 additional charge filling with full sheet<br>\n\u2022 optional, for an additional charge, door frame widening panels, as well as crown molding and<br>\npilasters 151-153. p.<br>\n\u2022 the door leaf can be shortened independently, details on page 149.<br>\n<br><strong>DESIGN<\/strong><br>\n\u2022 HDF board covered with PREMIUM foil<br>\n\u2022 the edges of the door leaf are made with standard rebated or non-rebated technology<br>\n\u2022 edges in the color of the door leaf surface or optionally in plain black (in the<br>\nCROSS-GRILLED NATURAL OAK PREMIUM VERSION the door leaf edge is black<br>\ncross-grained)<br>\n\u2022 inlays (marquetry) color: 8 mm or 50 mm wide on both sides of the door leaf,<br>\nbrushed steel, black, brushed gold or OAK CLASSIC CPL flush with the door, p. 96-103.<br>\n<br><strong>HARDWARE<\/strong><br>\n\u2022 three-turn pin hinge in the rebated door leaf<br>\n\u2022 three concealed hinges in the non-rebated door leaf and two silver-coloured (optionally at extra charge<br>\nor black) hinges (third at extra charge) in the reversed door leaf;<br>\nthe hinge is delivered and priced with the door frame<br>\n\u2022 deadbolt lock in the rebated door leaf, magnetic lock in the non-rebated door leaf (optionally<br>\ndeadbolt lock): with key lock, lock cylinder, secondary lock or bathroom lock in<br>\nsilver; optionally available with black or gold magnetic lock<br>\n\u2022 magnetic lock in the reversed door leaf: with key lock, lock cylinder, secondary lock or<br>\nbathroom lock in silver; optionally available with black or<br>\ngold magnetic lock<\/p>","protected":false},"excerpt":{"rendered":"<p>SZERKEZET \u2022 falcos, ford\u00edtott vagy falc n\u00e9lk\u00fcli ajt\u00f3sz\u00e1rny \u2022 bels\u0151 MDF keret k\u00e9t HDF lemezzel bor\u00edtva \u2022 opcion\u00e1lis, fel\u00e1r ellen\u00e9ben, bels\u0151 fa keret (oldalak \u00e9s fels\u0151, als\u00f3 MDF), k\u00e9t HDF lappal bor\u00edtva \u2022 \u201em\u00e9hsejt\u201d r\u00e1csos stabiliz\u00e1l\u00f3 kit\u00f6lt\u00e9s \u2022 fel\u00e1ras kit\u00f6lt\u00e9s teljes lemezzel \u2022 opcion\u00e1lisan fel\u00e1r ellen\u00e9ben ajt\u00f3tok-sz\u00e9les\u00edt\u0151 panelek, valamint korona d\u00edszl\u00e9c \u00e9s pilaszterek 151-153. o. &#8230; <a title=\"UNO PREMIUM\" class=\"read-more\" href=\"https:\/\/erkadomagyarorszag.com\/en\/product\/uno-premium\/\" aria-label=\"Read more about UNO PREMIUM\">Read more<\/a><\/p>","protected":false},"featured_media":22100,"comment_status":"closed","ping_status":"open","template":"","meta":[],"product_brand":[460],"product_cat":[17,40],"product_tag":[461],"class_list":{"0":"post-31159","1":"product","2":"type-product","3":"status-publish","4":"has-post-thumbnail","6":"product_brand-uno-premium","7":"product_cat-belteri-ajtok","8":"product_cat-lemezelt-ajtok","9":"product_tag-belteri-ajtoerkadouno-premium","10":"pa_valaszthato-szinek-dio-classic-premium","11":"pa_valaszthato-szinek-feher-kereg-premium","12":"pa_valaszthato-szinek-feher-premium","13":"pa_valaszthato-szinek-koris-grafit-premium","14":"pa_valaszthato-szinek-szurke-juhar-premium","15":"pa_valaszthato-szinek-tolgy-natur-premium","16":"pa_valaszthato-szinek-tolgy-premium","17":"pa_valaszthato-szinek-beton-premium","18":"pa_valaszthato-szinek-tolgy-natur-kereszterezetes-premium","20":"first","21":"instock","22":"purchasable","23":"product-type-variable"},"yoast_head":"<!-- This site is optimized with the Yoast SEO Premium plugin v26.2 (Yoast SEO v26.6) - https:\/\/yoast.com\/wordpress\/plugins\/seo\/ -->\n<title>UNO PREMIUM - Erkado Magyarorsz\u00e1g<\/title>\n<meta name=\"robots\" content=\"index, follow, max-snippet:-1, max-image-preview:large, max-video-preview:-1\" \/>\n<link rel=\"canonical\" href=\"https:\/\/erkadomagyarorszag.com\/en\/product\/uno-premium\/\" \/>\n<meta property=\"og:locale\" content=\"en_GB\" \/>\n<meta property=\"og:type\" content=\"article\" \/>\n<meta property=\"og:title\" content=\"UNO PREMIUM\" \/>\n<meta property=\"og:description\" content=\"SZERKEZET \u2022 falcos, ford\u00edtott vagy falc n\u00e9lk\u00fcli ajt\u00f3sz\u00e1rny \u2022 bels\u0151 MDF keret k\u00e9t HDF lemezzel bor\u00edtva \u2022 opcion\u00e1lis, fel\u00e1r ellen\u00e9ben, bels\u0151 fa keret (oldalak \u00e9s fels\u0151, als\u00f3 MDF), k\u00e9t HDF lappal bor\u00edtva \u2022 \u201em\u00e9hsejt\u201d r\u00e1csos stabiliz\u00e1l\u00f3 kit\u00f6lt\u00e9s \u2022 fel\u00e1ras kit\u00f6lt\u00e9s teljes lemezzel \u2022 opcion\u00e1lisan fel\u00e1r ellen\u00e9ben ajt\u00f3tok-sz\u00e9les\u00edt\u0151 panelek, valamint korona d\u00edszl\u00e9c \u00e9s pilaszterek 151-153. o. ... Read more\" \/>\n<meta property=\"og:url\" content=\"https:\/\/erkadomagyarorszag.com\/en\/product\/uno-premium\/\" \/>\n<meta property=\"og:site_name\" content=\"Erkado Magyarorsz\u00e1g\" \/>\n<meta property=\"article:modified_time\" content=\"2025-09-03T06:25:38+00:00\" \/>\n<meta property=\"og:image\" content=\"https:\/\/erkadomagyarorszag.com\/wp-content\/uploads\/uno-premium-tolgy-premium.webp\" \/>\n\t<meta property=\"og:image:width\" content=\"463\" \/>\n\t<meta property=\"og:image:height\" content=\"1024\" \/>\n\t<meta property=\"og:image:type\" content=\"image\/webp\" \/>\n<meta name=\"twitter:card\" content=\"summary_large_image\" \/>\n<meta name=\"twitter:label1\" content=\"Availability\" \/>\n\t<meta name=\"twitter:data1\" content=\"In stock\" \/>\n<script type=\"application\/ld+json\" class=\"yoast-schema-graph\">{\"@context\":\"https:\/\/schema.org\",\"@graph\":[{\"@type\":\"WebPage\",\"@id\":\"https:\/\/erkadomagyarorszag.com\/en\/product\/uno-premium\/\",\"url\":\"https:\/\/erkadomagyarorszag.com\/en\/product\/uno-premium\/\",\"name\":\"UNO PREMIUM - Erkado Magyarorsz\u00e1g\",\"isPartOf\":{\"@id\":\"https:\/\/erkadomagyarorszag.com\/#website\"},\"primaryImageOfPage\":{\"@id\":\"https:\/\/erkadomagyarorszag.com\/en\/product\/uno-premium\/#primaryimage\"},\"image\":{\"@id\":\"https:\/\/erkadomagyarorszag.com\/en\/product\/uno-premium\/#primaryimage\"},\"thumbnailUrl\":\"https:\/\/erkadomagyarorszag.com\/wp-content\/uploads\/uno-premium-tolgy-premium.webp\",\"datePublished\":\"2025-09-03T06:25:24+00:00\",\"dateModified\":\"2025-09-03T06:25:38+00:00\",\"breadcrumb\":{\"@id\":\"https:\/\/erkadomagyarorszag.com\/en\/product\/uno-premium\/#breadcrumb\"},\"inLanguage\":\"en-GB\",\"potentialAction\":[{\"@type\":\"ReadAction\",\"target\":[\"https:\/\/erkadomagyarorszag.com\/en\/product\/uno-premium\/\"]}]},{\"@type\":\"ImageObject\",\"inLanguage\":\"en-GB\",\"@id\":\"https:\/\/erkadomagyarorszag.com\/en\/product\/uno-premium\/#primaryimage\",\"url\":\"https:\/\/erkadomagyarorszag.com\/wp-content\/uploads\/uno-premium-tolgy-premium.webp\",\"contentUrl\":\"https:\/\/erkadomagyarorszag.com\/wp-content\/uploads\/uno-premium-tolgy-premium.webp\",\"width\":463,\"height\":1024,\"caption\":\"uno-premium-tolgy-premium\"},{\"@type\":\"BreadcrumbList\",\"@id\":\"https:\/\/erkadomagyarorszag.com\/en\/product\/uno-premium\/#breadcrumb\",\"itemListElement\":[{\"@type\":\"ListItem\",\"position\":1,\"name\":\"Kezd\u0151lap\",\"item\":\"https:\/\/erkadomagyarorszag.com\/\"},{\"@type\":\"ListItem\",\"position\":2,\"name\":\"Shop\",\"item\":\"https:\/\/erkadomagyarorszag.com\/uzlet\/\"},{\"@type\":\"ListItem\",\"position\":3,\"name\":\"UNO PREMIUM\"}]},{\"@type\":\"WebSite\",\"@id\":\"https:\/\/erkadomagyarorszag.com\/#website\",\"url\":\"https:\/\/erkadomagyarorszag.com\/\",\"name\":\"Erkado Magyarorsz\u00e1g\",\"description\":\"Erkado Magyarorsz\u00e1g\",\"publisher\":{\"@id\":\"https:\/\/erkadomagyarorszag.com\/#organization\"},\"potentialAction\":[{\"@type\":\"SearchAction\",\"target\":{\"@type\":\"EntryPoint\",\"urlTemplate\":\"https:\/\/erkadomagyarorszag.com\/?s={search_term_string}\"},\"query-input\":{\"@type\":\"PropertyValueSpecification\",\"valueRequired\":true,\"valueName\":\"search_term_string\"}}],\"inLanguage\":\"en-GB\"},{\"@type\":\"Organization\",\"@id\":\"https:\/\/erkadomagyarorszag.com\/#organization\",\"name\":\"Erkado Magyarorsz\u00e1g\",\"url\":\"https:\/\/erkadomagyarorszag.com\/\",\"logo\":{\"@type\":\"ImageObject\",\"inLanguage\":\"en-GB\",\"@id\":\"https:\/\/erkadomagyarorszag.com\/#\/schema\/logo\/image\/\",\"url\":\"https:\/\/erkadomagyarorszag.com\/wp-content\/uploads\/Group-24.jpg\",\"contentUrl\":\"https:\/\/erkadomagyarorszag.com\/wp-content\/uploads\/Group-24.jpg\",\"width\":221,\"height\":221,\"caption\":\"Erkado Magyarorsz\u00e1g\"},\"image\":{\"@id\":\"https:\/\/erkadomagyarorszag.com\/#\/schema\/logo\/image\/\"}}]}<\/script>\n<meta property=\"og:availability\" content=\"instock\" \/>\n<meta property=\"product:availability\" content=\"instock\" \/>\n<meta property=\"product:retailer_item_id\" content=\"UNO-P\" \/>\n<meta property=\"product:condition\" content=\"new\" \/>\n<!-- \/ Yoast SEO Premium plugin. -->","yoast_head_json":{"title":"UNO PREMIUM - Erkado Magyarorsz\u00e1g","robots":{"index":"index","follow":"follow","max-snippet":"max-snippet:-1","max-image-preview":"max-image-preview:large","max-video-preview":"max-video-preview:-1"},"canonical":"https:\/\/erkadomagyarorszag.com\/en\/product\/uno-premium\/","og_locale":"en_GB","og_type":"article","og_title":"UNO PREMIUM","og_description":"SZERKEZET \u2022 falcos, ford\u00edtott vagy falc n\u00e9lk\u00fcli ajt\u00f3sz\u00e1rny \u2022 bels\u0151 MDF keret k\u00e9t HDF lemezzel bor\u00edtva \u2022 opcion\u00e1lis, fel\u00e1r ellen\u00e9ben, bels\u0151 fa keret (oldalak \u00e9s fels\u0151, als\u00f3 MDF), k\u00e9t HDF lappal bor\u00edtva \u2022 \u201em\u00e9hsejt\u201d r\u00e1csos stabiliz\u00e1l\u00f3 kit\u00f6lt\u00e9s \u2022 fel\u00e1ras kit\u00f6lt\u00e9s teljes lemezzel \u2022 opcion\u00e1lisan fel\u00e1r ellen\u00e9ben ajt\u00f3tok-sz\u00e9les\u00edt\u0151 panelek, valamint korona d\u00edszl\u00e9c \u00e9s pilaszterek 151-153. o. ... Read more","og_url":"https:\/\/erkadomagyarorszag.com\/en\/product\/uno-premium\/","og_site_name":"Erkado Magyarorsz\u00e1g","article_modified_time":"2025-09-03T06:25:38+00:00","og_image":[{"width":463,"height":1024,"url":"https:\/\/erkadomagyarorszag.com\/wp-content\/uploads\/uno-premium-tolgy-premium.webp","type":"image\/webp"}],"twitter_card":"summary_large_image","twitter_misc":{"Availability":"In stock"},"schema":{"@context":"https:\/\/schema.org","@graph":[{"@type":"WebPage","@id":"https:\/\/erkadomagyarorszag.com\/en\/product\/uno-premium\/","url":"https:\/\/erkadomagyarorszag.com\/en\/product\/uno-premium\/","name":"UNO PREMIUM - Erkado Magyarorsz\u00e1g","isPartOf":{"@id":"https:\/\/erkadomagyarorszag.com\/#website"},"primaryImageOfPage":{"@id":"https:\/\/erkadomagyarorszag.com\/en\/product\/uno-premium\/#primaryimage"},"image":{"@id":"https:\/\/erkadomagyarorszag.com\/en\/product\/uno-premium\/#primaryimage"},"thumbnailUrl":"https:\/\/erkadomagyarorszag.com\/wp-content\/uploads\/uno-premium-tolgy-premium.webp","datePublished":"2025-09-03T06:25:24+00:00","dateModified":"2025-09-03T06:25:38+00:00","breadcrumb":{"@id":"https:\/\/erkadomagyarorszag.com\/en\/product\/uno-premium\/#breadcrumb"},"inLanguage":"en-GB","potentialAction":[{"@type":"ReadAction","target":["https:\/\/erkadomagyarorszag.com\/en\/product\/uno-premium\/"]}]},{"@type":"ImageObject","inLanguage":"en-GB","@id":"https:\/\/erkadomagyarorszag.com\/en\/product\/uno-premium\/#primaryimage","url":"https:\/\/erkadomagyarorszag.com\/wp-content\/uploads\/uno-premium-tolgy-premium.webp","contentUrl":"https:\/\/erkadomagyarorszag.com\/wp-content\/uploads\/uno-premium-tolgy-premium.webp","width":463,"height":1024,"caption":"uno-premium-tolgy-premium"},{"@type":"BreadcrumbList","@id":"https:\/\/erkadomagyarorszag.com\/en\/product\/uno-premium\/#breadcrumb","itemListElement":[{"@type":"ListItem","position":1,"name":"Kezd\u0151lap","item":"https:\/\/erkadomagyarorszag.com\/"},{"@type":"ListItem","position":2,"name":"Shop","item":"https:\/\/erkadomagyarorszag.com\/uzlet\/"},{"@type":"ListItem","position":3,"name":"UNO PREMIUM"}]},{"@type":"WebSite","@id":"https:\/\/erkadomagyarorszag.com\/#website","url":"https:\/\/erkadomagyarorszag.com\/","name":"Home - Erkado Hungary","description":"Home - Erkado Hungary","publisher":{"@id":"https:\/\/erkadomagyarorszag.com\/#organization"},"potentialAction":[{"@type":"SearchAction","target":{"@type":"EntryPoint","urlTemplate":"https:\/\/erkadomagyarorszag.com\/?s={search_term_string}"},"query-input":{"@type":"PropertyValueSpecification","valueRequired":true,"valueName":"search_term_string"}}],"inLanguage":"en-GB"},{"@type":"Organization","@id":"https:\/\/erkadomagyarorszag.com\/#organization","name":"Home - Erkado Hungary","url":"https:\/\/erkadomagyarorszag.com\/","logo":{"@type":"ImageObject","inLanguage":"en-GB","@id":"https:\/\/erkadomagyarorszag.com\/#\/schema\/logo\/image\/","url":"https:\/\/erkadomagyarorszag.com\/wp-content\/uploads\/Group-24.jpg","contentUrl":"https:\/\/erkadomagyarorszag.com\/wp-content\/uploads\/Group-24.jpg","width":221,"height":221,"caption":"Erkado Magyarorsz\u00e1g"},"image":{"@id":"https:\/\/erkadomagyarorszag.com\/#\/schema\/logo\/image\/"}}]},"og_availability":"instock","product_availability":"instock","product_retailer_item_id":"UNO-P","product_condition":"new"},"_links":{"self":[{"href":"https:\/\/erkadomagyarorszag.com\/en\/wp-json\/wp\/v2\/product\/31159","targetHints":{"allow":["GET"]}}],"collection":[{"href":"https:\/\/erkadomagyarorszag.com\/en\/wp-json\/wp\/v2\/product"}],"about":[{"href":"https:\/\/erkadomagyarorszag.com\/en\/wp-json\/wp\/v2\/types\/product"}],"replies":[{"embeddable":true,"href":"https:\/\/erkadomagyarorszag.com\/en\/wp-json\/wp\/v2\/comments?post=31159"}],"version-history":[{"count":1,"href":"https:\/\/erkadomagyarorszag.com\/en\/wp-json\/wp\/v2\/product\/31159\/revisions"}],"predecessor-version":[{"id":31160,"href":"https:\/\/erkadomagyarorszag.com\/en\/wp-json\/wp\/v2\/product\/31159\/revisions\/31160"}],"wp:featuredmedia":[{"embeddable":true,"href":"https:\/\/erkadomagyarorszag.com\/en\/wp-json\/wp\/v2\/media\/22100"}],"wp:attachment":[{"href":"https:\/\/erkadomagyarorszag.com\/en\/wp-json\/wp\/v2\/media?parent=31159"}],"wp:term":[{"taxonomy":"product_brand","embeddable":true,"href":"https:\/\/erkadomagyarorszag.com\/en\/wp-json\/wp\/v2\/product_brand?post=31159"},{"taxonomy":"product_cat","embeddable":true,"href":"https:\/\/erkadomagyarorszag.com\/en\/wp-json\/wp\/v2\/product_cat?post=31159"},{"taxonomy":"product_tag","embeddable":true,"href":"https:\/\/erkadomagyarorszag.com\/en\/wp-json\/wp\/v2\/product_tag?post=31159"}],"curies":[{"name":"wp","href":"https:\/\/api.w.org\/{rel}","templated":true}]}}