{"id":32463,"date":"2025-09-03T06:39:48","date_gmt":"2025-09-03T06:39:48","guid":{"rendered":"https:\/\/erkadomagyarorszag.com\/termek\/sorano-2\/"},"modified":"2025-09-03T06:40:28","modified_gmt":"2025-09-03T06:40:28","slug":"sorano-2","status":"publish","type":"product","link":"https:\/\/erkadomagyarorszag.com\/en\/product\/sorano-2\/","title":{"rendered":"SORANO 2"},"content":{"rendered":"<p class=\"translation-block\"><strong>STRUCTURE<\/strong><br>\n\u2022 rebated, inverted or non-rebated door leaf<br>\n\u2022 inner MDF frame covered with two HDF sheets<br>\n\u2022 optional, for an additional charge, inner wooden frame (sides and top, bottom MDF), covered with two HDF sheets<br>\n\n\u2022 the stabilizing filling is a \u201choneycomb grid\u201d or, for an additional charge, a full<br>\nsheet<br>\n\u2022 optional, for an additional charge, door frame widening panels, as well as crown molding and<br>\npilasters 151-153. p.<br>\n\u2022 the door leaf can be shortened independently, details on page 149.<br>\n<br><strong>DESIGN<\/strong><br>\n\u2022 Door leaf edge made with STANDARD technology.<br>\n\u2022 CPL 0.2 and 0.7 laminates are available exclusively for the STANDARD edge, which is only<br>\nglued with an ABS edge matching the leaf color, or for an additional charge<br>\nstandard black side panel<br>\n\u2022 edge (standard or non-rebated) in the color matching the plane of the door leaf or optionally<br>\nglued with a smooth black edge (NATURAL CROSS-GRILLED OAK PREMIUM<br>\nfoil with a cross-grained black edge)<br>\n<br><strong>HARDWARE<\/strong><br>\n\u2022 three roll-up pin hinges in the rebated door leaf<br>\n\u2022 three concealed hinges in the non-rebated door leaf and two silver-coloured (optionally available at extra cost<br>\nin black or gold) hinge in the reversed leaf; the hinge is delivered and priced together with the door frame<br>\n\u2022 deadbolt lock in the rebated door leaf, magnetic lock in the non-rebated door leaf (optionally<br>\ndeadbolt lock): with key lock, lock insert, secondary lock or bathroom lock mechanism<br>\nin silver; optionally available at extra cost black or gold magnetic lock<br>\n\u2022 magnetic lock in the reversed leaf: with key lock, lock insert, secondary lock or<br>\nbathroom lock mechanism in silver; optionally available at extra charge black or<br>\ngold magnetic lock<br>\n<br><strong>GLAZING<\/strong><br>\n\u2022 standard tempered decormat frosted glass, transparent or at extra charge on both sides<br>\nsmooth VSG 221 frosted safety glass<br>\n\u2022 the glazing can be reversed to REWERS type (standard glazing: AWERS)<\/p>","protected":false},"excerpt":{"rendered":"<p>SZERKEZET \u2022 falcos, ford\u00edtott vagy falc n\u00e9lk\u00fcli ajt\u00f3sz\u00e1rny \u2022 bels\u0151 MDF keret k\u00e9t HDF lemezzel bor\u00edtva \u2022 opcion\u00e1lis, fel\u00e1r ellen\u00e9ben, bels\u0151 fa keret (oldalak \u00e9s fels\u0151, als\u00f3 MDF), k\u00e9t HDF lappal bor\u00edtva \u2022 a stabiliz\u00e1l\u00f3 kit\u00f6lt\u00e9s \u201em\u00e9hsejtr\u00e1cs\u201d vagy fel\u00e1r ellen\u00e9ben teljes lemez \u2022 opcion\u00e1lisan fel\u00e1r ellen\u00e9ben ajt\u00f3tok-sz\u00e9les\u00edt\u0151 panelek, valamint korona d\u00edszl\u00e9c \u00e9s pilaszterek 151-153. o. &#8230; <a title=\"SORANO 2\" class=\"read-more\" href=\"https:\/\/erkadomagyarorszag.com\/en\/product\/sorano-2\/\" aria-label=\"Read more about SORANO 2\">Read more<\/a><\/p>","protected":false},"featured_media":22510,"comment_status":"closed","ping_status":"open","template":"","meta":[],"product_brand":[528],"product_cat":[17,40],"product_tag":[530],"class_list":{"0":"post-32463","1":"product","2":"type-product","3":"status-publish","4":"has-post-thumbnail","6":"product_brand-sorano","7":"product_cat-belteri-ajtok","8":"product_cat-lemezelt-ajtok","9":"product_tag-belteri-ajtoerkadosorano-2","10":"pa_valaszthato-szinek-antracit-st-cpl","11":"pa_valaszthato-szinek-arany-tolgy-greko","12":"pa_valaszthato-szinek-cappucino-st-cpl","13":"pa_valaszthato-szinek-dio-classic-premium","14":"pa_valaszthato-szinek-dio-greko","15":"pa_valaszthato-szinek-feher-greko","16":"pa_valaszthato-szinek-feher-kereg-premium","17":"pa_valaszthato-szinek-feher-premium","18":"pa_valaszthato-szinek-fekete-st-cpl","19":"pa_valaszthato-szinek-hamuszurke-st-cpl","20":"pa_valaszthato-szinek-hofeher-greko","21":"pa_valaszthato-szinek-koris-grafit-premium","22":"pa_valaszthato-szinek-koszurke-st-cpl","23":"pa_valaszthato-szinek-kozep-tolgy-greko","24":"pa_valaszthato-szinek-sonoma-greko","25":"pa_valaszthato-szinek-tolgy-greko","26":"pa_valaszthato-szinek-tolgy-natur-premium","27":"pa_valaszthato-szinek-tolgy-premium","28":"pa_valaszthato-szinek-tolgy-st-cpl","29":"pa_valaszthato-szinek-vilagosszurke-st-cpl","30":"pa_valaszthato-szinek-wenge-dark-st-cpl","31":"pa_valaszthato-szinek-zsalya-st-cpl","32":"pa_valaszthato-szinek-antracit-szaten-cpl-02-es-07","33":"pa_valaszthato-szinek-beton-premium","34":"pa_valaszthato-szinek-dio-classic-cpl-02-es-07","35":"pa_valaszthato-szinek-feher-cpl-02-es-07","36":"pa_valaszthato-szinek-feher-st-cpl","37":"pa_valaszthato-szinek-hamuszurke-cpl-02-es-07","38":"pa_valaszthato-szinek-tolgy-classic-cpl-02-es-07","39":"pa_valaszthato-szinek-tolgy-natur-kereszterezetes-premium","40":"pa_valaszthato-szinek-tolgy-retro-cpl-02-es-07","41":"pa_valaszthato-szinek-vilagos-akac-greko","43":"first","44":"instock","45":"purchasable","46":"product-type-variable"},"yoast_head":"<!-- This site is optimized with the Yoast SEO Premium plugin v26.2 (Yoast SEO v26.6) - https:\/\/yoast.com\/wordpress\/plugins\/seo\/ -->\n<title>SORANO 2 - Erkado Magyarorsz\u00e1g<\/title>\n<meta name=\"robots\" content=\"index, follow, max-snippet:-1, max-image-preview:large, max-video-preview:-1\" \/>\n<link rel=\"canonical\" href=\"https:\/\/erkadomagyarorszag.com\/en\/product\/sorano-2\/\" \/>\n<meta property=\"og:locale\" content=\"en_GB\" \/>\n<meta property=\"og:type\" content=\"article\" \/>\n<meta property=\"og:title\" content=\"SORANO 2\" \/>\n<meta property=\"og:description\" content=\"SZERKEZET \u2022 falcos, ford\u00edtott vagy falc n\u00e9lk\u00fcli ajt\u00f3sz\u00e1rny \u2022 bels\u0151 MDF keret k\u00e9t HDF lemezzel bor\u00edtva \u2022 opcion\u00e1lis, fel\u00e1r ellen\u00e9ben, bels\u0151 fa keret (oldalak \u00e9s fels\u0151, als\u00f3 MDF), k\u00e9t HDF lappal bor\u00edtva \u2022 a stabiliz\u00e1l\u00f3 kit\u00f6lt\u00e9s \u201em\u00e9hsejtr\u00e1cs\u201d vagy fel\u00e1r ellen\u00e9ben teljes lemez \u2022 opcion\u00e1lisan fel\u00e1r ellen\u00e9ben ajt\u00f3tok-sz\u00e9les\u00edt\u0151 panelek, valamint korona d\u00edszl\u00e9c \u00e9s pilaszterek 151-153. o. ... Read more\" \/>\n<meta property=\"og:url\" content=\"https:\/\/erkadomagyarorszag.com\/en\/product\/sorano-2\/\" \/>\n<meta property=\"og:site_name\" content=\"Erkado Magyarorsz\u00e1g\" \/>\n<meta property=\"article:modified_time\" content=\"2025-09-03T06:40:28+00:00\" \/>\n<meta property=\"og:image\" content=\"https:\/\/erkadomagyarorszag.com\/wp-content\/uploads\/sorano-2-antracit-satin-cpl.webp\" \/>\n\t<meta property=\"og:image:width\" content=\"478\" \/>\n\t<meta property=\"og:image:height\" content=\"1024\" \/>\n\t<meta property=\"og:image:type\" content=\"image\/webp\" \/>\n<meta name=\"twitter:card\" content=\"summary_large_image\" \/>\n<meta name=\"twitter:label1\" content=\"Availability\" \/>\n\t<meta name=\"twitter:data1\" content=\"In stock\" \/>\n<script type=\"application\/ld+json\" class=\"yoast-schema-graph\">{\"@context\":\"https:\/\/schema.org\",\"@graph\":[{\"@type\":\"WebPage\",\"@id\":\"https:\/\/erkadomagyarorszag.com\/termek\/sorano-2\/\",\"url\":\"https:\/\/erkadomagyarorszag.com\/termek\/sorano-2\/\",\"name\":\"SORANO 2 - Erkado Magyarorsz\u00e1g\",\"isPartOf\":{\"@id\":\"https:\/\/erkadomagyarorszag.com\/#website\"},\"primaryImageOfPage\":{\"@id\":\"https:\/\/erkadomagyarorszag.com\/termek\/sorano-2\/#primaryimage\"},\"image\":{\"@id\":\"https:\/\/erkadomagyarorszag.com\/termek\/sorano-2\/#primaryimage\"},\"thumbnailUrl\":\"https:\/\/erkadomagyarorszag.com\/wp-content\/uploads\/sorano-2-antracit-satin-cpl.webp\",\"datePublished\":\"2025-09-03T06:39:48+00:00\",\"dateModified\":\"2025-09-03T06:40:28+00:00\",\"breadcrumb\":{\"@id\":\"https:\/\/erkadomagyarorszag.com\/termek\/sorano-2\/#breadcrumb\"},\"inLanguage\":\"en-GB\",\"potentialAction\":[{\"@type\":\"ReadAction\",\"target\":[\"https:\/\/erkadomagyarorszag.com\/termek\/sorano-2\/\"]}]},{\"@type\":\"ImageObject\",\"inLanguage\":\"en-GB\",\"@id\":\"https:\/\/erkadomagyarorszag.com\/termek\/sorano-2\/#primaryimage\",\"url\":\"https:\/\/erkadomagyarorszag.com\/wp-content\/uploads\/sorano-2-antracit-satin-cpl.webp\",\"contentUrl\":\"https:\/\/erkadomagyarorszag.com\/wp-content\/uploads\/sorano-2-antracit-satin-cpl.webp\",\"width\":478,\"height\":1024,\"caption\":\"sorano-2-antracit-satin-cpl\"},{\"@type\":\"BreadcrumbList\",\"@id\":\"https:\/\/erkadomagyarorszag.com\/termek\/sorano-2\/#breadcrumb\",\"itemListElement\":[{\"@type\":\"ListItem\",\"position\":1,\"name\":\"Kezd\u0151lap\",\"item\":\"https:\/\/erkadomagyarorszag.com\/\"},{\"@type\":\"ListItem\",\"position\":2,\"name\":\"Shop\",\"item\":\"https:\/\/erkadomagyarorszag.com\/uzlet\/\"},{\"@type\":\"ListItem\",\"position\":3,\"name\":\"SORANO 2\"}]},{\"@type\":\"WebSite\",\"@id\":\"https:\/\/erkadomagyarorszag.com\/#website\",\"url\":\"https:\/\/erkadomagyarorszag.com\/\",\"name\":\"Erkado Magyarorsz\u00e1g\",\"description\":\"Erkado Magyarorsz\u00e1g\",\"publisher\":{\"@id\":\"https:\/\/erkadomagyarorszag.com\/#organization\"},\"potentialAction\":[{\"@type\":\"SearchAction\",\"target\":{\"@type\":\"EntryPoint\",\"urlTemplate\":\"https:\/\/erkadomagyarorszag.com\/?s={search_term_string}\"},\"query-input\":{\"@type\":\"PropertyValueSpecification\",\"valueRequired\":true,\"valueName\":\"search_term_string\"}}],\"inLanguage\":\"en-GB\"},{\"@type\":\"Organization\",\"@id\":\"https:\/\/erkadomagyarorszag.com\/#organization\",\"name\":\"Erkado Magyarorsz\u00e1g\",\"url\":\"https:\/\/erkadomagyarorszag.com\/\",\"logo\":{\"@type\":\"ImageObject\",\"inLanguage\":\"en-GB\",\"@id\":\"https:\/\/erkadomagyarorszag.com\/#\/schema\/logo\/image\/\",\"url\":\"https:\/\/erkadomagyarorszag.com\/wp-content\/uploads\/Group-24.jpg\",\"contentUrl\":\"https:\/\/erkadomagyarorszag.com\/wp-content\/uploads\/Group-24.jpg\",\"width\":221,\"height\":221,\"caption\":\"Erkado Magyarorsz\u00e1g\"},\"image\":{\"@id\":\"https:\/\/erkadomagyarorszag.com\/#\/schema\/logo\/image\/\"}}]}<\/script>\n<meta property=\"og:availability\" content=\"instock\" \/>\n<meta property=\"product:availability\" content=\"instock\" \/>\n<meta property=\"product:retailer_item_id\" content=\"SORANO-2\" \/>\n<meta property=\"product:condition\" content=\"new\" \/>\n<!-- \/ Yoast SEO Premium plugin. -->","yoast_head_json":{"title":"SORANO 2 - Erkado Magyarorsz\u00e1g","robots":{"index":"index","follow":"follow","max-snippet":"max-snippet:-1","max-image-preview":"max-image-preview:large","max-video-preview":"max-video-preview:-1"},"canonical":"https:\/\/erkadomagyarorszag.com\/en\/product\/sorano-2\/","og_locale":"en_GB","og_type":"article","og_title":"SORANO 2","og_description":"SZERKEZET \u2022 falcos, ford\u00edtott vagy falc n\u00e9lk\u00fcli ajt\u00f3sz\u00e1rny \u2022 bels\u0151 MDF keret k\u00e9t HDF lemezzel bor\u00edtva \u2022 opcion\u00e1lis, fel\u00e1r ellen\u00e9ben, bels\u0151 fa keret (oldalak \u00e9s fels\u0151, als\u00f3 MDF), k\u00e9t HDF lappal bor\u00edtva \u2022 a stabiliz\u00e1l\u00f3 kit\u00f6lt\u00e9s \u201em\u00e9hsejtr\u00e1cs\u201d vagy fel\u00e1r ellen\u00e9ben teljes lemez \u2022 opcion\u00e1lisan fel\u00e1r ellen\u00e9ben ajt\u00f3tok-sz\u00e9les\u00edt\u0151 panelek, valamint korona d\u00edszl\u00e9c \u00e9s pilaszterek 151-153. o. ... Read more","og_url":"https:\/\/erkadomagyarorszag.com\/en\/product\/sorano-2\/","og_site_name":"Erkado Magyarorsz\u00e1g","article_modified_time":"2025-09-03T06:40:28+00:00","og_image":[{"width":478,"height":1024,"url":"https:\/\/erkadomagyarorszag.com\/wp-content\/uploads\/sorano-2-antracit-satin-cpl.webp","type":"image\/webp"}],"twitter_card":"summary_large_image","twitter_misc":{"Availability":"In stock"},"schema":{"@context":"https:\/\/schema.org","@graph":[{"@type":"WebPage","@id":"https:\/\/erkadomagyarorszag.com\/termek\/sorano-2\/","url":"https:\/\/erkadomagyarorszag.com\/termek\/sorano-2\/","name":"SORANO 2 - Erkado Magyarorsz\u00e1g","isPartOf":{"@id":"https:\/\/erkadomagyarorszag.com\/#website"},"primaryImageOfPage":{"@id":"https:\/\/erkadomagyarorszag.com\/termek\/sorano-2\/#primaryimage"},"image":{"@id":"https:\/\/erkadomagyarorszag.com\/termek\/sorano-2\/#primaryimage"},"thumbnailUrl":"https:\/\/erkadomagyarorszag.com\/wp-content\/uploads\/sorano-2-antracit-satin-cpl.webp","datePublished":"2025-09-03T06:39:48+00:00","dateModified":"2025-09-03T06:40:28+00:00","breadcrumb":{"@id":"https:\/\/erkadomagyarorszag.com\/termek\/sorano-2\/#breadcrumb"},"inLanguage":"en-GB","potentialAction":[{"@type":"ReadAction","target":["https:\/\/erkadomagyarorszag.com\/termek\/sorano-2\/"]}]},{"@type":"ImageObject","inLanguage":"en-GB","@id":"https:\/\/erkadomagyarorszag.com\/termek\/sorano-2\/#primaryimage","url":"https:\/\/erkadomagyarorszag.com\/wp-content\/uploads\/sorano-2-antracit-satin-cpl.webp","contentUrl":"https:\/\/erkadomagyarorszag.com\/wp-content\/uploads\/sorano-2-antracit-satin-cpl.webp","width":478,"height":1024,"caption":"sorano-2-antracit-satin-cpl"},{"@type":"BreadcrumbList","@id":"https:\/\/erkadomagyarorszag.com\/termek\/sorano-2\/#breadcrumb","itemListElement":[{"@type":"ListItem","position":1,"name":"Kezd\u0151lap","item":"https:\/\/erkadomagyarorszag.com\/"},{"@type":"ListItem","position":2,"name":"Shop","item":"https:\/\/erkadomagyarorszag.com\/uzlet\/"},{"@type":"ListItem","position":3,"name":"SORANO 2"}]},{"@type":"WebSite","@id":"https:\/\/erkadomagyarorszag.com\/#website","url":"https:\/\/erkadomagyarorszag.com\/","name":"Home - Erkado Hungary","description":"Home - Erkado Hungary","publisher":{"@id":"https:\/\/erkadomagyarorszag.com\/#organization"},"potentialAction":[{"@type":"SearchAction","target":{"@type":"EntryPoint","urlTemplate":"https:\/\/erkadomagyarorszag.com\/?s={search_term_string}"},"query-input":{"@type":"PropertyValueSpecification","valueRequired":true,"valueName":"search_term_string"}}],"inLanguage":"en-GB"},{"@type":"Organization","@id":"https:\/\/erkadomagyarorszag.com\/#organization","name":"Home - Erkado Hungary","url":"https:\/\/erkadomagyarorszag.com\/","logo":{"@type":"ImageObject","inLanguage":"en-GB","@id":"https:\/\/erkadomagyarorszag.com\/#\/schema\/logo\/image\/","url":"https:\/\/erkadomagyarorszag.com\/wp-content\/uploads\/Group-24.jpg","contentUrl":"https:\/\/erkadomagyarorszag.com\/wp-content\/uploads\/Group-24.jpg","width":221,"height":221,"caption":"Erkado Magyarorsz\u00e1g"},"image":{"@id":"https:\/\/erkadomagyarorszag.com\/#\/schema\/logo\/image\/"}}]},"og_availability":"instock","product_availability":"instock","product_retailer_item_id":"SORANO-2","product_condition":"new"},"_links":{"self":[{"href":"https:\/\/erkadomagyarorszag.com\/en\/wp-json\/wp\/v2\/product\/32463","targetHints":{"allow":["GET"]}}],"collection":[{"href":"https:\/\/erkadomagyarorszag.com\/en\/wp-json\/wp\/v2\/product"}],"about":[{"href":"https:\/\/erkadomagyarorszag.com\/en\/wp-json\/wp\/v2\/types\/product"}],"replies":[{"embeddable":true,"href":"https:\/\/erkadomagyarorszag.com\/en\/wp-json\/wp\/v2\/comments?post=32463"}],"version-history":[{"count":1,"href":"https:\/\/erkadomagyarorszag.com\/en\/wp-json\/wp\/v2\/product\/32463\/revisions"}],"predecessor-version":[{"id":32464,"href":"https:\/\/erkadomagyarorszag.com\/en\/wp-json\/wp\/v2\/product\/32463\/revisions\/32464"}],"wp:featuredmedia":[{"embeddable":true,"href":"https:\/\/erkadomagyarorszag.com\/en\/wp-json\/wp\/v2\/media\/22510"}],"wp:attachment":[{"href":"https:\/\/erkadomagyarorszag.com\/en\/wp-json\/wp\/v2\/media?parent=32463"}],"wp:term":[{"taxonomy":"product_brand","embeddable":true,"href":"https:\/\/erkadomagyarorszag.com\/en\/wp-json\/wp\/v2\/product_brand?post=32463"},{"taxonomy":"product_cat","embeddable":true,"href":"https:\/\/erkadomagyarorszag.com\/en\/wp-json\/wp\/v2\/product_cat?post=32463"},{"taxonomy":"product_tag","embeddable":true,"href":"https:\/\/erkadomagyarorszag.com\/en\/wp-json\/wp\/v2\/product_tag?post=32463"}],"curies":[{"name":"wp","href":"https:\/\/api.w.org\/{rel}","templated":true}]}}