{"id":32869,"date":"2025-09-03T06:44:18","date_gmt":"2025-09-03T06:44:18","guid":{"rendered":"https:\/\/erkadomagyarorszag.com\/termek\/forteca-rc3\/"},"modified":"2025-09-03T06:44:46","modified_gmt":"2025-09-03T06:44:46","slug":"forteca-rc3","status":"publish","type":"product","link":"https:\/\/erkadomagyarorszag.com\/en\/product\/forteca-rc3\/","title":{"rendered":"FORTECA RC3"},"content":{"rendered":"<p class=\"translation-block\"><strong>GENERAL INFORMATION<\/strong><br>\n\u2022 Sound insulation performance of FORTECA outward or inward opening security door<br>\nRw=38 dB, security class according to Polish standard PN EN 1627:2012: RC2 or<br>\nRC3, mechanical strength class: 5.<br>\n\u2022 The door is available in GOLD and SILVER packages with possible<br>\ninstallation and steel frame.<br>\n\u2022 The door is intended for use as an interior entrance door.<br>\n<strong>STRUCTURE<\/strong><br>\n\u2022 wooden frame element covered with glued HDF panels<br>\n\u2022 filling with special full sheet<br>\n\u2022 the entire door leaf is reinforced with steel sheet<br>\n\u2022 door leaf thickness 46 mm<br>\n<br><strong>DESIGN<\/strong><br>\n\u2022 the edge of the door leaf is made using STANDARD technology (0.2 and 0.7 CPL<br>\nin the case of laminate, glued with ABS edge, only in the color of the door leaf or with a standard black side panel for an additional charge<br>\n)<br>\n\u2022 inlays (marquetry) color: 8 mm or 50 mm wide on both sides of the door leaf,<br>\nbrushed steel, black, brushed gold or OAK CLASSIC CPL flush with the door, p. 96-103.<br>\n\u2022 edges in the color of the leaf or optionally in plain black (in the CROSS-GRILLED<br>\nNATURAL OAK PREMIUM version, the edge of the door leaf is black cross-grained)<br>\n\u2022 HDF board covered with GREKO, PREMIUM or CPL foil<br>\n\u2022 side and top panels glued to the wall (only in the case of wall-mounted door frame and 8 cm buckle<br>\nskirting) \u2013 p. 152. and panels integrated with door frame 153. p<br>\n<br><strong>HARDWARE<\/strong><br>\n\u2022 four 2-pin silver hinges \u220516, with 3D regulation (with 2D steel door frame)<br>\n\u2022 four-point security lock as standard with two inserts<br>\n\u2022 four anti-lift devices on the hinge side<br>\n\u2022 possibility of using a lever door closer<br>\n\u2022 keyhole distance of the lower lock 92 mm<br>\n<br><strong>FIXED REBATED DOOR FRAME<\/strong><br>\n\u2022 fixed door frame made of wood, covered with MDF board.<br>\nIn the case of FORTECA RC3, it is reinforced from the inside with a steel skirting board on the closing plate side.<br>\n\u2022 installation size range: 90-450 mm, every 40 mm<br>\n\u2022 adjustable main latch in the frame and two adjustable latches on the for hooks and additional lock<br>\n<br><strong>GOLD \/ GOLD black PACKAGE<\/strong><br>\n\u2022 The FORTECA door offered in the GOLD PACKAGE is assembled with an integrated steel or wooden threshold and a<br>\nmulti-point lock, as well as ready-made holes for the installation of the handle and<br>\nlock address. They are equipped with a peephole (drilling the hole yourself) and certified<br>\nanti-burglary handles and inserts, in silver or, for an additional charge, in black in the GOLD package.<br>\n<br><strong>SILVER PACKAGE<\/strong><br>\n\u2022 The FORTECA door leaf in the <br><strong>SILVER PACKAGE<\/strong><br> is assembled with a steel or wooden threshold and a<br>\nmulti-point lock. It is recommended to select the certified peephole and fittings from the ERKADO range or from other external companies, paying attention to the important information regarding the preservation of the security class (p. 120).<\/p>","protected":false},"excerpt":{"rendered":"<p>\u00c1LTAL\u00c1NOS INFORM\u00c1CI\u00d3K \u2022 A FORTECA kifel\u00e9 vagy befel\u00e9 ny\u00edl\u00f3 biztons\u00e1gi ajt\u00f3 hangszigetel\u0151 teljes\u00edtm\u00e9nye Rw=38 dB, a PN EN 1627:2012 lengyel szabv\u00e1ny szerinti biztons\u00e1gi oszt\u00e1lya: RC2 vagy RC3, mechanikai szil\u00e1rds\u00e1gi oszt\u00e1lya: 5. \u2022 Az ajt\u00f3 GOLD \u00e9s SILVER csomagban \u00e9rhet\u0151 el az esetleges be\u00e9p\u00edt\u00e9ssel, valamint ac\u00e9l tokkal. \u2022 Az ajt\u00f3 belt\u00e9ri bej\u00e1rati ajt\u00f3k\u00e9nt alkalmazand\u00f3. SZERKEZET \u2022 &#8230; <a title=\"FORTECA RC3\" class=\"read-more\" href=\"https:\/\/erkadomagyarorszag.com\/en\/product\/forteca-rc3\/\" aria-label=\"Read more about FORTECA RC3\">Read more<\/a><\/p>","protected":false},"featured_media":23590,"comment_status":"closed","ping_status":"open","template":"","meta":[],"product_brand":[542],"product_cat":[19,543],"product_tag":[545],"class_list":{"0":"post-32869","1":"product","2":"type-product","3":"status-publish","4":"has-post-thumbnail","6":"product_brand-forteca-rc","7":"product_cat-bejarati-ajtok","8":"product_cat-lepcsohazi-bejarati-ajtok","9":"product_tag-belteri-ajtoerkadoforteca-rc3","10":"pa_valaszthato-szinek-antracit-st-cpl","11":"pa_valaszthato-szinek-arany-tolgy-greko","12":"pa_valaszthato-szinek-cappucino-st-cpl","13":"pa_valaszthato-szinek-dio-greko","14":"pa_valaszthato-szinek-feher-greko","15":"pa_valaszthato-szinek-feher-kereg-premium","16":"pa_valaszthato-szinek-feher-premium","17":"pa_valaszthato-szinek-fekete-st-cpl","18":"pa_valaszthato-szinek-hamuszurke-st-cpl","19":"pa_valaszthato-szinek-hofeher-greko","20":"pa_valaszthato-szinek-koris-grafit-premium","21":"pa_valaszthato-szinek-kozep-tolgy-greko","22":"pa_valaszthato-szinek-sonoma-greko","23":"pa_valaszthato-szinek-sotetzold-st-cpl","24":"pa_valaszthato-szinek-szurke-juhar-premium","25":"pa_valaszthato-szinek-szurke-tolgy-greko","26":"pa_valaszthato-szinek-szurke-tolgy-st-cpl","27":"pa_valaszthato-szinek-tolgy-greko","28":"pa_valaszthato-szinek-tolgy-natur-premium","29":"pa_valaszthato-szinek-tolgy-premium","30":"pa_valaszthato-szinek-tolgy-st-cpl","31":"pa_valaszthato-szinek-vilagosszurke-st-cpl","32":"pa_valaszthato-szinek-wenge-dark-st-cpl","33":"pa_valaszthato-szinek-antracit-szaten-cpl-02-es-07","34":"pa_valaszthato-szinek-beton-premium","35":"pa_valaszthato-szinek-dio-classic-cpl-02-es-07","36":"pa_valaszthato-szinek-feher-st-cpl","37":"pa_valaszthato-szinek-tolgy-classic-02-es-07","38":"pa_valaszthato-szinek-tolgy-retro-cpl-02-es-07","39":"pa_valaszthato-szinek-vilagos-akac-greko","41":"first","42":"instock","43":"purchasable","44":"product-type-variable"},"yoast_head":"<!-- This site is optimized with the Yoast SEO Premium plugin v26.2 (Yoast SEO v26.6) - https:\/\/yoast.com\/wordpress\/plugins\/seo\/ -->\n<title>FORTECA RC3 - Erkado Magyarorsz\u00e1g<\/title>\n<meta name=\"robots\" content=\"index, follow, max-snippet:-1, max-image-preview:large, max-video-preview:-1\" \/>\n<link rel=\"canonical\" href=\"https:\/\/erkadomagyarorszag.com\/en\/product\/forteca-rc3\/\" \/>\n<meta property=\"og:locale\" content=\"en_GB\" \/>\n<meta property=\"og:type\" content=\"article\" \/>\n<meta property=\"og:title\" content=\"FORTECA RC3\" \/>\n<meta property=\"og:description\" content=\"\u00c1LTAL\u00c1NOS INFORM\u00c1CI\u00d3K \u2022 A FORTECA kifel\u00e9 vagy befel\u00e9 ny\u00edl\u00f3 biztons\u00e1gi ajt\u00f3 hangszigetel\u0151 teljes\u00edtm\u00e9nye Rw=38 dB, a PN EN 1627:2012 lengyel szabv\u00e1ny szerinti biztons\u00e1gi oszt\u00e1lya: RC2 vagy RC3, mechanikai szil\u00e1rds\u00e1gi oszt\u00e1lya: 5. \u2022 Az ajt\u00f3 GOLD \u00e9s SILVER csomagban \u00e9rhet\u0151 el az esetleges be\u00e9p\u00edt\u00e9ssel, valamint ac\u00e9l tokkal. \u2022 Az ajt\u00f3 belt\u00e9ri bej\u00e1rati ajt\u00f3k\u00e9nt alkalmazand\u00f3. SZERKEZET \u2022 ... Read more\" \/>\n<meta property=\"og:url\" content=\"https:\/\/erkadomagyarorszag.com\/en\/product\/forteca-rc3\/\" \/>\n<meta property=\"og:site_name\" content=\"Erkado Magyarorsz\u00e1g\" \/>\n<meta property=\"article:modified_time\" content=\"2025-09-03T06:44:46+00:00\" \/>\n<meta property=\"og:image\" content=\"https:\/\/erkadomagyarorszag.com\/wp-content\/uploads\/forteca-rc3-antracit-satin-cpl.webp\" \/>\n\t<meta property=\"og:image:width\" content=\"463\" \/>\n\t<meta property=\"og:image:height\" content=\"1024\" \/>\n\t<meta property=\"og:image:type\" content=\"image\/webp\" \/>\n<meta name=\"twitter:card\" content=\"summary_large_image\" \/>\n<meta name=\"twitter:label1\" content=\"Availability\" \/>\n\t<meta name=\"twitter:data1\" content=\"In stock\" \/>\n<script type=\"application\/ld+json\" class=\"yoast-schema-graph\">{\"@context\":\"https:\/\/schema.org\",\"@graph\":[{\"@type\":\"WebPage\",\"@id\":\"https:\/\/erkadomagyarorszag.com\/termek\/forteca-rc3\/\",\"url\":\"https:\/\/erkadomagyarorszag.com\/termek\/forteca-rc3\/\",\"name\":\"FORTECA RC3 - Erkado Magyarorsz\u00e1g\",\"isPartOf\":{\"@id\":\"https:\/\/erkadomagyarorszag.com\/#website\"},\"primaryImageOfPage\":{\"@id\":\"https:\/\/erkadomagyarorszag.com\/termek\/forteca-rc3\/#primaryimage\"},\"image\":{\"@id\":\"https:\/\/erkadomagyarorszag.com\/termek\/forteca-rc3\/#primaryimage\"},\"thumbnailUrl\":\"https:\/\/erkadomagyarorszag.com\/wp-content\/uploads\/forteca-rc3-antracit-satin-cpl.webp\",\"datePublished\":\"2025-09-03T06:44:18+00:00\",\"dateModified\":\"2025-09-03T06:44:46+00:00\",\"breadcrumb\":{\"@id\":\"https:\/\/erkadomagyarorszag.com\/termek\/forteca-rc3\/#breadcrumb\"},\"inLanguage\":\"en-GB\",\"potentialAction\":[{\"@type\":\"ReadAction\",\"target\":[\"https:\/\/erkadomagyarorszag.com\/termek\/forteca-rc3\/\"]}]},{\"@type\":\"ImageObject\",\"inLanguage\":\"en-GB\",\"@id\":\"https:\/\/erkadomagyarorszag.com\/termek\/forteca-rc3\/#primaryimage\",\"url\":\"https:\/\/erkadomagyarorszag.com\/wp-content\/uploads\/forteca-rc3-antracit-satin-cpl.webp\",\"contentUrl\":\"https:\/\/erkadomagyarorszag.com\/wp-content\/uploads\/forteca-rc3-antracit-satin-cpl.webp\",\"width\":463,\"height\":1024,\"caption\":\"forteca-rc3-antracit-satin-cpl\"},{\"@type\":\"BreadcrumbList\",\"@id\":\"https:\/\/erkadomagyarorszag.com\/termek\/forteca-rc3\/#breadcrumb\",\"itemListElement\":[{\"@type\":\"ListItem\",\"position\":1,\"name\":\"Kezd\u0151lap\",\"item\":\"https:\/\/erkadomagyarorszag.com\/\"},{\"@type\":\"ListItem\",\"position\":2,\"name\":\"Shop\",\"item\":\"https:\/\/erkadomagyarorszag.com\/uzlet\/\"},{\"@type\":\"ListItem\",\"position\":3,\"name\":\"FORTECA RC3\"}]},{\"@type\":\"WebSite\",\"@id\":\"https:\/\/erkadomagyarorszag.com\/#website\",\"url\":\"https:\/\/erkadomagyarorszag.com\/\",\"name\":\"Erkado Magyarorsz\u00e1g\",\"description\":\"Erkado Magyarorsz\u00e1g\",\"publisher\":{\"@id\":\"https:\/\/erkadomagyarorszag.com\/#organization\"},\"potentialAction\":[{\"@type\":\"SearchAction\",\"target\":{\"@type\":\"EntryPoint\",\"urlTemplate\":\"https:\/\/erkadomagyarorszag.com\/?s={search_term_string}\"},\"query-input\":{\"@type\":\"PropertyValueSpecification\",\"valueRequired\":true,\"valueName\":\"search_term_string\"}}],\"inLanguage\":\"en-GB\"},{\"@type\":\"Organization\",\"@id\":\"https:\/\/erkadomagyarorszag.com\/#organization\",\"name\":\"Erkado Magyarorsz\u00e1g\",\"url\":\"https:\/\/erkadomagyarorszag.com\/\",\"logo\":{\"@type\":\"ImageObject\",\"inLanguage\":\"en-GB\",\"@id\":\"https:\/\/erkadomagyarorszag.com\/#\/schema\/logo\/image\/\",\"url\":\"https:\/\/erkadomagyarorszag.com\/wp-content\/uploads\/Group-24.jpg\",\"contentUrl\":\"https:\/\/erkadomagyarorszag.com\/wp-content\/uploads\/Group-24.jpg\",\"width\":221,\"height\":221,\"caption\":\"Erkado Magyarorsz\u00e1g\"},\"image\":{\"@id\":\"https:\/\/erkadomagyarorszag.com\/#\/schema\/logo\/image\/\"}}]}<\/script>\n<meta property=\"og:availability\" content=\"instock\" \/>\n<meta property=\"product:availability\" content=\"instock\" \/>\n<meta property=\"product:retailer_item_id\" content=\"FORTECA-RC3\" \/>\n<meta property=\"product:condition\" content=\"new\" \/>\n<!-- \/ Yoast SEO Premium plugin. -->","yoast_head_json":{"title":"FORTECA RC3 - Erkado Magyarorsz\u00e1g","robots":{"index":"index","follow":"follow","max-snippet":"max-snippet:-1","max-image-preview":"max-image-preview:large","max-video-preview":"max-video-preview:-1"},"canonical":"https:\/\/erkadomagyarorszag.com\/en\/product\/forteca-rc3\/","og_locale":"en_GB","og_type":"article","og_title":"FORTECA RC3","og_description":"\u00c1LTAL\u00c1NOS INFORM\u00c1CI\u00d3K \u2022 A FORTECA kifel\u00e9 vagy befel\u00e9 ny\u00edl\u00f3 biztons\u00e1gi ajt\u00f3 hangszigetel\u0151 teljes\u00edtm\u00e9nye Rw=38 dB, a PN EN 1627:2012 lengyel szabv\u00e1ny szerinti biztons\u00e1gi oszt\u00e1lya: RC2 vagy RC3, mechanikai szil\u00e1rds\u00e1gi oszt\u00e1lya: 5. \u2022 Az ajt\u00f3 GOLD \u00e9s SILVER csomagban \u00e9rhet\u0151 el az esetleges be\u00e9p\u00edt\u00e9ssel, valamint ac\u00e9l tokkal. \u2022 Az ajt\u00f3 belt\u00e9ri bej\u00e1rati ajt\u00f3k\u00e9nt alkalmazand\u00f3. SZERKEZET \u2022 ... Read more","og_url":"https:\/\/erkadomagyarorszag.com\/en\/product\/forteca-rc3\/","og_site_name":"Erkado Magyarorsz\u00e1g","article_modified_time":"2025-09-03T06:44:46+00:00","og_image":[{"width":463,"height":1024,"url":"https:\/\/erkadomagyarorszag.com\/wp-content\/uploads\/forteca-rc3-antracit-satin-cpl.webp","type":"image\/webp"}],"twitter_card":"summary_large_image","twitter_misc":{"Availability":"In stock"},"schema":{"@context":"https:\/\/schema.org","@graph":[{"@type":"WebPage","@id":"https:\/\/erkadomagyarorszag.com\/termek\/forteca-rc3\/","url":"https:\/\/erkadomagyarorszag.com\/termek\/forteca-rc3\/","name":"FORTECA RC3 - Erkado Magyarorsz\u00e1g","isPartOf":{"@id":"https:\/\/erkadomagyarorszag.com\/#website"},"primaryImageOfPage":{"@id":"https:\/\/erkadomagyarorszag.com\/termek\/forteca-rc3\/#primaryimage"},"image":{"@id":"https:\/\/erkadomagyarorszag.com\/termek\/forteca-rc3\/#primaryimage"},"thumbnailUrl":"https:\/\/erkadomagyarorszag.com\/wp-content\/uploads\/forteca-rc3-antracit-satin-cpl.webp","datePublished":"2025-09-03T06:44:18+00:00","dateModified":"2025-09-03T06:44:46+00:00","breadcrumb":{"@id":"https:\/\/erkadomagyarorszag.com\/termek\/forteca-rc3\/#breadcrumb"},"inLanguage":"en-GB","potentialAction":[{"@type":"ReadAction","target":["https:\/\/erkadomagyarorszag.com\/termek\/forteca-rc3\/"]}]},{"@type":"ImageObject","inLanguage":"en-GB","@id":"https:\/\/erkadomagyarorszag.com\/termek\/forteca-rc3\/#primaryimage","url":"https:\/\/erkadomagyarorszag.com\/wp-content\/uploads\/forteca-rc3-antracit-satin-cpl.webp","contentUrl":"https:\/\/erkadomagyarorszag.com\/wp-content\/uploads\/forteca-rc3-antracit-satin-cpl.webp","width":463,"height":1024,"caption":"forteca-rc3-antracit-satin-cpl"},{"@type":"BreadcrumbList","@id":"https:\/\/erkadomagyarorszag.com\/termek\/forteca-rc3\/#breadcrumb","itemListElement":[{"@type":"ListItem","position":1,"name":"Kezd\u0151lap","item":"https:\/\/erkadomagyarorszag.com\/"},{"@type":"ListItem","position":2,"name":"Shop","item":"https:\/\/erkadomagyarorszag.com\/uzlet\/"},{"@type":"ListItem","position":3,"name":"FORTECA RC3"}]},{"@type":"WebSite","@id":"https:\/\/erkadomagyarorszag.com\/#website","url":"https:\/\/erkadomagyarorszag.com\/","name":"Home - Erkado Hungary","description":"Home - Erkado Hungary","publisher":{"@id":"https:\/\/erkadomagyarorszag.com\/#organization"},"potentialAction":[{"@type":"SearchAction","target":{"@type":"EntryPoint","urlTemplate":"https:\/\/erkadomagyarorszag.com\/?s={search_term_string}"},"query-input":{"@type":"PropertyValueSpecification","valueRequired":true,"valueName":"search_term_string"}}],"inLanguage":"en-GB"},{"@type":"Organization","@id":"https:\/\/erkadomagyarorszag.com\/#organization","name":"Home - Erkado Hungary","url":"https:\/\/erkadomagyarorszag.com\/","logo":{"@type":"ImageObject","inLanguage":"en-GB","@id":"https:\/\/erkadomagyarorszag.com\/#\/schema\/logo\/image\/","url":"https:\/\/erkadomagyarorszag.com\/wp-content\/uploads\/Group-24.jpg","contentUrl":"https:\/\/erkadomagyarorszag.com\/wp-content\/uploads\/Group-24.jpg","width":221,"height":221,"caption":"Erkado Magyarorsz\u00e1g"},"image":{"@id":"https:\/\/erkadomagyarorszag.com\/#\/schema\/logo\/image\/"}}]},"og_availability":"instock","product_availability":"instock","product_retailer_item_id":"FORTECA-RC3","product_condition":"new"},"_links":{"self":[{"href":"https:\/\/erkadomagyarorszag.com\/en\/wp-json\/wp\/v2\/product\/32869","targetHints":{"allow":["GET"]}}],"collection":[{"href":"https:\/\/erkadomagyarorszag.com\/en\/wp-json\/wp\/v2\/product"}],"about":[{"href":"https:\/\/erkadomagyarorszag.com\/en\/wp-json\/wp\/v2\/types\/product"}],"replies":[{"embeddable":true,"href":"https:\/\/erkadomagyarorszag.com\/en\/wp-json\/wp\/v2\/comments?post=32869"}],"version-history":[{"count":1,"href":"https:\/\/erkadomagyarorszag.com\/en\/wp-json\/wp\/v2\/product\/32869\/revisions"}],"predecessor-version":[{"id":32870,"href":"https:\/\/erkadomagyarorszag.com\/en\/wp-json\/wp\/v2\/product\/32869\/revisions\/32870"}],"wp:featuredmedia":[{"embeddable":true,"href":"https:\/\/erkadomagyarorszag.com\/en\/wp-json\/wp\/v2\/media\/23590"}],"wp:attachment":[{"href":"https:\/\/erkadomagyarorszag.com\/en\/wp-json\/wp\/v2\/media?parent=32869"}],"wp:term":[{"taxonomy":"product_brand","embeddable":true,"href":"https:\/\/erkadomagyarorszag.com\/en\/wp-json\/wp\/v2\/product_brand?post=32869"},{"taxonomy":"product_cat","embeddable":true,"href":"https:\/\/erkadomagyarorszag.com\/en\/wp-json\/wp\/v2\/product_cat?post=32869"},{"taxonomy":"product_tag","embeddable":true,"href":"https:\/\/erkadomagyarorszag.com\/en\/wp-json\/wp\/v2\/product_tag?post=32869"}],"curies":[{"name":"wp","href":"https:\/\/api.w.org\/{rel}","templated":true}]}}