{"id":32936,"date":"2025-09-03T06:44:57","date_gmt":"2025-09-03T06:44:57","guid":{"rendered":"https:\/\/erkadomagyarorszag.com\/termek\/herse-set-akusztikus\/"},"modified":"2025-09-10T09:25:33","modified_gmt":"2025-09-10T09:25:33","slug":"herse-set-akusztikus","status":"publish","type":"product","link":"https:\/\/erkadomagyarorszag.com\/en\/product\/herse-set-akusztikus\/","title":{"rendered":"HERSE SET AKUSZTIKUS"},"content":{"rendered":"<p class=\"translation-block\"><strong>GENERAL INFORMATION<\/strong><br>\n\u2022 The HERSE MAX SET door is intended to be used as an indoor entrance door for public and residential buildings (does not apply to the \u201c80N\u201d width).<br>\n\u2022 The sound insulation performance of the HERSE SET and MAX SET door leaf with fixed and adjustable door frame is Rw = 30 dB or Rw = 32 dB and Rw = 39 dB for all available threshold types.<br>\n\u2022 The HERSE SET and MAX SET doors in the standard AKUSTIC 39 dB PL version can have a heat transfer coefficient of Ud &lt;= 1.3 W\/m2K for the \u201c90E\u201d or \u201c100\u201d widths for an additional charge (not applicable to steel door frame versions).<br>\n\u2022 The HERSE SET and MAX SET doors offered in the GOLD and SILVER PACKAGE assembled,<br>\nwith built-in threshold, and in the GOLD package it is equipped with holes for the installation of the handle and the upper<br>\nrose.<br>\n\u2022 HERSE MAX SET doors are only available in PREMIUM decor: WALNUT, GREY MAPLE,<br>\nOAK, WHITE BARK, GRAPHITE ASH, CONCRETE, NATURAL OAK, CROSS-BORDER NATURAL<br>\nOAK, WALNUT CLASSIC PREMIUM<\/p>\n<p class=\"translation-block\"><strong>STRUCTURE<\/strong><br>\n\u2022 wooden door frame for Rw = 32 dB and Rw = 39 dB or MDF board for Rw = 30 dB covered with two HDF<br>\nboards<br>\n\u2022 filling with special full board<br>\n\u2022 reinforcement with solid steel U-shaped section for Rw = 30 dB and Rw = 32 dB and additional steel plate for Rw = 39 dB<br>\n\u2022 door leaf thickness 46 mm<br>\n\u2022 additional seal in the door leaf only for Rw = 32 dB and Rw = 39 dB<\/p>\n<p class=\"translation-block\"><strong>DESIGN<\/strong><br>\n\u2022 Door leaf edge made with STANDARD technology<br>\n\u2022 CPL 0.2 and 0.7 laminate is available in STANDARD edge, which is only in the color of the door leaf<br>\ncovered with ABS edge, or for an additional charge with standard black edge (not available for HERSE MAX SET)<br>\n\u2022 color of inserts (marquetry): 8 mm or 50 mm wide on both sides of the door leaf,<br>\nbrushed steel, black, brushed gold, brushed copper or OAK CLASSIC CPL flush with the<br>\ndoor, p. 96-103. (not available for HERSE MAX SET)<br>\n\u2022 STANDARD edges in the color of the door leaf or optionally in plain black (in the<br>\nCROSS-GRILLED NATURAL OAK PREMIUM version the door leaf edge is black<br>\ncross-grained)<br>\n\u2022 factory-shortened by max. 8 cm at an additional cost<br>\n\u2022 can be ordered with a bottom lock only<br>\n\u2022 side and top panels glued to the wall (only for the adjustable frame with 8 cm skirting) \u2013 p. 152 and panels integrated with the frame p. 153<\/p>\n<p class=\"translation-block\"><strong>HARDWARE<\/strong><br>\n\u2022 three pieces of two-pin silver hinges \u220516 with 3D adjustment (with 2D steel door frame)<br>\n\u2022 two locks, three class 2 anti-picking devices on the lock insert (only the bottom<br>\nlock option can also be selected in the price)<br>\n\u2022 three anti-picking devices on the hinge side<br>\n\u2022 possibility of using a lever door closer<br>\n\u2022 Bottom lock keyhole distance 72 mm<br>\n\u2022 optionally a roller pin lock for two inserts is available for an additional charge<\/p>\n<p class=\"translation-block\"><strong>REBATED FIXED AND ADJUSTABLE WIDTH DOOR FRAME<\/strong><br>\n\u2022 Fixed wooden door frame for Rw = 32 dB and Rw = 39 dB, or MDF board for Rw = 30 dB<br>\n\u2022 Only in the case of the lower lock, an electric lock can be installed in the door frame; this excludes the installation of the<br>\nupper lock in the door leaf.<br>\n\u2022 The main latch is adjustable in the door frame<br>\n\u2022 The 80N width is only available on a fixed frame<br>\n\u2022 In the GOLD and SILVER packages for the PREMIUM and CPL decoration, the door frame<br>\ncolor can be changed to BLACK ST CPL<\/p>","protected":false},"excerpt":{"rendered":"<p>\u00c1LTAL\u00c1NOS INFORM\u00c1CI\u00d3K \u2022 A HERSE MAX SET ajt\u00f3 rendeltet\u00e9se szerint k\u00f6z- \u00e9s lak\u00f3\u00e9p\u00fcletek belt\u00e9ri bej\u00e1rati ajt\u00f3j\u00e1nak funkci\u00f3j\u00e1t t\u00f6lti be (nem vonatkozik a \u201e80N\u201d sz\u00e9less\u00e9gre). \u2022 A fix \u00e9s \u00e1ll\u00edthat\u00f3 ajt\u00f3tokos HERSE SET \u00e9s MAX SET ajt\u00f3sz\u00e1rny hangszigetel\u0151 teljes\u00edtm\u00e9nye minden el\u00e9rhet\u0151 k\u00fcsz\u00f6bt\u00edpus eset\u00e9n Rw = 30 dB vagy fel\u00e1r ellen\u00e9ben Rw=32 dB \u00e9s Rw = 39 &#8230; <a title=\"HERSE SET AKUSZTIKUS\" class=\"read-more\" href=\"https:\/\/erkadomagyarorszag.com\/en\/product\/herse-set-akusztikus\/\" aria-label=\"Read more about HERSE SET AKUSZTIKUS\">Read more<\/a><\/p>","protected":false},"featured_media":0,"comment_status":"closed","ping_status":"closed","template":"","meta":[],"product_brand":[546],"product_cat":[19,543],"product_tag":[548],"class_list":{"0":"post-32936","1":"product","2":"type-product","3":"status-publish","5":"product_brand-herse-set","6":"product_cat-bejarati-ajtok","7":"product_cat-lepcsohazi-bejarati-ajtok","8":"product_tag-belteri-ajtoerkadoherse-set-akusztikus","9":"pa_valaszthato-szinek-antracit-st-cpl","10":"pa_valaszthato-szinek-arany-tolgy-greko","11":"pa_valaszthato-szinek-cappucino-st-cpl","12":"pa_valaszthato-szinek-dio-greko","13":"pa_valaszthato-szinek-feher-greko","14":"pa_valaszthato-szinek-feher-kereg-premium","15":"pa_valaszthato-szinek-feher-premium","16":"pa_valaszthato-szinek-fekete-st-cpl","17":"pa_valaszthato-szinek-hamuszurke-st-cpl","18":"pa_valaszthato-szinek-hofeher-greko","19":"pa_valaszthato-szinek-koris-grafit-premium","20":"pa_valaszthato-szinek-kozep-tolgy-greko","21":"pa_valaszthato-szinek-sonoma-greko","22":"pa_valaszthato-szinek-sotetzold-st-cpl","23":"pa_valaszthato-szinek-szurke-juhar-premium","24":"pa_valaszthato-szinek-szurke-tolgy-greko","25":"pa_valaszthato-szinek-szurke-tolgy-st-cpl","26":"pa_valaszthato-szinek-tolgy-greko","27":"pa_valaszthato-szinek-tolgy-natur-premium","28":"pa_valaszthato-szinek-tolgy-premium","29":"pa_valaszthato-szinek-tolgy-st-cpl","30":"pa_valaszthato-szinek-vilagosszurke-st-cpl","31":"pa_valaszthato-szinek-wenge-dark-st-cpl","32":"pa_valaszthato-szinek-antracit-szaten-cpl-02-es-07","33":"pa_valaszthato-szinek-beton-premium","34":"pa_valaszthato-szinek-dio-classic-cpl-02-es-07","35":"pa_valaszthato-szinek-feher-st-cpl","36":"pa_valaszthato-szinek-tolgy-classic-cpl-02-es-07","37":"pa_valaszthato-szinek-tolgy-natur-kereszterezetes-premium","38":"pa_valaszthato-szinek-tolgy-retro-cpl-02-es-07","39":"pa_valaszthato-szinek-vilagos-akac-greko","41":"first","42":"instock","43":"purchasable","44":"product-type-variable"},"yoast_head":"<!-- This site is optimized with the Yoast SEO Premium plugin v26.2 (Yoast SEO v26.6) - https:\/\/yoast.com\/wordpress\/plugins\/seo\/ -->\n<title>HERSE SET AKUSZTIKUS - Erkado Magyarorsz\u00e1g<\/title>\n<meta name=\"robots\" content=\"index, follow, max-snippet:-1, max-image-preview:large, max-video-preview:-1\" \/>\n<link rel=\"canonical\" href=\"https:\/\/erkadomagyarorszag.com\/en\/product\/herse-set-akusztikus\/\" \/>\n<meta property=\"og:locale\" content=\"en_GB\" \/>\n<meta property=\"og:type\" content=\"article\" \/>\n<meta property=\"og:title\" content=\"HERSE SET AKUSZTIKUS\" \/>\n<meta property=\"og:description\" content=\"\u00c1LTAL\u00c1NOS INFORM\u00c1CI\u00d3K \u2022 A HERSE MAX SET ajt\u00f3 rendeltet\u00e9se szerint k\u00f6z- \u00e9s lak\u00f3\u00e9p\u00fcletek belt\u00e9ri bej\u00e1rati ajt\u00f3j\u00e1nak funkci\u00f3j\u00e1t t\u00f6lti be (nem vonatkozik a \u201e80N\u201d sz\u00e9less\u00e9gre). \u2022 A fix \u00e9s \u00e1ll\u00edthat\u00f3 ajt\u00f3tokos HERSE SET \u00e9s MAX SET ajt\u00f3sz\u00e1rny hangszigetel\u0151 teljes\u00edtm\u00e9nye minden el\u00e9rhet\u0151 k\u00fcsz\u00f6bt\u00edpus eset\u00e9n Rw = 30 dB vagy fel\u00e1r ellen\u00e9ben Rw=32 dB \u00e9s Rw = 39 ... Read more\" \/>\n<meta property=\"og:url\" content=\"https:\/\/erkadomagyarorszag.com\/en\/product\/herse-set-akusztikus\/\" \/>\n<meta property=\"og:site_name\" content=\"Erkado Magyarorsz\u00e1g\" \/>\n<meta property=\"article:modified_time\" content=\"2025-09-10T09:25:33+00:00\" \/>\n<meta property=\"og:image\" content=\"https:\/\/erkadomagyarorszag.com\/wp-content\/uploads\/2025\/07\/mikra-erkado-bg.jpg\" \/>\n\t<meta property=\"og:image:width\" content=\"1200\" \/>\n\t<meta property=\"og:image:height\" content=\"675\" \/>\n\t<meta property=\"og:image:type\" content=\"image\/jpeg\" \/>\n<meta name=\"twitter:card\" content=\"summary_large_image\" \/>\n<meta name=\"twitter:label1\" content=\"Availability\" \/>\n\t<meta name=\"twitter:data1\" content=\"In stock\" \/>\n<script type=\"application\/ld+json\" class=\"yoast-schema-graph\">{\"@context\":\"https:\/\/schema.org\",\"@graph\":[{\"@type\":\"WebPage\",\"@id\":\"https:\/\/erkadomagyarorszag.com\/termek\/herse-set-akusztikus\/\",\"url\":\"https:\/\/erkadomagyarorszag.com\/termek\/herse-set-akusztikus\/\",\"name\":\"HERSE SET AKUSZTIKUS - Erkado Magyarorsz\u00e1g\",\"isPartOf\":{\"@id\":\"https:\/\/erkadomagyarorszag.com\/#website\"},\"datePublished\":\"2025-09-03T06:44:57+00:00\",\"dateModified\":\"2025-09-10T09:25:33+00:00\",\"breadcrumb\":{\"@id\":\"https:\/\/erkadomagyarorszag.com\/termek\/herse-set-akusztikus\/#breadcrumb\"},\"inLanguage\":\"en-GB\",\"potentialAction\":[{\"@type\":\"ReadAction\",\"target\":[\"https:\/\/erkadomagyarorszag.com\/termek\/herse-set-akusztikus\/\"]}]},{\"@type\":\"BreadcrumbList\",\"@id\":\"https:\/\/erkadomagyarorszag.com\/termek\/herse-set-akusztikus\/#breadcrumb\",\"itemListElement\":[{\"@type\":\"ListItem\",\"position\":1,\"name\":\"Kezd\u0151lap\",\"item\":\"https:\/\/erkadomagyarorszag.com\/\"},{\"@type\":\"ListItem\",\"position\":2,\"name\":\"Shop\",\"item\":\"https:\/\/erkadomagyarorszag.com\/uzlet\/\"},{\"@type\":\"ListItem\",\"position\":3,\"name\":\"HERSE SET AKUSZTIKUS\"}]},{\"@type\":\"WebSite\",\"@id\":\"https:\/\/erkadomagyarorszag.com\/#website\",\"url\":\"https:\/\/erkadomagyarorszag.com\/\",\"name\":\"Erkado Magyarorsz\u00e1g\",\"description\":\"Erkado Magyarorsz\u00e1g\",\"publisher\":{\"@id\":\"https:\/\/erkadomagyarorszag.com\/#organization\"},\"potentialAction\":[{\"@type\":\"SearchAction\",\"target\":{\"@type\":\"EntryPoint\",\"urlTemplate\":\"https:\/\/erkadomagyarorszag.com\/?s={search_term_string}\"},\"query-input\":{\"@type\":\"PropertyValueSpecification\",\"valueRequired\":true,\"valueName\":\"search_term_string\"}}],\"inLanguage\":\"en-GB\"},{\"@type\":\"Organization\",\"@id\":\"https:\/\/erkadomagyarorszag.com\/#organization\",\"name\":\"Erkado Magyarorsz\u00e1g\",\"url\":\"https:\/\/erkadomagyarorszag.com\/\",\"logo\":{\"@type\":\"ImageObject\",\"inLanguage\":\"en-GB\",\"@id\":\"https:\/\/erkadomagyarorszag.com\/#\/schema\/logo\/image\/\",\"url\":\"https:\/\/erkadomagyarorszag.com\/wp-content\/uploads\/Group-24.jpg\",\"contentUrl\":\"https:\/\/erkadomagyarorszag.com\/wp-content\/uploads\/Group-24.jpg\",\"width\":221,\"height\":221,\"caption\":\"Erkado Magyarorsz\u00e1g\"},\"image\":{\"@id\":\"https:\/\/erkadomagyarorszag.com\/#\/schema\/logo\/image\/\"}}]}<\/script>\n<meta property=\"og:availability\" content=\"instock\" \/>\n<meta property=\"product:availability\" content=\"instock\" \/>\n<meta property=\"product:retailer_item_id\" content=\"HERSE-SA\" \/>\n<meta property=\"product:condition\" content=\"new\" \/>\n<!-- \/ Yoast SEO Premium plugin. -->","yoast_head_json":{"title":"HERSE SET AKUSZTIKUS - Erkado Magyarorsz\u00e1g","robots":{"index":"index","follow":"follow","max-snippet":"max-snippet:-1","max-image-preview":"max-image-preview:large","max-video-preview":"max-video-preview:-1"},"canonical":"https:\/\/erkadomagyarorszag.com\/en\/product\/herse-set-akusztikus\/","og_locale":"en_GB","og_type":"article","og_title":"HERSE SET AKUSZTIKUS","og_description":"\u00c1LTAL\u00c1NOS INFORM\u00c1CI\u00d3K \u2022 A HERSE MAX SET ajt\u00f3 rendeltet\u00e9se szerint k\u00f6z- \u00e9s lak\u00f3\u00e9p\u00fcletek belt\u00e9ri bej\u00e1rati ajt\u00f3j\u00e1nak funkci\u00f3j\u00e1t t\u00f6lti be (nem vonatkozik a \u201e80N\u201d sz\u00e9less\u00e9gre). \u2022 A fix \u00e9s \u00e1ll\u00edthat\u00f3 ajt\u00f3tokos HERSE SET \u00e9s MAX SET ajt\u00f3sz\u00e1rny hangszigetel\u0151 teljes\u00edtm\u00e9nye minden el\u00e9rhet\u0151 k\u00fcsz\u00f6bt\u00edpus eset\u00e9n Rw = 30 dB vagy fel\u00e1r ellen\u00e9ben Rw=32 dB \u00e9s Rw = 39 ... Read more","og_url":"https:\/\/erkadomagyarorszag.com\/en\/product\/herse-set-akusztikus\/","og_site_name":"Erkado Magyarorsz\u00e1g","article_modified_time":"2025-09-10T09:25:33+00:00","og_image":[{"width":1200,"height":675,"url":"https:\/\/erkadomagyarorszag.com\/wp-content\/uploads\/2025\/07\/mikra-erkado-bg.jpg","type":"image\/jpeg"}],"twitter_card":"summary_large_image","twitter_misc":{"Availability":"In stock"},"schema":{"@context":"https:\/\/schema.org","@graph":[{"@type":"WebPage","@id":"https:\/\/erkadomagyarorszag.com\/termek\/herse-set-akusztikus\/","url":"https:\/\/erkadomagyarorszag.com\/termek\/herse-set-akusztikus\/","name":"HERSE SET AKUSZTIKUS - Erkado Magyarorsz\u00e1g","isPartOf":{"@id":"https:\/\/erkadomagyarorszag.com\/#website"},"datePublished":"2025-09-03T06:44:57+00:00","dateModified":"2025-09-10T09:25:33+00:00","breadcrumb":{"@id":"https:\/\/erkadomagyarorszag.com\/termek\/herse-set-akusztikus\/#breadcrumb"},"inLanguage":"en-GB","potentialAction":[{"@type":"ReadAction","target":["https:\/\/erkadomagyarorszag.com\/termek\/herse-set-akusztikus\/"]}]},{"@type":"BreadcrumbList","@id":"https:\/\/erkadomagyarorszag.com\/termek\/herse-set-akusztikus\/#breadcrumb","itemListElement":[{"@type":"ListItem","position":1,"name":"Kezd\u0151lap","item":"https:\/\/erkadomagyarorszag.com\/"},{"@type":"ListItem","position":2,"name":"Shop","item":"https:\/\/erkadomagyarorszag.com\/uzlet\/"},{"@type":"ListItem","position":3,"name":"HERSE SET AKUSZTIKUS"}]},{"@type":"WebSite","@id":"https:\/\/erkadomagyarorszag.com\/#website","url":"https:\/\/erkadomagyarorszag.com\/","name":"Home - Erkado Hungary","description":"Home - Erkado Hungary","publisher":{"@id":"https:\/\/erkadomagyarorszag.com\/#organization"},"potentialAction":[{"@type":"SearchAction","target":{"@type":"EntryPoint","urlTemplate":"https:\/\/erkadomagyarorszag.com\/?s={search_term_string}"},"query-input":{"@type":"PropertyValueSpecification","valueRequired":true,"valueName":"search_term_string"}}],"inLanguage":"en-GB"},{"@type":"Organization","@id":"https:\/\/erkadomagyarorszag.com\/#organization","name":"Home - Erkado Hungary","url":"https:\/\/erkadomagyarorszag.com\/","logo":{"@type":"ImageObject","inLanguage":"en-GB","@id":"https:\/\/erkadomagyarorszag.com\/#\/schema\/logo\/image\/","url":"https:\/\/erkadomagyarorszag.com\/wp-content\/uploads\/Group-24.jpg","contentUrl":"https:\/\/erkadomagyarorszag.com\/wp-content\/uploads\/Group-24.jpg","width":221,"height":221,"caption":"Erkado Magyarorsz\u00e1g"},"image":{"@id":"https:\/\/erkadomagyarorszag.com\/#\/schema\/logo\/image\/"}}]},"og_availability":"instock","product_availability":"instock","product_retailer_item_id":"HERSE-SA","product_condition":"new"},"_links":{"self":[{"href":"https:\/\/erkadomagyarorszag.com\/en\/wp-json\/wp\/v2\/product\/32936","targetHints":{"allow":["GET"]}}],"collection":[{"href":"https:\/\/erkadomagyarorszag.com\/en\/wp-json\/wp\/v2\/product"}],"about":[{"href":"https:\/\/erkadomagyarorszag.com\/en\/wp-json\/wp\/v2\/types\/product"}],"replies":[{"embeddable":true,"href":"https:\/\/erkadomagyarorszag.com\/en\/wp-json\/wp\/v2\/comments?post=32936"}],"version-history":[{"count":2,"href":"https:\/\/erkadomagyarorszag.com\/en\/wp-json\/wp\/v2\/product\/32936\/revisions"}],"predecessor-version":[{"id":37588,"href":"https:\/\/erkadomagyarorszag.com\/en\/wp-json\/wp\/v2\/product\/32936\/revisions\/37588"}],"wp:attachment":[{"href":"https:\/\/erkadomagyarorszag.com\/en\/wp-json\/wp\/v2\/media?parent=32936"}],"wp:term":[{"taxonomy":"product_brand","embeddable":true,"href":"https:\/\/erkadomagyarorszag.com\/en\/wp-json\/wp\/v2\/product_brand?post=32936"},{"taxonomy":"product_cat","embeddable":true,"href":"https:\/\/erkadomagyarorszag.com\/en\/wp-json\/wp\/v2\/product_cat?post=32936"},{"taxonomy":"product_tag","embeddable":true,"href":"https:\/\/erkadomagyarorszag.com\/en\/wp-json\/wp\/v2\/product_tag?post=32936"}],"curies":[{"name":"wp","href":"https:\/\/api.w.org\/{rel}","templated":true}]}}