{"id":35614,"date":"2025-09-04T09:07:39","date_gmt":"2025-09-04T09:07:39","guid":{"rendered":"https:\/\/erkadomagyarorszag.com\/termek\/trebur-7\/"},"modified":"2025-09-04T09:08:08","modified_gmt":"2025-09-04T09:08:08","slug":"trebur-7","status":"publish","type":"product","link":"https:\/\/erkadomagyarorszag.com\/en\/product\/trebur-7\/","title":{"rendered":"TREBUR 7"},"content":{"rendered":"<h4><strong>Product description<\/strong><\/h4>\n<p>Entrance doors made of steel sheet, protected with PVC laminate, characterized by high resistance to changing weather conditions, UV radiation and mechanical damage. The texture matching the decorative motif creates a product of high aesthetic value.<\/p>\n<p>You can choose from four types of structures:<\/p>\n<ul>\n<li>THERMO HOT 88 \u2013 thermal insulation: Ud=0.60 W\/(m\u00b2K), sash thickness: 88 mm<\/li>\n<li>THERMO HOT 78 \u2013 thermal insulation: Ud=0.63 W\/(m\u00b2K), sash thickness: 78 mm<\/li>\n<li>THERMO 78 \u2013 thermal insulation: Ud=0.64 W\/(m\u00b2K), sash thickness: 78 mm<\/li>\n<li>THERMO 64 \u2013 thermal insulation: Ud=0.77 W\/(m\u00b2K), sash thickness: 64 mm<\/li>\n<\/ul>\n<p><strong>Surface design options:<\/strong><\/p>\n<p>LABEL BLACK \u2013 2 mm thick, black painted decorative panel on the surface of the sash, creating a subtle 3D effect.<\/p>\n<p>LABEL INOX \u2013 2 mm thick, inox surface decorative panel on the surface of the sash, which creates a subtle 3D effect.<\/p>\n<p>All models have an RC2 burglary resistance class and also meet the requirements of the \u201cClean Air\u201d program.<\/p>\n<h4><strong>Product information<\/strong><\/h4>\n<p><strong>DESIGN<\/strong><\/p>\n<ul>\n<li>Door leaf filled with PUR (polyurethane foam)<\/li>\n<li>Cover made of 0.6 mm thick galvanized steel sheet, coated with UV-resistant PVC laminate<\/li>\n<li>laminated pine frame<\/li>\n<li>3D adjustable, three-stage hinge<\/li>\n<li>thermally insulated decorative grille, which provides an aesthetic appearance and guarantees high thermal insulation<\/li>\n<li>aluminum warm threshold<\/li>\n<li>automatic threshold seal (optional, at extra cost), which provides additional insulation at the threshold area<\/li>\n<li>rebated threshold (so-called fourth rebate), which significantly improves the tightness of the door along the entire perimeter<\/li>\n<li>aluminum strap covers in black, silver or antique gold (standard equipment)<\/li>\n<li>aluminum or steel case<\/li>\n<\/ul>\n<p><strong>BASIC EQUIPMENT<\/strong><\/p>\n<p>PUR foam-filled, four-sided rebated door leaf, with laminated wood frame, equipped with:<\/p>\n<ul>\n<li>3 pcs 3D adjustable straps and strap covers<\/li>\n<li>4 safety pins<\/li>\n<li>Main lock with 3-point locking system<\/li>\n<li>thermal insulation blanket panels<\/li>\n<li>aluminum door frame painted black and laminated in the same color as the leaf, with warm aluminum threshold and fully adjustable lock plate for doors made with THERMO HOT technology<\/li>\n<li>galvanized steel frame, laminated in the same color as the leaf, with warm aluminum threshold for doors made with THERMO technology<\/li>\n<li>four-layer glazing, with tempered ESG glass on the outside, with black spacers in the glass units<\/li>\n<\/ul>\n<p><strong>DOOR DIMENSIONS<\/strong><\/p>\n<p>Custom sizes, including case:<\/p>\n<ul>\n<li>width: 770 mm \u2013 1210 mm, in 10 mm steps<\/li>\n<li>height: 1800 mm \u2013 2480 mm, in 10 mm steps<\/li>\n<\/ul>","protected":false},"excerpt":{"rendered":"<p>Term\u00e9kle\u00edr\u00e1s Ac\u00e9llemezb\u0151l k\u00e9sz\u00fclt bej\u00e1rati ajt\u00f3k, PVC lamin\u00e1tummal v\u00e9dve, amelyet a v\u00e1ltoz\u00f3 id\u0151j\u00e1r\u00e1si k\u00f6r\u00fclm\u00e9nyekkel, UV-sug\u00e1rz\u00e1ssal \u00e9s mechanikai s\u00e9r\u00fcl\u00e9sekkel szembeni magas ellen\u00e1ll\u00f3 k\u00e9pess\u00e9g jellemez. A dekorat\u00edv mot\u00edvumhoz illeszked\u0151 text\u00fara magas eszt\u00e9tikai \u00e9rt\u00e9k\u0171 term\u00e9ket hoz l\u00e9tre. N\u00e9gyf\u00e9le szerkezet k\u00f6z\u00fcl v\u00e1laszthat: THERMO HOT 88 \u2013 h\u0151szigetel\u00e9s: Ud=0,60 W\/(m\u00b2K), sz\u00e1rnyvastags\u00e1g: 88 mm THERMO HOT 78 \u2013 h\u0151szigetel\u00e9s: Ud=0,63 W\/(m\u00b2K), sz\u00e1rnyvastags\u00e1g: &#8230; <a title=\"TREBUR 7\" class=\"read-more\" href=\"https:\/\/erkadomagyarorszag.com\/en\/product\/trebur-7\/\" aria-label=\"Read more about TREBUR 7\">Read more<\/a><\/p>","protected":false},"featured_media":33597,"comment_status":"closed","ping_status":"open","template":"","meta":[],"product_brand":[594],"product_cat":[590,19],"product_tag":[595],"class_list":{"0":"post-35614","1":"product","2":"type-product","3":"status-publish","4":"has-post-thumbnail","6":"product_brand-trebur","7":"product_cat-kulteri-bejarati-ajtok","8":"product_cat-bejarati-ajtok","9":"product_tag-bejarati-ajtoerkadotrebur","10":"pa_valaszthato-szinek-antracit-selyem","11":"pa_valaszthato-szinek-antracit-sima","12":"pa_valaszthato-szinek-antracit-struktura","13":"pa_valaszthato-szinek-antracit-tolgy","14":"pa_valaszthato-szinek-arany-tolgy","15":"pa_valaszthato-szinek-dio","16":"pa_valaszthato-szinek-feher-fenyo","17":"pa_valaszthato-szinek-fekete","18":"pa_valaszthato-szinek-hegyi-fenyo","19":"pa_valaszthato-szinek-kozep-tolgy-barna","20":"pa_valaszthato-szinek-mocsartolgy","21":"pa_valaszthato-szinek-nyers-tolgy","22":"pa_valaszthato-szinek-szurke","23":"pa_valaszthato-szinek-termeszetes-tolgy","24":"pa_valaszthato-szinek-termeszetes-tolgy-keresztiranyu-strukturaval","25":"pa_valaszthato-szinek-winchester","27":"first","28":"instock","29":"purchasable","30":"product-type-variable"},"yoast_head":"<!-- This site is optimized with the Yoast SEO Premium plugin v26.2 (Yoast SEO v26.6) - https:\/\/yoast.com\/wordpress\/plugins\/seo\/ -->\n<title>TREBUR 7 - Erkado Magyarorsz\u00e1g<\/title>\n<meta name=\"robots\" content=\"index, follow, max-snippet:-1, max-image-preview:large, max-video-preview:-1\" \/>\n<link rel=\"canonical\" href=\"https:\/\/erkadomagyarorszag.com\/en\/product\/trebur-7\/\" \/>\n<meta property=\"og:locale\" content=\"en_GB\" \/>\n<meta property=\"og:type\" content=\"article\" \/>\n<meta property=\"og:title\" content=\"TREBUR 7\" \/>\n<meta property=\"og:description\" content=\"Term\u00e9kle\u00edr\u00e1s Ac\u00e9llemezb\u0151l k\u00e9sz\u00fclt bej\u00e1rati ajt\u00f3k, PVC lamin\u00e1tummal v\u00e9dve, amelyet a v\u00e1ltoz\u00f3 id\u0151j\u00e1r\u00e1si k\u00f6r\u00fclm\u00e9nyekkel, UV-sug\u00e1rz\u00e1ssal \u00e9s mechanikai s\u00e9r\u00fcl\u00e9sekkel szembeni magas ellen\u00e1ll\u00f3 k\u00e9pess\u00e9g jellemez. A dekorat\u00edv mot\u00edvumhoz illeszked\u0151 text\u00fara magas eszt\u00e9tikai \u00e9rt\u00e9k\u0171 term\u00e9ket hoz l\u00e9tre. N\u00e9gyf\u00e9le szerkezet k\u00f6z\u00fcl v\u00e1laszthat: THERMO HOT 88 \u2013 h\u0151szigetel\u00e9s: Ud=0,60 W\/(m\u00b2K), sz\u00e1rnyvastags\u00e1g: 88 mm THERMO HOT 78 \u2013 h\u0151szigetel\u00e9s: Ud=0,63 W\/(m\u00b2K), sz\u00e1rnyvastags\u00e1g: ... Read more\" \/>\n<meta property=\"og:url\" content=\"https:\/\/erkadomagyarorszag.com\/en\/product\/trebur-7\/\" \/>\n<meta property=\"og:site_name\" content=\"Erkado Magyarorsz\u00e1g\" \/>\n<meta property=\"article:modified_time\" content=\"2025-09-04T09:08:08+00:00\" \/>\n<meta property=\"og:image\" content=\"https:\/\/erkadomagyarorszag.com\/wp-content\/uploads\/trebur-7-antracit-selyem.webp\" \/>\n\t<meta property=\"og:image:width\" content=\"516\" \/>\n\t<meta property=\"og:image:height\" content=\"1024\" \/>\n\t<meta property=\"og:image:type\" content=\"image\/webp\" \/>\n<meta name=\"twitter:card\" content=\"summary_large_image\" \/>\n<meta name=\"twitter:label1\" content=\"Availability\" \/>\n\t<meta name=\"twitter:data1\" content=\"In stock\" \/>\n<script type=\"application\/ld+json\" class=\"yoast-schema-graph\">{\"@context\":\"https:\/\/schema.org\",\"@graph\":[{\"@type\":\"WebPage\",\"@id\":\"https:\/\/erkadomagyarorszag.com\/termek\/trebur-7\/\",\"url\":\"https:\/\/erkadomagyarorszag.com\/termek\/trebur-7\/\",\"name\":\"TREBUR 7 - Erkado Magyarorsz\u00e1g\",\"isPartOf\":{\"@id\":\"https:\/\/erkadomagyarorszag.com\/#website\"},\"primaryImageOfPage\":{\"@id\":\"https:\/\/erkadomagyarorszag.com\/termek\/trebur-7\/#primaryimage\"},\"image\":{\"@id\":\"https:\/\/erkadomagyarorszag.com\/termek\/trebur-7\/#primaryimage\"},\"thumbnailUrl\":\"https:\/\/erkadomagyarorszag.com\/wp-content\/uploads\/trebur-7-antracit-selyem.webp\",\"datePublished\":\"2025-09-04T09:07:39+00:00\",\"dateModified\":\"2025-09-04T09:08:08+00:00\",\"breadcrumb\":{\"@id\":\"https:\/\/erkadomagyarorszag.com\/termek\/trebur-7\/#breadcrumb\"},\"inLanguage\":\"en-GB\",\"potentialAction\":[{\"@type\":\"ReadAction\",\"target\":[\"https:\/\/erkadomagyarorszag.com\/termek\/trebur-7\/\"]}]},{\"@type\":\"ImageObject\",\"inLanguage\":\"en-GB\",\"@id\":\"https:\/\/erkadomagyarorszag.com\/termek\/trebur-7\/#primaryimage\",\"url\":\"https:\/\/erkadomagyarorszag.com\/wp-content\/uploads\/trebur-7-antracit-selyem.webp\",\"contentUrl\":\"https:\/\/erkadomagyarorszag.com\/wp-content\/uploads\/trebur-7-antracit-selyem.webp\",\"width\":516,\"height\":1024,\"caption\":\"trebur-7-antracit-selyem\"},{\"@type\":\"BreadcrumbList\",\"@id\":\"https:\/\/erkadomagyarorszag.com\/termek\/trebur-7\/#breadcrumb\",\"itemListElement\":[{\"@type\":\"ListItem\",\"position\":1,\"name\":\"Kezd\u0151lap\",\"item\":\"https:\/\/erkadomagyarorszag.com\/\"},{\"@type\":\"ListItem\",\"position\":2,\"name\":\"Shop\",\"item\":\"https:\/\/erkadomagyarorszag.com\/uzlet\/\"},{\"@type\":\"ListItem\",\"position\":3,\"name\":\"TREBUR 7\"}]},{\"@type\":\"WebSite\",\"@id\":\"https:\/\/erkadomagyarorszag.com\/#website\",\"url\":\"https:\/\/erkadomagyarorszag.com\/\",\"name\":\"Erkado Magyarorsz\u00e1g\",\"description\":\"Erkado Magyarorsz\u00e1g\",\"publisher\":{\"@id\":\"https:\/\/erkadomagyarorszag.com\/#organization\"},\"potentialAction\":[{\"@type\":\"SearchAction\",\"target\":{\"@type\":\"EntryPoint\",\"urlTemplate\":\"https:\/\/erkadomagyarorszag.com\/?s={search_term_string}\"},\"query-input\":{\"@type\":\"PropertyValueSpecification\",\"valueRequired\":true,\"valueName\":\"search_term_string\"}}],\"inLanguage\":\"en-GB\"},{\"@type\":\"Organization\",\"@id\":\"https:\/\/erkadomagyarorszag.com\/#organization\",\"name\":\"Erkado Magyarorsz\u00e1g\",\"url\":\"https:\/\/erkadomagyarorszag.com\/\",\"logo\":{\"@type\":\"ImageObject\",\"inLanguage\":\"en-GB\",\"@id\":\"https:\/\/erkadomagyarorszag.com\/#\/schema\/logo\/image\/\",\"url\":\"https:\/\/erkadomagyarorszag.com\/wp-content\/uploads\/Group-24.jpg\",\"contentUrl\":\"https:\/\/erkadomagyarorszag.com\/wp-content\/uploads\/Group-24.jpg\",\"width\":221,\"height\":221,\"caption\":\"Erkado Magyarorsz\u00e1g\"},\"image\":{\"@id\":\"https:\/\/erkadomagyarorszag.com\/#\/schema\/logo\/image\/\"}}]}<\/script>\n<meta property=\"og:availability\" content=\"instock\" \/>\n<meta property=\"product:availability\" content=\"instock\" \/>\n<meta property=\"product:retailer_item_id\" content=\"TREBUR-7\" \/>\n<meta property=\"product:condition\" content=\"new\" \/>\n<!-- \/ Yoast SEO Premium plugin. -->","yoast_head_json":{"title":"TREBUR 7 - Erkado Magyarorsz\u00e1g","robots":{"index":"index","follow":"follow","max-snippet":"max-snippet:-1","max-image-preview":"max-image-preview:large","max-video-preview":"max-video-preview:-1"},"canonical":"https:\/\/erkadomagyarorszag.com\/en\/product\/trebur-7\/","og_locale":"en_GB","og_type":"article","og_title":"TREBUR 7","og_description":"Term\u00e9kle\u00edr\u00e1s Ac\u00e9llemezb\u0151l k\u00e9sz\u00fclt bej\u00e1rati ajt\u00f3k, PVC lamin\u00e1tummal v\u00e9dve, amelyet a v\u00e1ltoz\u00f3 id\u0151j\u00e1r\u00e1si k\u00f6r\u00fclm\u00e9nyekkel, UV-sug\u00e1rz\u00e1ssal \u00e9s mechanikai s\u00e9r\u00fcl\u00e9sekkel szembeni magas ellen\u00e1ll\u00f3 k\u00e9pess\u00e9g jellemez. A dekorat\u00edv mot\u00edvumhoz illeszked\u0151 text\u00fara magas eszt\u00e9tikai \u00e9rt\u00e9k\u0171 term\u00e9ket hoz l\u00e9tre. N\u00e9gyf\u00e9le szerkezet k\u00f6z\u00fcl v\u00e1laszthat: THERMO HOT 88 \u2013 h\u0151szigetel\u00e9s: Ud=0,60 W\/(m\u00b2K), sz\u00e1rnyvastags\u00e1g: 88 mm THERMO HOT 78 \u2013 h\u0151szigetel\u00e9s: Ud=0,63 W\/(m\u00b2K), sz\u00e1rnyvastags\u00e1g: ... Read more","og_url":"https:\/\/erkadomagyarorszag.com\/en\/product\/trebur-7\/","og_site_name":"Erkado Magyarorsz\u00e1g","article_modified_time":"2025-09-04T09:08:08+00:00","og_image":[{"width":516,"height":1024,"url":"https:\/\/erkadomagyarorszag.com\/wp-content\/uploads\/trebur-7-antracit-selyem.webp","type":"image\/webp"}],"twitter_card":"summary_large_image","twitter_misc":{"Availability":"In stock"},"schema":{"@context":"https:\/\/schema.org","@graph":[{"@type":"WebPage","@id":"https:\/\/erkadomagyarorszag.com\/termek\/trebur-7\/","url":"https:\/\/erkadomagyarorszag.com\/termek\/trebur-7\/","name":"TREBUR 7 - Erkado Magyarorsz\u00e1g","isPartOf":{"@id":"https:\/\/erkadomagyarorszag.com\/#website"},"primaryImageOfPage":{"@id":"https:\/\/erkadomagyarorszag.com\/termek\/trebur-7\/#primaryimage"},"image":{"@id":"https:\/\/erkadomagyarorszag.com\/termek\/trebur-7\/#primaryimage"},"thumbnailUrl":"https:\/\/erkadomagyarorszag.com\/wp-content\/uploads\/trebur-7-antracit-selyem.webp","datePublished":"2025-09-04T09:07:39+00:00","dateModified":"2025-09-04T09:08:08+00:00","breadcrumb":{"@id":"https:\/\/erkadomagyarorszag.com\/termek\/trebur-7\/#breadcrumb"},"inLanguage":"en-GB","potentialAction":[{"@type":"ReadAction","target":["https:\/\/erkadomagyarorszag.com\/termek\/trebur-7\/"]}]},{"@type":"ImageObject","inLanguage":"en-GB","@id":"https:\/\/erkadomagyarorszag.com\/termek\/trebur-7\/#primaryimage","url":"https:\/\/erkadomagyarorszag.com\/wp-content\/uploads\/trebur-7-antracit-selyem.webp","contentUrl":"https:\/\/erkadomagyarorszag.com\/wp-content\/uploads\/trebur-7-antracit-selyem.webp","width":516,"height":1024,"caption":"trebur-7-antracit-selyem"},{"@type":"BreadcrumbList","@id":"https:\/\/erkadomagyarorszag.com\/termek\/trebur-7\/#breadcrumb","itemListElement":[{"@type":"ListItem","position":1,"name":"Kezd\u0151lap","item":"https:\/\/erkadomagyarorszag.com\/"},{"@type":"ListItem","position":2,"name":"Shop","item":"https:\/\/erkadomagyarorszag.com\/uzlet\/"},{"@type":"ListItem","position":3,"name":"TREBUR 7"}]},{"@type":"WebSite","@id":"https:\/\/erkadomagyarorszag.com\/#website","url":"https:\/\/erkadomagyarorszag.com\/","name":"Home - Erkado Hungary","description":"Home - Erkado Hungary","publisher":{"@id":"https:\/\/erkadomagyarorszag.com\/#organization"},"potentialAction":[{"@type":"SearchAction","target":{"@type":"EntryPoint","urlTemplate":"https:\/\/erkadomagyarorszag.com\/?s={search_term_string}"},"query-input":{"@type":"PropertyValueSpecification","valueRequired":true,"valueName":"search_term_string"}}],"inLanguage":"en-GB"},{"@type":"Organization","@id":"https:\/\/erkadomagyarorszag.com\/#organization","name":"Home - Erkado Hungary","url":"https:\/\/erkadomagyarorszag.com\/","logo":{"@type":"ImageObject","inLanguage":"en-GB","@id":"https:\/\/erkadomagyarorszag.com\/#\/schema\/logo\/image\/","url":"https:\/\/erkadomagyarorszag.com\/wp-content\/uploads\/Group-24.jpg","contentUrl":"https:\/\/erkadomagyarorszag.com\/wp-content\/uploads\/Group-24.jpg","width":221,"height":221,"caption":"Erkado Magyarorsz\u00e1g"},"image":{"@id":"https:\/\/erkadomagyarorszag.com\/#\/schema\/logo\/image\/"}}]},"og_availability":"instock","product_availability":"instock","product_retailer_item_id":"TREBUR-7","product_condition":"new"},"_links":{"self":[{"href":"https:\/\/erkadomagyarorszag.com\/en\/wp-json\/wp\/v2\/product\/35614","targetHints":{"allow":["GET"]}}],"collection":[{"href":"https:\/\/erkadomagyarorszag.com\/en\/wp-json\/wp\/v2\/product"}],"about":[{"href":"https:\/\/erkadomagyarorszag.com\/en\/wp-json\/wp\/v2\/types\/product"}],"replies":[{"embeddable":true,"href":"https:\/\/erkadomagyarorszag.com\/en\/wp-json\/wp\/v2\/comments?post=35614"}],"version-history":[{"count":1,"href":"https:\/\/erkadomagyarorszag.com\/en\/wp-json\/wp\/v2\/product\/35614\/revisions"}],"predecessor-version":[{"id":35615,"href":"https:\/\/erkadomagyarorszag.com\/en\/wp-json\/wp\/v2\/product\/35614\/revisions\/35615"}],"wp:featuredmedia":[{"embeddable":true,"href":"https:\/\/erkadomagyarorszag.com\/en\/wp-json\/wp\/v2\/media\/33597"}],"wp:attachment":[{"href":"https:\/\/erkadomagyarorszag.com\/en\/wp-json\/wp\/v2\/media?parent=35614"}],"wp:term":[{"taxonomy":"product_brand","embeddable":true,"href":"https:\/\/erkadomagyarorszag.com\/en\/wp-json\/wp\/v2\/product_brand?post=35614"},{"taxonomy":"product_cat","embeddable":true,"href":"https:\/\/erkadomagyarorszag.com\/en\/wp-json\/wp\/v2\/product_cat?post=35614"},{"taxonomy":"product_tag","embeddable":true,"href":"https:\/\/erkadomagyarorszag.com\/en\/wp-json\/wp\/v2\/product_tag?post=35614"}],"curies":[{"name":"wp","href":"https:\/\/api.w.org\/{rel}","templated":true}]}}