{"id":36550,"date":"2025-09-04T09:18:06","date_gmt":"2025-09-04T09:18:06","guid":{"rendered":"https:\/\/erkadomagyarorszag.com\/termek\/wiener-3\/"},"modified":"2025-09-04T09:18:33","modified_gmt":"2025-09-04T09:18:33","slug":"wiener-3","status":"publish","type":"product","link":"https:\/\/erkadomagyarorszag.com\/en\/product\/wiener-3\/","title":{"rendered":"WIENER 3"},"content":{"rendered":"<h4><strong>Product description<\/strong><\/h4>\n<p>Exterior doors made of steel sheet, protected with PVC film, which has high resistance to changing weather conditions, UV radiation and mechanical damage. The surface texture matching the decorative motif results in a product of high aesthetic value.<\/p>\n<p>You can choose from four designs:<\/p>\n<ul>\n<li>THERMO HOT 88 \u2013 thermal insulation value Ud=0.60 W\/(m\u00b2K), sash thickness 88 mm<\/li>\n<li>THERMO HOT 78 \u2013 thermal insulation value Ud=0.63 W\/(m\u00b2K), sash thickness 78 mm<\/li>\n<li>THERMO 78 \u2013 thermal insulation value Ud=0.64 W\/(m\u00b2K), sash thickness 78 mm<\/li>\n<li>THERMO 64 \u2013 thermal insulation value Ud=0.77 W\/(m\u00b2K), sash thickness 64 mm<\/li>\n<\/ul>\n<p><strong>Surface preparation options:<\/strong><\/p>\n<p>LABEL BLACK \u2013 2 mm thick, black-painted decorative panel on the surface of the door leaf, creating a subtle 3D effect.<\/p>\n<p>LABEL INOX \u2013 2 mm thick, INOX surface decorative panel on the surface of the door leaf, which creates a subtle 3D effect.<\/p>\n<p>All models have an RC2 safety rating and meet the requirements of the \u201cClean Air\u201d program.<\/p>\n<h4><strong>Product information<\/strong><\/h4>\n<p><strong>DESIGN<\/strong><\/p>\n<ul>\n<li>door leaf filled with polyurethane foam (PUR)<\/li>\n<li>Cover made of 0.6 mm thick galvanized steel sheet, coated with UV-resistant PVC laminate<\/li>\n<li>glued wood (pine) frame structure<\/li>\n<li>3D adjustable, three-piece strap<\/li>\n<li>Thermally insulated cover strip that provides an aesthetic appearance and excellent thermal insulation<\/li>\n<li>warm aluminum threshold<\/li>\n<li>Lowering threshold seal (at extra cost) for increased sealing of the threshold area<\/li>\n<li>threshold rebate (so-called fourth rebate), which significantly improves the tightness of the door along the entire perimeter<\/li>\n<li>aluminum strap covers in black, silver or antique gold (standard equipment)<\/li>\n<li>aluminum or steel frame structure<\/li>\n<\/ul>\n<p><strong>BASIC EQUIPMENT<\/strong><\/p>\n<p>Square rebated door leaf, with glued wooden frame structure, filled with PUR foam, equipped with:<\/p>\n<ul>\n<li>3 pcs 3D adjustable straps and cover<\/li>\n<li>With 4 safety pins<\/li>\n<li>3-point locking with lever-operated lock body<\/li>\n<li>with thermal insulation covering elements<\/li>\n<\/ul>\n<p>Aluminum frame structure: painted black and covered with laminate in the same color as the door leaf, with warm aluminum threshold and fully adjustable lock plate for doors with THERMO HOT technology.<\/p>\n<p>Galvanized steel frame structure: laminated in the same color as the door leaf, with a warm aluminum threshold for doors with THERMO technology.<\/p>\n<p>Four-layer glazing with tempered ESG outer glass. Black spacers are used in the insulating glass units.<\/p>\n<p class=\"translation-block\"><strong>DOOR DIMENSIONS<\/strong><br>\nCustom sizes (including frame):<\/p>\n<ul>\n<li>width: from 770 mm to 1210 mm, in 10 mm steps<\/li>\n<li>height: from 1800 mm to 2480 mm, in 10 mm steps<\/li>\n<\/ul>","protected":false},"excerpt":{"rendered":"<p>Term\u00e9kle\u00edr\u00e1s K\u00fclt\u00e9ri ajt\u00f3k ac\u00e9llemezb\u0151l, PVC f\u00f3li\u00e1val v\u00e9dve, amely nagy ellen\u00e1ll\u00e1ssal rendelkezik a v\u00e1ltoz\u00f3 id\u0151j\u00e1r\u00e1si k\u00f6r\u00fclm\u00e9nyekkel, UV sug\u00e1rz\u00e1ssal \u00e9s mechanikai s\u00e9r\u00fcl\u00e9sekkel szemben. A dekorat\u00edv mot\u00edvumhoz illeszked\u0151 fel\u00fcleti text\u00fara magas eszt\u00e9tikai \u00e9rt\u00e9k\u0171 term\u00e9ket eredm\u00e9nyez. N\u00e9gyf\u00e9le kivitel k\u00f6z\u00fcl v\u00e1laszthat: THERMO HOT 88 \u2013 h\u0151szigetel\u00e9si \u00e9rt\u00e9k Ud=0,60 W\/(m\u00b2K), sz\u00e1rnyvastags\u00e1g 88 mm THERMO HOT 78 \u2013 h\u0151szigetel\u00e9si \u00e9rt\u00e9k Ud=0,63 W\/(m\u00b2K), &#8230; <a title=\"WIENER 3\" class=\"read-more\" href=\"https:\/\/erkadomagyarorszag.com\/en\/product\/wiener-3\/\" aria-label=\"Read more about WIENER 3\">Read more<\/a><\/p>","protected":false},"featured_media":33351,"comment_status":"closed","ping_status":"open","template":"","meta":[],"product_brand":[616],"product_cat":[590,19],"product_tag":[617],"class_list":{"0":"post-36550","1":"product","2":"type-product","3":"status-publish","4":"has-post-thumbnail","6":"product_brand-wiener","7":"product_cat-kulteri-bejarati-ajtok","8":"product_cat-bejarati-ajtok","9":"product_tag-bejarati-ajtoerkadowiener","10":"pa_valaszthato-szinek-antracit-selyem","11":"pa_valaszthato-szinek-antracit-sima","12":"pa_valaszthato-szinek-antracit-struktura","13":"pa_valaszthato-szinek-antracit-tolgy","14":"pa_valaszthato-szinek-arany-tolgy","15":"pa_valaszthato-szinek-dio","16":"pa_valaszthato-szinek-feher-fenyo","17":"pa_valaszthato-szinek-fekete","18":"pa_valaszthato-szinek-hegyi-fenyo","19":"pa_valaszthato-szinek-kozep-tolgy-barna","20":"pa_valaszthato-szinek-mocsartolgy","21":"pa_valaszthato-szinek-nyers-tolgy","22":"pa_valaszthato-szinek-szurke","23":"pa_valaszthato-szinek-termeszetes-tolgy","24":"pa_valaszthato-szinek-termeszetes-tolgy-keresztiranyu-strukturaval","25":"pa_valaszthato-szinek-winchester","27":"first","28":"instock","29":"purchasable","30":"product-type-variable"},"yoast_head":"<!-- This site is optimized with the Yoast SEO Premium plugin v26.2 (Yoast SEO v26.6) - https:\/\/yoast.com\/wordpress\/plugins\/seo\/ -->\n<title>WIENER 3 - Erkado Magyarorsz\u00e1g<\/title>\n<meta name=\"robots\" content=\"index, follow, max-snippet:-1, max-image-preview:large, max-video-preview:-1\" \/>\n<link rel=\"canonical\" href=\"https:\/\/erkadomagyarorszag.com\/en\/product\/wiener-3\/\" \/>\n<meta property=\"og:locale\" content=\"en_GB\" \/>\n<meta property=\"og:type\" content=\"article\" \/>\n<meta property=\"og:title\" content=\"WIENER 3\" \/>\n<meta property=\"og:description\" content=\"Term\u00e9kle\u00edr\u00e1s K\u00fclt\u00e9ri ajt\u00f3k ac\u00e9llemezb\u0151l, PVC f\u00f3li\u00e1val v\u00e9dve, amely nagy ellen\u00e1ll\u00e1ssal rendelkezik a v\u00e1ltoz\u00f3 id\u0151j\u00e1r\u00e1si k\u00f6r\u00fclm\u00e9nyekkel, UV sug\u00e1rz\u00e1ssal \u00e9s mechanikai s\u00e9r\u00fcl\u00e9sekkel szemben. A dekorat\u00edv mot\u00edvumhoz illeszked\u0151 fel\u00fcleti text\u00fara magas eszt\u00e9tikai \u00e9rt\u00e9k\u0171 term\u00e9ket eredm\u00e9nyez. N\u00e9gyf\u00e9le kivitel k\u00f6z\u00fcl v\u00e1laszthat: THERMO HOT 88 \u2013 h\u0151szigetel\u00e9si \u00e9rt\u00e9k Ud=0,60 W\/(m\u00b2K), sz\u00e1rnyvastags\u00e1g 88 mm THERMO HOT 78 \u2013 h\u0151szigetel\u00e9si \u00e9rt\u00e9k Ud=0,63 W\/(m\u00b2K), ... Read more\" \/>\n<meta property=\"og:url\" content=\"https:\/\/erkadomagyarorszag.com\/en\/product\/wiener-3\/\" \/>\n<meta property=\"og:site_name\" content=\"Erkado Magyarorsz\u00e1g\" \/>\n<meta property=\"article:modified_time\" content=\"2025-09-04T09:18:33+00:00\" \/>\n<meta property=\"og:image\" content=\"https:\/\/erkadomagyarorszag.com\/wp-content\/uploads\/wiener-3-antracit-selyem.webp\" \/>\n\t<meta property=\"og:image:width\" content=\"516\" \/>\n\t<meta property=\"og:image:height\" content=\"1024\" \/>\n\t<meta property=\"og:image:type\" content=\"image\/webp\" \/>\n<meta name=\"twitter:card\" content=\"summary_large_image\" \/>\n<meta name=\"twitter:label1\" content=\"Availability\" \/>\n\t<meta name=\"twitter:data1\" content=\"In stock\" \/>\n<script type=\"application\/ld+json\" class=\"yoast-schema-graph\">{\"@context\":\"https:\/\/schema.org\",\"@graph\":[{\"@type\":\"WebPage\",\"@id\":\"https:\/\/erkadomagyarorszag.com\/termek\/wiener-3\/\",\"url\":\"https:\/\/erkadomagyarorszag.com\/termek\/wiener-3\/\",\"name\":\"WIENER 3 - Erkado Magyarorsz\u00e1g\",\"isPartOf\":{\"@id\":\"https:\/\/erkadomagyarorszag.com\/#website\"},\"primaryImageOfPage\":{\"@id\":\"https:\/\/erkadomagyarorszag.com\/termek\/wiener-3\/#primaryimage\"},\"image\":{\"@id\":\"https:\/\/erkadomagyarorszag.com\/termek\/wiener-3\/#primaryimage\"},\"thumbnailUrl\":\"https:\/\/erkadomagyarorszag.com\/wp-content\/uploads\/wiener-3-antracit-selyem.webp\",\"datePublished\":\"2025-09-04T09:18:06+00:00\",\"dateModified\":\"2025-09-04T09:18:33+00:00\",\"breadcrumb\":{\"@id\":\"https:\/\/erkadomagyarorszag.com\/termek\/wiener-3\/#breadcrumb\"},\"inLanguage\":\"en-GB\",\"potentialAction\":[{\"@type\":\"ReadAction\",\"target\":[\"https:\/\/erkadomagyarorszag.com\/termek\/wiener-3\/\"]}]},{\"@type\":\"ImageObject\",\"inLanguage\":\"en-GB\",\"@id\":\"https:\/\/erkadomagyarorszag.com\/termek\/wiener-3\/#primaryimage\",\"url\":\"https:\/\/erkadomagyarorszag.com\/wp-content\/uploads\/wiener-3-antracit-selyem.webp\",\"contentUrl\":\"https:\/\/erkadomagyarorszag.com\/wp-content\/uploads\/wiener-3-antracit-selyem.webp\",\"width\":516,\"height\":1024,\"caption\":\"wiener-3-antracit-selyem\"},{\"@type\":\"BreadcrumbList\",\"@id\":\"https:\/\/erkadomagyarorszag.com\/termek\/wiener-3\/#breadcrumb\",\"itemListElement\":[{\"@type\":\"ListItem\",\"position\":1,\"name\":\"Kezd\u0151lap\",\"item\":\"https:\/\/erkadomagyarorszag.com\/\"},{\"@type\":\"ListItem\",\"position\":2,\"name\":\"Shop\",\"item\":\"https:\/\/erkadomagyarorszag.com\/uzlet\/\"},{\"@type\":\"ListItem\",\"position\":3,\"name\":\"WIENER 3\"}]},{\"@type\":\"WebSite\",\"@id\":\"https:\/\/erkadomagyarorszag.com\/#website\",\"url\":\"https:\/\/erkadomagyarorszag.com\/\",\"name\":\"Erkado Magyarorsz\u00e1g\",\"description\":\"Erkado Magyarorsz\u00e1g\",\"publisher\":{\"@id\":\"https:\/\/erkadomagyarorszag.com\/#organization\"},\"potentialAction\":[{\"@type\":\"SearchAction\",\"target\":{\"@type\":\"EntryPoint\",\"urlTemplate\":\"https:\/\/erkadomagyarorszag.com\/?s={search_term_string}\"},\"query-input\":{\"@type\":\"PropertyValueSpecification\",\"valueRequired\":true,\"valueName\":\"search_term_string\"}}],\"inLanguage\":\"en-GB\"},{\"@type\":\"Organization\",\"@id\":\"https:\/\/erkadomagyarorszag.com\/#organization\",\"name\":\"Erkado Magyarorsz\u00e1g\",\"url\":\"https:\/\/erkadomagyarorszag.com\/\",\"logo\":{\"@type\":\"ImageObject\",\"inLanguage\":\"en-GB\",\"@id\":\"https:\/\/erkadomagyarorszag.com\/#\/schema\/logo\/image\/\",\"url\":\"https:\/\/erkadomagyarorszag.com\/wp-content\/uploads\/Group-24.jpg\",\"contentUrl\":\"https:\/\/erkadomagyarorszag.com\/wp-content\/uploads\/Group-24.jpg\",\"width\":221,\"height\":221,\"caption\":\"Erkado Magyarorsz\u00e1g\"},\"image\":{\"@id\":\"https:\/\/erkadomagyarorszag.com\/#\/schema\/logo\/image\/\"}}]}<\/script>\n<meta property=\"og:availability\" content=\"instock\" \/>\n<meta property=\"product:availability\" content=\"instock\" \/>\n<meta property=\"product:retailer_item_id\" content=\"WIENER-3\" \/>\n<meta property=\"product:condition\" content=\"new\" \/>\n<!-- \/ Yoast SEO Premium plugin. -->","yoast_head_json":{"title":"WIENER 3 - Erkado Magyarorsz\u00e1g","robots":{"index":"index","follow":"follow","max-snippet":"max-snippet:-1","max-image-preview":"max-image-preview:large","max-video-preview":"max-video-preview:-1"},"canonical":"https:\/\/erkadomagyarorszag.com\/en\/product\/wiener-3\/","og_locale":"en_GB","og_type":"article","og_title":"WIENER 3","og_description":"Term\u00e9kle\u00edr\u00e1s K\u00fclt\u00e9ri ajt\u00f3k ac\u00e9llemezb\u0151l, PVC f\u00f3li\u00e1val v\u00e9dve, amely nagy ellen\u00e1ll\u00e1ssal rendelkezik a v\u00e1ltoz\u00f3 id\u0151j\u00e1r\u00e1si k\u00f6r\u00fclm\u00e9nyekkel, UV sug\u00e1rz\u00e1ssal \u00e9s mechanikai s\u00e9r\u00fcl\u00e9sekkel szemben. A dekorat\u00edv mot\u00edvumhoz illeszked\u0151 fel\u00fcleti text\u00fara magas eszt\u00e9tikai \u00e9rt\u00e9k\u0171 term\u00e9ket eredm\u00e9nyez. N\u00e9gyf\u00e9le kivitel k\u00f6z\u00fcl v\u00e1laszthat: THERMO HOT 88 \u2013 h\u0151szigetel\u00e9si \u00e9rt\u00e9k Ud=0,60 W\/(m\u00b2K), sz\u00e1rnyvastags\u00e1g 88 mm THERMO HOT 78 \u2013 h\u0151szigetel\u00e9si \u00e9rt\u00e9k Ud=0,63 W\/(m\u00b2K), ... Read more","og_url":"https:\/\/erkadomagyarorszag.com\/en\/product\/wiener-3\/","og_site_name":"Erkado Magyarorsz\u00e1g","article_modified_time":"2025-09-04T09:18:33+00:00","og_image":[{"width":516,"height":1024,"url":"https:\/\/erkadomagyarorszag.com\/wp-content\/uploads\/wiener-3-antracit-selyem.webp","type":"image\/webp"}],"twitter_card":"summary_large_image","twitter_misc":{"Availability":"In stock"},"schema":{"@context":"https:\/\/schema.org","@graph":[{"@type":"WebPage","@id":"https:\/\/erkadomagyarorszag.com\/termek\/wiener-3\/","url":"https:\/\/erkadomagyarorszag.com\/termek\/wiener-3\/","name":"WIENER 3 - Erkado Magyarorsz\u00e1g","isPartOf":{"@id":"https:\/\/erkadomagyarorszag.com\/#website"},"primaryImageOfPage":{"@id":"https:\/\/erkadomagyarorszag.com\/termek\/wiener-3\/#primaryimage"},"image":{"@id":"https:\/\/erkadomagyarorszag.com\/termek\/wiener-3\/#primaryimage"},"thumbnailUrl":"https:\/\/erkadomagyarorszag.com\/wp-content\/uploads\/wiener-3-antracit-selyem.webp","datePublished":"2025-09-04T09:18:06+00:00","dateModified":"2025-09-04T09:18:33+00:00","breadcrumb":{"@id":"https:\/\/erkadomagyarorszag.com\/termek\/wiener-3\/#breadcrumb"},"inLanguage":"en-GB","potentialAction":[{"@type":"ReadAction","target":["https:\/\/erkadomagyarorszag.com\/termek\/wiener-3\/"]}]},{"@type":"ImageObject","inLanguage":"en-GB","@id":"https:\/\/erkadomagyarorszag.com\/termek\/wiener-3\/#primaryimage","url":"https:\/\/erkadomagyarorszag.com\/wp-content\/uploads\/wiener-3-antracit-selyem.webp","contentUrl":"https:\/\/erkadomagyarorszag.com\/wp-content\/uploads\/wiener-3-antracit-selyem.webp","width":516,"height":1024,"caption":"wiener-3-antracit-selyem"},{"@type":"BreadcrumbList","@id":"https:\/\/erkadomagyarorszag.com\/termek\/wiener-3\/#breadcrumb","itemListElement":[{"@type":"ListItem","position":1,"name":"Kezd\u0151lap","item":"https:\/\/erkadomagyarorszag.com\/"},{"@type":"ListItem","position":2,"name":"Shop","item":"https:\/\/erkadomagyarorszag.com\/uzlet\/"},{"@type":"ListItem","position":3,"name":"WIENER 3"}]},{"@type":"WebSite","@id":"https:\/\/erkadomagyarorszag.com\/#website","url":"https:\/\/erkadomagyarorszag.com\/","name":"Home - Erkado Hungary","description":"Home - Erkado Hungary","publisher":{"@id":"https:\/\/erkadomagyarorszag.com\/#organization"},"potentialAction":[{"@type":"SearchAction","target":{"@type":"EntryPoint","urlTemplate":"https:\/\/erkadomagyarorszag.com\/?s={search_term_string}"},"query-input":{"@type":"PropertyValueSpecification","valueRequired":true,"valueName":"search_term_string"}}],"inLanguage":"en-GB"},{"@type":"Organization","@id":"https:\/\/erkadomagyarorszag.com\/#organization","name":"Home - Erkado Hungary","url":"https:\/\/erkadomagyarorszag.com\/","logo":{"@type":"ImageObject","inLanguage":"en-GB","@id":"https:\/\/erkadomagyarorszag.com\/#\/schema\/logo\/image\/","url":"https:\/\/erkadomagyarorszag.com\/wp-content\/uploads\/Group-24.jpg","contentUrl":"https:\/\/erkadomagyarorszag.com\/wp-content\/uploads\/Group-24.jpg","width":221,"height":221,"caption":"Erkado Magyarorsz\u00e1g"},"image":{"@id":"https:\/\/erkadomagyarorszag.com\/#\/schema\/logo\/image\/"}}]},"og_availability":"instock","product_availability":"instock","product_retailer_item_id":"WIENER-3","product_condition":"new"},"_links":{"self":[{"href":"https:\/\/erkadomagyarorszag.com\/en\/wp-json\/wp\/v2\/product\/36550","targetHints":{"allow":["GET"]}}],"collection":[{"href":"https:\/\/erkadomagyarorszag.com\/en\/wp-json\/wp\/v2\/product"}],"about":[{"href":"https:\/\/erkadomagyarorszag.com\/en\/wp-json\/wp\/v2\/types\/product"}],"replies":[{"embeddable":true,"href":"https:\/\/erkadomagyarorszag.com\/en\/wp-json\/wp\/v2\/comments?post=36550"}],"version-history":[{"count":1,"href":"https:\/\/erkadomagyarorszag.com\/en\/wp-json\/wp\/v2\/product\/36550\/revisions"}],"predecessor-version":[{"id":36551,"href":"https:\/\/erkadomagyarorszag.com\/en\/wp-json\/wp\/v2\/product\/36550\/revisions\/36551"}],"wp:featuredmedia":[{"embeddable":true,"href":"https:\/\/erkadomagyarorszag.com\/en\/wp-json\/wp\/v2\/media\/33351"}],"wp:attachment":[{"href":"https:\/\/erkadomagyarorszag.com\/en\/wp-json\/wp\/v2\/media?parent=36550"}],"wp:term":[{"taxonomy":"product_brand","embeddable":true,"href":"https:\/\/erkadomagyarorszag.com\/en\/wp-json\/wp\/v2\/product_brand?post=36550"},{"taxonomy":"product_cat","embeddable":true,"href":"https:\/\/erkadomagyarorszag.com\/en\/wp-json\/wp\/v2\/product_cat?post=36550"},{"taxonomy":"product_tag","embeddable":true,"href":"https:\/\/erkadomagyarorszag.com\/en\/wp-json\/wp\/v2\/product_tag?post=36550"}],"curies":[{"name":"wp","href":"https:\/\/api.w.org\/{rel}","templated":true}]}}