{"id":36982,"date":"2025-09-04T09:22:57","date_gmt":"2025-09-04T09:22:57","guid":{"rendered":"https:\/\/erkadomagyarorszag.com\/termek\/melk-2\/"},"modified":"2025-09-04T09:23:25","modified_gmt":"2025-09-04T09:23:25","slug":"melk-2","status":"publish","type":"product","link":"https:\/\/erkadomagyarorszag.com\/en\/product\/melk-2\/","title":{"rendered":"MELK 2"},"content":{"rendered":"<h4><strong>Product description<\/strong><\/h4>\n<p>Exterior doors made of steel sheet, protected with PVC laminate, which provides high resistance to changing weather conditions, UV radiation and mechanical damage. The texture matching the decorative motif gives the product a high aesthetic value.<\/p>\n<p>You can choose from four designs:<\/p>\n<ul>\n<li>THERMO HOT 88 \u2013 heat transfer value Ud=0.60 W\/(m\u00b2K), sash thickness: 88 mm<\/li>\n<li>THERMO HOT 78 \u2013 heat transfer value Ud=0.63 W\/(m\u00b2K), sash thickness: 78 mm<\/li>\n<li>THERMO 78 \u2013 heat transfer value Ud=0.64 W\/(m\u00b2K), sash thickness: 78 mm<\/li>\n<li>THERMO 64 \u2013 heat transfer value Ud=0.77 W\/(m\u00b2K), sash thickness: 64 mm<\/li>\n<\/ul>\n<p><strong>Surface preparation options:<\/strong><\/p>\n<p>LABEL BLACK \u2013 2 mm thick black painted decorative panel that creates a subtle 3D effect on the surface of the door leaf.<\/p>\n<p>LABEL INOX \u2013 2 mm thick INOX decorative panel that creates a subtle 3D effect on the surface of the door leaf.<\/p>\n<p>All models have an RC2 safety rating and meet the requirements of the \u201cClean Air\u201d program.<\/p>\n<h4><strong>Product information<\/strong><\/h4>\n<p><strong>DESIGN<\/strong><\/p>\n<ul>\n<li>door leaf filled with polyurethane foam (PUR)<\/li>\n<li>0.6 mm thick, galvanized steel sheet covering with UV-resistant PVC laminate<\/li>\n<li>glued wood (pine) frame structure<\/li>\n<li>3-piece, 3D adjustable strap<\/li>\n<li>Thermally insulated cover strip that provides an aesthetic appearance and excellent thermal insulation<\/li>\n<li>warm aluminum threshold<\/li>\n<li>Lowering threshold seal (at extra cost) for extra sealing of the threshold area<\/li>\n<li>threshold rebate (so-called fourth rebate), which improves the tightness of the door along its entire perimeter<\/li>\n<li>aluminum strap covers in black, silver or antique gold (standard equipment)<\/li>\n<li>aluminum or steel frame structure<\/li>\n<\/ul>\n<p><strong>BASIC EQUIPMENT<\/strong><br \/>\nSquare rebated door leaf, with glued wooden frame structure, filled with PUR foam, equipped with:<\/p>\n<ul>\n<li>3 pcs 3D adjustable straps and cover<\/li>\n<li>With 4 safety pins<\/li>\n<li>3-point locking with lever-operated lock body<\/li>\n<li>with thermal insulation covering elements<\/li>\n<\/ul>\n<p>Aluminum frame structure \u2013 painted black and covered with laminate in the same color as the door leaf, with warm aluminum threshold and fully adjustable lock plate, for doors with THERMO HOT technology.<\/p>\n<p>Galvanized steel frame structure \u2013 laminated in the same color as the door leaf, with a warm aluminum threshold, for doors with THERMO technology.<\/p>\n<p>Four-layer glazing with tempered ESG outer glass. Black spacers are used in the insulating glass units.<\/p>\n<ul>\n<li>DOOR DIMENSIONS<br \/>\nCustom sizes (including case) available:<\/li>\n<li>width: 770 mm \u2013 1210 mm, in 10 mm steps<\/li>\n<li>height: 1800 mm \u2013 2480 mm, in 10 mm steps<\/li>\n<\/ul>","protected":false},"excerpt":{"rendered":"<p>Term\u00e9kle\u00edr\u00e1s K\u00fclt\u00e9ri ajt\u00f3k ac\u00e9llemezb\u0151l, PVC lamin\u00e1tummal v\u00e9dve, amely nagy ellen\u00e1ll\u00e1st biztos\u00edt a v\u00e1ltoz\u00f3 id\u0151j\u00e1r\u00e1si k\u00f6r\u00fclm\u00e9nyekkel, az UV-sug\u00e1rz\u00e1ssal \u00e9s a mechanikai s\u00e9r\u00fcl\u00e9sekkel szemben. A dekorat\u00edv mot\u00edvumhoz illeszked\u0151 text\u00fara magas eszt\u00e9tikai \u00e9rt\u00e9ket k\u00f6lcs\u00f6n\u00f6z a term\u00e9knek. N\u00e9gyf\u00e9le kivitel k\u00f6z\u00fcl v\u00e1laszthat: THERMO HOT 88 \u2013 h\u0151\u00e1tbocs\u00e1t\u00e1si \u00e9rt\u00e9k Ud=0,60 W\/(m\u00b2K), sz\u00e1rnyvastags\u00e1g: 88 mm THERMO HOT 78 \u2013 h\u0151\u00e1tbocs\u00e1t\u00e1si \u00e9rt\u00e9k Ud=0,63 &#8230; <a title=\"MELK 2\" class=\"read-more\" href=\"https:\/\/erkadomagyarorszag.com\/en\/product\/melk-2\/\" aria-label=\"Read more about MELK 2\">Read more<\/a><\/p>","protected":false},"featured_media":34218,"comment_status":"closed","ping_status":"open","template":"","meta":[],"product_brand":[628],"product_cat":[590,19],"product_tag":[629],"class_list":{"0":"post-36982","1":"product","2":"type-product","3":"status-publish","4":"has-post-thumbnail","6":"product_brand-melk","7":"product_cat-kulteri-bejarati-ajtok","8":"product_cat-bejarati-ajtok","9":"product_tag-bejarati-ajtoerkadomelk","10":"pa_valaszthato-szinek-antracit-selyem","11":"pa_valaszthato-szinek-antracit-sima","12":"pa_valaszthato-szinek-antracit-struktura","13":"pa_valaszthato-szinek-antracit-tolgy","14":"pa_valaszthato-szinek-arany-tolgy","15":"pa_valaszthato-szinek-dio","16":"pa_valaszthato-szinek-feher-fenyo","17":"pa_valaszthato-szinek-fekete","18":"pa_valaszthato-szinek-hegyi-fenyo","19":"pa_valaszthato-szinek-kozep-tolgy-barna","20":"pa_valaszthato-szinek-mocsartolgy","21":"pa_valaszthato-szinek-nyers-tolgy","22":"pa_valaszthato-szinek-szurke","23":"pa_valaszthato-szinek-termeszetes-tolgy","24":"pa_valaszthato-szinek-termeszetes-tolgy-keresztiranyu-strukturaval","25":"pa_valaszthato-szinek-winchester","27":"first","28":"instock","29":"purchasable","30":"product-type-variable"},"yoast_head":"<!-- This site is optimized with the Yoast SEO Premium plugin v26.2 (Yoast SEO v26.6) - https:\/\/yoast.com\/wordpress\/plugins\/seo\/ -->\n<title>MELK 2 - Erkado Magyarorsz\u00e1g<\/title>\n<meta name=\"robots\" content=\"index, follow, max-snippet:-1, max-image-preview:large, max-video-preview:-1\" \/>\n<link rel=\"canonical\" href=\"https:\/\/erkadomagyarorszag.com\/en\/product\/melk-2\/\" \/>\n<meta property=\"og:locale\" content=\"en_GB\" \/>\n<meta property=\"og:type\" content=\"article\" \/>\n<meta property=\"og:title\" content=\"MELK 2\" \/>\n<meta property=\"og:description\" content=\"Term\u00e9kle\u00edr\u00e1s K\u00fclt\u00e9ri ajt\u00f3k ac\u00e9llemezb\u0151l, PVC lamin\u00e1tummal v\u00e9dve, amely nagy ellen\u00e1ll\u00e1st biztos\u00edt a v\u00e1ltoz\u00f3 id\u0151j\u00e1r\u00e1si k\u00f6r\u00fclm\u00e9nyekkel, az UV-sug\u00e1rz\u00e1ssal \u00e9s a mechanikai s\u00e9r\u00fcl\u00e9sekkel szemben. A dekorat\u00edv mot\u00edvumhoz illeszked\u0151 text\u00fara magas eszt\u00e9tikai \u00e9rt\u00e9ket k\u00f6lcs\u00f6n\u00f6z a term\u00e9knek. N\u00e9gyf\u00e9le kivitel k\u00f6z\u00fcl v\u00e1laszthat: THERMO HOT 88 \u2013 h\u0151\u00e1tbocs\u00e1t\u00e1si \u00e9rt\u00e9k Ud=0,60 W\/(m\u00b2K), sz\u00e1rnyvastags\u00e1g: 88 mm THERMO HOT 78 \u2013 h\u0151\u00e1tbocs\u00e1t\u00e1si \u00e9rt\u00e9k Ud=0,63 ... Read more\" \/>\n<meta property=\"og:url\" content=\"https:\/\/erkadomagyarorszag.com\/en\/product\/melk-2\/\" \/>\n<meta property=\"og:site_name\" content=\"Erkado Magyarorsz\u00e1g\" \/>\n<meta property=\"article:modified_time\" content=\"2025-09-04T09:23:25+00:00\" \/>\n<meta property=\"og:image\" content=\"https:\/\/erkadomagyarorszag.com\/wp-content\/uploads\/melk-2-antracit-selyem.webp\" \/>\n\t<meta property=\"og:image:width\" content=\"516\" \/>\n\t<meta property=\"og:image:height\" content=\"1024\" \/>\n\t<meta property=\"og:image:type\" content=\"image\/webp\" \/>\n<meta name=\"twitter:card\" content=\"summary_large_image\" \/>\n<meta name=\"twitter:label1\" content=\"Availability\" \/>\n\t<meta name=\"twitter:data1\" content=\"In stock\" \/>\n<script type=\"application\/ld+json\" class=\"yoast-schema-graph\">{\"@context\":\"https:\/\/schema.org\",\"@graph\":[{\"@type\":\"WebPage\",\"@id\":\"https:\/\/erkadomagyarorszag.com\/en\/product\/melk-2\/\",\"url\":\"https:\/\/erkadomagyarorszag.com\/en\/product\/melk-2\/\",\"name\":\"MELK 2 - Erkado Magyarorsz\u00e1g\",\"isPartOf\":{\"@id\":\"https:\/\/erkadomagyarorszag.com\/#website\"},\"primaryImageOfPage\":{\"@id\":\"https:\/\/erkadomagyarorszag.com\/en\/product\/melk-2\/#primaryimage\"},\"image\":{\"@id\":\"https:\/\/erkadomagyarorszag.com\/en\/product\/melk-2\/#primaryimage\"},\"thumbnailUrl\":\"https:\/\/erkadomagyarorszag.com\/wp-content\/uploads\/melk-2-antracit-selyem.webp\",\"datePublished\":\"2025-09-04T09:22:57+00:00\",\"dateModified\":\"2025-09-04T09:23:25+00:00\",\"breadcrumb\":{\"@id\":\"https:\/\/erkadomagyarorszag.com\/en\/product\/melk-2\/#breadcrumb\"},\"inLanguage\":\"en-GB\",\"potentialAction\":[{\"@type\":\"ReadAction\",\"target\":[\"https:\/\/erkadomagyarorszag.com\/en\/product\/melk-2\/\"]}]},{\"@type\":\"ImageObject\",\"inLanguage\":\"en-GB\",\"@id\":\"https:\/\/erkadomagyarorszag.com\/en\/product\/melk-2\/#primaryimage\",\"url\":\"https:\/\/erkadomagyarorszag.com\/wp-content\/uploads\/melk-2-antracit-selyem.webp\",\"contentUrl\":\"https:\/\/erkadomagyarorszag.com\/wp-content\/uploads\/melk-2-antracit-selyem.webp\",\"width\":516,\"height\":1024,\"caption\":\"melk-2-antracit-selyem\"},{\"@type\":\"BreadcrumbList\",\"@id\":\"https:\/\/erkadomagyarorszag.com\/en\/product\/melk-2\/#breadcrumb\",\"itemListElement\":[{\"@type\":\"ListItem\",\"position\":1,\"name\":\"Kezd\u0151lap\",\"item\":\"https:\/\/erkadomagyarorszag.com\/\"},{\"@type\":\"ListItem\",\"position\":2,\"name\":\"Shop\",\"item\":\"https:\/\/erkadomagyarorszag.com\/uzlet\/\"},{\"@type\":\"ListItem\",\"position\":3,\"name\":\"MELK 2\"}]},{\"@type\":\"WebSite\",\"@id\":\"https:\/\/erkadomagyarorszag.com\/#website\",\"url\":\"https:\/\/erkadomagyarorszag.com\/\",\"name\":\"Erkado Magyarorsz\u00e1g\",\"description\":\"Erkado Magyarorsz\u00e1g\",\"publisher\":{\"@id\":\"https:\/\/erkadomagyarorszag.com\/#organization\"},\"potentialAction\":[{\"@type\":\"SearchAction\",\"target\":{\"@type\":\"EntryPoint\",\"urlTemplate\":\"https:\/\/erkadomagyarorszag.com\/?s={search_term_string}\"},\"query-input\":{\"@type\":\"PropertyValueSpecification\",\"valueRequired\":true,\"valueName\":\"search_term_string\"}}],\"inLanguage\":\"en-GB\"},{\"@type\":\"Organization\",\"@id\":\"https:\/\/erkadomagyarorszag.com\/#organization\",\"name\":\"Erkado Magyarorsz\u00e1g\",\"url\":\"https:\/\/erkadomagyarorszag.com\/\",\"logo\":{\"@type\":\"ImageObject\",\"inLanguage\":\"en-GB\",\"@id\":\"https:\/\/erkadomagyarorszag.com\/#\/schema\/logo\/image\/\",\"url\":\"https:\/\/erkadomagyarorszag.com\/wp-content\/uploads\/Group-24.jpg\",\"contentUrl\":\"https:\/\/erkadomagyarorszag.com\/wp-content\/uploads\/Group-24.jpg\",\"width\":221,\"height\":221,\"caption\":\"Erkado Magyarorsz\u00e1g\"},\"image\":{\"@id\":\"https:\/\/erkadomagyarorszag.com\/#\/schema\/logo\/image\/\"}}]}<\/script>\n<meta property=\"og:availability\" content=\"instock\" \/>\n<meta property=\"product:availability\" content=\"instock\" \/>\n<meta property=\"product:retailer_item_id\" content=\"MELK-2\" \/>\n<meta property=\"product:condition\" content=\"new\" \/>\n<!-- \/ Yoast SEO Premium plugin. -->","yoast_head_json":{"title":"MELK 2 - Erkado Magyarorsz\u00e1g","robots":{"index":"index","follow":"follow","max-snippet":"max-snippet:-1","max-image-preview":"max-image-preview:large","max-video-preview":"max-video-preview:-1"},"canonical":"https:\/\/erkadomagyarorszag.com\/en\/product\/melk-2\/","og_locale":"en_GB","og_type":"article","og_title":"MELK 2","og_description":"Term\u00e9kle\u00edr\u00e1s K\u00fclt\u00e9ri ajt\u00f3k ac\u00e9llemezb\u0151l, PVC lamin\u00e1tummal v\u00e9dve, amely nagy ellen\u00e1ll\u00e1st biztos\u00edt a v\u00e1ltoz\u00f3 id\u0151j\u00e1r\u00e1si k\u00f6r\u00fclm\u00e9nyekkel, az UV-sug\u00e1rz\u00e1ssal \u00e9s a mechanikai s\u00e9r\u00fcl\u00e9sekkel szemben. A dekorat\u00edv mot\u00edvumhoz illeszked\u0151 text\u00fara magas eszt\u00e9tikai \u00e9rt\u00e9ket k\u00f6lcs\u00f6n\u00f6z a term\u00e9knek. N\u00e9gyf\u00e9le kivitel k\u00f6z\u00fcl v\u00e1laszthat: THERMO HOT 88 \u2013 h\u0151\u00e1tbocs\u00e1t\u00e1si \u00e9rt\u00e9k Ud=0,60 W\/(m\u00b2K), sz\u00e1rnyvastags\u00e1g: 88 mm THERMO HOT 78 \u2013 h\u0151\u00e1tbocs\u00e1t\u00e1si \u00e9rt\u00e9k Ud=0,63 ... Read more","og_url":"https:\/\/erkadomagyarorszag.com\/en\/product\/melk-2\/","og_site_name":"Erkado Magyarorsz\u00e1g","article_modified_time":"2025-09-04T09:23:25+00:00","og_image":[{"width":516,"height":1024,"url":"https:\/\/erkadomagyarorszag.com\/wp-content\/uploads\/melk-2-antracit-selyem.webp","type":"image\/webp"}],"twitter_card":"summary_large_image","twitter_misc":{"Availability":"In stock"},"schema":{"@context":"https:\/\/schema.org","@graph":[{"@type":"WebPage","@id":"https:\/\/erkadomagyarorszag.com\/en\/product\/melk-2\/","url":"https:\/\/erkadomagyarorszag.com\/en\/product\/melk-2\/","name":"MELK 2 - Erkado Magyarorsz\u00e1g","isPartOf":{"@id":"https:\/\/erkadomagyarorszag.com\/#website"},"primaryImageOfPage":{"@id":"https:\/\/erkadomagyarorszag.com\/en\/product\/melk-2\/#primaryimage"},"image":{"@id":"https:\/\/erkadomagyarorszag.com\/en\/product\/melk-2\/#primaryimage"},"thumbnailUrl":"https:\/\/erkadomagyarorszag.com\/wp-content\/uploads\/melk-2-antracit-selyem.webp","datePublished":"2025-09-04T09:22:57+00:00","dateModified":"2025-09-04T09:23:25+00:00","breadcrumb":{"@id":"https:\/\/erkadomagyarorszag.com\/en\/product\/melk-2\/#breadcrumb"},"inLanguage":"en-GB","potentialAction":[{"@type":"ReadAction","target":["https:\/\/erkadomagyarorszag.com\/en\/product\/melk-2\/"]}]},{"@type":"ImageObject","inLanguage":"en-GB","@id":"https:\/\/erkadomagyarorszag.com\/en\/product\/melk-2\/#primaryimage","url":"https:\/\/erkadomagyarorszag.com\/wp-content\/uploads\/melk-2-antracit-selyem.webp","contentUrl":"https:\/\/erkadomagyarorszag.com\/wp-content\/uploads\/melk-2-antracit-selyem.webp","width":516,"height":1024,"caption":"melk-2-antracit-selyem"},{"@type":"BreadcrumbList","@id":"https:\/\/erkadomagyarorszag.com\/en\/product\/melk-2\/#breadcrumb","itemListElement":[{"@type":"ListItem","position":1,"name":"Kezd\u0151lap","item":"https:\/\/erkadomagyarorszag.com\/"},{"@type":"ListItem","position":2,"name":"Shop","item":"https:\/\/erkadomagyarorszag.com\/uzlet\/"},{"@type":"ListItem","position":3,"name":"MELK 2"}]},{"@type":"WebSite","@id":"https:\/\/erkadomagyarorszag.com\/#website","url":"https:\/\/erkadomagyarorszag.com\/","name":"Home - Erkado Hungary","description":"Home - Erkado Hungary","publisher":{"@id":"https:\/\/erkadomagyarorszag.com\/#organization"},"potentialAction":[{"@type":"SearchAction","target":{"@type":"EntryPoint","urlTemplate":"https:\/\/erkadomagyarorszag.com\/?s={search_term_string}"},"query-input":{"@type":"PropertyValueSpecification","valueRequired":true,"valueName":"search_term_string"}}],"inLanguage":"en-GB"},{"@type":"Organization","@id":"https:\/\/erkadomagyarorszag.com\/#organization","name":"Home - Erkado Hungary","url":"https:\/\/erkadomagyarorszag.com\/","logo":{"@type":"ImageObject","inLanguage":"en-GB","@id":"https:\/\/erkadomagyarorszag.com\/#\/schema\/logo\/image\/","url":"https:\/\/erkadomagyarorszag.com\/wp-content\/uploads\/Group-24.jpg","contentUrl":"https:\/\/erkadomagyarorszag.com\/wp-content\/uploads\/Group-24.jpg","width":221,"height":221,"caption":"Erkado Magyarorsz\u00e1g"},"image":{"@id":"https:\/\/erkadomagyarorszag.com\/#\/schema\/logo\/image\/"}}]},"og_availability":"instock","product_availability":"instock","product_retailer_item_id":"MELK-2","product_condition":"new"},"_links":{"self":[{"href":"https:\/\/erkadomagyarorszag.com\/en\/wp-json\/wp\/v2\/product\/36982","targetHints":{"allow":["GET"]}}],"collection":[{"href":"https:\/\/erkadomagyarorszag.com\/en\/wp-json\/wp\/v2\/product"}],"about":[{"href":"https:\/\/erkadomagyarorszag.com\/en\/wp-json\/wp\/v2\/types\/product"}],"replies":[{"embeddable":true,"href":"https:\/\/erkadomagyarorszag.com\/en\/wp-json\/wp\/v2\/comments?post=36982"}],"version-history":[{"count":1,"href":"https:\/\/erkadomagyarorszag.com\/en\/wp-json\/wp\/v2\/product\/36982\/revisions"}],"predecessor-version":[{"id":36983,"href":"https:\/\/erkadomagyarorszag.com\/en\/wp-json\/wp\/v2\/product\/36982\/revisions\/36983"}],"wp:featuredmedia":[{"embeddable":true,"href":"https:\/\/erkadomagyarorszag.com\/en\/wp-json\/wp\/v2\/media\/34218"}],"wp:attachment":[{"href":"https:\/\/erkadomagyarorszag.com\/en\/wp-json\/wp\/v2\/media?parent=36982"}],"wp:term":[{"taxonomy":"product_brand","embeddable":true,"href":"https:\/\/erkadomagyarorszag.com\/en\/wp-json\/wp\/v2\/product_brand?post=36982"},{"taxonomy":"product_cat","embeddable":true,"href":"https:\/\/erkadomagyarorszag.com\/en\/wp-json\/wp\/v2\/product_cat?post=36982"},{"taxonomy":"product_tag","embeddable":true,"href":"https:\/\/erkadomagyarorszag.com\/en\/wp-json\/wp\/v2\/product_tag?post=36982"}],"curies":[{"name":"wp","href":"https:\/\/api.w.org\/{rel}","templated":true}]}}