{"id":37460,"date":"2025-09-04T09:48:44","date_gmt":"2025-09-04T09:48:44","guid":{"rendered":"https:\/\/erkadomagyarorszag.com\/termek\/intarzia-lux-216\/"},"modified":"2025-12-18T19:25:22","modified_gmt":"2025-12-18T17:25:22","slug":"intarzia-lux-216","status":"publish","type":"product","link":"https:\/\/erkadomagyarorszag.com\/en\/product\/intarzia-lux-216\/","title":{"rendered":"INTARZIA LUX2_ 216"},"content":{"rendered":"<p class=\"translation-block\">The MARQUETTES are located on both sides of the door leaf and are<br>\nflush with the surface.<br>\nThe width of the marquetry is 8 mm or 50 mm.<br>\nThe available colors of LUX MARQUETTES:<br>\nbrushed steel LUX 100, black LUX 200,<br>\noak (meets OAK CLASSIC CPL 0.2 and 0.7 standards) LUX 300,<br>\nbrushed gold LUX 400, brushed copper LUX 500,<br>\nred LUX 600, blue LUX 700, olive green LUX 800<br>\nThe presented MARQUETTES can be used optionally, at an additional cost, for the<br>\nfollowing models available in PL and PL2112 (if available):<br>\n\u2022 UNO PREMIUM veneer<br>\n\u2022 ALTAMURA 1<br>\n\u2022 FORTECA RC2 and RC3<br>\n\u2022 HERSE SET EKO 30 dB<br>\n\u2022 HERSE SET 32 dB<br>\n\u2022 HERSE SET ACOUSTIC 39 dB<br>\n\u2022 LED EI30 and EI60<\/p>","protected":false},"excerpt":{"rendered":"<p>Az INTARZI\u00c1K az ajt\u00f3sz\u00e1rny k\u00e9t oldal\u00e1n tal\u00e1lhat\u00f3k \u00e9s a fel\u00fclet\u00e9vel vannak s\u00edkba hozva. Az intarzia sz\u00e9less\u00e9ge 8 mm vagy 50 mm. LUX INTARZIA el\u00e9rhet\u0151 sz\u00ednv\u00e1laszt\u00e9ka: sz\u00e1lcsiszolt ac\u00e9l LUX 100, fekete LUX 200, t\u00f6lgy (megfelel a T\u00d6LGY CLASSIC CPL 0.2 \u00e9s 0.7 szabv\u00e1nynak) LUX 300, csiszolt arany LUX 400, csiszolt r\u00e9z LUX 500, piros LUX 600, &#8230; <a title=\"INTARZIA LUX2_ 216\" class=\"read-more\" href=\"https:\/\/erkadomagyarorszag.com\/en\/product\/intarzia-lux-216\/\" aria-label=\"Read more about INTARZIA LUX2_ 216\">Read more<\/a><\/p>","protected":false},"featured_media":37374,"comment_status":"closed","ping_status":"closed","template":"","meta":[],"product_brand":[788],"product_cat":[787,17],"product_tag":[692],"class_list":{"0":"post-37460","1":"product","2":"type-product","3":"status-publish","4":"has-post-thumbnail","6":"product_brand-intarzia","7":"product_cat-intarziak","8":"product_cat-belteri-ajtok","9":"product_tag-belteri-ajtoerkadointarzia-lux-216","10":"pa_valaszthato-szinek-tolgy-natur-cpl","12":"first","13":"instock","14":"purchasable","15":"product-type-simple"},"yoast_head":"<!-- This site is optimized with the Yoast SEO Premium plugin v26.2 (Yoast SEO v26.6) - https:\/\/yoast.com\/wordpress\/plugins\/seo\/ -->\n<title>INTARZIA LUX2_ 216 - Erkado Magyarorsz\u00e1g<\/title>\n<meta name=\"robots\" content=\"index, follow, max-snippet:-1, max-image-preview:large, max-video-preview:-1\" \/>\n<link rel=\"canonical\" href=\"https:\/\/erkadomagyarorszag.com\/en\/product\/intarzia-lux-216\/\" \/>\n<meta property=\"og:locale\" content=\"en_GB\" \/>\n<meta property=\"og:type\" content=\"article\" \/>\n<meta property=\"og:title\" content=\"INTARZIA LUX2_ 216\" \/>\n<meta property=\"og:description\" content=\"Az INTARZI\u00c1K az ajt\u00f3sz\u00e1rny k\u00e9t oldal\u00e1n tal\u00e1lhat\u00f3k \u00e9s a fel\u00fclet\u00e9vel vannak s\u00edkba hozva. Az intarzia sz\u00e9less\u00e9ge 8 mm vagy 50 mm. LUX INTARZIA el\u00e9rhet\u0151 sz\u00ednv\u00e1laszt\u00e9ka: sz\u00e1lcsiszolt ac\u00e9l LUX 100, fekete LUX 200, t\u00f6lgy (megfelel a T\u00d6LGY CLASSIC CPL 0.2 \u00e9s 0.7 szabv\u00e1nynak) LUX 300, csiszolt arany LUX 400, csiszolt r\u00e9z LUX 500, piros LUX 600, ... Read more\" \/>\n<meta property=\"og:url\" content=\"https:\/\/erkadomagyarorszag.com\/en\/product\/intarzia-lux-216\/\" \/>\n<meta property=\"og:site_name\" content=\"Erkado Magyarorsz\u00e1g\" \/>\n<meta property=\"article:modified_time\" content=\"2025-12-18T17:25:22+00:00\" \/>\n<meta property=\"og:image\" content=\"https:\/\/erkadomagyarorszag.com\/wp-content\/uploads\/intarzia-lux-216.webp\" \/>\n\t<meta property=\"og:image:width\" content=\"188\" \/>\n\t<meta property=\"og:image:height\" content=\"404\" \/>\n\t<meta property=\"og:image:type\" content=\"image\/webp\" \/>\n<meta name=\"twitter:card\" content=\"summary_large_image\" \/>\n<meta name=\"twitter:label1\" content=\"Price\" \/>\n\t<meta name=\"twitter:data1\" content=\"0,00&nbsp;&#070;&#116;\" \/>\n\t<meta name=\"twitter:label2\" content=\"Availability\" \/>\n\t<meta name=\"twitter:data2\" content=\"In stock\" \/>\n<script type=\"application\/ld+json\" class=\"yoast-schema-graph\">{\"@context\":\"https:\/\/schema.org\",\"@graph\":[{\"@type\":\"WebPage\",\"@id\":\"https:\/\/erkadomagyarorszag.com\/termek\/intarzia-lux-216\/\",\"url\":\"https:\/\/erkadomagyarorszag.com\/termek\/intarzia-lux-216\/\",\"name\":\"INTARZIA LUX2_ 216 - Erkado Magyarorsz\u00e1g\",\"isPartOf\":{\"@id\":\"https:\/\/erkadomagyarorszag.com\/#website\"},\"primaryImageOfPage\":{\"@id\":\"https:\/\/erkadomagyarorszag.com\/termek\/intarzia-lux-216\/#primaryimage\"},\"image\":{\"@id\":\"https:\/\/erkadomagyarorszag.com\/termek\/intarzia-lux-216\/#primaryimage\"},\"thumbnailUrl\":\"https:\/\/erkadomagyarorszag.com\/wp-content\/uploads\/intarzia-lux-216.webp\",\"datePublished\":\"2025-09-04T09:48:44+00:00\",\"dateModified\":\"2025-12-18T17:25:22+00:00\",\"breadcrumb\":{\"@id\":\"https:\/\/erkadomagyarorszag.com\/termek\/intarzia-lux-216\/#breadcrumb\"},\"inLanguage\":\"en-GB\",\"potentialAction\":[{\"@type\":\"ReadAction\",\"target\":[\"https:\/\/erkadomagyarorszag.com\/termek\/intarzia-lux-216\/\"]}]},{\"@type\":\"ImageObject\",\"inLanguage\":\"en-GB\",\"@id\":\"https:\/\/erkadomagyarorszag.com\/termek\/intarzia-lux-216\/#primaryimage\",\"url\":\"https:\/\/erkadomagyarorszag.com\/wp-content\/uploads\/intarzia-lux-216.webp\",\"contentUrl\":\"https:\/\/erkadomagyarorszag.com\/wp-content\/uploads\/intarzia-lux-216.webp\",\"width\":188,\"height\":404,\"caption\":\"intarzia-lux-216\"},{\"@type\":\"BreadcrumbList\",\"@id\":\"https:\/\/erkadomagyarorszag.com\/termek\/intarzia-lux-216\/#breadcrumb\",\"itemListElement\":[{\"@type\":\"ListItem\",\"position\":1,\"name\":\"Kezd\u0151lap\",\"item\":\"https:\/\/erkadomagyarorszag.com\/\"},{\"@type\":\"ListItem\",\"position\":2,\"name\":\"Shop\",\"item\":\"https:\/\/erkadomagyarorszag.com\/uzlet\/\"},{\"@type\":\"ListItem\",\"position\":3,\"name\":\"INTARZIA LUX2_ 216\"}]},{\"@type\":\"WebSite\",\"@id\":\"https:\/\/erkadomagyarorszag.com\/#website\",\"url\":\"https:\/\/erkadomagyarorszag.com\/\",\"name\":\"Erkado Magyarorsz\u00e1g\",\"description\":\"Erkado Magyarorsz\u00e1g\",\"publisher\":{\"@id\":\"https:\/\/erkadomagyarorszag.com\/#organization\"},\"potentialAction\":[{\"@type\":\"SearchAction\",\"target\":{\"@type\":\"EntryPoint\",\"urlTemplate\":\"https:\/\/erkadomagyarorszag.com\/?s={search_term_string}\"},\"query-input\":{\"@type\":\"PropertyValueSpecification\",\"valueRequired\":true,\"valueName\":\"search_term_string\"}}],\"inLanguage\":\"en-GB\"},{\"@type\":\"Organization\",\"@id\":\"https:\/\/erkadomagyarorszag.com\/#organization\",\"name\":\"Erkado Magyarorsz\u00e1g\",\"url\":\"https:\/\/erkadomagyarorszag.com\/\",\"logo\":{\"@type\":\"ImageObject\",\"inLanguage\":\"en-GB\",\"@id\":\"https:\/\/erkadomagyarorszag.com\/#\/schema\/logo\/image\/\",\"url\":\"https:\/\/erkadomagyarorszag.com\/wp-content\/uploads\/Group-24.jpg\",\"contentUrl\":\"https:\/\/erkadomagyarorszag.com\/wp-content\/uploads\/Group-24.jpg\",\"width\":221,\"height\":221,\"caption\":\"Erkado Magyarorsz\u00e1g\"},\"image\":{\"@id\":\"https:\/\/erkadomagyarorszag.com\/#\/schema\/logo\/image\/\"}}]}<\/script>\n<meta property=\"product:price:amount\" content=\"0.00\" \/>\n<meta property=\"product:price:currency\" content=\"HUF\" \/>\n<meta property=\"og:availability\" content=\"instock\" \/>\n<meta property=\"product:availability\" content=\"instock\" \/>\n<meta property=\"product:retailer_item_id\" content=\"INTARZIA-216\" \/>\n<meta property=\"product:condition\" content=\"new\" \/>\n<!-- \/ Yoast SEO Premium plugin. -->","yoast_head_json":{"title":"INTARZIA LUX2_ 216 - Erkado Magyarorsz\u00e1g","robots":{"index":"index","follow":"follow","max-snippet":"max-snippet:-1","max-image-preview":"max-image-preview:large","max-video-preview":"max-video-preview:-1"},"canonical":"https:\/\/erkadomagyarorszag.com\/en\/product\/intarzia-lux-216\/","og_locale":"en_GB","og_type":"article","og_title":"INTARZIA LUX2_ 216","og_description":"Az INTARZI\u00c1K az ajt\u00f3sz\u00e1rny k\u00e9t oldal\u00e1n tal\u00e1lhat\u00f3k \u00e9s a fel\u00fclet\u00e9vel vannak s\u00edkba hozva. Az intarzia sz\u00e9less\u00e9ge 8 mm vagy 50 mm. LUX INTARZIA el\u00e9rhet\u0151 sz\u00ednv\u00e1laszt\u00e9ka: sz\u00e1lcsiszolt ac\u00e9l LUX 100, fekete LUX 200, t\u00f6lgy (megfelel a T\u00d6LGY CLASSIC CPL 0.2 \u00e9s 0.7 szabv\u00e1nynak) LUX 300, csiszolt arany LUX 400, csiszolt r\u00e9z LUX 500, piros LUX 600, ... Read more","og_url":"https:\/\/erkadomagyarorszag.com\/en\/product\/intarzia-lux-216\/","og_site_name":"Erkado Magyarorsz\u00e1g","article_modified_time":"2025-12-18T17:25:22+00:00","og_image":[{"width":188,"height":404,"url":"https:\/\/erkadomagyarorszag.com\/wp-content\/uploads\/intarzia-lux-216.webp","type":"image\/webp"}],"twitter_card":"summary_large_image","twitter_misc":{"Price":"0,00&nbsp;&#70;&#116;","Availability":"In stock"},"schema":{"@context":"https:\/\/schema.org","@graph":[{"@type":"WebPage","@id":"https:\/\/erkadomagyarorszag.com\/termek\/intarzia-lux-216\/","url":"https:\/\/erkadomagyarorszag.com\/termek\/intarzia-lux-216\/","name":"INTARZIA LUX2_ 216 - Erkado Magyarorsz\u00e1g","isPartOf":{"@id":"https:\/\/erkadomagyarorszag.com\/#website"},"primaryImageOfPage":{"@id":"https:\/\/erkadomagyarorszag.com\/termek\/intarzia-lux-216\/#primaryimage"},"image":{"@id":"https:\/\/erkadomagyarorszag.com\/termek\/intarzia-lux-216\/#primaryimage"},"thumbnailUrl":"https:\/\/erkadomagyarorszag.com\/wp-content\/uploads\/intarzia-lux-216.webp","datePublished":"2025-09-04T09:48:44+00:00","dateModified":"2025-12-18T17:25:22+00:00","breadcrumb":{"@id":"https:\/\/erkadomagyarorszag.com\/termek\/intarzia-lux-216\/#breadcrumb"},"inLanguage":"en-GB","potentialAction":[{"@type":"ReadAction","target":["https:\/\/erkadomagyarorszag.com\/termek\/intarzia-lux-216\/"]}]},{"@type":"ImageObject","inLanguage":"en-GB","@id":"https:\/\/erkadomagyarorszag.com\/termek\/intarzia-lux-216\/#primaryimage","url":"https:\/\/erkadomagyarorszag.com\/wp-content\/uploads\/intarzia-lux-216.webp","contentUrl":"https:\/\/erkadomagyarorszag.com\/wp-content\/uploads\/intarzia-lux-216.webp","width":188,"height":404,"caption":"intarzia-lux-216"},{"@type":"BreadcrumbList","@id":"https:\/\/erkadomagyarorszag.com\/termek\/intarzia-lux-216\/#breadcrumb","itemListElement":[{"@type":"ListItem","position":1,"name":"Kezd\u0151lap","item":"https:\/\/erkadomagyarorszag.com\/"},{"@type":"ListItem","position":2,"name":"Shop","item":"https:\/\/erkadomagyarorszag.com\/uzlet\/"},{"@type":"ListItem","position":3,"name":"INTARZIA LUX2_ 216"}]},{"@type":"WebSite","@id":"https:\/\/erkadomagyarorszag.com\/#website","url":"https:\/\/erkadomagyarorszag.com\/","name":"Home - Erkado Hungary","description":"Home - Erkado Hungary","publisher":{"@id":"https:\/\/erkadomagyarorszag.com\/#organization"},"potentialAction":[{"@type":"SearchAction","target":{"@type":"EntryPoint","urlTemplate":"https:\/\/erkadomagyarorszag.com\/?s={search_term_string}"},"query-input":{"@type":"PropertyValueSpecification","valueRequired":true,"valueName":"search_term_string"}}],"inLanguage":"en-GB"},{"@type":"Organization","@id":"https:\/\/erkadomagyarorszag.com\/#organization","name":"Home - Erkado Hungary","url":"https:\/\/erkadomagyarorszag.com\/","logo":{"@type":"ImageObject","inLanguage":"en-GB","@id":"https:\/\/erkadomagyarorszag.com\/#\/schema\/logo\/image\/","url":"https:\/\/erkadomagyarorszag.com\/wp-content\/uploads\/Group-24.jpg","contentUrl":"https:\/\/erkadomagyarorszag.com\/wp-content\/uploads\/Group-24.jpg","width":221,"height":221,"caption":"Erkado Magyarorsz\u00e1g"},"image":{"@id":"https:\/\/erkadomagyarorszag.com\/#\/schema\/logo\/image\/"}}]},"product_price_amount":"0.00","product_price_currency":"HUF","og_availability":"instock","product_availability":"instock","product_retailer_item_id":"INTARZIA-216","product_condition":"new"},"_links":{"self":[{"href":"https:\/\/erkadomagyarorszag.com\/en\/wp-json\/wp\/v2\/product\/37460","targetHints":{"allow":["GET"]}}],"collection":[{"href":"https:\/\/erkadomagyarorszag.com\/en\/wp-json\/wp\/v2\/product"}],"about":[{"href":"https:\/\/erkadomagyarorszag.com\/en\/wp-json\/wp\/v2\/types\/product"}],"replies":[{"embeddable":true,"href":"https:\/\/erkadomagyarorszag.com\/en\/wp-json\/wp\/v2\/comments?post=37460"}],"version-history":[{"count":2,"href":"https:\/\/erkadomagyarorszag.com\/en\/wp-json\/wp\/v2\/product\/37460\/revisions"}],"predecessor-version":[{"id":39413,"href":"https:\/\/erkadomagyarorszag.com\/en\/wp-json\/wp\/v2\/product\/37460\/revisions\/39413"}],"wp:featuredmedia":[{"embeddable":true,"href":"https:\/\/erkadomagyarorszag.com\/en\/wp-json\/wp\/v2\/media\/37374"}],"wp:attachment":[{"href":"https:\/\/erkadomagyarorszag.com\/en\/wp-json\/wp\/v2\/media?parent=37460"}],"wp:term":[{"taxonomy":"product_brand","embeddable":true,"href":"https:\/\/erkadomagyarorszag.com\/en\/wp-json\/wp\/v2\/product_brand?post=37460"},{"taxonomy":"product_cat","embeddable":true,"href":"https:\/\/erkadomagyarorszag.com\/en\/wp-json\/wp\/v2\/product_cat?post=37460"},{"taxonomy":"product_tag","embeddable":true,"href":"https:\/\/erkadomagyarorszag.com\/en\/wp-json\/wp\/v2\/product_tag?post=37460"}],"curies":[{"name":"wp","href":"https:\/\/api.w.org\/{rel}","templated":true}]}}