{"id":39618,"date":"2026-02-14T20:30:02","date_gmt":"2026-02-14T18:30:02","guid":{"rendered":"https:\/\/erkadomagyarorszag.com\/?post_type=product&#038;p=39618"},"modified":"2026-02-14T20:56:19","modified_gmt":"2026-02-14T18:56:19","slug":"dekorlamellak-dekorpanel","status":"publish","type":"product","link":"https:\/\/erkadomagyarorszag.com\/en\/product\/dekorlamellak-dekorpanel\/","title":{"rendered":"Dekorlamell\u00e1k (dekorpanel)"},"content":{"rendered":"<p style=\"font-weight: 400;\"><strong>Falra szerelhet\u0151<br \/>\n1 szett 2750mm hossz\u00fa*169,7mm sz\u00e9les, mely tartalmaz 1 db adaptert,1 db v\u00e9gl\u00e9cet \u00e9s 3-3db dekor-\u00e9s szerel\u0151l\u00e9cet.<\/strong><\/p>\n<p style=\"font-weight: 400;\">Fali lamell\u00e1k dekorat\u00edv d\u00edszl\u00e9ccel PREMIUM \u00e9s ST CPL dekorral kaphat\u00f3k, valamint k\u00e9rhet\u0151 hozz\u00e1 ill\u0151 padl\u00f3szeg\u00e9lyl\u00e9c is.<br \/>\nA l\u00e1tv\u00e1nyk\u00e9pen Fekete ST CPL adapter, T\u00f6lgy ST CPL d\u00edszl\u00e9ccel l\u00e1that\u00f3.<\/p>\n<p><img decoding=\"async\" class=\"alignnone  wp-image-39589\" src=\"https:\/\/erkadomagyarorszag.com\/wp-content\/uploads\/lamella-300x169.png\" alt=\"\" width=\"225\" height=\"127\" srcset=\"https:\/\/erkadomagyarorszag.com\/wp-content\/uploads\/lamella-300x169.png 300w, https:\/\/erkadomagyarorszag.com\/wp-content\/uploads\/lamella-18x10.png 18w, https:\/\/erkadomagyarorszag.com\/wp-content\/uploads\/lamella.png 402w\" sizes=\"(max-width: 225px) 100vw, 225px\" \/>\u00a0 \u00a0 \u00a0 <img decoding=\"async\" class=\"alignnone  wp-image-39616\" src=\"https:\/\/erkadomagyarorszag.com\/wp-content\/uploads\/lamella-osszetetele-287x300.png\" alt=\"lamella \u00f6sszet\u00e9tele\" width=\"121\" height=\"126\" srcset=\"https:\/\/erkadomagyarorszag.com\/wp-content\/uploads\/lamella-osszetetele-287x300.png 287w, https:\/\/erkadomagyarorszag.com\/wp-content\/uploads\/lamella-osszetetele-11x12.png 11w, https:\/\/erkadomagyarorszag.com\/wp-content\/uploads\/lamella-osszetetele-300x314.png 300w, https:\/\/erkadomagyarorszag.com\/wp-content\/uploads\/lamella-osszetetele.png 376w\" sizes=\"(max-width: 121px) 100vw, 121px\" \/><\/p>","protected":false},"excerpt":{"rendered":"<p>Falra szerelhet\u0151 1 szett 2750mm hossz\u00fa*169,7mm sz\u00e9les, mely tartalmaz 1 db adaptert,1 db v\u00e9gl\u00e9cet \u00e9s 3-3db dekor-\u00e9s szerel\u0151l\u00e9cet. Fali lamell\u00e1k dekorat\u00edv d\u00edszl\u00e9ccel PREMIUM \u00e9s ST CPL dekorral kaphat\u00f3k, valamint k\u00e9rhet\u0151 hozz\u00e1 ill\u0151 padl\u00f3szeg\u00e9lyl\u00e9c is. A l\u00e1tv\u00e1nyk\u00e9pen Fekete ST CPL adapter, T\u00f6lgy ST CPL d\u00edszl\u00e9ccel l\u00e1that\u00f3. \u00a0 \u00a0 \u00a0<\/p>","protected":false},"featured_media":39588,"comment_status":"closed","ping_status":"closed","template":"","meta":[],"product_brand":[],"product_cat":[15],"product_tag":[],"class_list":{"0":"post-39618","1":"product","2":"type-product","3":"status-publish","4":"has-post-thumbnail","6":"product_cat-kiegeszitok","8":"first","9":"instock","10":"shipping-taxable","11":"product-type-simple"},"yoast_head":"<!-- This site is optimized with the Yoast SEO Premium plugin v26.2 (Yoast SEO v26.6) - https:\/\/yoast.com\/wordpress\/plugins\/seo\/ -->\n<title>Dekorlamell\u00e1k (dekorpanel) - Erkado Magyarorsz\u00e1g<\/title>\n<meta name=\"robots\" content=\"index, follow, max-snippet:-1, max-image-preview:large, max-video-preview:-1\" \/>\n<link rel=\"canonical\" href=\"https:\/\/erkadomagyarorszag.com\/en\/product\/dekorlamellak-dekorpanel\/\" \/>\n<meta property=\"og:locale\" content=\"en_GB\" \/>\n<meta property=\"og:type\" content=\"article\" \/>\n<meta property=\"og:title\" content=\"Dekorlamell\u00e1k (dekorpanel)\" \/>\n<meta property=\"og:description\" content=\"Falra szerelhet\u0151 1 szett 2750mm hossz\u00fa*169,7mm sz\u00e9les, mely tartalmaz 1 db adaptert,1 db v\u00e9gl\u00e9cet \u00e9s 3-3db dekor-\u00e9s szerel\u0151l\u00e9cet. Fali lamell\u00e1k dekorat\u00edv d\u00edszl\u00e9ccel PREMIUM \u00e9s ST CPL dekorral kaphat\u00f3k, valamint k\u00e9rhet\u0151 hozz\u00e1 ill\u0151 padl\u00f3szeg\u00e9lyl\u00e9c is. A l\u00e1tv\u00e1nyk\u00e9pen Fekete ST CPL adapter, T\u00f6lgy ST CPL d\u00edszl\u00e9ccel l\u00e1that\u00f3. \u00a0 \u00a0 \u00a0\" \/>\n<meta property=\"og:url\" content=\"https:\/\/erkadomagyarorszag.com\/en\/product\/dekorlamellak-dekorpanel\/\" \/>\n<meta property=\"og:site_name\" content=\"Erkado Magyarorsz\u00e1g\" \/>\n<meta property=\"article:modified_time\" content=\"2026-02-14T18:56:19+00:00\" \/>\n<meta property=\"og:image\" content=\"https:\/\/erkadomagyarorszag.com\/wp-content\/uploads\/lamellak.png\" \/>\n\t<meta property=\"og:image:width\" content=\"834\" \/>\n\t<meta property=\"og:image:height\" content=\"566\" \/>\n\t<meta property=\"og:image:type\" content=\"image\/png\" \/>\n<meta name=\"twitter:card\" content=\"summary_large_image\" \/>\n<meta name=\"twitter:label1\" content=\"Price\" \/>\n\t<meta name=\"twitter:data1\" content=\"\" \/>\n\t<meta name=\"twitter:label2\" content=\"Availability\" \/>\n\t<meta name=\"twitter:data2\" content=\"In stock\" \/>\n<script type=\"application\/ld+json\" class=\"yoast-schema-graph\">{\"@context\":\"https:\/\/schema.org\",\"@graph\":[{\"@type\":\"WebPage\",\"@id\":\"https:\/\/erkadomagyarorszag.com\/termek\/dekorlamellak-dekorpanel\/\",\"url\":\"https:\/\/erkadomagyarorszag.com\/termek\/dekorlamellak-dekorpanel\/\",\"name\":\"Dekorlamell\u00e1k (dekorpanel) - Erkado Magyarorsz\u00e1g\",\"isPartOf\":{\"@id\":\"https:\/\/erkadomagyarorszag.com\/#website\"},\"primaryImageOfPage\":{\"@id\":\"https:\/\/erkadomagyarorszag.com\/termek\/dekorlamellak-dekorpanel\/#primaryimage\"},\"image\":{\"@id\":\"https:\/\/erkadomagyarorszag.com\/termek\/dekorlamellak-dekorpanel\/#primaryimage\"},\"thumbnailUrl\":\"https:\/\/erkadomagyarorszag.com\/wp-content\/uploads\/lamellak.png\",\"datePublished\":\"2026-02-14T18:30:02+00:00\",\"dateModified\":\"2026-02-14T18:56:19+00:00\",\"breadcrumb\":{\"@id\":\"https:\/\/erkadomagyarorszag.com\/termek\/dekorlamellak-dekorpanel\/#breadcrumb\"},\"inLanguage\":\"en-GB\",\"potentialAction\":[{\"@type\":\"ReadAction\",\"target\":[\"https:\/\/erkadomagyarorszag.com\/termek\/dekorlamellak-dekorpanel\/\"]}]},{\"@type\":\"ImageObject\",\"inLanguage\":\"en-GB\",\"@id\":\"https:\/\/erkadomagyarorszag.com\/termek\/dekorlamellak-dekorpanel\/#primaryimage\",\"url\":\"https:\/\/erkadomagyarorszag.com\/wp-content\/uploads\/lamellak.png\",\"contentUrl\":\"https:\/\/erkadomagyarorszag.com\/wp-content\/uploads\/lamellak.png\",\"width\":834,\"height\":566,\"caption\":\"dekorlamell\u00e1k belt\u00e9ri ajt\u00f3khoz\"},{\"@type\":\"BreadcrumbList\",\"@id\":\"https:\/\/erkadomagyarorszag.com\/termek\/dekorlamellak-dekorpanel\/#breadcrumb\",\"itemListElement\":[{\"@type\":\"ListItem\",\"position\":1,\"name\":\"Kezd\u0151lap\",\"item\":\"https:\/\/erkadomagyarorszag.com\/\"},{\"@type\":\"ListItem\",\"position\":2,\"name\":\"Shop\",\"item\":\"https:\/\/erkadomagyarorszag.com\/uzlet\/\"},{\"@type\":\"ListItem\",\"position\":3,\"name\":\"Dekorlamell\u00e1k (dekorpanel)\"}]},{\"@type\":\"WebSite\",\"@id\":\"https:\/\/erkadomagyarorszag.com\/#website\",\"url\":\"https:\/\/erkadomagyarorszag.com\/\",\"name\":\"Erkado Magyarorsz\u00e1g\",\"description\":\"Erkado Magyarorsz\u00e1g\",\"publisher\":{\"@id\":\"https:\/\/erkadomagyarorszag.com\/#organization\"},\"potentialAction\":[{\"@type\":\"SearchAction\",\"target\":{\"@type\":\"EntryPoint\",\"urlTemplate\":\"https:\/\/erkadomagyarorszag.com\/?s={search_term_string}\"},\"query-input\":{\"@type\":\"PropertyValueSpecification\",\"valueRequired\":true,\"valueName\":\"search_term_string\"}}],\"inLanguage\":\"en-GB\"},{\"@type\":\"Organization\",\"@id\":\"https:\/\/erkadomagyarorszag.com\/#organization\",\"name\":\"Erkado Magyarorsz\u00e1g\",\"url\":\"https:\/\/erkadomagyarorszag.com\/\",\"logo\":{\"@type\":\"ImageObject\",\"inLanguage\":\"en-GB\",\"@id\":\"https:\/\/erkadomagyarorszag.com\/#\/schema\/logo\/image\/\",\"url\":\"https:\/\/erkadomagyarorszag.com\/wp-content\/uploads\/Group-24.jpg\",\"contentUrl\":\"https:\/\/erkadomagyarorszag.com\/wp-content\/uploads\/Group-24.jpg\",\"width\":221,\"height\":221,\"caption\":\"Erkado Magyarorsz\u00e1g\"},\"image\":{\"@id\":\"https:\/\/erkadomagyarorszag.com\/#\/schema\/logo\/image\/\"}}]}<\/script>\n<meta property=\"product:price:currency\" content=\"HUF\" \/>\n<meta property=\"og:availability\" content=\"instock\" \/>\n<meta property=\"product:availability\" content=\"instock\" \/>\n<meta property=\"product:condition\" content=\"new\" \/>\n<!-- \/ Yoast SEO Premium plugin. -->","yoast_head_json":{"title":"Dekorlamell\u00e1k (dekorpanel) - Erkado Magyarorsz\u00e1g","robots":{"index":"index","follow":"follow","max-snippet":"max-snippet:-1","max-image-preview":"max-image-preview:large","max-video-preview":"max-video-preview:-1"},"canonical":"https:\/\/erkadomagyarorszag.com\/en\/product\/dekorlamellak-dekorpanel\/","og_locale":"en_GB","og_type":"article","og_title":"Dekorlamell\u00e1k (dekorpanel)","og_description":"Falra szerelhet\u0151 1 szett 2750mm hossz\u00fa*169,7mm sz\u00e9les, mely tartalmaz 1 db adaptert,1 db v\u00e9gl\u00e9cet \u00e9s 3-3db dekor-\u00e9s szerel\u0151l\u00e9cet. Fali lamell\u00e1k dekorat\u00edv d\u00edszl\u00e9ccel PREMIUM \u00e9s ST CPL dekorral kaphat\u00f3k, valamint k\u00e9rhet\u0151 hozz\u00e1 ill\u0151 padl\u00f3szeg\u00e9lyl\u00e9c is. A l\u00e1tv\u00e1nyk\u00e9pen Fekete ST CPL adapter, T\u00f6lgy ST CPL d\u00edszl\u00e9ccel l\u00e1that\u00f3. \u00a0 \u00a0 \u00a0","og_url":"https:\/\/erkadomagyarorszag.com\/en\/product\/dekorlamellak-dekorpanel\/","og_site_name":"Erkado Magyarorsz\u00e1g","article_modified_time":"2026-02-14T18:56:19+00:00","og_image":[{"width":834,"height":566,"url":"https:\/\/erkadomagyarorszag.com\/wp-content\/uploads\/lamellak.png","type":"image\/png"}],"twitter_card":"summary_large_image","twitter_misc":{"Price":"","Availability":"In stock"},"schema":{"@context":"https:\/\/schema.org","@graph":[{"@type":"WebPage","@id":"https:\/\/erkadomagyarorszag.com\/termek\/dekorlamellak-dekorpanel\/","url":"https:\/\/erkadomagyarorszag.com\/termek\/dekorlamellak-dekorpanel\/","name":"Dekorlamell\u00e1k (dekorpanel) - Erkado Magyarorsz\u00e1g","isPartOf":{"@id":"https:\/\/erkadomagyarorszag.com\/#website"},"primaryImageOfPage":{"@id":"https:\/\/erkadomagyarorszag.com\/termek\/dekorlamellak-dekorpanel\/#primaryimage"},"image":{"@id":"https:\/\/erkadomagyarorszag.com\/termek\/dekorlamellak-dekorpanel\/#primaryimage"},"thumbnailUrl":"https:\/\/erkadomagyarorszag.com\/wp-content\/uploads\/lamellak.png","datePublished":"2026-02-14T18:30:02+00:00","dateModified":"2026-02-14T18:56:19+00:00","breadcrumb":{"@id":"https:\/\/erkadomagyarorszag.com\/termek\/dekorlamellak-dekorpanel\/#breadcrumb"},"inLanguage":"en-GB","potentialAction":[{"@type":"ReadAction","target":["https:\/\/erkadomagyarorszag.com\/termek\/dekorlamellak-dekorpanel\/"]}]},{"@type":"ImageObject","inLanguage":"en-GB","@id":"https:\/\/erkadomagyarorszag.com\/termek\/dekorlamellak-dekorpanel\/#primaryimage","url":"https:\/\/erkadomagyarorszag.com\/wp-content\/uploads\/lamellak.png","contentUrl":"https:\/\/erkadomagyarorszag.com\/wp-content\/uploads\/lamellak.png","width":834,"height":566,"caption":"dekorlamell\u00e1k belt\u00e9ri ajt\u00f3khoz"},{"@type":"BreadcrumbList","@id":"https:\/\/erkadomagyarorszag.com\/termek\/dekorlamellak-dekorpanel\/#breadcrumb","itemListElement":[{"@type":"ListItem","position":1,"name":"Kezd\u0151lap","item":"https:\/\/erkadomagyarorszag.com\/"},{"@type":"ListItem","position":2,"name":"Shop","item":"https:\/\/erkadomagyarorszag.com\/uzlet\/"},{"@type":"ListItem","position":3,"name":"Dekorlamell\u00e1k (dekorpanel)"}]},{"@type":"WebSite","@id":"https:\/\/erkadomagyarorszag.com\/#website","url":"https:\/\/erkadomagyarorszag.com\/","name":"Home - Erkado Hungary","description":"Home - Erkado Hungary","publisher":{"@id":"https:\/\/erkadomagyarorszag.com\/#organization"},"potentialAction":[{"@type":"SearchAction","target":{"@type":"EntryPoint","urlTemplate":"https:\/\/erkadomagyarorszag.com\/?s={search_term_string}"},"query-input":{"@type":"PropertyValueSpecification","valueRequired":true,"valueName":"search_term_string"}}],"inLanguage":"en-GB"},{"@type":"Organization","@id":"https:\/\/erkadomagyarorszag.com\/#organization","name":"Home - Erkado Hungary","url":"https:\/\/erkadomagyarorszag.com\/","logo":{"@type":"ImageObject","inLanguage":"en-GB","@id":"https:\/\/erkadomagyarorszag.com\/#\/schema\/logo\/image\/","url":"https:\/\/erkadomagyarorszag.com\/wp-content\/uploads\/Group-24.jpg","contentUrl":"https:\/\/erkadomagyarorszag.com\/wp-content\/uploads\/Group-24.jpg","width":221,"height":221,"caption":"Erkado Magyarorsz\u00e1g"},"image":{"@id":"https:\/\/erkadomagyarorszag.com\/#\/schema\/logo\/image\/"}}]},"product_price_currency":"HUF","og_availability":"instock","product_availability":"instock","product_condition":"new"},"_links":{"self":[{"href":"https:\/\/erkadomagyarorszag.com\/en\/wp-json\/wp\/v2\/product\/39618","targetHints":{"allow":["GET"]}}],"collection":[{"href":"https:\/\/erkadomagyarorszag.com\/en\/wp-json\/wp\/v2\/product"}],"about":[{"href":"https:\/\/erkadomagyarorszag.com\/en\/wp-json\/wp\/v2\/types\/product"}],"replies":[{"embeddable":true,"href":"https:\/\/erkadomagyarorszag.com\/en\/wp-json\/wp\/v2\/comments?post=39618"}],"version-history":[{"count":3,"href":"https:\/\/erkadomagyarorszag.com\/en\/wp-json\/wp\/v2\/product\/39618\/revisions"}],"predecessor-version":[{"id":39639,"href":"https:\/\/erkadomagyarorszag.com\/en\/wp-json\/wp\/v2\/product\/39618\/revisions\/39639"}],"wp:featuredmedia":[{"embeddable":true,"href":"https:\/\/erkadomagyarorszag.com\/en\/wp-json\/wp\/v2\/media\/39588"}],"wp:attachment":[{"href":"https:\/\/erkadomagyarorszag.com\/en\/wp-json\/wp\/v2\/media?parent=39618"}],"wp:term":[{"taxonomy":"product_brand","embeddable":true,"href":"https:\/\/erkadomagyarorszag.com\/en\/wp-json\/wp\/v2\/product_brand?post=39618"},{"taxonomy":"product_cat","embeddable":true,"href":"https:\/\/erkadomagyarorszag.com\/en\/wp-json\/wp\/v2\/product_cat?post=39618"},{"taxonomy":"product_tag","embeddable":true,"href":"https:\/\/erkadomagyarorszag.com\/en\/wp-json\/wp\/v2\/product_tag?post=39618"}],"curies":[{"name":"wp","href":"https:\/\/api.w.org\/{rel}","templated":true}]}}